{"id":4735,"date":"2025-07-02T17:43:04","date_gmt":"2025-07-02T17:43:04","guid":{"rendered":"https:\/\/departamentos.uleam.edu.ec\/investigacion\/?page_id=4735"},"modified":"2025-07-02T21:27:53","modified_gmt":"2025-07-02T21:27:53","slug":"normativa-anterior","status":"publish","type":"page","link":"https:\/\/departamentos.uleam.edu.ec\/investigacion\/normativa-anterior\/","title":{"rendered":"Normativa anterior"},"content":{"rendered":"\t\t<div data-elementor-type=\"wp-page\" data-elementor-id=\"4735\" class=\"elementor elementor-4735\">\n\t\t\t\t\t\t<section class=\"elementor-section elementor-top-section elementor-element elementor-element-769b73ee elementor-section-boxed elementor-section-height-default elementor-section-height-default\" data-id=\"769b73ee\" data-element_type=\"section\">\n\t\t\t\t\t\t<div class=\"elementor-container elementor-column-gap-default\">\n\t\t\t\t\t<div class=\"elementor-column elementor-col-100 elementor-top-column elementor-element elementor-element-27fb8747\" data-id=\"27fb8747\" data-element_type=\"column\">\n\t\t\t<div class=\"elementor-widget-wrap elementor-element-populated\">\n\t\t\t\t\t\t<div class=\"elementor-element elementor-element-79e0bedc elementor-widget elementor-widget-text-editor\" data-id=\"79e0bedc\" data-element_type=\"widget\" data-widget_type=\"text-editor.default\">\n\t\t\t\t<div class=\"elementor-widget-container\">\n\t\t\t\t\t\t\t\t\t<p><\/p>\n<ul class=\"wp-block-list\">\n<li style=\"list-style-type: none\">\n<ul><\/ul>\n<\/li>\n<\/ul>\n<ul>\n<li style=\"list-style-type: none\">\n<ul>\n<li>\n<p><a href=\"https:\/\/departamentos.uleam.edu.ec\/investigacion\/files\/2019\/09\/Plan-Institucional-de-Investigaci\u00f3n-2016-2020.pdf\">Plan Institucional de Investigaci\u00f3n 2016 &#8211; 2020<\/a><\/p>\n<\/li>\n<li>\n<p><a href=\"https:\/\/departamentos.uleam.edu.ec\/investigacion\/files\/2025\/07\/ANEXO-AL-PLAN-DE-INVESTIGACION-INSTITUCIONAL-2016-2020.pdf\">Anexo al Plan de Investigaci\u00f3n Institucional 2016-2020<\/a><\/p>\n<\/li>\n<li><a href=\"https:\/\/departamentos.uleam.edu.ec\/investigacion\/files\/2025\/07\/LINEAS-DE-INVESTIGACION-INSTITUCIONAL-ANTERIOR.pdf\">L\u00edneas de Investigaci\u00f3n Institucional<\/a><\/li>\n<\/ul>\n<\/li>\n<\/ul>\n<p><\/p>\n<ul>\n<li style=\"list-style-type: none\">\n<ul>\n<li><a href=\"https:\/\/departamentos.uleam.edu.ec\/investigacion\/files\/2025\/07\/MODELO-DE-NORMATIVAS-INSTITUCIONAL-DE-FORMACION-DE-CENTROS-DE-INVESTIGACION-ANTERIOR.pdf\">Modelos de normativas institucional de formaci\u00f3n de centros de investigaci\u00f3n<\/a><\/li>\n<\/ul>\n<\/li>\n<\/ul>\n<p><\/p>\n<ul>\n<li style=\"list-style-type: none\">\n<ul>\n<li><a href=\"https:\/\/departamentos.uleam.edu.ec\/investigacion\/files\/2025\/07\/Normativa-Institucional-de-etica-ANTERIOR-1.pdf\">Normativa de \u00e9tica en procesos de investigaci\u00f3n cient\u00edfica<\/a><\/li>\n<\/ul>\n<\/li>\n<\/ul>\n<p><\/p>\n<ul>\n<li style=\"list-style-type: none\">\n<ul>\n<li><a href=\"https:\/\/departamentos.uleam.edu.ec\/investigacion\/files\/2025\/07\/NORMATIVA-INSTITUCIONAL-DE-CONFORMACION-FUNCIONES-Y-RESPONSABILIDADES-DE-LAS-COMISIONES-DE-INVESTIGACION-ANTERIOR.pdf\">Normativa institucional de conformaci\u00f3n de funciones y responsabilidades de las comisiones de investigaci\u00f3n<\/a><\/li>\n<\/ul>\n<\/li>\n<\/ul>\n<p><\/p>\n<ul>\n<li style=\"list-style-type: none\">\n<ul>\n<li><a href=\"https:\/\/departamentos.uleam.edu.ec\/investigacion\/files\/2019\/09\/Pol%C3%ADtica-Institucional-de-Auditoria-en-publicaciones-cient%C3%ADficas-y-acad%C3%A9micas.pdf\">Pol\u00edtica institucional de autor\u00eda en publicaciones cient\u00edficas y acad\u00e9micas.<\/a><\/li>\n<\/ul>\n<\/li>\n<\/ul>\n<p><\/p>\n<ul>\n<li style=\"list-style-type: none\">\n<ul>\n<li><a href=\"https:\/\/departamentos.uleam.edu.ec\/investigacion\/files\/2025\/07\/Politica-Institucional-de-Formacion-de-Redes-de-Conocimiento-e-Investigacion-2016.pdf\">Pol\u00edtica Institucional para la formaci\u00f3n de redes de investigaci\u00f3n y conocimiento.<\/a><\/li>\n<\/ul>\n<\/li>\n<\/ul>\n<p><\/p>\n<ul>\n<li style=\"list-style-type: none\">\n<ul>\n<li><a href=\"https:\/\/departamentos.uleam.edu.ec\/investigacion\/files\/2019\/09\/Reglamento-para-el-uso-de-los-laboratorios-de-la-Uleam.pdf\">Reglamento para el uso de los laboratorios de la Uleam.<\/a><\/li>\n<\/ul>\n<\/li>\n<\/ul>\n<p><\/p>\n<ul>\n<li style=\"list-style-type: none\">\n<ul>\n<li><a href=\"https:\/\/departamentos.uleam.edu.ec\/investigacion\/files\/2019\/09\/Reglamento-para-la-gesti%C3%B3n-de-proyectos-de-investigaci%C3%B3n.pdf\">Reglamento para la gesti\u00f3n de proyectos de investigaci\u00f3n.<\/a><\/li>\n<\/ul>\n<\/li>\n<\/ul>\n<p><\/p>\n<ul>\n<li style=\"list-style-type: none\">\n<ul>\n<li><a href=\"https:\/\/departamentos.uleam.edu.ec\/investigacion\/files\/2019\/09\/Gu%C3%ADa-para-Producci%C3%B3n-Cient%C3%ADfica-Institucional.pdf\">Gu\u00eda para Producci\u00f3n Cient\u00edfica Institucional.<\/a><\/li>\n<\/ul>\n<\/li>\n<\/ul>\n<p><\/p>\n<p><\/p>\t\t\t\t\t\t\t\t<\/div>\n\t\t\t\t<\/div>\n\t\t\t\t\t<\/div>\n\t\t<\/div>\n\t\t\t\t\t<\/div>\n\t\t<\/section>\n\t\t\t\t<\/div>\n\t\t","protected":false},"excerpt":{"rendered":"","protected":false},"author":127,"featured_media":0,"parent":0,"menu_order":0,"comment_status":"closed","ping_status":"closed","template":"","meta":{"footnotes":"","_links_to":"","_links_to_target":""},"class_list":["post-4735","page","type-page","status-publish","hentry"],"_links":{"self":[{"href":"https:\/\/departamentos.uleam.edu.ec\/investigacion\/wp-json\/wp\/v2\/pages\/4735","targetHints":{"allow":["GET"]}}],"collection":[{"href":"https:\/\/departamentos.uleam.edu.ec\/investigacion\/wp-json\/wp\/v2\/pages"}],"about":[{"href":"https:\/\/departamentos.uleam.edu.ec\/investigacion\/wp-json\/wp\/v2\/types\/page"}],"author":[{"embeddable":true,"href":"https:\/\/departamentos.uleam.edu.ec\/investigacion\/wp-json\/wp\/v2\/users\/127"}],"replies":[{"embeddable":true,"href":"https:\/\/departamentos.uleam.edu.ec\/investigacion\/wp-json\/wp\/v2\/comments?post=4735"}],"version-history":[{"count":41,"href":"https:\/\/departamentos.uleam.edu.ec\/investigacion\/wp-json\/wp\/v2\/pages\/4735\/revisions"}],"predecessor-version":[{"id":4807,"href":"https:\/\/departamentos.uleam.edu.ec\/investigacion\/wp-json\/wp\/v2\/pages\/4735\/revisions\/4807"}],"wp:attachment":[{"href":"https:\/\/departamentos.uleam.edu.ec\/investigacion\/wp-json\/wp\/v2\/media?parent=4735"}],"curies":[{"name":"wp","href":"https:\/\/api.w.org\/{rel}","templated":true}]}}