{"id":814,"date":"2019-07-23T14:54:23","date_gmt":"2019-07-23T14:54:23","guid":{"rendered":"http:\/\/departamentos.uleam.edu.ec\/investigacion\/?page_id=814"},"modified":"2019-07-23T18:51:51","modified_gmt":"2019-07-23T18:51:51","slug":"funciones","status":"publish","type":"page","link":"https:\/\/departamentos.uleam.edu.ec\/investigacion\/funciones\/","title":{"rendered":"Funciones"},"content":{"rendered":"<p style=\"text-align: center\"><strong><span style=\"color: #000000\">Funciones de la Direcci\u00f3n de Investigaci\u00f3n e Innovaci\u00f3n Social y Tecnol\u00f3gica, seg\u00fan la Reforma Integral del Estatuto 2019.\u00a0\u00a0<\/span><\/strong><\/p>\n<p style=\"text-align: justify\"><span style=\"color: #000000\">Art. 138.- Funciones. Son funciones del\/la Director\/a Direcci\u00f3n de Investigaci\u00f3n e\u00a0<\/span><span style=\"color: #000000\">Innovaci\u00f3n Social y Tecnol\u00f3gica:<\/span><\/p>\n<p style=\"text-align: justify\"><span style=\"color: #000000\">1. Proponer a el\/la Vicerrector\/a de Investigaci\u00f3n, Vinculaci\u00f3n y Postgrado las pol\u00edticas\u00a0<\/span><span style=\"color: #000000\">de investigaci\u00f3n cient\u00edfica, vinculaci\u00f3n y postgrados para aprobaci\u00f3n del \u00d3rgano\u00a0<\/span><span style=\"color: #000000\">Colegiado Superior<\/span><br \/>\n<span style=\"color: #000000\">2. Crear y administrar el sistema de monitoreo y evaluaci\u00f3n de la investigaci\u00f3n\u00a0<\/span><span style=\"color: #000000\">cient\u00edfica.<\/span><br \/>\n<span style=\"color: #000000\">3. Organizar procesos de gesti\u00f3n para la formaci\u00f3n de los\/as profesores\/as en\u00a0<\/span><span style=\"color: #000000\">investigaci\u00f3n cient\u00edfica.<\/span><br \/>\n<span style=\"color: #000000\">4. Desarrollar y ejecutar el registro de las publicaciones cient\u00edficas de la instituci\u00f3n.<\/span><br \/>\n<span style=\"color: #000000\">5. Organizar y ejecutar el sistema de calificaci\u00f3n de publicaciones que se generen en la\u00a0<\/span><span style=\"color: #000000\">Universidad Laica Eloy Alfaro de Manab\u00ed, para mantener revistas cient\u00edficas en las\u00a0<\/span><span style=\"color: #000000\">\u00e1reas del conocimiento definidas en este Estatuto;<\/span><br \/>\n<span style=\"color: #000000\">6. Proponer la normativa de propiedad intelectual para las publicaciones cient\u00edficas,\u00a0<\/span><span style=\"color: #000000\">desarrollos e innovaciones tecnol\u00f3gicas en el marco de las Leyes nacionales e\u00a0<\/span><span style=\"color: #000000\">internacionales correspondientes.<\/span><br \/>\n<span style=\"color: #000000\">8. Elaborar, cumplir, actualizar y realizar la evaluaci\u00f3n peri\u00f3dica del cumplimiento del\u00a0<\/span><span style=\"color: #000000\">Plan de Desarrollo y el Plan Operativo Anual.<\/span><br \/>\n<span style=\"color: #000000\">9. Gestionar el mejoramiento continuo y el desarrollo de las actividades de\u00a0<\/span><span style=\"color: #000000\">investigaci\u00f3n, innovaci\u00f3n y transferencia de tecnolog\u00edas que est\u00e1n a su cargo.<\/span><br \/>\n<span style=\"color: #000000\">10. Coordinar internamente con las Unidades Acad\u00e9micas y externamente con\u00a0<\/span><span style=\"color: #000000\">organizaciones p\u00fablicas o privadas, la ejecuci\u00f3n de las actividades de investigaci\u00f3n,\u00a0<\/span><span style=\"color: #000000\">innovaci\u00f3n y transferencia de tecnolog\u00edas para el logro de sus objetivos.<\/span><br \/>\n<span style=\"color: #000000\">11. Elaborar el informe anual de su gesti\u00f3n y remitirlo a el\/la Vicerrector\/a de\u00a0<\/span><span style=\"color: #000000\">Investigaci\u00f3n y Postgrado, de acuerdo al \u00e1mbito de competencia.<\/span><br \/>\n<span style=\"color: #000000\">12. Planificar y coordinar la difusi\u00f3n social de la ciencia.<\/span><br \/>\n<span style=\"color: #000000\">13. Las dem\u00e1s que se\u00f1alen la Ley Org\u00e1nica de Educaci\u00f3n Superior, los Reglamentos\u00a0<\/span><span style=\"color: #000000\">emitidos por el Consejo de Educaci\u00f3n Superior, el presente Estatuto, el \u00d3rgano\u00a0<\/span><span style=\"color: #000000\">Colegiado Superior y la normativa interna institucional.<\/span><\/p>\n","protected":false},"excerpt":{"rendered":"<p>Funciones de la Direcci\u00f3n de Investigaci\u00f3n e Innovaci\u00f3n Social y Tecnol\u00f3gica, seg\u00fan la Reforma Integral del Estatuto 2019.\u00a0\u00a0 Art. 138.- Funciones. Son funciones del\/la Director\/a Direcci\u00f3n de Investigaci\u00f3n e\u00a0Innovaci\u00f3n Social y Tecnol\u00f3gica:<a class=\"moretag\" href=\"https:\/\/departamentos.uleam.edu.ec\/investigacion\/funciones\/\">Leer m\u00e1s&#8230;<\/a><\/p>\n","protected":false},"author":56,"featured_media":0,"parent":0,"menu_order":0,"comment_status":"closed","ping_status":"closed","template":"","meta":{"footnotes":"","_links_to":"","_links_to_target":""},"class_list":["post-814","page","type-page","status-publish","hentry"],"_links":{"self":[{"href":"https:\/\/departamentos.uleam.edu.ec\/investigacion\/wp-json\/wp\/v2\/pages\/814","targetHints":{"allow":["GET"]}}],"collection":[{"href":"https:\/\/departamentos.uleam.edu.ec\/investigacion\/wp-json\/wp\/v2\/pages"}],"about":[{"href":"https:\/\/departamentos.uleam.edu.ec\/investigacion\/wp-json\/wp\/v2\/types\/page"}],"author":[{"embeddable":true,"href":"https:\/\/departamentos.uleam.edu.ec\/investigacion\/wp-json\/wp\/v2\/users\/56"}],"replies":[{"embeddable":true,"href":"https:\/\/departamentos.uleam.edu.ec\/investigacion\/wp-json\/wp\/v2\/comments?post=814"}],"version-history":[{"count":4,"href":"https:\/\/departamentos.uleam.edu.ec\/investigacion\/wp-json\/wp\/v2\/pages\/814\/revisions"}],"predecessor-version":[{"id":818,"href":"https:\/\/departamentos.uleam.edu.ec\/investigacion\/wp-json\/wp\/v2\/pages\/814\/revisions\/818"}],"wp:attachment":[{"href":"https:\/\/departamentos.uleam.edu.ec\/investigacion\/wp-json\/wp\/v2\/media?parent=814"}],"curies":[{"name":"wp","href":"https:\/\/api.w.org\/{rel}","templated":true}]}}