{"id":904,"date":"2020-10-14T22:09:15","date_gmt":"2020-10-15T03:09:15","guid":{"rendered":"https:\/\/departamentos.uleam.edu.ec\/prueba\/?page_id=267"},"modified":"2025-09-08T19:41:55","modified_gmt":"2025-09-08T19:41:55","slug":"equipo-de-trabajo","status":"publish","type":"page","link":"https:\/\/departamentos.uleam.edu.ec\/investigacion\/equipo-de-trabajo\/","title":{"rendered":"Equipo de trabajo"},"content":{"rendered":"\t\t<div data-elementor-type=\"wp-page\" data-elementor-id=\"904\" class=\"elementor elementor-904\">\n\t\t\t\t\t\t<section class=\"elementor-section elementor-top-section elementor-element elementor-element-ada777c elementor-section-boxed elementor-section-height-default elementor-section-height-default\" data-id=\"ada777c\" data-element_type=\"section\">\n\t\t\t\t\t\t<div class=\"elementor-container elementor-column-gap-default\">\n\t\t\t\t\t<div class=\"elementor-column elementor-col-100 elementor-top-column elementor-element elementor-element-43532a6\" data-id=\"43532a6\" data-element_type=\"column\">\n\t\t\t<div class=\"elementor-widget-wrap elementor-element-populated\">\n\t\t\t\t\t\t<div class=\"elementor-element elementor-element-61b656a elementor-widget elementor-widget-spacer\" data-id=\"61b656a\" data-element_type=\"widget\" data-widget_type=\"spacer.default\">\n\t\t\t\t<div class=\"elementor-widget-container\">\n\t\t\t\t\t\t\t<div class=\"elementor-spacer\">\n\t\t\t<div class=\"elementor-spacer-inner\"><\/div>\n\t\t<\/div>\n\t\t\t\t\t\t<\/div>\n\t\t\t\t<\/div>\n\t\t\t\t\t<\/div>\n\t\t<\/div>\n\t\t\t\t\t<\/div>\n\t\t<\/section>\n\t\t\t\t<section class=\"elementor-section elementor-top-section elementor-element elementor-element-ab79128 elementor-section-boxed elementor-section-height-default elementor-section-height-default\" data-id=\"ab79128\" data-element_type=\"section\">\n\t\t\t\t\t\t<div class=\"elementor-container elementor-column-gap-default\">\n\t\t\t\t\t<div class=\"elementor-column elementor-col-100 elementor-top-column elementor-element elementor-element-370d441\" data-id=\"370d441\" data-element_type=\"column\">\n\t\t\t<div class=\"elementor-widget-wrap elementor-element-populated\">\n\t\t\t\t\t\t<div class=\"elementor-element elementor-element-543ce33 elementor-widget elementor-widget-accordion\" data-id=\"543ce33\" data-element_type=\"widget\" data-widget_type=\"accordion.default\">\n\t\t\t\t<div class=\"elementor-widget-container\">\n\t\t\t\t\t\t\t<div class=\"elementor-accordion\">\n\t\t\t\t\t\t\t<div class=\"elementor-accordion-item\">\n\t\t\t\t\t<div id=\"elementor-tab-title-8831\" class=\"elementor-tab-title\" data-tab=\"1\" role=\"button\" aria-controls=\"elementor-tab-content-8831\" aria-expanded=\"false\">\n\t\t\t\t\t\t\t\t\t\t\t\t\t<span class=\"elementor-accordion-icon elementor-accordion-icon-left\" aria-hidden=\"true\">\n\t\t\t\t\t\t\t\t\t\t\t\t\t\t\t<i class=\"elementor-accordion-icon-closed fa fa-plus\"><\/i>\n\t\t\t\t\t\t\t\t<i class=\"elementor-accordion-icon-opened fa fa-minus\"><\/i>\n\t\t\t\t\t\t\t\t\t\t\t\t\t\t<\/span>\n\t\t\t\t\t\t\t\t\t\t\t\t<a class=\"elementor-accordion-title\" tabindex=\"0\">EQUIPO DE TRABAJO<\/a>\n\t\t\t\t\t<\/div>\n\t\t\t\t\t<div id=\"elementor-tab-content-8831\" class=\"elementor-tab-content elementor-clearfix\" data-tab=\"1\" role=\"region\" aria-labelledby=\"elementor-tab-title-8831\"><p style=\"text-align: center\"><a href=\"https:\/\/departamentos.uleam.edu.ec\/investigacion\/files\/2021\/02\/Delgado.jpg\"><img decoding=\"async\" src=\"https:\/\/departamentos.uleam.edu.ec\/investigacion\/files\/2021\/02\/Delgado.jpg\" alt=\"\" width=\"169\" height=\"225\"><\/a><\/p>\n<pre><span style=\"color: #000000\"><strong>&nbsp; &nbsp; &nbsp; &nbsp; &nbsp; &nbsp; &nbsp; &nbsp; &nbsp; &nbsp; &nbsp; &nbsp; &nbsp; &nbsp; &nbsp; &nbsp; &nbsp; &nbsp; &nbsp; &nbsp; &nbsp;     &nbsp;<\/strong>Lic. Kl\u00e9ver Alfredo Delgado Reyes, Mg.<\/span>  <br><b>                                 <\/b><span>Director de Investigaci\u00f3n, Publicaciones y Servicios Bibliogr\u00e1ficos<\/span><b><br><\/b>                                                     <span style=\"color: #000000\">klever.delgado@uleam.edu.ec<\/span><\/pre>\n<h4><span style=\"color: #000000\"><b>Investigaci\u00f3n<\/b><\/span><\/h4>\n<pre><span style=\"color: #000000\">Analista<\/span><br><span style=\"color: #000000\">Lic. Melva Monserrate Marcillo Palma<\/span><br><span style=\"color: #000000\"><a style=\"color: #000000\" href=\"mailto:melva.marcillo@uleam.edu.ec\">melba.marcillo@uleam.edu.ec<\/a><\/span><\/pre>\n<pre><span style=\"color: #000000\">Analista<\/span><br>Lic. Karla Patricia Quijije Delgado, Mg.<br>karla.quijije@uleam.edu.ec<\/pre>\n<pre><span style=\"color: #000000\">Analista<\/span><br><span style=\"color: #000000\">Ing. Julio C\u00e9sar Mina Chicaiza<\/span><br><span style=\"color: #000000\"><a style=\"color: #000000\" href=\"mailto:mariajose.rodriguez@uleam.edu.ec\">julio.mina@uleam.edu.ec<\/a><\/span><\/pre>\n<pre><span style=\"color: #000000\">Analista<\/span><br><span style=\"color: #000000\">Ing. Jos\u00e9 Luis Mieles Palma<\/span><br><span style=\"color: #000000\"><a style=\"color: #000000\" href=\"mailto:galudaidee@hotmail.com\">jose.mieles@uleam.edu.ec<\/a><\/span><\/pre>\n<pre><span style=\"color: #000000\">Auxiliar de Servicios Varios<\/span><br><span style=\"color: #000000\">Sra. Galud Haide\u00e9 Garc\u00eda Laz<\/span><br><span style=\"color: #000000\"><a style=\"color: #000000\" href=\"mailto:galudaidee@hotmail.com\">galud.garcia@uleam.edu.e<\/a>c<\/span><\/pre>\n<h4><span style=\"color: #000000\"><b>Publicaciones<\/b><\/span><\/h4>\n<pre><span style=\"color: #000000\">Analista<\/span><br><span style=\"color: #000000\">Lic. Alexis Roberto Cuzme Espinales, Mg.<\/span><br><span style=\"color: #000000\">roberto<a style=\"color: #000000\" href=\"mailto:galudaidee@hotmail.com\">.cuzme@uleam.edu.ec<\/a><\/span><\/pre>\n<pre>Analista<br>Lic. Anyela del Roc\u00edo Rivas Cevallos<br>anyela.rivas@uleam.edu.ec<\/pre>\n<pre>Analista<br>Lic. Jos\u00e9 Adriano M\u00e1rquez Rodr\u00edguez, Mg.<br><span style=\"color: #000000\">jose.marquez@uleam.edu.ec<\/span><\/pre>\n<h4><span style=\"color: #000000\">Servicios Bibliogr\u00e1ficos<\/span><\/h4>\n<div>\n<pre>Analista<br>Lic. Charito Varinia Australia Andrade Valdiviezo<br>varinia.andrade@uleam.edu.ec<\/pre>\n<pre>Analista<br>Lic. Gina Aurora Mero Arteaga<br>gina.mero@uleam.edu.ec<\/pre>\n<\/div><\/div>\n\t\t\t\t<\/div>\n\t\t\t\t\t\t\t\t<\/div>\n\t\t\t\t\t\t<\/div>\n\t\t\t\t<\/div>\n\t\t\t\t\t<\/div>\n\t\t<\/div>\n\t\t\t\t\t<\/div>\n\t\t<\/section>\n\t\t\t\t<section class=\"elementor-section elementor-top-section elementor-element elementor-element-b63eac2 elementor-section-boxed elementor-section-height-default elementor-section-height-default\" data-id=\"b63eac2\" data-element_type=\"section\">\n\t\t\t\t\t\t<div class=\"elementor-container elementor-column-gap-default\">\n\t\t\t\t\t<div class=\"elementor-column elementor-col-100 elementor-top-column elementor-element elementor-element-86b06e0\" data-id=\"86b06e0\" data-element_type=\"column\">\n\t\t\t<div class=\"elementor-widget-wrap elementor-element-populated\">\n\t\t\t\t\t\t<div class=\"elementor-element elementor-element-e0fbc60 elementor-widget elementor-widget-spacer\" data-id=\"e0fbc60\" data-element_type=\"widget\" data-widget_type=\"spacer.default\">\n\t\t\t\t<div class=\"elementor-widget-container\">\n\t\t\t\t\t\t\t<div class=\"elementor-spacer\">\n\t\t\t<div class=\"elementor-spacer-inner\"><\/div>\n\t\t<\/div>\n\t\t\t\t\t\t<\/div>\n\t\t\t\t<\/div>\n\t\t\t\t\t<\/div>\n\t\t<\/div>\n\t\t\t\t\t<\/div>\n\t\t<\/section>\n\t\t\t\t<\/div>\n\t\t","protected":false},"excerpt":{"rendered":"<p>EQUIPO DE TRABAJO &nbsp; &nbsp; &nbsp; &nbsp; &nbsp; &nbsp; &nbsp; &nbsp; &nbsp; &nbsp; &nbsp; &nbsp; &nbsp; &nbsp; &nbsp; &nbsp; &nbsp; &nbsp; &nbsp; &nbsp; &nbsp; &nbsp;Lic. Kl\u00e9ver Alfredo Delgado Reyes, Mg. Director de<a class=\"moretag\" href=\"https:\/\/departamentos.uleam.edu.ec\/investigacion\/equipo-de-trabajo\/\">Leer m\u00e1s&#8230;<\/a><\/p>\n","protected":false},"author":47,"featured_media":0,"parent":0,"menu_order":0,"comment_status":"closed","ping_status":"closed","template":"elementor_header_footer","meta":{"footnotes":"","_links_to":"","_links_to_target":""},"class_list":["post-904","page","type-page","status-publish","hentry"],"_links":{"self":[{"href":"https:\/\/departamentos.uleam.edu.ec\/investigacion\/wp-json\/wp\/v2\/pages\/904","targetHints":{"allow":["GET"]}}],"collection":[{"href":"https:\/\/departamentos.uleam.edu.ec\/investigacion\/wp-json\/wp\/v2\/pages"}],"about":[{"href":"https:\/\/departamentos.uleam.edu.ec\/investigacion\/wp-json\/wp\/v2\/types\/page"}],"author":[{"embeddable":true,"href":"https:\/\/departamentos.uleam.edu.ec\/investigacion\/wp-json\/wp\/v2\/users\/47"}],"replies":[{"embeddable":true,"href":"https:\/\/departamentos.uleam.edu.ec\/investigacion\/wp-json\/wp\/v2\/comments?post=904"}],"version-history":[{"count":128,"href":"https:\/\/departamentos.uleam.edu.ec\/investigacion\/wp-json\/wp\/v2\/pages\/904\/revisions"}],"predecessor-version":[{"id":4924,"href":"https:\/\/departamentos.uleam.edu.ec\/investigacion\/wp-json\/wp\/v2\/pages\/904\/revisions\/4924"}],"wp:attachment":[{"href":"https:\/\/departamentos.uleam.edu.ec\/investigacion\/wp-json\/wp\/v2\/media?parent=904"}],"curies":[{"name":"wp","href":"https:\/\/api.w.org\/{rel}","templated":true}]}}