{"id":908,"date":"2020-11-10T10:47:58","date_gmt":"2020-11-10T15:47:58","guid":{"rendered":"https:\/\/departamentos.uleam.edu.ec\/prueba\/?page_id=389"},"modified":"2026-04-06T19:32:57","modified_gmt":"2026-04-06T19:32:57","slug":"procedimientos","status":"publish","type":"page","link":"https:\/\/departamentos.uleam.edu.ec\/investigacion\/procedimientos\/","title":{"rendered":"Procedimientos"},"content":{"rendered":"\t\t<div data-elementor-type=\"wp-page\" data-elementor-id=\"908\" class=\"elementor elementor-908\">\n\t\t\t\t\t\t<section class=\"elementor-section elementor-top-section elementor-element elementor-element-228fa51 elementor-section-boxed elementor-section-height-default elementor-section-height-default\" data-id=\"228fa51\" data-element_type=\"section\">\n\t\t\t\t\t\t<div class=\"elementor-container elementor-column-gap-default\">\n\t\t\t\t\t<div class=\"elementor-column elementor-col-100 elementor-top-column elementor-element elementor-element-f180d52\" data-id=\"f180d52\" data-element_type=\"column\">\n\t\t\t<div class=\"elementor-widget-wrap elementor-element-populated\">\n\t\t\t\t\t\t<div class=\"elementor-element elementor-element-e95b937 elementor-widget elementor-widget-text-editor\" data-id=\"e95b937\" data-element_type=\"widget\" data-widget_type=\"text-editor.default\">\n\t\t\t\t<div class=\"elementor-widget-container\">\n\t\t\t\t\t\t\t\t\t<ul><li>Gu\u00eda-para-Producci\u00f3n-Cient\u00edfica-Institucional<\/li><li>\u2026 procedimientos en elaboraci\u00f3n<\/li><li><span style=\"color: #000000\"><a style=\"color: #000000\" href=\"https:\/\/departamentos.uleam.edu.ec\/investigacion\/files\/2023\/04\/PLAN-CAPACITACION-PRIMERA-ETAPA.pdf\">Plan de capacitaci\u00f3n a grupos de investigaci\u00f3n<\/a><\/span><\/li><li><a href=\"https:\/\/departamentos.uleam.edu.ec\/investigacion\/files\/2026\/04\/NOTIFICACION-INVESTIGADORES-CURSO-REDACCION-CIENTIFICA-2025.pdf\">Plan de capacitaci\u00f3n a docentes ULEAM 2025<\/a><\/li><li><span style=\"color: #000000\"><a style=\"color: #000000\" href=\"https:\/\/departamentos.uleam.edu.ec\/investigacion\/files\/2023\/04\/CAPACITACION-TELEDETECCION.pdf\">Capacitaci\u00f3n Teledetecci\u00f3n.<\/a><\/span><\/li><li><span style=\"color: #000000\"><a style=\"color: #000000\" href=\"https:\/\/departamentos.uleam.edu.ec\/investigacion\/files\/2023\/04\/Presupuesto_Investigacion_2021.pdf\">Presupuesto 2021: Funci\u00f3n sustantiva de Investigaci\u00f3n<\/a><\/span><\/li><li><span style=\"color: #000000\"><a style=\"color: #000000\" href=\"https:\/\/departamentos.uleam.edu.ec\/investigacion\/files\/2023\/04\/PRESUPUESTO-FUNCION-INVESTIGACION-2022.pdf\">Presupuesto 2022: Funci\u00f3n sustantiva de Investigaci\u00f3n<\/a><\/span><\/li><li><a href=\"https:\/\/departamentos.uleam.edu.ec\/investigacion\/files\/2026\/04\/Asignacion-presupuestaria-2025.pdf\">Presupuesto 2025: Funci\u00f3n sustantiva de Investigaci\u00f3n<\/a><\/li><\/ul>\t\t\t\t\t\t\t\t<\/div>\n\t\t\t\t<\/div>\n\t\t\t\t\t<\/div>\n\t\t<\/div>\n\t\t\t\t\t<\/div>\n\t\t<\/section>\n\t\t\t\t<\/div>\n\t\t","protected":false},"excerpt":{"rendered":"<p>Gu\u00eda-para-Producci\u00f3n-Cient\u00edfica-Institucional \u2026 procedimientos en elaboraci\u00f3n Plan de capacitaci\u00f3n a grupos de investigaci\u00f3n Plan de capacitaci\u00f3n a docentes ULEAM 2025 Capacitaci\u00f3n Teledetecci\u00f3n. Presupuesto 2021: Funci\u00f3n sustantiva de Investigaci\u00f3n Presupuesto 2022: Funci\u00f3n sustantiva de<a class=\"moretag\" href=\"https:\/\/departamentos.uleam.edu.ec\/investigacion\/procedimientos\/\">Leer m\u00e1s&#8230;<\/a><\/p>\n","protected":false},"author":47,"featured_media":0,"parent":0,"menu_order":0,"comment_status":"closed","ping_status":"closed","template":"","meta":{"footnotes":"","_links_to":"","_links_to_target":""},"class_list":["post-908","page","type-page","status-publish","hentry"],"_links":{"self":[{"href":"https:\/\/departamentos.uleam.edu.ec\/investigacion\/wp-json\/wp\/v2\/pages\/908","targetHints":{"allow":["GET"]}}],"collection":[{"href":"https:\/\/departamentos.uleam.edu.ec\/investigacion\/wp-json\/wp\/v2\/pages"}],"about":[{"href":"https:\/\/departamentos.uleam.edu.ec\/investigacion\/wp-json\/wp\/v2\/types\/page"}],"author":[{"embeddable":true,"href":"https:\/\/departamentos.uleam.edu.ec\/investigacion\/wp-json\/wp\/v2\/users\/47"}],"replies":[{"embeddable":true,"href":"https:\/\/departamentos.uleam.edu.ec\/investigacion\/wp-json\/wp\/v2\/comments?post=908"}],"version-history":[{"count":27,"href":"https:\/\/departamentos.uleam.edu.ec\/investigacion\/wp-json\/wp\/v2\/pages\/908\/revisions"}],"predecessor-version":[{"id":5019,"href":"https:\/\/departamentos.uleam.edu.ec\/investigacion\/wp-json\/wp\/v2\/pages\/908\/revisions\/5019"}],"wp:attachment":[{"href":"https:\/\/departamentos.uleam.edu.ec\/investigacion\/wp-json\/wp\/v2\/media?parent=908"}],"curies":[{"name":"wp","href":"https:\/\/api.w.org\/{rel}","templated":true}]}}