{"id":910,"date":"2020-11-10T11:27:34","date_gmt":"2020-11-10T16:27:34","guid":{"rendered":"https:\/\/departamentos.uleam.edu.ec\/prueba\/?page_id=424"},"modified":"2022-04-07T19:26:22","modified_gmt":"2022-04-07T19:26:22","slug":"quienes-somos","status":"publish","type":"page","link":"https:\/\/departamentos.uleam.edu.ec\/investigacion\/quienes-somos\/","title":{"rendered":"Qui\u00e9nes Somos"},"content":{"rendered":"<p style=\"text-align: justify\"><strong>Misi\u00f3n<\/strong><br \/>\nGenerar conocimiento, tecnolog\u00eda y recuperar los saberes ancestrales que contribuyan a la soluci\u00f3n de problemas nacionales y regionales, realizando investigaci\u00f3n aplicada y formando recursos humanos a nivel postgrado en ciencias, dentro de un marco de responsabilidad, \u00e9tica y liderazgo en beneficio de la sociedad.<\/p>\n<p><strong>Visi\u00f3n<\/strong><\/p>\n<p style=\"text-align: justify\">Ser reconocidos a nivel regional, nacional y mundial por la calidad e impacto de nuestra investigaci\u00f3n y de los recursos humanos que formamos; ser l\u00edderes en el estudio y la soluci\u00f3n de problemas relacionados con los diferentes procesos desde un enfoque integrador de los subsistemas ecol\u00f3gicos y socioecon\u00f3micos que es parte del gran sistema socioecosistema.<\/p>\n<p><strong>Objetivos<\/strong><\/p>\n<ol>\n<li style=\"text-align: justify\">Generar conocimiento cient\u00edfico a trav\u00e9s de proyectos de investigaci\u00f3n en las \u00e1reas de especialidad del Departamento Central de Investigaci\u00f3n.<\/li>\n<li style=\"text-align: justify\">Fortalecer la vinculaci\u00f3n con los sectores p\u00fablicos, privados y sociales a trav\u00e9s de proyectos de investigaci\u00f3n y desarrollo, servicios tecnol\u00f3gicos, consultor\u00edas y programas de capacitaci\u00f3n.<\/li>\n<li style=\"text-align: justify\">Promover y participar en procesos de gesti\u00f3n para el desarrollo local y regional y en procesos internos institucionales en el \u00e1mbito de la investigaci\u00f3n.<\/li>\n<\/ol>\n<p><strong>Funciones<\/strong><\/p>\n<ol>\n<li style=\"text-align: justify\">Proponer a el\/la Vicerrector\/a de Investigaci\u00f3n, Vinculaci\u00f3n y Postgrado las pol\u00edticas de investigaci\u00f3n cient\u00edfica, vinculaci\u00f3n y postgrados para aprobaci\u00f3n del \u00d3rgano Colegiado Superior;<\/li>\n<li>Crear y administrar el sistema de monitoreo y evaluaci\u00f3n de la investigaci\u00f3n cient\u00edfica.<\/li>\n<li>Organizar procesos de gesti\u00f3n para la formaci\u00f3n de los\/as profesores\/as en investigaci\u00f3n cient\u00edfica;<\/li>\n<li>Desarrollar y ejecutar el registro de las publicaciones cient\u00edficas de la instituci\u00f3n.<\/li>\n<li style=\"text-align: justify\">Organizar y ejecutar el sistema de calificaci\u00f3n de publicaciones que se generen en la Universidad Laica \u201cEloy Alfaro\u201d de Manab\u00ed, para mantener revistas cient\u00edficas en las \u00e1reas del conocimiento definidas en este Estatuto;<\/li>\n<li style=\"text-align: justify\">Proponer la normativa de propiedad intelectual para las publicaciones cient\u00edficas, desarrollos e innovaciones tecnol\u00f3gicas en el marco de las Leyes nacionales e internacionales correspondientes;<\/li>\n<li>Elaborar, cumplir, actualizar y realizar la evaluaci\u00f3n peri\u00f3dica del cumplimiento del Plan de Desarrollo y el Plan Operativo Anual;<\/li>\n<li style=\"text-align: justify\">Gestionar el mejoramiento continuo y el desarrollo de las actividades de investigaci\u00f3n, innovaci\u00f3n y transferencia de tecnolog\u00edas que est\u00e1n a su cargo;<\/li>\n<li style=\"text-align: justify\">Coordinar internamente con las Unidades Acad\u00e9micas y externamente con organizaciones p\u00fablicas o privadas, la ejecuci\u00f3n de las actividades de investigaci\u00f3n, innovaci\u00f3n y transferencia de tecnolog\u00edas para el logro de sus objetivos;<\/li>\n<li style=\"text-align: justify\">Elaborar el informe anual de su gesti\u00f3n y remitirlo a el\/la Vicerrector\/a de Investigaci\u00f3n y Postgrado, de acuerdo al \u00e1mbito de competencia;<\/li>\n<li>Planificar y coordinar la difusi\u00f3n social de la ciencia;<\/li>\n<li style=\"text-align: justify\">Las dem\u00e1s que se\u00f1alen la Ley Org\u00e1nica de Educaci\u00f3n Superior, los Reglamentos emitidos por el Consejo de Educaci\u00f3n Superior, el presente Estatuto, el \u00d3rgano Colegiado Superior y la normativa interna institucional.<\/li>\n<\/ol>\n","protected":false},"excerpt":{"rendered":"<p>Misi\u00f3n Generar conocimiento, tecnolog\u00eda y recuperar los saberes ancestrales que contribuyan a la soluci\u00f3n de problemas nacionales y regionales, realizando investigaci\u00f3n aplicada y formando recursos humanos a nivel postgrado en ciencias, dentro<a class=\"moretag\" href=\"https:\/\/departamentos.uleam.edu.ec\/investigacion\/quienes-somos\/\">Leer m\u00e1s&#8230;<\/a><\/p>\n","protected":false},"author":47,"featured_media":0,"parent":0,"menu_order":0,"comment_status":"closed","ping_status":"closed","template":"","meta":{"footnotes":"","_links_to":"","_links_to_target":""},"class_list":["post-910","page","type-page","status-publish","hentry"],"_links":{"self":[{"href":"https:\/\/departamentos.uleam.edu.ec\/investigacion\/wp-json\/wp\/v2\/pages\/910","targetHints":{"allow":["GET"]}}],"collection":[{"href":"https:\/\/departamentos.uleam.edu.ec\/investigacion\/wp-json\/wp\/v2\/pages"}],"about":[{"href":"https:\/\/departamentos.uleam.edu.ec\/investigacion\/wp-json\/wp\/v2\/types\/page"}],"author":[{"embeddable":true,"href":"https:\/\/departamentos.uleam.edu.ec\/investigacion\/wp-json\/wp\/v2\/users\/47"}],"replies":[{"embeddable":true,"href":"https:\/\/departamentos.uleam.edu.ec\/investigacion\/wp-json\/wp\/v2\/comments?post=910"}],"version-history":[{"count":8,"href":"https:\/\/departamentos.uleam.edu.ec\/investigacion\/wp-json\/wp\/v2\/pages\/910\/revisions"}],"predecessor-version":[{"id":1361,"href":"https:\/\/departamentos.uleam.edu.ec\/investigacion\/wp-json\/wp\/v2\/pages\/910\/revisions\/1361"}],"wp:attachment":[{"href":"https:\/\/departamentos.uleam.edu.ec\/investigacion\/wp-json\/wp\/v2\/media?parent=910"}],"curies":[{"name":"wp","href":"https:\/\/api.w.org\/{rel}","templated":true}]}}