{"id":913,"date":"2020-11-30T12:55:20","date_gmt":"2020-11-30T17:55:20","guid":{"rendered":"https:\/\/departamentos.uleam.edu.ec\/prueba\/?page_id=482"},"modified":"2026-01-30T16:41:21","modified_gmt":"2026-01-30T16:41:21","slug":"convocatorias","status":"publish","type":"page","link":"https:\/\/departamentos.uleam.edu.ec\/investigacion\/convocatorias\/","title":{"rendered":"Convocatorias"},"content":{"rendered":"\t\t<div data-elementor-type=\"wp-page\" data-elementor-id=\"913\" class=\"elementor elementor-913\">\n\t\t\t\t\t\t<section class=\"elementor-section elementor-top-section elementor-element elementor-element-72b2e84 elementor-section-boxed elementor-section-height-default elementor-section-height-default\" data-id=\"72b2e84\" data-element_type=\"section\">\n\t\t\t\t\t\t<div class=\"elementor-container elementor-column-gap-default\">\n\t\t\t\t\t<div class=\"elementor-column elementor-col-100 elementor-top-column elementor-element elementor-element-c1a9c2e\" data-id=\"c1a9c2e\" data-element_type=\"column\">\n\t\t\t<div class=\"elementor-widget-wrap elementor-element-populated\">\n\t\t\t\t\t\t<div class=\"elementor-element elementor-element-65d1fda elementor-widget elementor-widget-spacer\" data-id=\"65d1fda\" data-element_type=\"widget\" data-widget_type=\"spacer.default\">\n\t\t\t\t<div class=\"elementor-widget-container\">\n\t\t\t\t\t\t\t<div class=\"elementor-spacer\">\n\t\t\t<div class=\"elementor-spacer-inner\"><\/div>\n\t\t<\/div>\n\t\t\t\t\t\t<\/div>\n\t\t\t\t<\/div>\n\t\t\t\t\t<\/div>\n\t\t<\/div>\n\t\t\t\t\t<\/div>\n\t\t<\/section>\n\t\t\t\t<section class=\"elementor-section elementor-top-section elementor-element elementor-element-30b3652 elementor-section-boxed elementor-section-height-default elementor-section-height-default\" data-id=\"30b3652\" data-element_type=\"section\">\n\t\t\t\t\t\t<div class=\"elementor-container elementor-column-gap-default\">\n\t\t\t\t\t<div class=\"elementor-column elementor-col-100 elementor-top-column elementor-element elementor-element-49d3163\" data-id=\"49d3163\" data-element_type=\"column\">\n\t\t\t<div class=\"elementor-widget-wrap elementor-element-populated\">\n\t\t\t\t\t\t<div class=\"elementor-element elementor-element-b2c2ad9 elementor-tabs-view-horizontal elementor-widget elementor-widget-tabs\" data-id=\"b2c2ad9\" data-element_type=\"widget\" data-widget_type=\"tabs.default\">\n\t\t\t\t<div class=\"elementor-widget-container\">\n\t\t\t\t\t\t\t<div class=\"elementor-tabs\">\n\t\t\t<div class=\"elementor-tabs-wrapper\" role=\"tablist\" >\n\t\t\t\t\t\t\t\t\t<div id=\"elementor-tab-title-1871\" class=\"elementor-tab-title elementor-tab-desktop-title\" aria-selected=\"true\" data-tab=\"1\" role=\"tab\" tabindex=\"0\" aria-controls=\"elementor-tab-content-1871\" aria-expanded=\"false\">Invitaci\u00f3n SGC 2026<\/div>\n\t\t\t\t\t\t\t\t\t<div id=\"elementor-tab-title-1872\" class=\"elementor-tab-title elementor-tab-desktop-title\" aria-selected=\"false\" data-tab=\"2\" role=\"tab\" tabindex=\"-1\" aria-controls=\"elementor-tab-content-1872\" aria-expanded=\"false\">Convocatoria SGC 2025<\/div>\n\t\t\t\t\t\t\t\t\t<div id=\"elementor-tab-title-1873\" class=\"elementor-tab-title elementor-tab-desktop-title\" aria-selected=\"false\" data-tab=\"3\" role=\"tab\" tabindex=\"-1\" aria-controls=\"elementor-tab-content-1873\" aria-expanded=\"false\">Convocatoria SGC 2024<\/div>\n\t\t\t\t\t\t\t\t\t<div id=\"elementor-tab-title-1874\" class=\"elementor-tab-title elementor-tab-desktop-title\" aria-selected=\"false\" data-tab=\"4\" role=\"tab\" tabindex=\"-1\" aria-controls=\"elementor-tab-content-1874\" aria-expanded=\"false\">Convocatoria SGC 2023<\/div>\n\t\t\t\t\t\t\t\t\t<div id=\"elementor-tab-title-1875\" class=\"elementor-tab-title elementor-tab-desktop-title\" aria-selected=\"false\" data-tab=\"5\" role=\"tab\" tabindex=\"-1\" aria-controls=\"elementor-tab-content-1875\" aria-expanded=\"false\">Convocatoria SGC 2021<\/div>\n\t\t\t\t\t\t\t\t\t<div id=\"elementor-tab-title-1876\" class=\"elementor-tab-title elementor-tab-desktop-title\" aria-selected=\"false\" data-tab=\"6\" role=\"tab\" tabindex=\"-1\" aria-controls=\"elementor-tab-content-1876\" aria-expanded=\"false\">Convocatoria SGC 2020<\/div>\n\t\t\t\t\t\t\t\t\t<div id=\"elementor-tab-title-1877\" class=\"elementor-tab-title elementor-tab-desktop-title\" aria-selected=\"false\" data-tab=\"7\" role=\"tab\" tabindex=\"-1\" aria-controls=\"elementor-tab-content-1877\" aria-expanded=\"false\">Convocatoria SGC 2019<\/div>\n\t\t\t\t\t\t\t\t\t<div id=\"elementor-tab-title-1878\" class=\"elementor-tab-title elementor-tab-desktop-title\" aria-selected=\"false\" data-tab=\"8\" role=\"tab\" tabindex=\"-1\" aria-controls=\"elementor-tab-content-1878\" aria-expanded=\"false\">Convocatoria SGC 2018<\/div>\n\t\t\t\t\t\t\t\t\t<div id=\"elementor-tab-title-1879\" class=\"elementor-tab-title elementor-tab-desktop-title\" aria-selected=\"false\" data-tab=\"9\" role=\"tab\" tabindex=\"-1\" aria-controls=\"elementor-tab-content-1879\" aria-expanded=\"false\">Resoluci\u00f3n Convocatoria SGC<\/div>\n\t\t\t\t\t\t\t<\/div>\n\t\t\t<div class=\"elementor-tabs-content-wrapper\" role=\"tablist\" aria-orientation=\"vertical\">\n\t\t\t\t\t\t\t\t\t<div class=\"elementor-tab-title elementor-tab-mobile-title\" aria-selected=\"true\" data-tab=\"1\" role=\"tab\" tabindex=\"0\" aria-controls=\"elementor-tab-content-1871\" aria-expanded=\"false\">Invitaci\u00f3n SGC 2026<\/div>\n\t\t\t\t\t<div id=\"elementor-tab-content-1871\" class=\"elementor-tab-content elementor-clearfix\" data-tab=\"1\" role=\"tabpanel\" aria-labelledby=\"elementor-tab-title-1871\" tabindex=\"0\" hidden=\"false\"><p><span style=\"color: #003366\"><a style=\"color: #003366\" href=\"https:\/\/departamentos.uleam.edu.ec\/investigacion\/files\/2026\/01\/BASES-CONCEPTUALES-INVITACION-SGC-2026-1.pdf\">1. BASES CONCEPTUALES SGC 2026<\/a><\/span><\/p><p><span style=\"color: #003366\">2. \u00a0<a style=\"color: #003366\" href=\"https:\/\/departamentos.uleam.edu.ec\/investigacion\/files\/2026\/01\/GUIA-DE-PRESENTACION-DE-PROYECTOS-2026-ok.pdf\">GU\u00cdA DE PRESENTACI\u00d3N DE PROYECTOS DE INVESTIGACI\u00d3N<\/a><\/span><\/p><p><span style=\"color: #003366\"><a style=\"color: #003366\" href=\"https:\/\/departamentos.uleam.edu.ec\/investigacion\/files\/2026\/01\/PIG-01-F-002-Formato-Programa-de-Investigacion-V5.docx\">2.1 PROGRAMA<\/a><\/span><\/p><p><span style=\"color: #003366\"><a style=\"color: #003366\" href=\"https:\/\/departamentos.uleam.edu.ec\/investigacion\/files\/2026\/01\/PIG-01-F-001-Formato-Proyecto-de-Investigacion-V5.docx\">2.2 PROYECTO<\/a><\/span><\/p><p><span style=\"color: #003366\"><a style=\"color: #003366\" href=\"https:\/\/departamentos.uleam.edu.ec\/investigacion\/files\/2026\/01\/PIG-03-F-005-Acuerdo-de-cierre-de-Prog-Proy-institucional-de-Inv-concluidos-V4.docx\">2.3 ACUERDO DE CIERRE DE PROGRAMA Y <span style=\"color: #003366\">PROYECTO<\/span><\/a><\/span><\/p><p><span style=\"color: #003366\"><a style=\"color: #003366\" href=\"https:\/\/departamentos.uleam.edu.ec\/investigacion\/files\/2026\/01\/FICHA-TECNICA-PRESUPUESTARIA-PARA-PROYECTOS-DE-INVESTIGACION.xlsx\">2.4 <span style=\"font-family: var( --e-global-typography-text-font-family ), Sans-serif\">FICHA T\u00c9CNICA PRESUPUESTARIA PARA PROYECTO DE INVESTIGACI\u00d3N<\/span><\/a><\/span><\/p><p><span style=\"color: #003366\"><a style=\"color: #003366\" href=\"https:\/\/departamentos.uleam.edu.ec\/investigacion\/files\/2026\/01\/CRONOGRAMA-SGC-2026-V2.pdf\">3. CRONOGRAMA<\/a><\/span><\/p><\/div>\n\t\t\t\t\t\t\t\t\t<div class=\"elementor-tab-title elementor-tab-mobile-title\" aria-selected=\"false\" data-tab=\"2\" role=\"tab\" tabindex=\"-1\" aria-controls=\"elementor-tab-content-1872\" aria-expanded=\"false\">Convocatoria SGC 2025<\/div>\n\t\t\t\t\t<div id=\"elementor-tab-content-1872\" class=\"elementor-tab-content elementor-clearfix\" data-tab=\"2\" role=\"tabpanel\" aria-labelledby=\"elementor-tab-title-1872\" tabindex=\"0\" hidden=\"hidden\"><p><span style=\"color: #003366\"><a style=\"color: #003366\" href=\"https:\/\/departamentos.uleam.edu.ec\/investigacion\/files\/2024\/10\/BASES-CONCEPTUALES-CONVOCATORIA-SGC-2025-signed.pdf\">1. BASES CONCEPTUALES SGC 2025<\/a><\/span><\/p><p><span style=\"color: #003366\">2. \u00a0<a style=\"color: #003366\" href=\"https:\/\/departamentos.uleam.edu.ec\/investigacion\/files\/2024\/10\/Guia-de-Presentacion-de-Proyectos-de-Investigacion-V2.pdf\">GU\u00cdA DE PRESENTACI\u00d3N DE PROYECTOS DE INVESTIGACI\u00d3N<\/a><\/span><\/p><p><span style=\"color: #003366\"><a style=\"color: #003366\" href=\"https:\/\/departamentos.uleam.edu.ec\/investigacion\/files\/2024\/10\/PIG-01-F-002-Formato-Programa-de-Investigacion-V4-1.docx\">2.1 PROGRAMA<\/a><\/span><\/p><p><span style=\"color: #003366\"><a style=\"color: #003366\" href=\"https:\/\/departamentos.uleam.edu.ec\/investigacion\/files\/2024\/10\/PIG-01-F-001-Formato-Proyecto-de-Investigacion-V4-1-1.docx\">2.2 PROYECTO<\/a><\/span><\/p><p><span style=\"color: #003366\"><a style=\"color: #003366\" href=\"https:\/\/departamentos.uleam.edu.ec\/investigacion\/files\/2024\/10\/PIG-03-F-005-Acuerdo-de-cierre-de-Prog-o-Proy-institucionales-de-Inv-concluidos-V3-1.docx\">2.3 ACUERDO DE CIERRE DE PROGRAMA Y <span style=\"color: #003366\">PROYECTO<\/span><\/a><\/span><\/p><p><span style=\"color: #003366\"><a style=\"color: #003366\" href=\"https:\/\/departamentos.uleam.edu.ec\/investigacion\/files\/2023\/12\/PIG-01-F-005-Ficha-tecnica-presupuestaria-para-proyectos-de-investigacion-V2.xlsx\">2.4 <span style=\"font-family: var( --e-global-typography-text-font-family ), Sans-serif\">FICHA T\u00c9CNICA PRESUPUESTARIA PARA PROYECTO DE INVESTIGACI\u00d3N<\/span><\/a><\/span><\/p><p><span style=\"color: #003366\"><a style=\"color: #003366\" href=\"https:\/\/departamentos.uleam.edu.ec\/investigacion\/files\/2024\/11\/COMUNICADO-OFICIAL-SGC-2025.pdf\">3. CRONOGRAMA<\/a><\/span><\/p><\/div>\n\t\t\t\t\t\t\t\t\t<div class=\"elementor-tab-title elementor-tab-mobile-title\" aria-selected=\"false\" data-tab=\"3\" role=\"tab\" tabindex=\"-1\" aria-controls=\"elementor-tab-content-1873\" aria-expanded=\"false\">Convocatoria SGC 2024<\/div>\n\t\t\t\t\t<div id=\"elementor-tab-content-1873\" class=\"elementor-tab-content elementor-clearfix\" data-tab=\"3\" role=\"tabpanel\" aria-labelledby=\"elementor-tab-title-1873\" tabindex=\"0\" hidden=\"hidden\"><p><span style=\"color: #003366\"><a style=\"color: #003366\" href=\"https:\/\/departamentos.uleam.edu.ec\/investigacion\/files\/2023\/12\/BASES-CONCEPTUALES-SGC-2024.pdf\">1. BASES CONCEPTUALES SGC 2024<\/a><\/span><\/p><p><span style=\"color: #003366\">2. \u00a0<a style=\"color: #003366\" href=\"https:\/\/departamentos.uleam.edu.ec\/gestion-aseguramiento-calidad\/files\/2019\/10\/PIG-01-G-001-Guia-de-Presentacion-de-Proyectos-de-Investigacion-V1-FielCopia.pdf\">GU\u00cdA DE PRESENTACI\u00d3N DE PROYECTOS DE INVESTIGACI\u00d3N<\/a><\/span><\/p><p><span style=\"color: #003366\"><a style=\"color: #003366\" href=\"https:\/\/departamentos.uleam.edu.ec\/investigacion\/files\/2023\/11\/PIG-01-F-002-Formato-Programa-de-Investigacion-V3.docx\">2.1 PROGRAMA<\/a><\/span><\/p><p><span style=\"color: #003366\"><a style=\"color: #003366\" href=\"https:\/\/departamentos.uleam.edu.ec\/investigacion\/files\/2023\/11\/PIG-01-F-001-Formato-Proyecto-de-Investigacion-V3.docx\">2.2 PROYECTO<\/a><\/span><\/p><p><span style=\"color: #003366\"><a style=\"color: #003366\" href=\"https:\/\/departamentos.uleam.edu.ec\/investigacion\/files\/2023\/12\/Acuerdo-de-cierre-de-programas-o-proyectos-institucionales-V2.docx\">2.3 ACUERDO DE CIERRE DE PROGRAMA Y PROYECTO<\/a><\/span><\/p><p><span style=\"color: #003366\"><a style=\"color: #003366\" href=\"https:\/\/departamentos.uleam.edu.ec\/investigacion\/files\/2023\/12\/PIG-01-F-005-Ficha-tecnica-presupuestaria-para-proyectos-de-investigacion-V2.xlsx\">2.4 <span style=\"font-family: var( --e-global-typography-text-font-family ), Sans-serif\">FICHA T\u00c9CNICA PRESUPUESTARIA PARA PROYECTO DE INVESTIGACI\u00d3N<\/span><\/a><\/span><\/p><p><a href=\"https:\/\/departamentos.uleam.edu.ec\/investigacion\/files\/2023\/12\/CRONOGRAMA_SGC_2024.pdf\"><span style=\"color: #003366\">3. CRONOGRAM<\/span>A<\/a><\/p><\/div>\n\t\t\t\t\t\t\t\t\t<div class=\"elementor-tab-title elementor-tab-mobile-title\" aria-selected=\"false\" data-tab=\"4\" role=\"tab\" tabindex=\"-1\" aria-controls=\"elementor-tab-content-1874\" aria-expanded=\"false\">Convocatoria SGC 2023<\/div>\n\t\t\t\t\t<div id=\"elementor-tab-content-1874\" class=\"elementor-tab-content elementor-clearfix\" data-tab=\"4\" role=\"tabpanel\" aria-labelledby=\"elementor-tab-title-1874\" tabindex=\"0\" hidden=\"hidden\"><p><a href=\"https:\/\/departamentos.uleam.edu.ec\/investigacion\/files\/2021\/02\/Convocatoria-Gestion-de-la-Ciencia-2021.docx-2.pdf\">1. <\/a><a href=\"https:\/\/departamentos.uleam.edu.ec\/investigacion\/files\/2021\/02\/BASES-CONCEPTUALES-SGC-2023.pdf\">BASES CONCEPTUALES SGC 2023<\/a><\/p><p><a href=\"https:\/\/departamentos.uleam.edu.ec\/investigacion\/Presentacion-Programa-y-Proyectos-de-Investigacion.pdf\">2. <\/a><a href=\"https:\/\/departamentos.uleam.edu.ec\/investigacion\/files\/2021\/02\/Presentacion-Programa-y-Proyectos-de-Investigacion.pdf\">FORMATOS PROGRAMAS, PROYECTOS 2023<\/a><\/p><p><a href=\"https:\/\/departamentos.uleam.edu.ec\/investigacion\/files\/2021\/02\/Cronograma-SGC-2023.pdf\">3. CRONOGRAMA SGC 2023<\/a><\/p><\/div>\n\t\t\t\t\t\t\t\t\t<div class=\"elementor-tab-title elementor-tab-mobile-title\" aria-selected=\"false\" data-tab=\"5\" role=\"tab\" tabindex=\"-1\" aria-controls=\"elementor-tab-content-1875\" aria-expanded=\"false\">Convocatoria SGC 2021<\/div>\n\t\t\t\t\t<div id=\"elementor-tab-content-1875\" class=\"elementor-tab-content elementor-clearfix\" data-tab=\"5\" role=\"tabpanel\" aria-labelledby=\"elementor-tab-title-1875\" tabindex=\"0\" hidden=\"hidden\"><p><a href=\"https:\/\/departamentos.uleam.edu.ec\/investigacion\/files\/2021\/02\/Convocatoria-Gestion-de-la-Ciencia-2021.docx-2.pdf\">1. BASES CONCEPTUALES CONVOCATORIA 2021<\/a><\/p><p><a href=\"https:\/\/departamentos.uleam.edu.ec\/investigacion\/files\/2021\/02\/2.-FORMATOS-GRUPOS-PROGRAMAS-PROYECTOS-2021.pdf\">2. FORMATOS GRUPOS, PROGRAMAS, PROYECTOS 2021<\/a><\/p><p><a href=\"https:\/\/departamentos.uleam.edu.ec\/investigacion\/files\/2021\/02\/Cronograma-Convocatoria-Gestion-de-la-Ciencia-2021.pdf\">3. CRONOGRAMA DE ACTIVIDADES Y DEFENSAS 2021<\/a><\/p><p><a href=\"https:\/\/departamentos.uleam.edu.ec\/investigacion\/files\/2021\/02\/4.-FORMATOS-PROFESORES-ESTUDIANTES-PROYECTOS-INDICADORES-2021.pdf\">4. FORMATOS PROFESORES, ESTUDIANTES, PROYECTOS, INDICADORES 2021<\/a><\/p><\/div>\n\t\t\t\t\t\t\t\t\t<div class=\"elementor-tab-title elementor-tab-mobile-title\" aria-selected=\"false\" data-tab=\"6\" role=\"tab\" tabindex=\"-1\" aria-controls=\"elementor-tab-content-1876\" aria-expanded=\"false\">Convocatoria SGC 2020<\/div>\n\t\t\t\t\t<div id=\"elementor-tab-content-1876\" class=\"elementor-tab-content elementor-clearfix\" data-tab=\"6\" role=\"tabpanel\" aria-labelledby=\"elementor-tab-title-1876\" tabindex=\"0\" hidden=\"hidden\"><p><a href=\"https:\/\/departamentos.uleam.edu.ec\/prueba\/files\/2020\/11\/1.-BASES-CONCEPTUALES-CONVOCATORIA-2020.pdf\">1. BASES CONCEPTUALES CONVOCATORIA 2020<\/a><\/p><p><a href=\"https:\/\/departamentos.uleam.edu.ec\/prueba\/files\/2020\/11\/2.-FORMATOS-GRUPOS-PROGRAMAS-PROYECTOS-2020.pdf\">2. FORMATOS GRUPOS, PROGRAMAS, PROYECTOS 2020<\/a><\/p><p><a href=\"https:\/\/departamentos.uleam.edu.ec\/prueba\/files\/2020\/11\/3.-CRONOGRAMA-DE-ACTIVIDADES-Y-DEFENSAS-2020.pdf\">3. CRONOGRAMA DE ACTIVIDADES Y DEFENSAS 2020<\/a><\/p><p><a href=\"https:\/\/departamentos.uleam.edu.ec\/prueba\/files\/2020\/11\/4.-FORMATOS-PROFESORES-ESTUDIANTES-PROYECTOS-INDICADORES-2020.pdf\">4. FORMATOS PROFESORES, ESTUDIANTES, PROYECTOS, INDICADORES 2020<\/a><\/p><\/div>\n\t\t\t\t\t\t\t\t\t<div class=\"elementor-tab-title elementor-tab-mobile-title\" aria-selected=\"false\" data-tab=\"7\" role=\"tab\" tabindex=\"-1\" aria-controls=\"elementor-tab-content-1877\" aria-expanded=\"false\">Convocatoria SGC 2019<\/div>\n\t\t\t\t\t<div id=\"elementor-tab-content-1877\" class=\"elementor-tab-content elementor-clearfix\" data-tab=\"7\" role=\"tabpanel\" aria-labelledby=\"elementor-tab-title-1877\" tabindex=\"0\" hidden=\"hidden\"><p><a href=\"https:\/\/departamentos.uleam.edu.ec\/prueba\/files\/2020\/11\/1.-BASES-CONCEPTUALES-CONVOCATORIA-2019.pdf\">1. BASES CONCEPTUALES CONVOCATORIA 2019<\/a><\/p><p><a href=\"https:\/\/departamentos.uleam.edu.ec\/prueba\/files\/2020\/11\/2.-FORMATOS-GRUPOS-PROGRAMAS-PROYECTOS-2019.pdf\">2. FORMATOS GRUPOS, PROGRAMAS, PROYECTOS 2019<\/a><\/p><p><a href=\"https:\/\/departamentos.uleam.edu.ec\/prueba\/files\/2020\/11\/3.-CRONOGRAMA-DE-ACTIVIDADES-Y-DEFENSAS-2019.pdf\">3. CRONOGRAMA DE ACTIVIDADES Y DEFENSAS 2019<\/a><\/p><p><a href=\"https:\/\/departamentos.uleam.edu.ec\/prueba\/files\/2020\/11\/4.-FORMATOS-PROFESORES-ESTUDIANTES-PROYECTOS-INDICADORES-2019.pdf\">4. FORMATOS PROFESORES, ESTUDIANTES, PROYECTOS, INDICADORES 2019<\/a><\/p><\/div>\n\t\t\t\t\t\t\t\t\t<div class=\"elementor-tab-title elementor-tab-mobile-title\" aria-selected=\"false\" data-tab=\"8\" role=\"tab\" tabindex=\"-1\" aria-controls=\"elementor-tab-content-1878\" aria-expanded=\"false\">Convocatoria SGC 2018<\/div>\n\t\t\t\t\t<div id=\"elementor-tab-content-1878\" class=\"elementor-tab-content elementor-clearfix\" data-tab=\"8\" role=\"tabpanel\" aria-labelledby=\"elementor-tab-title-1878\" tabindex=\"0\" hidden=\"hidden\"><p><a href=\"https:\/\/departamentos.uleam.edu.ec\/prueba\/files\/2020\/11\/1.-BASES-CONCEPTUALES-CONVOCATORIA-2018.pdf\">1. BASES CONCEPTUALES CONVOCATORIA 2018<\/a><\/p><p><a href=\"https:\/\/departamentos.uleam.edu.ec\/prueba\/files\/2020\/11\/2.-FORMATOS-GRUPOS-PROGRAMAS-PROYECTOS-2018.pdf\">2. FORMATOS GRUPOS, PROGRAMAS, PROYECTOS 2018<\/a><\/p><p><a href=\"https:\/\/departamentos.uleam.edu.ec\/prueba\/files\/2020\/11\/3.-CRONOGRAMA-DE-ACTIVIDADES-Y-DEFENSAS-2018.pdf\">3. CRONOGRAMA DE ACTIVIDADES Y DEFENSAS 2018<\/a><\/p><p><a href=\"https:\/\/departamentos.uleam.edu.ec\/prueba\/files\/2020\/11\/4.-FORMATOS-PROFESORES-ESTUDIANTES-PROYECTOS-INDICADORES-2018.pdf\">4. FORMATOS PROFESORES, ESTUDIANTES, PROYECTOS, INDICADORES 2018<\/a><\/p><\/div>\n\t\t\t\t\t\t\t\t\t<div class=\"elementor-tab-title elementor-tab-mobile-title\" aria-selected=\"false\" data-tab=\"9\" role=\"tab\" tabindex=\"-1\" aria-controls=\"elementor-tab-content-1879\" aria-expanded=\"false\">Resoluci\u00f3n Convocatoria SGC<\/div>\n\t\t\t\t\t<div id=\"elementor-tab-content-1879\" class=\"elementor-tab-content elementor-clearfix\" data-tab=\"9\" role=\"tabpanel\" aria-labelledby=\"elementor-tab-title-1879\" tabindex=\"0\" hidden=\"hidden\"><p><a href=\"https:\/\/departamentos.uleam.edu.ec\/prueba\/files\/2020\/11\/Resoluci\u00f3n-Convcatoria-RCU-SE-12-No.075-2017.pdf\">Resoluci\u00f3n Convcatoria RCU-SE-12-No.075-2017<\/a><\/p><p><a href=\"https:\/\/departamentos.uleam.edu.ec\/prueba\/files\/2020\/11\/Resoluci\u00f3n-Convcatoria-RCU-SO-005-No.093-2018.pdf\">Resoluci\u00f3n Convcatoria RCU-SO-005-No.093-2018<\/a><\/p><\/div>\n\t\t\t\t\t\t\t<\/div>\n\t\t<\/div>\n\t\t\t\t\t\t<\/div>\n\t\t\t\t<\/div>\n\t\t\t\t\t<\/div>\n\t\t<\/div>\n\t\t\t\t\t<\/div>\n\t\t<\/section>\n\t\t\t\t<section class=\"elementor-section elementor-top-section elementor-element elementor-element-7b01040 elementor-section-boxed elementor-section-height-default elementor-section-height-default\" data-id=\"7b01040\" data-element_type=\"section\">\n\t\t\t\t\t\t<div class=\"elementor-container elementor-column-gap-default\">\n\t\t\t\t\t<div class=\"elementor-column elementor-col-100 elementor-top-column elementor-element elementor-element-951cbdd\" data-id=\"951cbdd\" data-element_type=\"column\">\n\t\t\t<div class=\"elementor-widget-wrap elementor-element-populated\">\n\t\t\t\t\t\t<div class=\"elementor-element elementor-element-802f3e6 elementor-widget elementor-widget-spacer\" data-id=\"802f3e6\" data-element_type=\"widget\" data-widget_type=\"spacer.default\">\n\t\t\t\t<div class=\"elementor-widget-container\">\n\t\t\t\t\t\t\t<div class=\"elementor-spacer\">\n\t\t\t<div class=\"elementor-spacer-inner\"><\/div>\n\t\t<\/div>\n\t\t\t\t\t\t<\/div>\n\t\t\t\t<\/div>\n\t\t\t\t\t<\/div>\n\t\t<\/div>\n\t\t\t\t\t<\/div>\n\t\t<\/section>\n\t\t\t\t<\/div>\n\t\t","protected":false},"excerpt":{"rendered":"<p>Invitaci\u00f3n SGC 2026 Convocatoria SGC 2025 Convocatoria SGC 2024 Convocatoria SGC 2023 Convocatoria SGC 2021 Convocatoria SGC 2020 Convocatoria SGC 2019 Convocatoria SGC 2018 Resoluci\u00f3n Convocatoria SGC Invitaci\u00f3n SGC 2026 1. BASES<a class=\"moretag\" href=\"https:\/\/departamentos.uleam.edu.ec\/investigacion\/convocatorias\/\">Leer m\u00e1s&#8230;<\/a><\/p>\n","protected":false},"author":47,"featured_media":0,"parent":0,"menu_order":0,"comment_status":"closed","ping_status":"closed","template":"","meta":{"footnotes":"","_links_to":"","_links_to_target":""},"class_list":["post-913","page","type-page","status-publish","hentry"],"_links":{"self":[{"href":"https:\/\/departamentos.uleam.edu.ec\/investigacion\/wp-json\/wp\/v2\/pages\/913","targetHints":{"allow":["GET"]}}],"collection":[{"href":"https:\/\/departamentos.uleam.edu.ec\/investigacion\/wp-json\/wp\/v2\/pages"}],"about":[{"href":"https:\/\/departamentos.uleam.edu.ec\/investigacion\/wp-json\/wp\/v2\/types\/page"}],"author":[{"embeddable":true,"href":"https:\/\/departamentos.uleam.edu.ec\/investigacion\/wp-json\/wp\/v2\/users\/47"}],"replies":[{"embeddable":true,"href":"https:\/\/departamentos.uleam.edu.ec\/investigacion\/wp-json\/wp\/v2\/comments?post=913"}],"version-history":[{"count":228,"href":"https:\/\/departamentos.uleam.edu.ec\/investigacion\/wp-json\/wp\/v2\/pages\/913\/revisions"}],"predecessor-version":[{"id":5004,"href":"https:\/\/departamentos.uleam.edu.ec\/investigacion\/wp-json\/wp\/v2\/pages\/913\/revisions\/5004"}],"wp:attachment":[{"href":"https:\/\/departamentos.uleam.edu.ec\/investigacion\/wp-json\/wp\/v2\/media?parent=913"}],"curies":[{"name":"wp","href":"https:\/\/api.w.org\/{rel}","templated":true}]}}