{"id":1578,"date":"2016-03-09T20:45:16","date_gmt":"2016-03-09T20:45:16","guid":{"rendered":"http:\/\/departamentos.uleam.edu.ec\/leydetransparenciapublica\/?page_id=1578"},"modified":"2017-01-19T20:56:00","modified_gmt":"2017-01-19T20:56:00","slug":"informacion-de-presupuesto-mensual-y-anexos","status":"publish","type":"page","link":"https:\/\/departamentos.uleam.edu.ec\/leydetransparenciapublica\/transparencia-2016\/informacion-de-presupuesto-mensual-y-anexos\/","title":{"rendered":"Literal g &#8211; Informaci\u00f3n de Presupuesto Mensual y Anexos"},"content":{"rendered":"<ul>\n<li>ENERO\n<ul>\n<li><a href=\"https:\/\/departamentos.uleam.edu.ec\/leydetransparenciapublica\/files\/2016\/03\/Copia-de-LOTAIP-ENERO-16.xlsx\"> Informaci\u00f3n Presupuestaria<\/a>\n<ul>\n<li><a href=\"https:\/\/departamentos.uleam.edu.ec\/leydetransparenciapublica\/files\/2016\/03\/Cedula-Gasto-01-2016.pdf\">Anexo 1.- Gastos<\/a><\/li>\n<li><a href=\"https:\/\/departamentos.uleam.edu.ec\/leydetransparenciapublica\/files\/2016\/03\/Cedula-de-Ingreso-01-2016.pdf\">Anexo 2.-Ingresos<\/a><\/li>\n<\/ul>\n<\/li>\n<\/ul>\n<\/li>\n<li>FEBRERO\n<ul>\n<li><a href=\"https:\/\/departamentos.uleam.edu.ec\/leydetransparenciapublica\/files\/2016\/03\/LOTAIP-FEBRERO.xlsx\">Informaci\u00f3n Presupuestaria <\/a>\n<ul>\n<li><a href=\"https:\/\/departamentos.uleam.edu.ec\/leydetransparenciapublica\/files\/2016\/03\/CEDULA-GASTO-A-FEBRERO-2016.pdf\">Anexo.- gastos<\/a><\/li>\n<li><a href=\"https:\/\/departamentos.uleam.edu.ec\/leydetransparenciapublica\/files\/2016\/03\/CEDULA-INGRESO-A-FEBRERO-161.pdf\">Anexo 2.- Ingresos<\/a><\/li>\n<\/ul>\n<\/li>\n<\/ul>\n<\/li>\n<li>MARZO\n<ul>\n<li><a href=\"https:\/\/departamentos.uleam.edu.ec\/leydetransparenciapublica\/files\/2016\/03\/Copia-de-lotaip.marzo-2016.xlsx\">Informaci\u00f3n Presupuestaria<\/a>\n<ul>\n<li><a href=\"https:\/\/departamentos.uleam.edu.ec\/leydetransparenciapublica\/files\/2016\/03\/GASTO-MARZO-16-FUENTE..pdf\">Anexo .- gastos <\/a><\/li>\n<li><a href=\"https:\/\/departamentos.uleam.edu.ec\/leydetransparenciapublica\/files\/2016\/03\/cedula-ingrso-marzo-2016.pdf\">Anexo.- Ingresos<\/a><\/li>\n<\/ul>\n<\/li>\n<\/ul>\n<\/li>\n<li>ABRIL\n<ul>\n<li><a href=\"https:\/\/departamentos.uleam.edu.ec\/leydetransparenciapublica\/files\/2016\/03\/Copia-de-LEY-ABRIL.xls\">Informaci\u00f3n Presupuestaria\u00a0<\/a><\/li>\n<li><a href=\"https:\/\/departamentos.uleam.edu.ec\/leydetransparenciapublica\/files\/2016\/03\/Cedula_Ingresos_04-2015.pdf\">Anexos &#8211; Ingresos<\/a><\/li>\n<li><a href=\"https:\/\/departamentos.uleam.edu.ec\/leydetransparenciapublica\/files\/2016\/03\/DEC.GASTO-ENERO-HASTA-ABRIL-16.pdf\">Anexos &#8211; Gastos\u00a0<\/a><\/li>\n<\/ul>\n<\/li>\n<li>MAYO<\/li>\n<li><a href=\"https:\/\/departamentos.uleam.edu.ec\/leydetransparenciapublica\/files\/2016\/03\/Copia-de-ley-de-transpaencia-Mary-MAYO.xls\">Informaci\u00f3n Presupuestaria\u00a0<\/a>\n<ul>\n<li><a href=\"https:\/\/departamentos.uleam.edu.ec\/leydetransparenciapublica\/files\/2016\/03\/cedula-ingreso-05-2015.pdf\">Anexos &#8211; Ingreso<\/a>s<\/li>\n<li><a href=\"https:\/\/departamentos.uleam.edu.ec\/leydetransparenciapublica\/files\/2016\/03\/Cedula_Gasto_05-2015.pdf\">Anexos- Gastos<\/a><\/li>\n<\/ul>\n<\/li>\n<li>JUNIO<\/li>\n<li><a href=\"https:\/\/departamentos.uleam.edu.ec\/leydetransparenciapublica\/files\/2016\/03\/Copia-de-ley-de-transpaencia-Mary-JUNIO.xls\">Informaci\u00f3n Presupuestaria <\/a>\n<ul>\n<li><a href=\"https:\/\/departamentos.uleam.edu.ec\/leydetransparenciapublica\/files\/2016\/03\/ingresos-junio-.pdf\">Anexos Ingresos<\/a><\/li>\n<li><a href=\"https:\/\/departamentos.uleam.edu.ec\/leydetransparenciapublica\/files\/2016\/03\/gastos-junio-.pdf\">Anexos Gastos<\/a><\/li>\n<\/ul>\n<\/li>\n<li>JULIO<\/li>\n<li><a href=\"https:\/\/departamentos.uleam.edu.ec\/leydetransparenciapublica\/files\/2016\/03\/Copia-de-LOTAIP-JULIO-2016.xlsx\">Informaci\u00f3n Presupuestaria <\/a>\n<ul>\n<li><a href=\"https:\/\/departamentos.uleam.edu.ec\/leydetransparenciapublica\/files\/2016\/03\/CEDULA-INGRESO-JULIO-2016.pdf\">Anexos Ingreso<\/a><\/li>\n<li><a href=\"https:\/\/departamentos.uleam.edu.ec\/leydetransparenciapublica\/files\/2016\/03\/CEDULA-GASTO-JULIO-2016.pdf\">Anexos Gastos<\/a><\/li>\n<\/ul>\n<\/li>\n<li>AGOSTO<\/li>\n<li><a href=\"https:\/\/departamentos.uleam.edu.ec\/leydetransparenciapublica\/files\/2016\/03\/LOTAIP-AGOSTO-2016-1.xlsx\">Informaci\u00f3n Presupuestaria<\/a><\/li>\n<li><a href=\"https:\/\/departamentos.uleam.edu.ec\/leydetransparenciapublica\/files\/2016\/03\/CEDULA-DE-INGRESOS-AGOSTO-2016.pdf\">Anexos &#8211; Ingresos<\/a>\n<ul>\n<li><a href=\"https:\/\/departamentos.uleam.edu.ec\/leydetransparenciapublica\/files\/2016\/03\/CEDULA-GASTOS-POR-ITEMS-AGOSTO-2016.pdf\">Anexos -gastos<\/a><\/li>\n<\/ul>\n<\/li>\n<li>SEPTIEMBRE<\/li>\n<li><a href=\"https:\/\/departamentos.uleam.edu.ec\/leydetransparenciapublica\/files\/2016\/03\/Copia-de-ley-de-transpaencia-SEPTIEMBRE.xls\">Informaci\u00f3n Presupuestaria<\/a><\/li>\n<li><a href=\"https:\/\/departamentos.uleam.edu.ec\/leydetransparenciapublica\/files\/2016\/03\/C\u00c9DULA-DE-INGRESOS-SEPT-2016.pdf\">Anexos-ingresos<\/a>\n<ul>\n<li><a href=\"https:\/\/departamentos.uleam.edu.ec\/leydetransparenciapublica\/files\/2016\/03\/CEDULA-DE-GASTO-SEPTIEMBRE-2016-ITMES.pdf\">Anexos-gastos<\/a><\/li>\n<\/ul>\n<\/li>\n<li>OCTUBRE<\/li>\n<li><a href=\"https:\/\/departamentos.uleam.edu.ec\/leydetransparenciapublica\/files\/2016\/03\/ley-de-transpaencia-OCTUBRE.xls\">Informaci\u00f3n Presupuestaria<\/a><\/li>\n<li><a href=\"https:\/\/departamentos.uleam.edu.ec\/leydetransparenciapublica\/files\/2016\/03\/C\u00c9DULA-DE-INGRESOS-OCTUBRE-20161.pdf\">Anexos-ingresos<\/a>\n<ul>\n<li><a href=\"https:\/\/departamentos.uleam.edu.ec\/leydetransparenciapublica\/files\/2016\/03\/C\u00c9DULA-DE-GASTOS-OCTUBRE-20162.pdf\">Anexos-gastos<\/a><\/li>\n<\/ul>\n<\/li>\n<li>NOVIEMBRE<\/li>\n<li><a href=\"https:\/\/departamentos.uleam.edu.ec\/leydetransparenciapublica\/files\/2016\/03\/ley-de-transpaencia.NOVIEMBRE-2016-1.xls\">Informaci\u00f2n Presupuestaria<\/a><\/li>\n<li><a href=\"https:\/\/departamentos.uleam.edu.ec\/leydetransparenciapublica\/files\/2016\/03\/INGRESOS-ENRO-NOV-16.pdf\">Anexos &#8211; ingresos<\/a>\n<ul>\n<li><a href=\"https:\/\/departamentos.uleam.edu.ec\/leydetransparenciapublica\/files\/2016\/03\/lotaip-mes-noviembre-2016-1.pdf\">Anexos &#8211; gastos <\/a><\/li>\n<\/ul>\n<\/li>\n<li>DICIEMBRE<\/li>\n<li><a href=\"https:\/\/departamentos.uleam.edu.ec\/leydetransparenciapublica\/files\/2016\/03\/ley-de-transpaencia-DICIEMBRE-2016-FINANCIERO.xls\">Informaci\u00f2n Presupuestaria <\/a><\/li>\n<li><a href=\"https:\/\/departamentos.uleam.edu.ec\/leydetransparenciapublica\/files\/2016\/03\/CEDULA-DE-INGRESOS-DE-ENERO-A-DICIEMBRE-PARA-LOTAIP-DE-FINANCIERO.pdf\">Anexos &#8211; ingresos <\/a>\n<ul>\n<li><a href=\"https:\/\/departamentos.uleam.edu.ec\/leydetransparenciapublica\/files\/2016\/03\/CEDULA-DE-GASTOS-DE-ENERO-A-DICIEMBRE-PARA-LOTAIP-DE-FINANCIERO.pdf\">Anexos &#8211; Gastos <\/a><\/li>\n<\/ul>\n<\/li>\n<\/ul>\n","protected":false},"excerpt":{"rendered":"<p>ENERO Informaci\u00f3n Presupuestaria Anexo 1.- Gastos Anexo 2.-Ingresos FEBRERO Informaci\u00f3n Presupuestaria Anexo.- gastos Anexo 2.- Ingresos MARZO Informaci\u00f3n Presupuestaria Anexo .- gastos Anexo.- Ingresos ABRIL Informaci\u00f3n Presupuestaria\u00a0 Anexos &#8211; Ingresos Anexos &#8211; Gastos\u00a0 MAYO Informaci\u00f3n Presupuestaria\u00a0 Anexos &#8211; Ingresos Anexos- [&hellip;]<\/p>\n","protected":false},"author":2,"featured_media":0,"parent":1513,"menu_order":0,"comment_status":"closed","ping_status":"closed","template":"","meta":{"footnotes":"","_links_to":"","_links_to_target":""},"class_list":["post-1578","page","type-page","status-publish","hentry"],"_links":{"self":[{"href":"https:\/\/departamentos.uleam.edu.ec\/leydetransparenciapublica\/wp-json\/wp\/v2\/pages\/1578","targetHints":{"allow":["GET"]}}],"collection":[{"href":"https:\/\/departamentos.uleam.edu.ec\/leydetransparenciapublica\/wp-json\/wp\/v2\/pages"}],"about":[{"href":"https:\/\/departamentos.uleam.edu.ec\/leydetransparenciapublica\/wp-json\/wp\/v2\/types\/page"}],"author":[{"embeddable":true,"href":"https:\/\/departamentos.uleam.edu.ec\/leydetransparenciapublica\/wp-json\/wp\/v2\/users\/2"}],"replies":[{"embeddable":true,"href":"https:\/\/departamentos.uleam.edu.ec\/leydetransparenciapublica\/wp-json\/wp\/v2\/comments?post=1578"}],"version-history":[{"count":18,"href":"https:\/\/departamentos.uleam.edu.ec\/leydetransparenciapublica\/wp-json\/wp\/v2\/pages\/1578\/revisions"}],"predecessor-version":[{"id":2538,"href":"https:\/\/departamentos.uleam.edu.ec\/leydetransparenciapublica\/wp-json\/wp\/v2\/pages\/1578\/revisions\/2538"}],"up":[{"embeddable":true,"href":"https:\/\/departamentos.uleam.edu.ec\/leydetransparenciapublica\/wp-json\/wp\/v2\/pages\/1513"}],"wp:attachment":[{"href":"https:\/\/departamentos.uleam.edu.ec\/leydetransparenciapublica\/wp-json\/wp\/v2\/media?parent=1578"}],"curies":[{"name":"wp","href":"https:\/\/api.w.org\/{rel}","templated":true}]}}