{"id":1794,"date":"2016-03-15T17:03:00","date_gmt":"2016-03-15T17:03:00","guid":{"rendered":"http:\/\/departamentos.uleam.edu.ec\/leydetransparenciapublica\/?page_id=1794"},"modified":"2016-03-15T17:03:56","modified_gmt":"2016-03-15T17:03:56","slug":"literal-d","status":"publish","type":"page","link":"https:\/\/departamentos.uleam.edu.ec\/leydetransparenciapublica\/literal-d\/","title":{"rendered":"Literal d"},"content":{"rendered":"<p>Servicios que ofrece y las formas de acceder a ellos, horarios de atenci\u00f3n y dem\u00e1s indicaciones necesarias<\/p>\n<ul>\n<li><a href=\"https:\/\/departamentos.uleam.edu.ec\/leydetransparenciapublica\/informacion-publica-2015-2\/literal-d\/bienestar-universitario\/\">d1.- Servicios que ofrece Bienestar Universitario<\/a><\/li>\n<li><a href=\"https:\/\/departamentos.uleam.edu.ec\/leydetransparenciapublica\/informacion-publica-2015-2\/literal-d\/d2-planeamiento\/\">d2.- Servicios que ofrece Vinculaci\u00f3n con la Colectividad<\/a><\/li>\n<\/ul>\n","protected":false},"excerpt":{"rendered":"<p>Servicios que ofrece y las formas de acceder a ellos, horarios de atenci\u00f3n y dem\u00e1s indicaciones necesarias d1.- Servicios que ofrece Bienestar Universitario d2.- Servicios que ofrece Vinculaci\u00f3n con la Colectividad<\/p>\n","protected":false},"author":22,"featured_media":0,"parent":0,"menu_order":0,"comment_status":"open","ping_status":"open","template":"","meta":{"footnotes":"","_links_to":"","_links_to_target":""},"class_list":["post-1794","page","type-page","status-publish","hentry"],"_links":{"self":[{"href":"https:\/\/departamentos.uleam.edu.ec\/leydetransparenciapublica\/wp-json\/wp\/v2\/pages\/1794","targetHints":{"allow":["GET"]}}],"collection":[{"href":"https:\/\/departamentos.uleam.edu.ec\/leydetransparenciapublica\/wp-json\/wp\/v2\/pages"}],"about":[{"href":"https:\/\/departamentos.uleam.edu.ec\/leydetransparenciapublica\/wp-json\/wp\/v2\/types\/page"}],"author":[{"embeddable":true,"href":"https:\/\/departamentos.uleam.edu.ec\/leydetransparenciapublica\/wp-json\/wp\/v2\/users\/22"}],"replies":[{"embeddable":true,"href":"https:\/\/departamentos.uleam.edu.ec\/leydetransparenciapublica\/wp-json\/wp\/v2\/comments?post=1794"}],"version-history":[{"count":1,"href":"https:\/\/departamentos.uleam.edu.ec\/leydetransparenciapublica\/wp-json\/wp\/v2\/pages\/1794\/revisions"}],"predecessor-version":[{"id":1795,"href":"https:\/\/departamentos.uleam.edu.ec\/leydetransparenciapublica\/wp-json\/wp\/v2\/pages\/1794\/revisions\/1795"}],"wp:attachment":[{"href":"https:\/\/departamentos.uleam.edu.ec\/leydetransparenciapublica\/wp-json\/wp\/v2\/media?parent=1794"}],"curies":[{"name":"wp","href":"https:\/\/api.w.org\/{rel}","templated":true}]}}