{"id":22,"date":"2013-07-05T15:07:06","date_gmt":"2013-07-05T15:07:06","guid":{"rendered":"http:\/\/departamentos.uleam.edu.ec\/leydetransparenciapublica\/?page_id=22"},"modified":"2013-07-05T15:09:23","modified_gmt":"2013-07-05T15:09:23","slug":"boletines-de-la-ley-de-transparencia","status":"publish","type":"page","link":"https:\/\/departamentos.uleam.edu.ec\/leydetransparenciapublica\/pagina-ejemplo\/boletines-de-la-ley-de-transparencia\/","title":{"rendered":"Boletines de la Ley de Transparencia"},"content":{"rendered":"<p>A continuacion se detalla informaci\u00f3n publicada acerca de la Ley de Transparencia:<\/p>\n<ul>\n<li><a href=\"https:\/\/departamentos.uleam.edu.ec\/leydetransparenciapublica\/files\/2013\/07\/Bolet\u00edn-No.3.pdf\">Bolet\u00edn No.3<\/a> (PDF 130 Kb)<\/li>\n<li><a href=\"https:\/\/departamentos.uleam.edu.ec\/leydetransparenciapublica\/files\/2013\/07\/Bolet\u00edn-4.pdf\">Bolet\u00edn 4<\/a> (PDF 54 Kb)<\/li>\n<li>Seminario \u00abGobierno Electr\u00f3nico\u00bb\n<ul>\n<ul>\n<li><a href=\"https:\/\/departamentos.uleam.edu.ec\/leydetransparenciapublica\/files\/2013\/07\/1_IICD.pdf\">Parte 1<\/a>(PDF 179 Kb)<\/li>\n<li>\u00a0<a href=\"https:\/\/departamentos.uleam.edu.ec\/leydetransparenciapublica\/files\/2013\/07\/2.pdf\">Parte 2<\/a>\u00a0 (PDF 1.92 Mb)<\/li>\n<li>\u00a0<a href=\"https:\/\/departamentos.uleam.edu.ec\/leydetransparenciapublica\/files\/2013\/07\/2_Fundamentos.pdf\">Parte 3<\/a> (PDF 3.00 Mb)<\/li>\n<li><a href=\"https:\/\/departamentos.uleam.edu.ec\/leydetransparenciapublica\/files\/2013\/07\/4_Acceso-a-la-informacion.pdf\">Parte 4<\/a> (PDF 4.62 Mb)<\/li>\n<\/ul>\n<\/ul>\n<\/li>\n<\/ul>\n<p>&nbsp;<\/p>\n","protected":false},"excerpt":{"rendered":"<p>A continuacion se detalla informaci\u00f3n publicada acerca de la Ley de Transparencia: Bolet\u00edn No.3 (PDF 130 Kb) Bolet\u00edn 4 (PDF 54 Kb) Seminario \u00abGobierno Electr\u00f3nico\u00bb Parte 1(PDF 179 Kb) \u00a0Parte 2\u00a0 (PDF 1.92 Mb) \u00a0Parte 3 (PDF 3.00 Mb) Parte [&hellip;]<\/p>\n","protected":false},"author":2,"featured_media":0,"parent":2,"menu_order":0,"comment_status":"closed","ping_status":"closed","template":"","meta":{"footnotes":"","_links_to":"","_links_to_target":""},"class_list":["post-22","page","type-page","status-publish","hentry"],"_links":{"self":[{"href":"https:\/\/departamentos.uleam.edu.ec\/leydetransparenciapublica\/wp-json\/wp\/v2\/pages\/22","targetHints":{"allow":["GET"]}}],"collection":[{"href":"https:\/\/departamentos.uleam.edu.ec\/leydetransparenciapublica\/wp-json\/wp\/v2\/pages"}],"about":[{"href":"https:\/\/departamentos.uleam.edu.ec\/leydetransparenciapublica\/wp-json\/wp\/v2\/types\/page"}],"author":[{"embeddable":true,"href":"https:\/\/departamentos.uleam.edu.ec\/leydetransparenciapublica\/wp-json\/wp\/v2\/users\/2"}],"replies":[{"embeddable":true,"href":"https:\/\/departamentos.uleam.edu.ec\/leydetransparenciapublica\/wp-json\/wp\/v2\/comments?post=22"}],"version-history":[{"count":4,"href":"https:\/\/departamentos.uleam.edu.ec\/leydetransparenciapublica\/wp-json\/wp\/v2\/pages\/22\/revisions"}],"predecessor-version":[{"id":1403,"href":"https:\/\/departamentos.uleam.edu.ec\/leydetransparenciapublica\/wp-json\/wp\/v2\/pages\/22\/revisions\/1403"}],"up":[{"embeddable":true,"href":"https:\/\/departamentos.uleam.edu.ec\/leydetransparenciapublica\/wp-json\/wp\/v2\/pages\/2"}],"wp:attachment":[{"href":"https:\/\/departamentos.uleam.edu.ec\/leydetransparenciapublica\/wp-json\/wp\/v2\/media?parent=22"}],"curies":[{"name":"wp","href":"https:\/\/api.w.org\/{rel}","templated":true}]}}