{"id":2632,"date":"2017-02-22T14:07:47","date_gmt":"2017-02-22T14:07:47","guid":{"rendered":"http:\/\/departamentos.uleam.edu.ec\/leydetransparenciapublica\/?page_id=2632"},"modified":"2017-04-21T16:14:22","modified_gmt":"2017-04-21T16:14:22","slug":"enero","status":"publish","type":"page","link":"https:\/\/departamentos.uleam.edu.ec\/leydetransparenciapublica\/transparencia-2017\/enero\/","title":{"rendered":"Enero"},"content":{"rendered":"<p><a href=\"https:\/\/departamentos.uleam.edu.ec\/leydetransparenciapublica\/files\/2017\/02\/Copia-de-ENERO-Literal-a1-organigrama-de-la-institucion-NOVIEMBRE-2016-2-2.xlsx\">Literal &#8211; a1 .- Organigrama de la Instituci\u00f3n <\/a><\/p>\n<p><a href=\"https:\/\/departamentos.uleam.edu.ec\/leydetransparenciapublica\/files\/2017\/02\/MES-DE-ENERO-2017-LOTAIP-DPTO.-CONSULTOR\u00cdA-Y-ASESOR\u00cdA-JUR\u00cdDICA-ULEAM-1.pdf\">Literal &#8211; a2 .- Base legal que rige a la Instituci\u00f3n <\/a><\/p>\n<p><a href=\"https:\/\/departamentos.uleam.edu.ec\/leydetransparenciapublica\/files\/2017\/02\/Copia-de-ENERO-literal-a3-regulaciones-y-procedimientos-internos-NOVIEMBRE-DEL-2016-2-2.xlsx\">Literal &#8211; a3 .- Regulaciones y procedimientos internos<\/a><\/p>\n<p><a href=\"https:\/\/departamentos.uleam.edu.ec\/leydetransparenciapublica\/files\/2017\/02\/ENERO-MATRIZz-A4-2017-PDF.pdf\">Literal &#8211; a4 .- Metas y objetivos unidades administrativas<\/a><\/p>\n<p><a href=\"https:\/\/departamentos.uleam.edu.ec\/leydetransparenciapublica\/files\/2017\/02\/Copia-de-literal-b1-Directorio-de-la-institucion.xlsx\">Literal &#8211; b1 .-\u00a0 Directorio de la Instituci\u00f3n<\/a><\/p>\n<p><a href=\"https:\/\/departamentos.uleam.edu.ec\/leydetransparenciapublica\/files\/2017\/02\/Copia-de-literal-b2-Distributivo-de-personal.xlsx\">Literal &#8211; b2 .- Distributivo del personal<\/a><\/p>\n<p><a href=\"https:\/\/departamentos.uleam.edu.ec\/leydetransparenciapublica\/files\/2017\/02\/Copia-de-LOTAIP-ENERO-2017-DBE-.xlsx\">Literal &#8211; c .- Remuneraci\u00f3n mensual por puesto<\/a><\/p>\n<p><a href=\"https:\/\/departamentos.uleam.edu.ec\/leydetransparenciapublica\/files\/2017\/02\/Copia-de-LOTAIP-ENERO-2017-DBE-.xlsx\">Literal &#8211; d .- Servicios que ofrece y la forma de acceder a ellos. <\/a><\/p>\n<p><a href=\"https:\/\/departamentos.uleam.edu.ec\/leydetransparenciapublica\/files\/2017\/02\/CESSECA.xls\">\u00a0\u00a0\u00a0\u00a0\u00a0\u00a0\u00a0\u00a0\u00a0\u00a0\u00a0\u00a0\u00a0\u00a0\u00a0\u00a0\u00a0\u00a0\u00a0\u00a0\u00a0\u00a0 Otros Servicios<\/a><\/p>\n<p><a href=\"https:\/\/departamentos.uleam.edu.ec\/leydetransparenciapublica\/files\/2017\/02\/literal-e-Texto-de-contratos-colectivos-vigentes.xls\">Literal &#8211; e .- Texto de contratos colectivos vigentes<\/a><\/p>\n<p><a href=\"https:\/\/departamentos.uleam.edu.ec\/leydetransparenciapublica\/files\/2017\/02\/Copia-de-ENERO-MATRIZ-F-FORMULARIO-O-FORMATO-DE-SOLICITUDES-NOVIEMBRE-DEL-2016-2.xlsx\">Literal &#8211; f1 .- Formularios o formato de solicitudes <\/a><\/p>\n<p><a href=\"https:\/\/departamentos.uleam.edu.ec\/leydetransparenciapublica\/files\/2017\/02\/literal-f2-Formulario-solicitud-acceso-informacion-publica.docx\">Literal &#8211;\u00a0 f2 .- Formulario solicitud acceso a la informaci\u00f3n p\u00fablica<\/a><\/p>\n<p><a href=\"https:\/\/departamentos.uleam.edu.ec\/leydetransparenciapublica\/files\/2017\/02\/LITERAL-G.xlsx\">Literal &#8211; g .- Presupuesto de la Instituci\u00f3n <\/a><\/p>\n<p><a href=\"https:\/\/departamentos.uleam.edu.ec\/leydetransparenciapublica\/files\/2017\/02\/CEDULA-GASTO-ENERO-2017.pdf\">Cedula Gastos<\/a><\/p>\n<p><a href=\"https:\/\/departamentos.uleam.edu.ec\/leydetransparenciapublica\/files\/2017\/02\/CEDULA-INGRESO-ENERO-2017.pdf\">Cedula Ingresos <\/a><\/p>\n<p><a href=\"https:\/\/departamentos.uleam.edu.ec\/leydetransparenciapublica\/files\/2017\/02\/MATRIZ-h-DPTO.-AUDITORIA-INTERNA-ENERO-2017.pdf\">Literal &#8211; h .- Resultados de auditor\u00edas internas y gubernamentales<\/a><\/p>\n<p><a href=\"https:\/\/departamentos.uleam.edu.ec\/leydetransparenciapublica\/files\/2017\/02\/MATRIZ-I-ENERO-hoy.pdf\">Literal &#8211; i .-\u00a0Procesos de contrataciones<\/a><\/p>\n<p><a href=\"https:\/\/departamentos.uleam.edu.ec\/leydetransparenciapublica\/files\/2017\/02\/MATRIZ-J-ENERO-ho.pdf\">Literal &#8211; j .-\u00a0Empresas y personas que han incumplido contratos<\/a><\/p>\n<p><a href=\"https:\/\/departamentos.uleam.edu.ec\/leydetransparenciapublica\/files\/2017\/02\/Copia-de-MATRIZ-K-ENERO-2017.xls\">Literal &#8211; k .- Planes y Programas en ejecuci\u00f3n <\/a><\/p>\n<p><a href=\"https:\/\/departamentos.uleam.edu.ec\/leydetransparenciapublica\/files\/2017\/02\/ENERO-2017-literal-l-Contratos-cr\u00e9dito-externos-o-internos-3-copia.xls\">Literal &#8211; l .- Contratos de cr\u00e9ditos externos o internos <\/a><\/p>\n<p><a href=\"https:\/\/departamentos.uleam.edu.ec\/leydetransparenciapublica\/files\/2017\/02\/literal-m-ENERO-DEL-2017.xls\">Literal &#8211; m.- Mecanismos de rendici\u00f3n de cuentas a la ciudadan\u00eda<\/a><\/p>\n<p><a href=\"https:\/\/departamentos.uleam.edu.ec\/leydetransparenciapublica\/files\/2017\/02\/Copia-de-ENERO-2017.xls\">Literal &#8211; n .- Vi\u00e1ticos, informes de trabajo y justificativos<\/a><\/p>\n<p><a href=\"https:\/\/departamentos.uleam.edu.ec\/leydetransparenciapublica\/files\/2017\/02\/LITERAL-O-ENERO.pdf\">Literal &#8211; o .-\u00a0Responsable de atender la informaci\u00f3n p\u00fablica<\/a><\/p>\n<p>&nbsp;<\/p>\n","protected":false},"excerpt":{"rendered":"<p>Literal &#8211; a1 .- Organigrama de la Instituci\u00f3n Literal &#8211; a2 .- Base legal que rige a la Instituci\u00f3n Literal &#8211; a3 .- Regulaciones y procedimientos internos Literal &#8211; a4 .- Metas y objetivos unidades administrativas Literal &#8211; b1 .-\u00a0 [&hellip;]<\/p>\n","protected":false},"author":22,"featured_media":0,"parent":2617,"menu_order":0,"comment_status":"closed","ping_status":"closed","template":"","meta":{"footnotes":"","_links_to":"","_links_to_target":""},"class_list":["post-2632","page","type-page","status-publish","hentry"],"_links":{"self":[{"href":"https:\/\/departamentos.uleam.edu.ec\/leydetransparenciapublica\/wp-json\/wp\/v2\/pages\/2632","targetHints":{"allow":["GET"]}}],"collection":[{"href":"https:\/\/departamentos.uleam.edu.ec\/leydetransparenciapublica\/wp-json\/wp\/v2\/pages"}],"about":[{"href":"https:\/\/departamentos.uleam.edu.ec\/leydetransparenciapublica\/wp-json\/wp\/v2\/types\/page"}],"author":[{"embeddable":true,"href":"https:\/\/departamentos.uleam.edu.ec\/leydetransparenciapublica\/wp-json\/wp\/v2\/users\/22"}],"replies":[{"embeddable":true,"href":"https:\/\/departamentos.uleam.edu.ec\/leydetransparenciapublica\/wp-json\/wp\/v2\/comments?post=2632"}],"version-history":[{"count":11,"href":"https:\/\/departamentos.uleam.edu.ec\/leydetransparenciapublica\/wp-json\/wp\/v2\/pages\/2632\/revisions"}],"predecessor-version":[{"id":2717,"href":"https:\/\/departamentos.uleam.edu.ec\/leydetransparenciapublica\/wp-json\/wp\/v2\/pages\/2632\/revisions\/2717"}],"up":[{"embeddable":true,"href":"https:\/\/departamentos.uleam.edu.ec\/leydetransparenciapublica\/wp-json\/wp\/v2\/pages\/2617"}],"wp:attachment":[{"href":"https:\/\/departamentos.uleam.edu.ec\/leydetransparenciapublica\/wp-json\/wp\/v2\/media?parent=2632"}],"curies":[{"name":"wp","href":"https:\/\/api.w.org\/{rel}","templated":true}]}}