{"id":2739,"date":"2017-06-12T21:45:58","date_gmt":"2017-06-12T21:45:58","guid":{"rendered":"http:\/\/departamentos.uleam.edu.ec\/leydetransparenciapublica\/?page_id=2739"},"modified":"2018-03-05T19:31:37","modified_gmt":"2018-03-05T19:31:37","slug":"rendicion-de-cuentas-2016","status":"publish","type":"page","link":"https:\/\/departamentos.uleam.edu.ec\/leydetransparenciapublica\/rendicion-de-cuentas-2016\/","title":{"rendered":"Rendici\u00f3n de Cuentas 2016"},"content":{"rendered":"<p><a href=\"https:\/\/departamentos.uleam.edu.ec\/leydetransparenciapublica\/files\/2017\/06\/INFORME-FINAL-1-RENDICI\u00d3N-CUENTAS-2016-ULEAM.pdf\">INFO<\/a>RME RENDICI\u00d3N CUENTAS 2016 &#8211; ULEAM<a href=\"https:\/\/departamentos.uleam.edu.ec\/leydetransparenciapublica\/files\/2017\/06\/INFORME-RENDICI\u00d3N_CUENTAS-2016-ULEAM-1.pdf\">\u00a0<\/a><\/p>\n<p><a href=\"https:\/\/youtu.be\/xUhiAeecgq8\">Trasmisi\u00f3n en vivo de la Audiencia P\u00fablica de Rendici\u00f3n de Cuentas 2016<\/a><\/p>\n<p><a href=\"https:\/\/youtu.be\/yhdrTdeTGms\">Rendici\u00f3n de cuentas 2016 a la comunidad universitaria <\/a><\/p>\n<p>Galeria de Fotos de Rendici\u00f3n de Cuentas el 19 de mayo del 2017 &#8211; Matriz y Extensiones<\/p>\n\n\t\t<style type=\"text\/css\">\n\t\t\t#gallery-1 {\n\t\t\t\tmargin: auto;\n\t\t\t}\n\t\t\t#gallery-1 .gallery-item {\n\t\t\t\tfloat: left;\n\t\t\t\tmargin-top: 10px;\n\t\t\t\ttext-align: center;\n\t\t\t\twidth: 25%;\n\t\t\t}\n\t\t\t#gallery-1 img {\n\t\t\t\tborder: 2px solid #cfcfcf;\n\t\t\t}\n\t\t\t#gallery-1 .gallery-caption {\n\t\t\t\tmargin-left: 0;\n\t\t\t}\n\t\t\t\/* see gallery_shortcode() in wp-includes\/media.php *\/\n\t\t<\/style>\n\t\t<div id='gallery-1' class='gallery galleryid-2739 gallery-columns-4 gallery-size-medium'><dl class='gallery-item'>\n\t\t\t<dt class='gallery-icon landscape'>\n\t\t\t\t<a href='https:\/\/departamentos.uleam.edu.ec\/leydetransparenciapublica\/files\/2017\/06\/8b3ec02b-73d0-42aa-bd32-c1072d6ea03e.jpg'><img fetchpriority=\"high\" decoding=\"async\" width=\"300\" height=\"225\" src=\"https:\/\/departamentos.uleam.edu.ec\/leydetransparenciapublica\/files\/2017\/06\/8b3ec02b-73d0-42aa-bd32-c1072d6ea03e-300x225.jpg\" class=\"attachment-medium size-medium\" alt=\"\" aria-describedby=\"gallery-1-2741\" srcset=\"https:\/\/departamentos.uleam.edu.ec\/leydetransparenciapublica\/files\/2017\/06\/8b3ec02b-73d0-42aa-bd32-c1072d6ea03e-300x225.jpg 300w, https:\/\/departamentos.uleam.edu.ec\/leydetransparenciapublica\/files\/2017\/06\/8b3ec02b-73d0-42aa-bd32-c1072d6ea03e-1024x768.jpg 1024w, https:\/\/departamentos.uleam.edu.ec\/leydetransparenciapublica\/files\/2017\/06\/8b3ec02b-73d0-42aa-bd32-c1072d6ea03e.jpg 1032w\" sizes=\"(max-width: 300px) 100vw, 300px\" \/><\/a>\n\t\t\t<\/dt>\n\t\t\t\t<dd class='wp-caption-text gallery-caption' id='gallery-1-2741'>\n\t\t\t\tDr. Miguel Camino \n\t\t\t\t<\/dd><\/dl><dl class='gallery-item'>\n\t\t\t<dt class='gallery-icon landscape'>\n\t\t\t\t<a href='https:\/\/departamentos.uleam.edu.ec\/leydetransparenciapublica\/files\/2017\/06\/dafbdf5a-f4e8-4a33-8f4c-63b40da5e2f9.jpg'><img decoding=\"async\" width=\"300\" height=\"225\" src=\"https:\/\/departamentos.uleam.edu.ec\/leydetransparenciapublica\/files\/2017\/06\/dafbdf5a-f4e8-4a33-8f4c-63b40da5e2f9-300x225.jpg\" class=\"attachment-medium size-medium\" alt=\"\" srcset=\"https:\/\/departamentos.uleam.edu.ec\/leydetransparenciapublica\/files\/2017\/06\/dafbdf5a-f4e8-4a33-8f4c-63b40da5e2f9-300x225.jpg 300w, https:\/\/departamentos.uleam.edu.ec\/leydetransparenciapublica\/files\/2017\/06\/dafbdf5a-f4e8-4a33-8f4c-63b40da5e2f9-1024x768.jpg 1024w, https:\/\/departamentos.uleam.edu.ec\/leydetransparenciapublica\/files\/2017\/06\/dafbdf5a-f4e8-4a33-8f4c-63b40da5e2f9.jpg 1032w\" sizes=\"(max-width: 300px) 100vw, 300px\" \/><\/a>\n\t\t\t<\/dt><\/dl><dl class='gallery-item'>\n\t\t\t<dt class='gallery-icon landscape'>\n\t\t\t\t<a href='https:\/\/departamentos.uleam.edu.ec\/leydetransparenciapublica\/files\/2017\/06\/e68c1d08-abcb-4faa-a82e-d98aeb06de89.jpg'><img decoding=\"async\" width=\"300\" height=\"225\" src=\"https:\/\/departamentos.uleam.edu.ec\/leydetransparenciapublica\/files\/2017\/06\/e68c1d08-abcb-4faa-a82e-d98aeb06de89-300x225.jpg\" class=\"attachment-medium size-medium\" alt=\"\" srcset=\"https:\/\/departamentos.uleam.edu.ec\/leydetransparenciapublica\/files\/2017\/06\/e68c1d08-abcb-4faa-a82e-d98aeb06de89-300x225.jpg 300w, https:\/\/departamentos.uleam.edu.ec\/leydetransparenciapublica\/files\/2017\/06\/e68c1d08-abcb-4faa-a82e-d98aeb06de89-1024x768.jpg 1024w, https:\/\/departamentos.uleam.edu.ec\/leydetransparenciapublica\/files\/2017\/06\/e68c1d08-abcb-4faa-a82e-d98aeb06de89.jpg 1032w\" sizes=\"(max-width: 300px) 100vw, 300px\" \/><\/a>\n\t\t\t<\/dt><\/dl><dl class='gallery-item'>\n\t\t\t<dt class='gallery-icon landscape'>\n\t\t\t\t<a href='https:\/\/departamentos.uleam.edu.ec\/leydetransparenciapublica\/files\/2017\/06\/ec8b7bf6-20f7-49d1-8709-8099818d0f22.jpg'><img loading=\"lazy\" decoding=\"async\" width=\"300\" height=\"225\" src=\"https:\/\/departamentos.uleam.edu.ec\/leydetransparenciapublica\/files\/2017\/06\/ec8b7bf6-20f7-49d1-8709-8099818d0f22-300x225.jpg\" class=\"attachment-medium size-medium\" alt=\"\" srcset=\"https:\/\/departamentos.uleam.edu.ec\/leydetransparenciapublica\/files\/2017\/06\/ec8b7bf6-20f7-49d1-8709-8099818d0f22-300x225.jpg 300w, https:\/\/departamentos.uleam.edu.ec\/leydetransparenciapublica\/files\/2017\/06\/ec8b7bf6-20f7-49d1-8709-8099818d0f22-1024x768.jpg 1024w, https:\/\/departamentos.uleam.edu.ec\/leydetransparenciapublica\/files\/2017\/06\/ec8b7bf6-20f7-49d1-8709-8099818d0f22.jpg 1032w\" sizes=\"(max-width: 300px) 100vw, 300px\" \/><\/a>\n\t\t\t<\/dt><\/dl><br style=\"clear: both\" \/><dl class='gallery-item'>\n\t\t\t<dt class='gallery-icon landscape'>\n\t\t\t\t<a href='https:\/\/departamentos.uleam.edu.ec\/leydetransparenciapublica\/files\/2017\/06\/ede245ba-e551-429b-8555-9a1b9d0af943.jpg'><img loading=\"lazy\" decoding=\"async\" width=\"300\" height=\"225\" src=\"https:\/\/departamentos.uleam.edu.ec\/leydetransparenciapublica\/files\/2017\/06\/ede245ba-e551-429b-8555-9a1b9d0af943-300x225.jpg\" class=\"attachment-medium size-medium\" alt=\"\" srcset=\"https:\/\/departamentos.uleam.edu.ec\/leydetransparenciapublica\/files\/2017\/06\/ede245ba-e551-429b-8555-9a1b9d0af943-300x225.jpg 300w, https:\/\/departamentos.uleam.edu.ec\/leydetransparenciapublica\/files\/2017\/06\/ede245ba-e551-429b-8555-9a1b9d0af943-1024x768.jpg 1024w, https:\/\/departamentos.uleam.edu.ec\/leydetransparenciapublica\/files\/2017\/06\/ede245ba-e551-429b-8555-9a1b9d0af943.jpg 1032w\" sizes=\"(max-width: 300px) 100vw, 300px\" \/><\/a>\n\t\t\t<\/dt><\/dl><dl class='gallery-item'>\n\t\t\t<dt class='gallery-icon landscape'>\n\t\t\t\t<a href='https:\/\/departamentos.uleam.edu.ec\/leydetransparenciapublica\/files\/2017\/06\/f25baa61-26cd-43ff-9698-fdfd3d659747.jpg'><img loading=\"lazy\" decoding=\"async\" width=\"300\" height=\"193\" src=\"https:\/\/departamentos.uleam.edu.ec\/leydetransparenciapublica\/files\/2017\/06\/f25baa61-26cd-43ff-9698-fdfd3d659747-300x193.jpg\" class=\"attachment-medium size-medium\" alt=\"\" srcset=\"https:\/\/departamentos.uleam.edu.ec\/leydetransparenciapublica\/files\/2017\/06\/f25baa61-26cd-43ff-9698-fdfd3d659747-300x193.jpg 300w, https:\/\/departamentos.uleam.edu.ec\/leydetransparenciapublica\/files\/2017\/06\/f25baa61-26cd-43ff-9698-fdfd3d659747.jpg 961w\" sizes=\"(max-width: 300px) 100vw, 300px\" \/><\/a>\n\t\t\t<\/dt><\/dl>\n\t\t\t<br style='clear: both' \/>\n\t\t<\/div>\n\n<p>Galeria de Fotos de Rendici\u00f3n de Cuentas el 23 de mayo del 2017 &#8211; Extensi\u00f3n Chone<\/p>\n<p><a href=\"https:\/\/departamentos.uleam.edu.ec\/leydetransparenciapublica\/files\/2018\/03\/02e22ca7-14ee-4ac4-8157-650f68c7cc05.jpg\"><img loading=\"lazy\" decoding=\"async\" class=\"alignnone size-medium wp-image-3147\" src=\"https:\/\/departamentos.uleam.edu.ec\/leydetransparenciapublica\/files\/2018\/03\/02e22ca7-14ee-4ac4-8157-650f68c7cc05-300x225.jpg\" alt=\"\" width=\"300\" height=\"225\" srcset=\"https:\/\/departamentos.uleam.edu.ec\/leydetransparenciapublica\/files\/2018\/03\/02e22ca7-14ee-4ac4-8157-650f68c7cc05-300x225.jpg 300w, https:\/\/departamentos.uleam.edu.ec\/leydetransparenciapublica\/files\/2018\/03\/02e22ca7-14ee-4ac4-8157-650f68c7cc05-1024x768.jpg 1024w, https:\/\/departamentos.uleam.edu.ec\/leydetransparenciapublica\/files\/2018\/03\/02e22ca7-14ee-4ac4-8157-650f68c7cc05.jpg 1032w\" sizes=\"(max-width: 300px) 100vw, 300px\" \/><\/a> <a href=\"https:\/\/departamentos.uleam.edu.ec\/leydetransparenciapublica\/files\/2018\/03\/2a217f37-db15-4d36-80ed-d54e12ce6888.jpg\"><img loading=\"lazy\" decoding=\"async\" class=\"alignnone size-medium wp-image-3148\" src=\"https:\/\/departamentos.uleam.edu.ec\/leydetransparenciapublica\/files\/2018\/03\/2a217f37-db15-4d36-80ed-d54e12ce6888-300x225.jpg\" alt=\"\" width=\"300\" height=\"225\" srcset=\"https:\/\/departamentos.uleam.edu.ec\/leydetransparenciapublica\/files\/2018\/03\/2a217f37-db15-4d36-80ed-d54e12ce6888-300x225.jpg 300w, https:\/\/departamentos.uleam.edu.ec\/leydetransparenciapublica\/files\/2018\/03\/2a217f37-db15-4d36-80ed-d54e12ce6888-1024x768.jpg 1024w, https:\/\/departamentos.uleam.edu.ec\/leydetransparenciapublica\/files\/2018\/03\/2a217f37-db15-4d36-80ed-d54e12ce6888.jpg 1032w\" sizes=\"(max-width: 300px) 100vw, 300px\" \/><\/a> <a href=\"https:\/\/departamentos.uleam.edu.ec\/leydetransparenciapublica\/files\/2018\/03\/4bddd715-3b0f-436b-82d1-e0007c1e5a87.jpg\"><img loading=\"lazy\" decoding=\"async\" class=\"alignnone size-medium wp-image-3149\" src=\"https:\/\/departamentos.uleam.edu.ec\/leydetransparenciapublica\/files\/2018\/03\/4bddd715-3b0f-436b-82d1-e0007c1e5a87-300x225.jpg\" alt=\"\" width=\"300\" height=\"225\" srcset=\"https:\/\/departamentos.uleam.edu.ec\/leydetransparenciapublica\/files\/2018\/03\/4bddd715-3b0f-436b-82d1-e0007c1e5a87-300x225.jpg 300w, https:\/\/departamentos.uleam.edu.ec\/leydetransparenciapublica\/files\/2018\/03\/4bddd715-3b0f-436b-82d1-e0007c1e5a87-1024x768.jpg 1024w, https:\/\/departamentos.uleam.edu.ec\/leydetransparenciapublica\/files\/2018\/03\/4bddd715-3b0f-436b-82d1-e0007c1e5a87.jpg 1032w\" sizes=\"(max-width: 300px) 100vw, 300px\" \/><\/a> <a href=\"https:\/\/departamentos.uleam.edu.ec\/leydetransparenciapublica\/files\/2018\/03\/7c5c5386-0f88-4670-83f5-e8036b710081.jpg\"><img loading=\"lazy\" decoding=\"async\" class=\"alignnone size-medium wp-image-3150\" src=\"https:\/\/departamentos.uleam.edu.ec\/leydetransparenciapublica\/files\/2018\/03\/7c5c5386-0f88-4670-83f5-e8036b710081-300x225.jpg\" alt=\"\" width=\"300\" height=\"225\" srcset=\"https:\/\/departamentos.uleam.edu.ec\/leydetransparenciapublica\/files\/2018\/03\/7c5c5386-0f88-4670-83f5-e8036b710081-300x225.jpg 300w, https:\/\/departamentos.uleam.edu.ec\/leydetransparenciapublica\/files\/2018\/03\/7c5c5386-0f88-4670-83f5-e8036b710081-1024x768.jpg 1024w, https:\/\/departamentos.uleam.edu.ec\/leydetransparenciapublica\/files\/2018\/03\/7c5c5386-0f88-4670-83f5-e8036b710081.jpg 1032w\" sizes=\"(max-width: 300px) 100vw, 300px\" \/><\/a> <a href=\"https:\/\/departamentos.uleam.edu.ec\/leydetransparenciapublica\/files\/2018\/03\/8c423912-3399-4771-baf2-01e4ee76a1e5.jpg\"><img loading=\"lazy\" decoding=\"async\" class=\"alignnone size-medium wp-image-3151\" src=\"https:\/\/departamentos.uleam.edu.ec\/leydetransparenciapublica\/files\/2018\/03\/8c423912-3399-4771-baf2-01e4ee76a1e5-300x169.jpg\" alt=\"\" width=\"300\" height=\"169\" srcset=\"https:\/\/departamentos.uleam.edu.ec\/leydetransparenciapublica\/files\/2018\/03\/8c423912-3399-4771-baf2-01e4ee76a1e5-300x169.jpg 300w, https:\/\/departamentos.uleam.edu.ec\/leydetransparenciapublica\/files\/2018\/03\/8c423912-3399-4771-baf2-01e4ee76a1e5-1024x576.jpg 1024w, https:\/\/departamentos.uleam.edu.ec\/leydetransparenciapublica\/files\/2018\/03\/8c423912-3399-4771-baf2-01e4ee76a1e5.jpg 1032w\" sizes=\"(max-width: 300px) 100vw, 300px\" \/><\/a><\/p>\n<p>&nbsp;<\/p>\n<p>&nbsp;<\/p>\n","protected":false},"excerpt":{"rendered":"<p>INFORME RENDICI\u00d3N CUENTAS 2016 &#8211; ULEAM\u00a0 Trasmisi\u00f3n en vivo de la Audiencia P\u00fablica de Rendici\u00f3n de Cuentas 2016 Rendici\u00f3n de cuentas 2016 a la comunidad universitaria Galeria de Fotos de Rendici\u00f3n de Cuentas el 19 de mayo del 2017 &#8211; [&hellip;]<\/p>\n","protected":false},"author":56,"featured_media":0,"parent":0,"menu_order":0,"comment_status":"closed","ping_status":"closed","template":"","meta":{"footnotes":"","_links_to":"","_links_to_target":""},"class_list":["post-2739","page","type-page","status-publish","hentry"],"_links":{"self":[{"href":"https:\/\/departamentos.uleam.edu.ec\/leydetransparenciapublica\/wp-json\/wp\/v2\/pages\/2739","targetHints":{"allow":["GET"]}}],"collection":[{"href":"https:\/\/departamentos.uleam.edu.ec\/leydetransparenciapublica\/wp-json\/wp\/v2\/pages"}],"about":[{"href":"https:\/\/departamentos.uleam.edu.ec\/leydetransparenciapublica\/wp-json\/wp\/v2\/types\/page"}],"author":[{"embeddable":true,"href":"https:\/\/departamentos.uleam.edu.ec\/leydetransparenciapublica\/wp-json\/wp\/v2\/users\/56"}],"replies":[{"embeddable":true,"href":"https:\/\/departamentos.uleam.edu.ec\/leydetransparenciapublica\/wp-json\/wp\/v2\/comments?post=2739"}],"version-history":[{"count":7,"href":"https:\/\/departamentos.uleam.edu.ec\/leydetransparenciapublica\/wp-json\/wp\/v2\/pages\/2739\/revisions"}],"predecessor-version":[{"id":3152,"href":"https:\/\/departamentos.uleam.edu.ec\/leydetransparenciapublica\/wp-json\/wp\/v2\/pages\/2739\/revisions\/3152"}],"wp:attachment":[{"href":"https:\/\/departamentos.uleam.edu.ec\/leydetransparenciapublica\/wp-json\/wp\/v2\/media?parent=2739"}],"curies":[{"name":"wp","href":"https:\/\/api.w.org\/{rel}","templated":true}]}}