{"id":3156,"date":"2018-03-08T00:25:19","date_gmt":"2018-03-08T00:25:19","guid":{"rendered":"http:\/\/departamentos.uleam.edu.ec\/leydetransparenciapublica\/?page_id=3156"},"modified":"2019-01-08T23:04:26","modified_gmt":"2019-01-08T23:04:26","slug":"rendicion-de-cuentas-2017","status":"publish","type":"page","link":"https:\/\/departamentos.uleam.edu.ec\/leydetransparenciapublica\/rendicion-de-cuentas-2017\/","title":{"rendered":"Rendici\u00f3n de Cuentas 2017"},"content":{"rendered":"<h4>Descargas en l\u00ednea abajo:<\/h4>\n<p><span style=\"color: #0000ff;\"><a style=\"color: #0000ff;\" href=\"https:\/\/departamentos.uleam.edu.ec\/leydetransparenciapublica\/files\/2019\/01\/RC-INSTITUCIONAL-2017-VERSION-FINAL-1.pdf\">Informe de Rendici\u00f3n de Cuentas 2017<\/a><\/span><\/p>\n<p><a href=\"https:\/\/m.facebook.com\/story.php?story_fbid=1984502745146322&amp;id=1686390164957583\"><span style=\"color: #0000ff;\">Trasmisi\u00f3n en vivo de la Audiencia P\u00fablica de Rendici\u00f3n de Cuentas Uleam 2017<\/span><\/a><\/p>\n<p><span style=\"color: #0000ff;\"><a style=\"color: #0000ff;\" href=\"https:\/\/www.youtube.com\/watch?v=a8BJG1rY4tQ\">Rendici\u00f3n de Cuentas Uleam 2017\u00a0 a la Comunidad\u00a0<\/a><\/span><\/p>\n<h4 style=\"text-align: center;\">Galer\u00eda de fotos de la Rendici\u00f3n de Cuentas Uleam 2017<\/h4>\n<p><a href=\"https:\/\/departamentos.uleam.edu.ec\/leydetransparenciapublica\/files\/2018\/03\/20180228_103457.jpg\"><img fetchpriority=\"high\" decoding=\"async\" class=\"alignnone size-medium wp-image-3220\" src=\"https:\/\/departamentos.uleam.edu.ec\/leydetransparenciapublica\/files\/2018\/03\/20180228_103457-300x169.jpg\" alt=\"\" width=\"300\" height=\"169\" srcset=\"https:\/\/departamentos.uleam.edu.ec\/leydetransparenciapublica\/files\/2018\/03\/20180228_103457-300x169.jpg 300w, https:\/\/departamentos.uleam.edu.ec\/leydetransparenciapublica\/files\/2018\/03\/20180228_103457-1024x576.jpg 1024w\" sizes=\"(max-width: 300px) 100vw, 300px\" \/><\/a> <a href=\"https:\/\/departamentos.uleam.edu.ec\/leydetransparenciapublica\/files\/2018\/03\/20180228_104354.jpg\"><img decoding=\"async\" class=\"alignnone size-medium wp-image-3221\" src=\"https:\/\/departamentos.uleam.edu.ec\/leydetransparenciapublica\/files\/2018\/03\/20180228_104354-300x169.jpg\" alt=\"\" width=\"300\" height=\"169\" srcset=\"https:\/\/departamentos.uleam.edu.ec\/leydetransparenciapublica\/files\/2018\/03\/20180228_104354-300x169.jpg 300w, https:\/\/departamentos.uleam.edu.ec\/leydetransparenciapublica\/files\/2018\/03\/20180228_104354-1024x576.jpg 1024w\" sizes=\"(max-width: 300px) 100vw, 300px\" \/><\/a> <a href=\"https:\/\/departamentos.uleam.edu.ec\/leydetransparenciapublica\/files\/2018\/03\/20180228_110327.jpg\"><img decoding=\"async\" class=\"alignnone size-medium wp-image-3222\" src=\"https:\/\/departamentos.uleam.edu.ec\/leydetransparenciapublica\/files\/2018\/03\/20180228_110327-300x169.jpg\" alt=\"\" width=\"300\" height=\"169\" srcset=\"https:\/\/departamentos.uleam.edu.ec\/leydetransparenciapublica\/files\/2018\/03\/20180228_110327-300x169.jpg 300w, https:\/\/departamentos.uleam.edu.ec\/leydetransparenciapublica\/files\/2018\/03\/20180228_110327-1024x576.jpg 1024w\" sizes=\"(max-width: 300px) 100vw, 300px\" \/><\/a> <a href=\"https:\/\/departamentos.uleam.edu.ec\/leydetransparenciapublica\/files\/2018\/03\/20180228_111434.jpg\"><img loading=\"lazy\" decoding=\"async\" class=\"alignnone size-medium wp-image-3223\" src=\"https:\/\/departamentos.uleam.edu.ec\/leydetransparenciapublica\/files\/2018\/03\/20180228_111434-300x169.jpg\" alt=\"\" width=\"300\" height=\"169\" srcset=\"https:\/\/departamentos.uleam.edu.ec\/leydetransparenciapublica\/files\/2018\/03\/20180228_111434-300x169.jpg 300w, https:\/\/departamentos.uleam.edu.ec\/leydetransparenciapublica\/files\/2018\/03\/20180228_111434-1024x576.jpg 1024w\" sizes=\"(max-width: 300px) 100vw, 300px\" \/><\/a> <a href=\"https:\/\/departamentos.uleam.edu.ec\/leydetransparenciapublica\/files\/2018\/03\/IMG-20180228-WA0061.jpg\"><img loading=\"lazy\" decoding=\"async\" class=\"alignnone size-medium wp-image-3224\" src=\"https:\/\/departamentos.uleam.edu.ec\/leydetransparenciapublica\/files\/2018\/03\/IMG-20180228-WA0061-300x169.jpg\" alt=\"\" width=\"300\" height=\"169\" srcset=\"https:\/\/departamentos.uleam.edu.ec\/leydetransparenciapublica\/files\/2018\/03\/IMG-20180228-WA0061-300x169.jpg 300w, https:\/\/departamentos.uleam.edu.ec\/leydetransparenciapublica\/files\/2018\/03\/IMG-20180228-WA0061-1024x576.jpg 1024w, https:\/\/departamentos.uleam.edu.ec\/leydetransparenciapublica\/files\/2018\/03\/IMG-20180228-WA0061.jpg 1280w\" sizes=\"(max-width: 300px) 100vw, 300px\" \/><\/a> <a href=\"https:\/\/departamentos.uleam.edu.ec\/leydetransparenciapublica\/files\/2018\/03\/IMG-20180228-WA0063.jpg\"><img loading=\"lazy\" decoding=\"async\" class=\"alignnone size-medium wp-image-3225\" src=\"https:\/\/departamentos.uleam.edu.ec\/leydetransparenciapublica\/files\/2018\/03\/IMG-20180228-WA0063-300x169.jpg\" alt=\"\" width=\"300\" height=\"169\" srcset=\"https:\/\/departamentos.uleam.edu.ec\/leydetransparenciapublica\/files\/2018\/03\/IMG-20180228-WA0063-300x169.jpg 300w, https:\/\/departamentos.uleam.edu.ec\/leydetransparenciapublica\/files\/2018\/03\/IMG-20180228-WA0063-1024x576.jpg 1024w, https:\/\/departamentos.uleam.edu.ec\/leydetransparenciapublica\/files\/2018\/03\/IMG-20180228-WA0063.jpg 1280w\" sizes=\"(max-width: 300px) 100vw, 300px\" \/><\/a> <a href=\"https:\/\/departamentos.uleam.edu.ec\/leydetransparenciapublica\/files\/2018\/03\/IMG-20180228-WA0068.jpg\"><img loading=\"lazy\" decoding=\"async\" class=\"alignnone size-medium wp-image-3226\" src=\"https:\/\/departamentos.uleam.edu.ec\/leydetransparenciapublica\/files\/2018\/03\/IMG-20180228-WA0068-300x169.jpg\" alt=\"\" width=\"300\" height=\"169\" srcset=\"https:\/\/departamentos.uleam.edu.ec\/leydetransparenciapublica\/files\/2018\/03\/IMG-20180228-WA0068-300x169.jpg 300w, https:\/\/departamentos.uleam.edu.ec\/leydetransparenciapublica\/files\/2018\/03\/IMG-20180228-WA0068-1024x576.jpg 1024w, https:\/\/departamentos.uleam.edu.ec\/leydetransparenciapublica\/files\/2018\/03\/IMG-20180228-WA0068.jpg 1280w\" sizes=\"(max-width: 300px) 100vw, 300px\" \/><\/a> <a href=\"https:\/\/departamentos.uleam.edu.ec\/leydetransparenciapublica\/files\/2018\/03\/PUBLICA.jpg\"><img loading=\"lazy\" decoding=\"async\" class=\"alignnone size-medium wp-image-3227\" src=\"https:\/\/departamentos.uleam.edu.ec\/leydetransparenciapublica\/files\/2018\/03\/PUBLICA-300x169.jpg\" alt=\"\" width=\"300\" height=\"169\" srcset=\"https:\/\/departamentos.uleam.edu.ec\/leydetransparenciapublica\/files\/2018\/03\/PUBLICA-300x169.jpg 300w, https:\/\/departamentos.uleam.edu.ec\/leydetransparenciapublica\/files\/2018\/03\/PUBLICA-1024x576.jpg 1024w\" sizes=\"(max-width: 300px) 100vw, 300px\" \/><\/a> <a href=\"https:\/\/departamentos.uleam.edu.ec\/leydetransparenciapublica\/files\/2018\/03\/RENDICI\u00d3N-2017.jpg\"><img loading=\"lazy\" decoding=\"async\" class=\"alignnone size-medium wp-image-3228\" src=\"https:\/\/departamentos.uleam.edu.ec\/leydetransparenciapublica\/files\/2018\/03\/RENDICI\u00d3N-2017-300x169.jpg\" alt=\"\" width=\"300\" height=\"169\" srcset=\"https:\/\/departamentos.uleam.edu.ec\/leydetransparenciapublica\/files\/2018\/03\/RENDICI\u00d3N-2017-300x169.jpg 300w, https:\/\/departamentos.uleam.edu.ec\/leydetransparenciapublica\/files\/2018\/03\/RENDICI\u00d3N-2017-1024x576.jpg 1024w\" sizes=\"(max-width: 300px) 100vw, 300px\" \/><\/a><\/p>\n<p>&nbsp;<\/p>\n","protected":false},"excerpt":{"rendered":"<p>Descargas en l\u00ednea abajo: Informe de Rendici\u00f3n de Cuentas 2017 Trasmisi\u00f3n en vivo de la Audiencia P\u00fablica de Rendici\u00f3n de Cuentas Uleam 2017 Rendici\u00f3n de Cuentas Uleam 2017\u00a0 a la Comunidad\u00a0 Galer\u00eda de fotos de la Rendici\u00f3n de Cuentas Uleam [&hellip;]<\/p>\n","protected":false},"author":56,"featured_media":0,"parent":0,"menu_order":0,"comment_status":"closed","ping_status":"closed","template":"","meta":{"footnotes":"","_links_to":"","_links_to_target":""},"class_list":["post-3156","page","type-page","status-publish","hentry"],"_links":{"self":[{"href":"https:\/\/departamentos.uleam.edu.ec\/leydetransparenciapublica\/wp-json\/wp\/v2\/pages\/3156","targetHints":{"allow":["GET"]}}],"collection":[{"href":"https:\/\/departamentos.uleam.edu.ec\/leydetransparenciapublica\/wp-json\/wp\/v2\/pages"}],"about":[{"href":"https:\/\/departamentos.uleam.edu.ec\/leydetransparenciapublica\/wp-json\/wp\/v2\/types\/page"}],"author":[{"embeddable":true,"href":"https:\/\/departamentos.uleam.edu.ec\/leydetransparenciapublica\/wp-json\/wp\/v2\/users\/56"}],"replies":[{"embeddable":true,"href":"https:\/\/departamentos.uleam.edu.ec\/leydetransparenciapublica\/wp-json\/wp\/v2\/comments?post=3156"}],"version-history":[{"count":10,"href":"https:\/\/departamentos.uleam.edu.ec\/leydetransparenciapublica\/wp-json\/wp\/v2\/pages\/3156\/revisions"}],"predecessor-version":[{"id":3747,"href":"https:\/\/departamentos.uleam.edu.ec\/leydetransparenciapublica\/wp-json\/wp\/v2\/pages\/3156\/revisions\/3747"}],"wp:attachment":[{"href":"https:\/\/departamentos.uleam.edu.ec\/leydetransparenciapublica\/wp-json\/wp\/v2\/media?parent=3156"}],"curies":[{"name":"wp","href":"https:\/\/api.w.org\/{rel}","templated":true}]}}