{"id":3756,"date":"2019-01-09T20:35:25","date_gmt":"2019-01-09T20:35:25","guid":{"rendered":"http:\/\/departamentos.uleam.edu.ec\/leydetransparenciapublica\/?page_id=3756"},"modified":"2019-04-15T16:38:45","modified_gmt":"2019-04-15T16:38:45","slug":"abril-2019","status":"publish","type":"page","link":"https:\/\/departamentos.uleam.edu.ec\/leydetransparenciapublica\/transparencia-2019\/abril-2019\/","title":{"rendered":"Abril 2019"},"content":{"rendered":"<p><a href=\"https:\/\/departamentos.uleam.edu.ec\/leydetransparenciapublica\/files\/2019\/04\/Literal-a1-Organigrama-de-la-institucion.pdf\">Literal-a1)\u00a0 Organigrama de la instituci\u00f3n<\/a><\/p>\n<p><a href=\"https:\/\/departamentos.uleam.edu.ec\/leydetransparenciapublica\/files\/2019\/04\/Literal-a2-Base-Legal-que-la-rige.pdf\">Literal a2) Base Legal que la rige<\/a><\/p>\n<p><a href=\"https:\/\/departamentos.uleam.edu.ec\/leydetransparenciapublica\/files\/2019\/04\/Literal-a3-Regulaciones-y-procedimientos-internos-aplicables-a-la-Universidad.pdf\">Literal-a3 Regulaciones y procedimientos internos.<\/a><\/p>\n<p><a href=\"https:\/\/departamentos.uleam.edu.ec\/leydetransparenciapublica\/files\/2019\/04\/Literal-a4-Metas-y-objetivos-unidades-administrativas.pdf\">Literal a4) Metas y objetivos unidades administrativas<\/a><\/p>\n<p><a href=\"https:\/\/departamentos.uleam.edu.ec\/leydetransparenciapublica\/files\/2019\/04\/literal-b1-Directorio-de-la-institucion.pdf\">Literal b1) Directorio de la instituci\u00f3n<\/a><\/p>\n<p><a href=\"https:\/\/departamentos.uleam.edu.ec\/leydetransparenciapublica\/files\/2019\/04\/literal-b1-Directorio-de-la-institucion.pdf\">Literal b1) Directorio de la instituci\u00f3n<\/a><\/p>\n<p><a href=\"https:\/\/departamentos.uleam.edu.ec\/leydetransparenciapublica\/files\/2019\/04\/literal-c-Remuneracion-mensual-por-puesto-4.pdf\">Literal c) Remuneraci\u00f3n mensual por puesto<\/a><\/p>\n<p><a href=\"https:\/\/departamentos.uleam.edu.ec\/leydetransparenciapublica\/files\/2019\/04\/Literal-d-Servicios-que-ofrece-y-las-formas-de-acceder-a-ellos.pdf\">Literal d) Servicios que ofrece y las formas de acceder a ellos<\/a><\/p>\n<p><a href=\"https:\/\/departamentos.uleam.edu.ec\/leydetransparenciapublica\/files\/2019\/04\/Literal-eTexto-\u00ecntegro-de-Contratos-colectivos-vigentes.pdf\">Literal e)Texto integro de Contratos colectivos vigentes<\/a><\/p>\n<p><a href=\"https:\/\/departamentos.uleam.edu.ec\/leydetransparenciapublica\/files\/2019\/04\/Literal-f1-Formularios-o-formatos-para-los-tramites-institucionales.pdf\">Literal-f1 Formularios o formatos para los tramites institucionales<\/a><\/p>\n<p><a href=\"https:\/\/departamentos.uleam.edu.ec\/leydetransparenciapublica\/files\/2019\/04\/literal-f2-Formularios-o-formatos-de-solicitudes.pdf\">Literal f2 Formularios o formatos de solicitudes<\/a><\/p>\n<p><a href=\"https:\/\/departamentos.uleam.edu.ec\/leydetransparenciapublica\/files\/2019\/04\/literal-g-Presupuesto-de-la-instituci\u00f3n-.pdf\">Literal g) Presupuesto de la instituci\u00f3n<\/a><\/p>\n<p><a href=\"https:\/\/departamentos.uleam.edu.ec\/leydetransparenciapublica\/files\/2019\/04\/Matriz-h-Resultados-de-auditorias-internas-y-gubernamentales.pdf\">Matriz h) Resultados de auditorias internas y gubernamentales<\/a><\/p>\n<p><a href=\"https:\/\/departamentos.uleam.edu.ec\/leydetransparenciapublica\/files\/2019\/04\/Lliteral-i-Procesos-de-contrataciones.pdf\">Lliteral i) Procesos de contrataciones<\/a><\/p>\n<p><a href=\"https:\/\/departamentos.uleam.edu.ec\/leydetransparenciapublica\/files\/2019\/04\/Literal-j-Listado-de-empresas-y-personas-que-han-incumplido-contratos.pdf\">Literal j) Listado de empresas y personas que han incumplido contratos<\/a><\/p>\n<p><a href=\"https:\/\/departamentos.uleam.edu.ec\/leydetransparenciapublica\/files\/2019\/04\/Literal-kPlanes-y-Programas-en-ejecuci\u00f3n.pdf\">Literal k)Planes y Programas en ejecuci\u00f3n<\/a><\/p>\n<p><a href=\"https:\/\/departamentos.uleam.edu.ec\/leydetransparenciapublica\/files\/2019\/04\/Literal-L-Contratos-de-cr\u00e8ditos-externos-e-internos.pdf\">Literal L) Contratos de cr\u00e9ditos externos e internos<\/a><\/p>\n<p><a href=\"https:\/\/departamentos.uleam.edu.ec\/leydetransparenciapublica\/files\/2019\/04\/literal-m-Mecanismos-de-rendici\u00f3n-de-cuentas-a-la-ciudadan\u00eda.pdf\">Literal m) Mecanismos de rendici\u00f3n de cuentas a la ciudadan\u00eda<\/a><\/p>\n<p><a href=\"https:\/\/departamentos.uleam.edu.ec\/leydetransparenciapublica\/files\/2019\/04\/Literal-nVi\u00e0ticos-informes-de-trabajo-y-justificativos.pdf\">Literal n)Vi\u00e0ticos, informes de trabajo y justificativos<\/a><\/p>\n<p><a href=\"https:\/\/departamentos.uleam.edu.ec\/leydetransparenciapublica\/files\/2019\/04\/Literal-o-Responsable-de-atender-la-informacio\u0301n-pu\u0301blica.pdf\">Literal o) Responsable de atender la informacio\u0301n pu\u0301blica<\/a><\/p>\n<p>&nbsp;<\/p>\n<p>&nbsp;<\/p>\n<p>&nbsp;<\/p>\n<p>&nbsp;<\/p>\n<p>&nbsp;<\/p>\n","protected":false},"excerpt":{"rendered":"<p>Literal-a1)\u00a0 Organigrama de la instituci\u00f3n Literal a2) Base Legal que la rige Literal-a3 Regulaciones y procedimientos internos. Literal a4) Metas y objetivos unidades administrativas Literal b1) Directorio de la instituci\u00f3n Literal b1) Directorio de la instituci\u00f3n Literal c) Remuneraci\u00f3n mensual [&hellip;]<\/p>\n","protected":false},"author":47,"featured_media":0,"parent":3748,"menu_order":0,"comment_status":"closed","ping_status":"closed","template":"","meta":{"footnotes":"","_links_to":"","_links_to_target":""},"class_list":["post-3756","page","type-page","status-publish","hentry"],"_links":{"self":[{"href":"https:\/\/departamentos.uleam.edu.ec\/leydetransparenciapublica\/wp-json\/wp\/v2\/pages\/3756","targetHints":{"allow":["GET"]}}],"collection":[{"href":"https:\/\/departamentos.uleam.edu.ec\/leydetransparenciapublica\/wp-json\/wp\/v2\/pages"}],"about":[{"href":"https:\/\/departamentos.uleam.edu.ec\/leydetransparenciapublica\/wp-json\/wp\/v2\/types\/page"}],"author":[{"embeddable":true,"href":"https:\/\/departamentos.uleam.edu.ec\/leydetransparenciapublica\/wp-json\/wp\/v2\/users\/47"}],"replies":[{"embeddable":true,"href":"https:\/\/departamentos.uleam.edu.ec\/leydetransparenciapublica\/wp-json\/wp\/v2\/comments?post=3756"}],"version-history":[{"count":28,"href":"https:\/\/departamentos.uleam.edu.ec\/leydetransparenciapublica\/wp-json\/wp\/v2\/pages\/3756\/revisions"}],"predecessor-version":[{"id":4117,"href":"https:\/\/departamentos.uleam.edu.ec\/leydetransparenciapublica\/wp-json\/wp\/v2\/pages\/3756\/revisions\/4117"}],"up":[{"embeddable":true,"href":"https:\/\/departamentos.uleam.edu.ec\/leydetransparenciapublica\/wp-json\/wp\/v2\/pages\/3748"}],"wp:attachment":[{"href":"https:\/\/departamentos.uleam.edu.ec\/leydetransparenciapublica\/wp-json\/wp\/v2\/media?parent=3756"}],"curies":[{"name":"wp","href":"https:\/\/api.w.org\/{rel}","templated":true}]}}