{"id":3760,"date":"2019-01-09T20:36:13","date_gmt":"2019-01-09T20:36:13","guid":{"rendered":"http:\/\/departamentos.uleam.edu.ec\/leydetransparenciapublica\/?page_id=3760"},"modified":"2019-08-08T21:25:32","modified_gmt":"2019-08-08T21:25:32","slug":"agosto-2019","status":"publish","type":"page","link":"https:\/\/departamentos.uleam.edu.ec\/leydetransparenciapublica\/transparencia-2019\/agosto-2019\/","title":{"rendered":"Agosto 2019"},"content":{"rendered":"<p><a href=\"https:\/\/departamentos.uleam.edu.ec\/leydetransparenciapublica\/files\/2019\/08\/Literal-b1-Directorio-de-la-instituci\u00f2n.pdf\">Literal <\/a><a href=\"https:\/\/departamentos.uleam.edu.ec\/leydetransparenciapublica\/files\/2019\/08\/Literal-a1-Organigrama-de-la-institucion.pdf\">a1) Organigrama de la instituci\u00f3n<\/a><\/p>\n<p><a href=\"https:\/\/departamentos.uleam.edu.ec\/leydetransparenciapublica\/files\/2019\/08\/Asesor\u00eca-Jur\u00ecdica-Literal-a2Base-legal-que-rige-a-la-instituci\u00f2n.pdf\">\u00a0Literal a2)Base legal que rige a la instituci\u00f3n<\/a><\/p>\n<p><a href=\"https:\/\/departamentos.uleam.edu.ec\/leydetransparenciapublica\/files\/2019\/08\/Literal-a3-Regulaciones-y-procedimientos-internos-aplicables-a-la-Universidad.pdf\">Literal-a3) Regulaciones y procedimientos internos.<\/a><\/p>\n<p><a href=\"https:\/\/departamentos.uleam.edu.ec\/leydetransparenciapublica\/files\/2019\/08\/Literal-a4-Metas-y-objetivos-unidades-administrativas.pdf\">Literal a4) Metas y objetivos u<\/a><a href=\"https:\/\/departamentos.uleam.edu.ec\/leydetransparenciapublica\/files\/2019\/08\/Literal-a4-Metas-y-objetivos-unidades-administrativas.pdf\">nidades administrativas<\/a><\/p>\n<p><a href=\"https:\/\/departamentos.uleam.edu.ec\/leydetransparenciapublica\/files\/2019\/08\/Literal-b1-Directorio-de-la-instituci\u00f2n.pdf\">Literal b1) Directorio de la instituci\u00f3n.<\/a><\/p>\n<p><a href=\"https:\/\/departamentos.uleam.edu.ec\/leydetransparenciapublica\/files\/2019\/08\/Lteral-b2-Distributivo-de-personal-.pdf\">Literal b2) Distributivo de personal<\/a><\/p>\n<p><a href=\"https:\/\/departamentos.uleam.edu.ec\/leydetransparenciapublica\/files\/2019\/08\/Literal-c-Remuneracion-mensual-por-puesto..pdf\">Literal c) Remuneraci\u00f3n mensual por puesto<\/a><\/p>\n<p><a href=\"https:\/\/departamentos.uleam.edu.ec\/leydetransparenciapublica\/files\/2019\/08\/Literal-d-servicios-que-ofrece-la-institucion.pdf\">Literal d) servicios que ofrece y las formas de acceder a ellos<\/a><\/p>\n<p><a href=\"https:\/\/departamentos.uleam.edu.ec\/leydetransparenciapublica\/files\/2019\/08\/Lieral-e-Texto-\u00ecntegro-de-todos-los-contratos-colectivos-vigentes.pdf\">Lieral e) Texto integro de contratos colectivos vigentes<\/a><\/p>\n<p><a href=\"https:\/\/departamentos.uleam.edu.ec\/leydetransparenciapublica\/files\/2019\/08\/Literal-f1-Formularios-o-formatos-para-los-tramites-institucionales.pdf\">Literal-f1) Formularios o formatos de solicitudes<\/a><\/p>\n<p><a href=\"https:\/\/departamentos.uleam.edu.ec\/leydetransparenciapublica\/files\/2019\/08\/literal-f2-Formulario-solicitud-acceso-informacion-p\u00f9blica-..pdf\">Literal f2) Formulario solicitud acceso informaci\u00f3n p\u00fablica .<\/a><\/p>\n<p><a href=\"https:\/\/departamentos.uleam.edu.ec\/leydetransparenciapublica\/files\/2019\/08\/Literal-g-Presupuesto-de-la-instituci\u00f3n-.pdf\">Literal g) Presupuesto de la instituci\u00f3n<\/a><\/p>\n<p><a href=\"https:\/\/departamentos.uleam.edu.ec\/leydetransparenciapublica\/files\/2019\/08\/Literal-H-Auditor\u00ecas-internas-y-externas.pdf\">Literal h) Resultados de auditorias internas y gubernamentales<\/a><\/p>\n<p><a href=\"https:\/\/departamentos.uleam.edu.ec\/leydetransparenciapublica\/files\/2019\/08\/literal-i-Informaci\u00f2n-completa-y-detallada-de-procesos-precontractuales.pdf\">literal i) Procesos de contrataciones<\/a><\/p>\n<p><a href=\"https:\/\/departamentos.uleam.edu.ec\/leydetransparenciapublica\/files\/2019\/08\/Literal-j-Listado-de-las-empresas-y-personas-que-han-incumplido-con-la-instituci\u00f2n.pdf\">Literal j) Empresas y personas que han cumplido contratos<\/a><\/p>\n<p><a href=\"https:\/\/departamentos.uleam.edu.ec\/leydetransparenciapublica\/files\/2019\/08\/Literal-K-Planes-y-programas-en-ejecuci\u00f2n.pdf\">Literal k) Planes y programas en ejecuci\u00f3n<\/a><\/p>\n<p><a href=\"https:\/\/departamentos.uleam.edu.ec\/leydetransparenciapublica\/files\/2019\/08\/Literal-L-Contratos-de-Cr\u00e8ditos-Externos-e-Internos.pdf\">Literal l) Contratos de cr\u00e9dito externos e internos<\/a><\/p>\n<p><a href=\"https:\/\/departamentos.uleam.edu.ec\/leydetransparenciapublica\/files\/2019\/08\/Literal-m-Mecanismos-de-rendici\u00f3n-de-cuentas-a-la-ciudadan\u00eda.pdf\">Literal m) Mecanismos de rendici\u00f3n de cuentas a la ciudadan\u00eda<\/a><\/p>\n<p><a href=\"https:\/\/departamentos.uleam.edu.ec\/leydetransparenciapublica\/files\/2019\/08\/Literal-N-Vi\u00e0ticos-informes-de-trabajo-y-justificativos.pdf\">Literal n) Vi\u00e1ticos, informes de trabajo y justificativos<\/a><\/p>\n<p><a href=\"https:\/\/departamentos.uleam.edu.ec\/leydetransparenciapublica\/files\/2019\/08\/literal-o-Responsable-de-atender-la-informacio\u0301n-pu\u0301blica.pdf\">literal o) Responsable de atender la informacio\u0301n pu\u0301blica<\/a><\/p>\n<p>&nbsp;<\/p>\n<p>&nbsp;<\/p>\n<p>&nbsp;<\/p>\n<p>&nbsp;<\/p>\n<p>&nbsp;<\/p>\n<p>&nbsp;<\/p>\n<p>&nbsp;<\/p>\n<p>&nbsp;<\/p>\n<p>&nbsp;<\/p>\n<p>&nbsp;<\/p>\n<p>&nbsp;<\/p>\n","protected":false},"excerpt":{"rendered":"<p>Literal a1) Organigrama de la instituci\u00f3n \u00a0Literal a2)Base legal que rige a la instituci\u00f3n Literal-a3) Regulaciones y procedimientos internos. Literal a4) Metas y objetivos unidades administrativas Literal b1) Directorio de la instituci\u00f3n. Literal b2) Distributivo de personal Literal c) Remuneraci\u00f3n [&hellip;]<\/p>\n","protected":false},"author":47,"featured_media":0,"parent":3748,"menu_order":0,"comment_status":"closed","ping_status":"closed","template":"","meta":{"footnotes":"","_links_to":"","_links_to_target":""},"class_list":["post-3760","page","type-page","status-publish","hentry"],"_links":{"self":[{"href":"https:\/\/departamentos.uleam.edu.ec\/leydetransparenciapublica\/wp-json\/wp\/v2\/pages\/3760","targetHints":{"allow":["GET"]}}],"collection":[{"href":"https:\/\/departamentos.uleam.edu.ec\/leydetransparenciapublica\/wp-json\/wp\/v2\/pages"}],"about":[{"href":"https:\/\/departamentos.uleam.edu.ec\/leydetransparenciapublica\/wp-json\/wp\/v2\/types\/page"}],"author":[{"embeddable":true,"href":"https:\/\/departamentos.uleam.edu.ec\/leydetransparenciapublica\/wp-json\/wp\/v2\/users\/47"}],"replies":[{"embeddable":true,"href":"https:\/\/departamentos.uleam.edu.ec\/leydetransparenciapublica\/wp-json\/wp\/v2\/comments?post=3760"}],"version-history":[{"count":22,"href":"https:\/\/departamentos.uleam.edu.ec\/leydetransparenciapublica\/wp-json\/wp\/v2\/pages\/3760\/revisions"}],"predecessor-version":[{"id":4300,"href":"https:\/\/departamentos.uleam.edu.ec\/leydetransparenciapublica\/wp-json\/wp\/v2\/pages\/3760\/revisions\/4300"}],"up":[{"embeddable":true,"href":"https:\/\/departamentos.uleam.edu.ec\/leydetransparenciapublica\/wp-json\/wp\/v2\/pages\/3748"}],"wp:attachment":[{"href":"https:\/\/departamentos.uleam.edu.ec\/leydetransparenciapublica\/wp-json\/wp\/v2\/media?parent=3760"}],"curies":[{"name":"wp","href":"https:\/\/api.w.org\/{rel}","templated":true}]}}