{"id":3761,"date":"2019-01-09T20:36:26","date_gmt":"2019-01-09T20:36:26","guid":{"rendered":"http:\/\/departamentos.uleam.edu.ec\/leydetransparenciapublica\/?page_id=3761"},"modified":"2019-09-11T14:14:49","modified_gmt":"2019-09-11T14:14:49","slug":"septiembre-2019","status":"publish","type":"page","link":"https:\/\/departamentos.uleam.edu.ec\/leydetransparenciapublica\/transparencia-2019\/septiembre-2019\/","title":{"rendered":"Septiembre 2019"},"content":{"rendered":"<p><a href=\"https:\/\/departamentos.uleam.edu.ec\/leydetransparenciapublica\/files\/2019\/09\/Literal-a1-Organigrama-de-la-instituci\u00f3n-.pdf\">Literal-a1) Organigrama de la instituci\u00f3n<\/a><\/p>\n<p><a href=\"https:\/\/departamentos.uleam.edu.ec\/leydetransparenciapublica\/files\/2019\/09\/Literal-a2-Base-legal-que-rige-a-la-instituci\u00f3n.pdf\">Literal a2) Base legal que rige a la instituci\u00f3n<\/a><\/p>\n<p><a href=\"https:\/\/departamentos.uleam.edu.ec\/leydetransparenciapublica\/files\/2019\/09\/Literal-a3-Regulaciones-y-procedimientos-internos-aplicables-a-la-instituci\u00f3n.pdf\">Literal-a3) Regulaciones y procedimientos internos aplicables a la instituci\u00f3n<\/a><\/p>\n<p><a href=\"https:\/\/departamentos.uleam.edu.ec\/leydetransparenciapublica\/files\/2019\/09\/Literal-a4-Metas-y-objetivos-unidades-administrativas.pdf\">Literal a4) Metas y objetivos unidades administrativas<\/a><\/p>\n<p><a href=\"https:\/\/departamentos.uleam.edu.ec\/leydetransparenciapublica\/files\/2019\/09\/Literal-b1-Directorio-de-la-institucion.pdf\">Literal b1) Directorio de la instituci\u00f3n<\/a><\/p>\n<p><a href=\"https:\/\/departamentos.uleam.edu.ec\/leydetransparenciapublica\/files\/2019\/09\/Literal-b2-Distributivo-de-personal.pdf\">Literal b2) Distributivo de personal<\/a><\/p>\n<p><a href=\"https:\/\/departamentos.uleam.edu.ec\/leydetransparenciapublica\/files\/2019\/09\/Literal-c-Remuneracion-mensual-por-puesto.pdf\">Literal c) Remuneraci\u00f3n mensual por puesto<\/a><\/p>\n<p><a href=\"https:\/\/departamentos.uleam.edu.ec\/leydetransparenciapublica\/files\/2019\/09\/Literal-d-Servicios-que-ofrece-y-las-formas-de-acceder-a-ellos.pdf\">Literal-d) Servicios que ofrece y las formas de acceder a ellos<\/a><\/p>\n<p><a href=\"https:\/\/departamentos.uleam.edu.ec\/leydetransparenciapublica\/files\/2019\/09\/Literal-e-Texto-\u00edntegro-de-contratos-colectivos-vigentes.pdf\">Literal e) Texto \u00edntegro de contratos colectivos vigentes<\/a><\/p>\n<p><a href=\"https:\/\/departamentos.uleam.edu.ec\/leydetransparenciapublica\/files\/2019\/09\/Literal-f1-Formularios-o-formatos-de-solicitudes.pdf\">Literal-f1) Formularios o formatos de solicitudes<\/a><\/p>\n<p><a href=\"https:\/\/departamentos.uleam.edu.ec\/leydetransparenciapublica\/files\/2019\/09\/Literal-f2-Solicitud-acceso-informacion-p\u00fablica-.pdf\">Literal f2) Solicitud acceso informaci\u00f3n p\u00fablica<\/a><\/p>\n<p><a href=\"https:\/\/departamentos.uleam.edu.ec\/leydetransparenciapublica\/files\/2019\/09\/Literal-gPresupuesto-de-la-instituci\u00f3n-.pdf\">Literal g)Presupuesto de la instituci\u00f3n<\/a><\/p>\n<p><a href=\"https:\/\/departamentos.uleam.edu.ec\/leydetransparenciapublica\/files\/2019\/09\/Literal-h-Resultados-de-auditor\u00ecas-internas-y-gubernamentales.pdf\">Literal h) Resultados de auditorias internas y gubernamentales<\/a><\/p>\n<p><a href=\"https:\/\/departamentos.uleam.edu.ec\/leydetransparenciapublica\/files\/2019\/09\/Literal-i-Procesos-de-contrataciones.pdf\">Literal i) Procesos de contrataciones<\/a><\/p>\n<p><a href=\"https:\/\/departamentos.uleam.edu.ec\/leydetransparenciapublica\/files\/2019\/09\/Literal-j-Empresas-y-personas-que-han-incumplido-contratos.pdf\">Literal j) Empresas y personas que han incumplido contratos<\/a><\/p>\n<p><a href=\"https:\/\/departamentos.uleam.edu.ec\/leydetransparenciapublica\/files\/2019\/09\/Matriz-k-Planes-y-programas-en-ejecuci\u00f2n.pdf\">Literal k) Planes y programas en ejecuci\u00f3n<\/a><\/p>\n<p><a href=\"https:\/\/departamentos.uleam.edu.ec\/leydetransparenciapublica\/files\/2019\/09\/Literal-l-Contratos-de-cr\u00e8ditos-externos-e-internos.pdf\">Literal l) Contratos de cr\u00e9ditos externos e internos<\/a><\/p>\n<p><a href=\"https:\/\/departamentos.uleam.edu.ec\/leydetransparenciapublica\/files\/2019\/09\/Literal-m-Mecanismos-de-rendici\u00f3n-de-cuentas-a-la-ciudadan\u00eda.pdf\">Literal m) Mecanismos de rendici\u00f3n de cuentas a la ciudadan\u00eda<\/a><\/p>\n<p><a href=\"https:\/\/departamentos.uleam.edu.ec\/leydetransparenciapublica\/files\/2019\/09\/Literal-n-Vi\u00e0ticos-informes-de-trabajo-y-justificativos.pdf\">Literal n) Vi\u00e1ticos, informes de trabajo y justificativos<\/a><\/p>\n<p><a href=\"https:\/\/departamentos.uleam.edu.ec\/leydetransparenciapublica\/files\/2019\/09\/literal-o-Responsable-de-atender-la-informacio\u0301n-pu\u0301blica.pdf\">Literal o) Responsable de atender la informacio\u0301n pu\u0301blica<\/a><\/p>\n<p>&nbsp;<\/p>\n<p>&nbsp;<\/p>\n<p>&nbsp;<\/p>\n","protected":false},"excerpt":{"rendered":"<p>Literal-a1) Organigrama de la instituci\u00f3n Literal a2) Base legal que rige a la instituci\u00f3n Literal-a3) Regulaciones y procedimientos internos aplicables a la instituci\u00f3n Literal a4) Metas y objetivos unidades administrativas Literal b1) Directorio de la instituci\u00f3n Literal b2) Distributivo de [&hellip;]<\/p>\n","protected":false},"author":47,"featured_media":0,"parent":3748,"menu_order":0,"comment_status":"closed","ping_status":"closed","template":"","meta":{"footnotes":"","_links_to":"","_links_to_target":""},"class_list":["post-3761","page","type-page","status-publish","hentry"],"_links":{"self":[{"href":"https:\/\/departamentos.uleam.edu.ec\/leydetransparenciapublica\/wp-json\/wp\/v2\/pages\/3761","targetHints":{"allow":["GET"]}}],"collection":[{"href":"https:\/\/departamentos.uleam.edu.ec\/leydetransparenciapublica\/wp-json\/wp\/v2\/pages"}],"about":[{"href":"https:\/\/departamentos.uleam.edu.ec\/leydetransparenciapublica\/wp-json\/wp\/v2\/types\/page"}],"author":[{"embeddable":true,"href":"https:\/\/departamentos.uleam.edu.ec\/leydetransparenciapublica\/wp-json\/wp\/v2\/users\/47"}],"replies":[{"embeddable":true,"href":"https:\/\/departamentos.uleam.edu.ec\/leydetransparenciapublica\/wp-json\/wp\/v2\/comments?post=3761"}],"version-history":[{"count":27,"href":"https:\/\/departamentos.uleam.edu.ec\/leydetransparenciapublica\/wp-json\/wp\/v2\/pages\/3761\/revisions"}],"predecessor-version":[{"id":4354,"href":"https:\/\/departamentos.uleam.edu.ec\/leydetransparenciapublica\/wp-json\/wp\/v2\/pages\/3761\/revisions\/4354"}],"up":[{"embeddable":true,"href":"https:\/\/departamentos.uleam.edu.ec\/leydetransparenciapublica\/wp-json\/wp\/v2\/pages\/3748"}],"wp:attachment":[{"href":"https:\/\/departamentos.uleam.edu.ec\/leydetransparenciapublica\/wp-json\/wp\/v2\/media?parent=3761"}],"curies":[{"name":"wp","href":"https:\/\/api.w.org\/{rel}","templated":true}]}}