{"id":4024,"date":"2019-03-14T00:29:23","date_gmt":"2019-03-14T00:29:23","guid":{"rendered":"http:\/\/departamentos.uleam.edu.ec\/leydetransparenciapublica\/?page_id=4024"},"modified":"2019-08-30T20:42:09","modified_gmt":"2019-08-30T20:42:09","slug":"rendicion-de-cuentas-2018","status":"publish","type":"page","link":"https:\/\/departamentos.uleam.edu.ec\/leydetransparenciapublica\/rendicion-de-cuentas-2018\/","title":{"rendered":"Rendici\u00f3n de Cuentas 2018"},"content":{"rendered":"<p>Descarga en l\u00ednea :<\/p>\n<p><a href=\"https:\/\/departamentos.uleam.edu.ec\/leydetransparenciapublica\/files\/2019\/08\/Informe-de-Rendici\u00f3n-de-Cuentas-2018.pdf\">Informe de Rendici\u00f3n de Cuentas 2018<\/a><\/p>\n<p><a href=\"https:\/\/departamentos.uleam.edu.ec\/leydetransparenciapublica\/files\/2019\/06\/Rendici\u00f3n-de-cuentas-2018.pdf\">Informe rendici\u00f3n de cuentas 2018 al Consejo de participaci\u00f3n ciudadana y control social<\/a><\/p>\n<p><a href=\"https:\/\/departamentos.uleam.edu.ec\/leydetransparenciapublica\/files\/2019\/03\/PRESENTACI\u00d3N-FINAL-RC-2018-FINAL-pdf.pdf\">Presentaci\u00f3n del Informe de Rendici\u00f3n de cuentas 2018\u00a0<\/a><\/p>\n<p><a href=\"https:\/\/www.youtube.com\/watch?v=T9gEKGPQvSQ\">Trasmisi\u00f3n en vivo de la Audiencia P\u00fablica de Rendici\u00f3n de cuentas Uleam 2018\u00a0<\/a><\/p>\n<p><a href=\"https:\/\/www.youtube.com\/watch?v=YyQLqsXdBZw\">Rendici\u00f3n de cuentas Uleam 2018 a la comunidad\u00a0<\/a><\/p>\n<p style=\"text-align: center\">Galer\u00eda de fotos de la Audiencia P\u00fablica de\u00a0 Rendici\u00f3n de cuentas Uleam 2018<\/p>\n<p><a href=\"https:\/\/departamentos.uleam.edu.ec\/leydetransparenciapublica\/files\/2019\/03\/1.jpg\"><img decoding=\"async\" class=\"alignnone size-medium wp-image-4027\" src=\"https:\/\/departamentos.uleam.edu.ec\/leydetransparenciapublica\/files\/2019\/03\/1-300x150.jpg\" alt=\"\" width=\"300\" height=\"150\" srcset=\"https:\/\/departamentos.uleam.edu.ec\/leydetransparenciapublica\/files\/2019\/03\/1-300x150.jpg 300w, https:\/\/departamentos.uleam.edu.ec\/leydetransparenciapublica\/files\/2019\/03\/1-1024x512.jpg 1024w, https:\/\/departamentos.uleam.edu.ec\/leydetransparenciapublica\/files\/2019\/03\/1-660x330.jpg 660w, https:\/\/departamentos.uleam.edu.ec\/leydetransparenciapublica\/files\/2019\/03\/1-995x498.jpg 995w\" sizes=\"(max-width: 300px) 100vw, 300px\" \/><\/a><a href=\"https:\/\/departamentos.uleam.edu.ec\/leydetransparenciapublica\/files\/2019\/03\/2.jpg\"><img decoding=\"async\" class=\"alignnone size-medium wp-image-4028\" src=\"https:\/\/departamentos.uleam.edu.ec\/leydetransparenciapublica\/files\/2019\/03\/2-300x150.jpg\" alt=\"\" width=\"300\" height=\"150\" srcset=\"https:\/\/departamentos.uleam.edu.ec\/leydetransparenciapublica\/files\/2019\/03\/2-300x150.jpg 300w, https:\/\/departamentos.uleam.edu.ec\/leydetransparenciapublica\/files\/2019\/03\/2-1024x512.jpg 1024w, https:\/\/departamentos.uleam.edu.ec\/leydetransparenciapublica\/files\/2019\/03\/2-660x330.jpg 660w, https:\/\/departamentos.uleam.edu.ec\/leydetransparenciapublica\/files\/2019\/03\/2-995x498.jpg 995w\" sizes=\"(max-width: 300px) 100vw, 300px\" \/><\/a> <a href=\"https:\/\/departamentos.uleam.edu.ec\/leydetransparenciapublica\/files\/2019\/03\/3.jpg\"><img decoding=\"async\" class=\"alignnone size-medium wp-image-4029\" src=\"https:\/\/departamentos.uleam.edu.ec\/leydetransparenciapublica\/files\/2019\/03\/3-300x150.jpg\" alt=\"\" width=\"300\" height=\"150\" srcset=\"https:\/\/departamentos.uleam.edu.ec\/leydetransparenciapublica\/files\/2019\/03\/3-300x150.jpg 300w, https:\/\/departamentos.uleam.edu.ec\/leydetransparenciapublica\/files\/2019\/03\/3-1024x512.jpg 1024w, https:\/\/departamentos.uleam.edu.ec\/leydetransparenciapublica\/files\/2019\/03\/3-660x330.jpg 660w, https:\/\/departamentos.uleam.edu.ec\/leydetransparenciapublica\/files\/2019\/03\/3-995x498.jpg 995w\" sizes=\"(max-width: 300px) 100vw, 300px\" \/><\/a> \u00a0<a href=\"https:\/\/departamentos.uleam.edu.ec\/leydetransparenciapublica\/files\/2019\/03\/11.jpg\"><img loading=\"lazy\" decoding=\"async\" class=\"alignnone size-medium wp-image-4031\" src=\"https:\/\/departamentos.uleam.edu.ec\/leydetransparenciapublica\/files\/2019\/03\/11-300x150.jpg\" alt=\"\" width=\"300\" height=\"150\" srcset=\"https:\/\/departamentos.uleam.edu.ec\/leydetransparenciapublica\/files\/2019\/03\/11-300x150.jpg 300w, https:\/\/departamentos.uleam.edu.ec\/leydetransparenciapublica\/files\/2019\/03\/11-1024x512.jpg 1024w, https:\/\/departamentos.uleam.edu.ec\/leydetransparenciapublica\/files\/2019\/03\/11-660x330.jpg 660w, https:\/\/departamentos.uleam.edu.ec\/leydetransparenciapublica\/files\/2019\/03\/11-995x498.jpg 995w\" sizes=\"(max-width: 300px) 100vw, 300px\" \/><\/a> <a href=\"https:\/\/departamentos.uleam.edu.ec\/leydetransparenciapublica\/files\/2019\/03\/12.jpg\"><img loading=\"lazy\" decoding=\"async\" class=\"alignnone size-medium wp-image-4032\" src=\"https:\/\/departamentos.uleam.edu.ec\/leydetransparenciapublica\/files\/2019\/03\/12-300x150.jpg\" alt=\"\" width=\"300\" height=\"150\" srcset=\"https:\/\/departamentos.uleam.edu.ec\/leydetransparenciapublica\/files\/2019\/03\/12-300x150.jpg 300w, https:\/\/departamentos.uleam.edu.ec\/leydetransparenciapublica\/files\/2019\/03\/12-1024x512.jpg 1024w, https:\/\/departamentos.uleam.edu.ec\/leydetransparenciapublica\/files\/2019\/03\/12-660x330.jpg 660w, https:\/\/departamentos.uleam.edu.ec\/leydetransparenciapublica\/files\/2019\/03\/12-995x498.jpg 995w\" sizes=\"(max-width: 300px) 100vw, 300px\" \/><\/a> \u00a0<a href=\"https:\/\/departamentos.uleam.edu.ec\/leydetransparenciapublica\/files\/2019\/03\/14.jpg\"><img loading=\"lazy\" decoding=\"async\" class=\"alignnone size-medium wp-image-4034\" src=\"https:\/\/departamentos.uleam.edu.ec\/leydetransparenciapublica\/files\/2019\/03\/14-300x150.jpg\" alt=\"\" width=\"300\" height=\"150\" srcset=\"https:\/\/departamentos.uleam.edu.ec\/leydetransparenciapublica\/files\/2019\/03\/14-300x150.jpg 300w, https:\/\/departamentos.uleam.edu.ec\/leydetransparenciapublica\/files\/2019\/03\/14-1024x512.jpg 1024w, https:\/\/departamentos.uleam.edu.ec\/leydetransparenciapublica\/files\/2019\/03\/14-660x330.jpg 660w, https:\/\/departamentos.uleam.edu.ec\/leydetransparenciapublica\/files\/2019\/03\/14-995x498.jpg 995w\" sizes=\"(max-width: 300px) 100vw, 300px\" \/><\/a> <a href=\"https:\/\/departamentos.uleam.edu.ec\/leydetransparenciapublica\/files\/2019\/03\/15.jpg\"><img loading=\"lazy\" decoding=\"async\" class=\"alignnone size-medium wp-image-4035\" src=\"https:\/\/departamentos.uleam.edu.ec\/leydetransparenciapublica\/files\/2019\/03\/15-300x150.jpg\" alt=\"\" width=\"300\" height=\"150\" srcset=\"https:\/\/departamentos.uleam.edu.ec\/leydetransparenciapublica\/files\/2019\/03\/15-300x150.jpg 300w, https:\/\/departamentos.uleam.edu.ec\/leydetransparenciapublica\/files\/2019\/03\/15-1024x512.jpg 1024w, https:\/\/departamentos.uleam.edu.ec\/leydetransparenciapublica\/files\/2019\/03\/15-660x330.jpg 660w, https:\/\/departamentos.uleam.edu.ec\/leydetransparenciapublica\/files\/2019\/03\/15-995x498.jpg 995w\" sizes=\"(max-width: 300px) 100vw, 300px\" \/><\/a> <a href=\"https:\/\/departamentos.uleam.edu.ec\/leydetransparenciapublica\/files\/2019\/03\/16.jpg\"><img loading=\"lazy\" decoding=\"async\" class=\"alignnone size-medium wp-image-4036\" src=\"https:\/\/departamentos.uleam.edu.ec\/leydetransparenciapublica\/files\/2019\/03\/16-300x150.jpg\" alt=\"\" width=\"300\" height=\"150\" srcset=\"https:\/\/departamentos.uleam.edu.ec\/leydetransparenciapublica\/files\/2019\/03\/16-300x150.jpg 300w, https:\/\/departamentos.uleam.edu.ec\/leydetransparenciapublica\/files\/2019\/03\/16-1024x512.jpg 1024w, https:\/\/departamentos.uleam.edu.ec\/leydetransparenciapublica\/files\/2019\/03\/16-660x330.jpg 660w, https:\/\/departamentos.uleam.edu.ec\/leydetransparenciapublica\/files\/2019\/03\/16-995x498.jpg 995w\" sizes=\"(max-width: 300px) 100vw, 300px\" \/><\/a> <a href=\"https:\/\/departamentos.uleam.edu.ec\/leydetransparenciapublica\/files\/2019\/03\/17.jpg\"><img loading=\"lazy\" decoding=\"async\" class=\"alignnone size-medium wp-image-4037\" src=\"https:\/\/departamentos.uleam.edu.ec\/leydetransparenciapublica\/files\/2019\/03\/17-300x150.jpg\" alt=\"\" width=\"300\" height=\"150\" srcset=\"https:\/\/departamentos.uleam.edu.ec\/leydetransparenciapublica\/files\/2019\/03\/17-300x150.jpg 300w, https:\/\/departamentos.uleam.edu.ec\/leydetransparenciapublica\/files\/2019\/03\/17-1024x512.jpg 1024w, https:\/\/departamentos.uleam.edu.ec\/leydetransparenciapublica\/files\/2019\/03\/17-660x330.jpg 660w, https:\/\/departamentos.uleam.edu.ec\/leydetransparenciapublica\/files\/2019\/03\/17-995x498.jpg 995w\" sizes=\"(max-width: 300px) 100vw, 300px\" \/><\/a> \u00a0<a href=\"https:\/\/departamentos.uleam.edu.ec\/leydetransparenciapublica\/files\/2019\/03\/19.jpg\"><img loading=\"lazy\" decoding=\"async\" class=\"alignnone size-medium wp-image-4039\" src=\"https:\/\/departamentos.uleam.edu.ec\/leydetransparenciapublica\/files\/2019\/03\/19-300x150.jpg\" alt=\"\" width=\"300\" height=\"150\" srcset=\"https:\/\/departamentos.uleam.edu.ec\/leydetransparenciapublica\/files\/2019\/03\/19-300x150.jpg 300w, https:\/\/departamentos.uleam.edu.ec\/leydetransparenciapublica\/files\/2019\/03\/19-1024x512.jpg 1024w, https:\/\/departamentos.uleam.edu.ec\/leydetransparenciapublica\/files\/2019\/03\/19-660x330.jpg 660w, https:\/\/departamentos.uleam.edu.ec\/leydetransparenciapublica\/files\/2019\/03\/19-995x498.jpg 995w\" sizes=\"(max-width: 300px) 100vw, 300px\" \/><\/a> <a href=\"https:\/\/departamentos.uleam.edu.ec\/leydetransparenciapublica\/files\/2019\/03\/24.jpg\"><img loading=\"lazy\" decoding=\"async\" class=\"alignnone size-medium wp-image-4040\" src=\"https:\/\/departamentos.uleam.edu.ec\/leydetransparenciapublica\/files\/2019\/03\/24-300x150.jpg\" alt=\"\" width=\"300\" height=\"150\" srcset=\"https:\/\/departamentos.uleam.edu.ec\/leydetransparenciapublica\/files\/2019\/03\/24-300x150.jpg 300w, https:\/\/departamentos.uleam.edu.ec\/leydetransparenciapublica\/files\/2019\/03\/24-1024x512.jpg 1024w, https:\/\/departamentos.uleam.edu.ec\/leydetransparenciapublica\/files\/2019\/03\/24-660x330.jpg 660w, https:\/\/departamentos.uleam.edu.ec\/leydetransparenciapublica\/files\/2019\/03\/24-995x498.jpg 995w\" sizes=\"(max-width: 300px) 100vw, 300px\" \/><\/a> <a href=\"https:\/\/departamentos.uleam.edu.ec\/leydetransparenciapublica\/files\/2019\/03\/25.jpg\"><img loading=\"lazy\" decoding=\"async\" class=\"alignnone size-medium wp-image-4041\" src=\"https:\/\/departamentos.uleam.edu.ec\/leydetransparenciapublica\/files\/2019\/03\/25-300x150.jpg\" alt=\"\" width=\"300\" height=\"150\" srcset=\"https:\/\/departamentos.uleam.edu.ec\/leydetransparenciapublica\/files\/2019\/03\/25-300x150.jpg 300w, https:\/\/departamentos.uleam.edu.ec\/leydetransparenciapublica\/files\/2019\/03\/25-1024x512.jpg 1024w, https:\/\/departamentos.uleam.edu.ec\/leydetransparenciapublica\/files\/2019\/03\/25-660x330.jpg 660w, https:\/\/departamentos.uleam.edu.ec\/leydetransparenciapublica\/files\/2019\/03\/25-995x498.jpg 995w\" sizes=\"(max-width: 300px) 100vw, 300px\" \/><\/a> <a href=\"https:\/\/departamentos.uleam.edu.ec\/leydetransparenciapublica\/files\/2019\/03\/26.jpg\"><img loading=\"lazy\" decoding=\"async\" class=\"alignnone size-medium wp-image-4042\" src=\"https:\/\/departamentos.uleam.edu.ec\/leydetransparenciapublica\/files\/2019\/03\/26-300x150.jpg\" alt=\"\" width=\"300\" height=\"150\" srcset=\"https:\/\/departamentos.uleam.edu.ec\/leydetransparenciapublica\/files\/2019\/03\/26-300x150.jpg 300w, https:\/\/departamentos.uleam.edu.ec\/leydetransparenciapublica\/files\/2019\/03\/26-1024x512.jpg 1024w, https:\/\/departamentos.uleam.edu.ec\/leydetransparenciapublica\/files\/2019\/03\/26-660x330.jpg 660w, https:\/\/departamentos.uleam.edu.ec\/leydetransparenciapublica\/files\/2019\/03\/26-995x498.jpg 995w\" sizes=\"(max-width: 300px) 100vw, 300px\" \/><\/a> <a href=\"https:\/\/departamentos.uleam.edu.ec\/leydetransparenciapublica\/files\/2019\/03\/27.jpg\"><img loading=\"lazy\" decoding=\"async\" class=\"alignnone size-medium wp-image-4043\" src=\"https:\/\/departamentos.uleam.edu.ec\/leydetransparenciapublica\/files\/2019\/03\/27-300x150.jpg\" alt=\"\" width=\"300\" height=\"150\" srcset=\"https:\/\/departamentos.uleam.edu.ec\/leydetransparenciapublica\/files\/2019\/03\/27-300x150.jpg 300w, https:\/\/departamentos.uleam.edu.ec\/leydetransparenciapublica\/files\/2019\/03\/27-1024x512.jpg 1024w, https:\/\/departamentos.uleam.edu.ec\/leydetransparenciapublica\/files\/2019\/03\/27-660x330.jpg 660w, https:\/\/departamentos.uleam.edu.ec\/leydetransparenciapublica\/files\/2019\/03\/27-995x498.jpg 995w\" sizes=\"(max-width: 300px) 100vw, 300px\" \/><\/a> \u00a0\u00a0\u00a0<a href=\"https:\/\/departamentos.uleam.edu.ec\/leydetransparenciapublica\/files\/2019\/03\/31.jpg\"><img loading=\"lazy\" decoding=\"async\" class=\"alignnone size-medium wp-image-4047\" src=\"https:\/\/departamentos.uleam.edu.ec\/leydetransparenciapublica\/files\/2019\/03\/31-300x150.jpg\" alt=\"\" width=\"300\" height=\"150\" srcset=\"https:\/\/departamentos.uleam.edu.ec\/leydetransparenciapublica\/files\/2019\/03\/31-300x150.jpg 300w, https:\/\/departamentos.uleam.edu.ec\/leydetransparenciapublica\/files\/2019\/03\/31-1024x512.jpg 1024w, https:\/\/departamentos.uleam.edu.ec\/leydetransparenciapublica\/files\/2019\/03\/31-660x330.jpg 660w, https:\/\/departamentos.uleam.edu.ec\/leydetransparenciapublica\/files\/2019\/03\/31-995x498.jpg 995w\" sizes=\"(max-width: 300px) 100vw, 300px\" \/><\/a> \u00a0<a href=\"https:\/\/departamentos.uleam.edu.ec\/leydetransparenciapublica\/files\/2019\/03\/33.jpg\"><img loading=\"lazy\" decoding=\"async\" class=\"alignnone size-medium wp-image-4049\" src=\"https:\/\/departamentos.uleam.edu.ec\/leydetransparenciapublica\/files\/2019\/03\/33-300x150.jpg\" alt=\"\" width=\"300\" height=\"150\" srcset=\"https:\/\/departamentos.uleam.edu.ec\/leydetransparenciapublica\/files\/2019\/03\/33-300x150.jpg 300w, https:\/\/departamentos.uleam.edu.ec\/leydetransparenciapublica\/files\/2019\/03\/33-1024x512.jpg 1024w, https:\/\/departamentos.uleam.edu.ec\/leydetransparenciapublica\/files\/2019\/03\/33-660x330.jpg 660w, https:\/\/departamentos.uleam.edu.ec\/leydetransparenciapublica\/files\/2019\/03\/33-995x498.jpg 995w\" sizes=\"(max-width: 300px) 100vw, 300px\" \/><\/a> \u00a0\u00a0\u00a0<a href=\"https:\/\/departamentos.uleam.edu.ec\/leydetransparenciapublica\/files\/2019\/03\/37.jpg\"><img loading=\"lazy\" decoding=\"async\" class=\"alignnone size-medium wp-image-4053\" src=\"https:\/\/departamentos.uleam.edu.ec\/leydetransparenciapublica\/files\/2019\/03\/37-300x150.jpg\" alt=\"\" width=\"300\" height=\"150\" srcset=\"https:\/\/departamentos.uleam.edu.ec\/leydetransparenciapublica\/files\/2019\/03\/37-300x150.jpg 300w, https:\/\/departamentos.uleam.edu.ec\/leydetransparenciapublica\/files\/2019\/03\/37-1024x512.jpg 1024w, https:\/\/departamentos.uleam.edu.ec\/leydetransparenciapublica\/files\/2019\/03\/37-660x330.jpg 660w, https:\/\/departamentos.uleam.edu.ec\/leydetransparenciapublica\/files\/2019\/03\/37-995x498.jpg 995w\" sizes=\"(max-width: 300px) 100vw, 300px\" \/><\/a> <a href=\"https:\/\/departamentos.uleam.edu.ec\/leydetransparenciapublica\/files\/2019\/03\/38.jpg\"><img loading=\"lazy\" decoding=\"async\" class=\"alignnone size-medium wp-image-4054\" src=\"https:\/\/departamentos.uleam.edu.ec\/leydetransparenciapublica\/files\/2019\/03\/38-300x150.jpg\" alt=\"\" width=\"300\" height=\"150\" srcset=\"https:\/\/departamentos.uleam.edu.ec\/leydetransparenciapublica\/files\/2019\/03\/38-300x150.jpg 300w, https:\/\/departamentos.uleam.edu.ec\/leydetransparenciapublica\/files\/2019\/03\/38-1024x512.jpg 1024w, https:\/\/departamentos.uleam.edu.ec\/leydetransparenciapublica\/files\/2019\/03\/38-660x330.jpg 660w, https:\/\/departamentos.uleam.edu.ec\/leydetransparenciapublica\/files\/2019\/03\/38-995x498.jpg 995w\" sizes=\"(max-width: 300px) 100vw, 300px\" \/><\/a><\/p>\n<p><a href=\"https:\/\/departamentos.uleam.edu.ec\/leydetransparenciapublica\/files\/2019\/03\/IMG_2240.jpg\"><img loading=\"lazy\" decoding=\"async\" class=\"alignnone size-medium wp-image-4062\" src=\"https:\/\/departamentos.uleam.edu.ec\/leydetransparenciapublica\/files\/2019\/03\/IMG_2240-300x200.jpg\" alt=\"\" width=\"300\" height=\"200\" srcset=\"https:\/\/departamentos.uleam.edu.ec\/leydetransparenciapublica\/files\/2019\/03\/IMG_2240-300x200.jpg 300w, https:\/\/departamentos.uleam.edu.ec\/leydetransparenciapublica\/files\/2019\/03\/IMG_2240-1024x683.jpg 1024w\" sizes=\"(max-width: 300px) 100vw, 300px\" \/><\/a> <a href=\"https:\/\/departamentos.uleam.edu.ec\/leydetransparenciapublica\/files\/2019\/03\/IMG_2243.jpg\"><img loading=\"lazy\" decoding=\"async\" class=\"alignnone size-medium wp-image-4063\" src=\"https:\/\/departamentos.uleam.edu.ec\/leydetransparenciapublica\/files\/2019\/03\/IMG_2243-300x200.jpg\" alt=\"\" width=\"300\" height=\"200\" srcset=\"https:\/\/departamentos.uleam.edu.ec\/leydetransparenciapublica\/files\/2019\/03\/IMG_2243-300x200.jpg 300w, https:\/\/departamentos.uleam.edu.ec\/leydetransparenciapublica\/files\/2019\/03\/IMG_2243-1024x683.jpg 1024w\" sizes=\"(max-width: 300px) 100vw, 300px\" \/><\/a> <a href=\"https:\/\/departamentos.uleam.edu.ec\/leydetransparenciapublica\/files\/2019\/03\/IMG_2256.jpg\"><img loading=\"lazy\" decoding=\"async\" class=\"alignnone size-medium wp-image-4064\" src=\"https:\/\/departamentos.uleam.edu.ec\/leydetransparenciapublica\/files\/2019\/03\/IMG_2256-300x200.jpg\" alt=\"\" width=\"300\" height=\"200\" srcset=\"https:\/\/departamentos.uleam.edu.ec\/leydetransparenciapublica\/files\/2019\/03\/IMG_2256-300x200.jpg 300w, https:\/\/departamentos.uleam.edu.ec\/leydetransparenciapublica\/files\/2019\/03\/IMG_2256-1024x683.jpg 1024w\" sizes=\"(max-width: 300px) 100vw, 300px\" \/><\/a><\/p>\n","protected":false},"excerpt":{"rendered":"<p>Descarga en l\u00ednea : Informe de Rendici\u00f3n de Cuentas 2018 Informe rendici\u00f3n de cuentas 2018 al Consejo de participaci\u00f3n ciudadana y control social Presentaci\u00f3n del Informe de Rendici\u00f3n de cuentas 2018\u00a0 Trasmisi\u00f3n en vivo de la Audiencia P\u00fablica de Rendici\u00f3n [&hellip;]<\/p>\n","protected":false},"author":47,"featured_media":0,"parent":0,"menu_order":0,"comment_status":"closed","ping_status":"closed","template":"","meta":{"footnotes":"","_links_to":"","_links_to_target":""},"class_list":["post-4024","page","type-page","status-publish","hentry"],"_links":{"self":[{"href":"https:\/\/departamentos.uleam.edu.ec\/leydetransparenciapublica\/wp-json\/wp\/v2\/pages\/4024","targetHints":{"allow":["GET"]}}],"collection":[{"href":"https:\/\/departamentos.uleam.edu.ec\/leydetransparenciapublica\/wp-json\/wp\/v2\/pages"}],"about":[{"href":"https:\/\/departamentos.uleam.edu.ec\/leydetransparenciapublica\/wp-json\/wp\/v2\/types\/page"}],"author":[{"embeddable":true,"href":"https:\/\/departamentos.uleam.edu.ec\/leydetransparenciapublica\/wp-json\/wp\/v2\/users\/47"}],"replies":[{"embeddable":true,"href":"https:\/\/departamentos.uleam.edu.ec\/leydetransparenciapublica\/wp-json\/wp\/v2\/comments?post=4024"}],"version-history":[{"count":7,"href":"https:\/\/departamentos.uleam.edu.ec\/leydetransparenciapublica\/wp-json\/wp\/v2\/pages\/4024\/revisions"}],"predecessor-version":[{"id":4305,"href":"https:\/\/departamentos.uleam.edu.ec\/leydetransparenciapublica\/wp-json\/wp\/v2\/pages\/4024\/revisions\/4305"}],"wp:attachment":[{"href":"https:\/\/departamentos.uleam.edu.ec\/leydetransparenciapublica\/wp-json\/wp\/v2\/media?parent=4024"}],"curies":[{"name":"wp","href":"https:\/\/api.w.org\/{rel}","templated":true}]}}