{"id":490,"date":"2015-05-25T19:50:43","date_gmt":"2015-05-25T19:50:43","guid":{"rendered":"http:\/\/departamentos.uleam.edu.ec\/leydetransparenciapublica\/?page_id=490"},"modified":"2015-05-25T19:50:43","modified_gmt":"2015-05-25T19:50:43","slug":"proyectos-de-inversion","status":"publish","type":"page","link":"https:\/\/departamentos.uleam.edu.ec\/leydetransparenciapublica\/informacion-general\/proyectos-de-inversion\/","title":{"rendered":"Proyectos de Inversi\u00f3n"},"content":{"rendered":"<ul>\n<li><a href=\"https:\/\/departamentos.uleam.edu.ec\/leydetransparenciapublica\/files\/2015\/05\/Avance-proyectos-DCI-abr-2015.pdf\">AVANCE PROYECTO DCI ABRIL 2015<\/a><\/li>\n<li><a href=\"https:\/\/departamentos.uleam.edu.ec\/leydetransparenciapublica\/files\/2015\/05\/PROYECTO-ACUMECES.pdf\">PROYECTO ACUMECES<\/a><\/li>\n<li><a href=\"https:\/\/departamentos.uleam.edu.ec\/leydetransparenciapublica\/files\/2015\/05\/PROYECTO-APLICACIONES-TECNOL\u00d3GICAS-GEOGR\u00c1FICAS.pdf\">PROYECTO APLICACIONES TECNOL\u00d3GICAS GEOGR\u00c1FICAS<\/a><\/li>\n<li><a href=\"https:\/\/departamentos.uleam.edu.ec\/leydetransparenciapublica\/files\/2015\/05\/PROYECTO-BIODEGRADABILIDAD-EFLUENTES-YUCA.pdf\">PROYECTO BIODEGRADABILIDAD EFLUENTES YUCA<\/a><\/li>\n<li><a href=\"https:\/\/departamentos.uleam.edu.ec\/leydetransparenciapublica\/files\/2015\/05\/PROYECTO-BIOLOG\u00cdA-REPRODUCTIVA-Y-BIOACUMULACI\u00d3N-DE-METALES-LANGOSTA.pdf\">PROYECTO BIOLOG\u00cdA REPRODUCTIVA Y BIOACUMULACI\u00d3N DE METALES LANGOSTA<\/a><\/li>\n<li><a href=\"https:\/\/departamentos.uleam.edu.ec\/leydetransparenciapublica\/files\/2015\/05\/PROYECTO-CARACTERIZACION-FAUNA.pdf\">PROYECTO CARACTERIZACION FAUNA<\/a><\/li>\n<li><a href=\"https:\/\/departamentos.uleam.edu.ec\/leydetransparenciapublica\/files\/2015\/05\/PROYECTO-DIVERSIDAD-Y-ASPECTOS-BIOL\u00d3GICOS-DE-BATOIDEOS.pdf\">PROYECTO DIVERSIDAD Y ASPECTOS BIOL\u00d3GICOS DE BATOIDEOS<\/a><\/li>\n<li><a href=\"https:\/\/departamentos.uleam.edu.ec\/leydetransparenciapublica\/files\/2015\/05\/PROYECTO-ECOLOG\u00cdA-FUNCIONAL-ECOSISTEMAS-ROCOSOS.pdf\">PROYECTO ECOLOG\u00cdA FUNCIONAL ECOSISTEMAS ROCOSOS<\/a><\/li>\n<li><a href=\"https:\/\/departamentos.uleam.edu.ec\/leydetransparenciapublica\/files\/2015\/05\/PROYECTO-ECOLOGIA-TROFICA-PEL\u00c1GICOS.pdf\">PROYECTO ECOLOGIA TROFICA PEL\u00c1GICOS<\/a><\/li>\n<li><a href=\"https:\/\/departamentos.uleam.edu.ec\/leydetransparenciapublica\/files\/2015\/05\/PROYECTO-EDAD-Y-CRECIMIENTO-BATOIDEOS.pdf\">PROYECTO EDAD Y CRECIMIENTO BATOIDEOS<\/a><\/li>\n<li><a href=\"https:\/\/departamentos.uleam.edu.ec\/leydetransparenciapublica\/files\/2015\/05\/PROYECTO-EFICIENCIA-REACTORES-BIOL\u00d3GICOS.pdf\">PROYECTO EFICIENCIA REACTORES BIOL\u00d3GICOS<\/a><\/li>\n<li><a href=\"https:\/\/departamentos.uleam.edu.ec\/leydetransparenciapublica\/files\/2015\/05\/PROYECTO-EFLUENTES-SOBRE-BIOMASA.pdf\">PROYECTO EFLUENTES SOBRE BIOMASA<\/a><\/li>\n<li><a href=\"https:\/\/departamentos.uleam.edu.ec\/leydetransparenciapublica\/files\/2015\/05\/PROYECTO-ESTADO-CONSERVACI\u00d3N-VERTEBRADOS-TERRESTRES.pdf\">PROYECTO ESTADO CONSERVACI\u00d3N VERTEBRADOS TERRESTRES<\/a><\/li>\n<li><a href=\"https:\/\/departamentos.uleam.edu.ec\/leydetransparenciapublica\/files\/2015\/05\/PROYECTO-ESTUDIO-FLOR\u00cdSTICO-MACHALILLA.pdf\">PROYECTO ESTUDIO FLOR\u00cdSTICO MACHALILLA<\/a><\/li>\n<li><a href=\"https:\/\/departamentos.uleam.edu.ec\/leydetransparenciapublica\/files\/2015\/05\/PROYECTO-EVALUACI\u00d3N-LANGOSTA.pdf\">PROYECTO EVALUACI\u00d3N LANGOSTA<\/a><\/li>\n<li><a href=\"https:\/\/departamentos.uleam.edu.ec\/leydetransparenciapublica\/files\/2015\/05\/PROYECTO-FORTALECIMIENTO-CAPACIDADES-INVESTIGACI\u00d3N-UNISIG.pdf\">PROYECTO FORTALECIMIENTO CAPACIDADES INVESTIGACI\u00d3N UNISIG<\/a><\/li>\n<li><a href=\"https:\/\/departamentos.uleam.edu.ec\/leydetransparenciapublica\/files\/2015\/05\/PROYECTO-FUGAGUATOX.pdf\">PROYECTO FUGAGUATOX<\/a><\/li>\n<li><a href=\"https:\/\/departamentos.uleam.edu.ec\/leydetransparenciapublica\/files\/2015\/05\/PROYECTO-MANEJO-INTEGRAL-PAISAJE-ANTROPOG\u00c9NICO.pdf\">PROYECTO MANEJO INTEGRAL PAISAJE ANTROPOG\u00c9NICO<\/a><\/li>\n<li><a href=\"https:\/\/departamentos.uleam.edu.ec\/leydetransparenciapublica\/files\/2015\/05\/PROYECTO-MICROORGANISMOS-CABEZAS-DE-CAMAR\u00d3N.pdf\">PROYECTO MICROORGANISMOS CABEZAS DE CAMAR\u00d3N<\/a><\/li>\n<li><a href=\"https:\/\/departamentos.uleam.edu.ec\/leydetransparenciapublica\/files\/2015\/05\/PROYECTO-PAR\u00c1SITOS-METAZOARIOS-EN-PECES.pdf\">PROYECTO PAR\u00c1SITOS METAZOARIOS EN PECES<\/a><\/li>\n<li><a href=\"https:\/\/departamentos.uleam.edu.ec\/leydetransparenciapublica\/files\/2015\/05\/PROYECTO-PRODUCTIVIDAD-ECONOM\u00cdA-ECUATORIANA-CASO-MANAB\u00cd.pdf\">PROYECTO PRODUCTIVIDAD ECONOM\u00cdA ECUATORIANA CASO MANAB\u00cd<\/a><\/li>\n<li><a href=\"https:\/\/departamentos.uleam.edu.ec\/leydetransparenciapublica\/files\/2015\/05\/PROYECTO-RECUBRIMIENTOS-COMESTIBLES.pdf\">PROYECTO RECUBRIMIENTOS COMESTIBLES<\/a><\/li>\n<li><a href=\"https:\/\/departamentos.uleam.edu.ec\/leydetransparenciapublica\/files\/2015\/05\/PROYECTO-SECTOR-ENERG\u00c9TICO.pdf\">PROYECTO SECTOR ENERG\u00c9TICO<\/a><\/li>\n<li><a href=\"https:\/\/departamentos.uleam.edu.ec\/leydetransparenciapublica\/files\/2015\/05\/PROYECTO-SOSTENIBILIDAD-CACER\u00cdA-GUANTA.pdf\">PROYECTO SOSTENIBLE CACER\u00cdA GUANTA<\/a><\/li>\n<li><a href=\"https:\/\/departamentos.uleam.edu.ec\/leydetransparenciapublica\/files\/2015\/05\/PROYECTO-SUBPRODUCTOS-C\u00cdTRICOS-Y-MARACUY\u00c1.pdf\">PROYECTO SUBPRODUCTOS C\u00cdTRICOS Y MARACUY\u00c1<\/a><\/li>\n<\/ul>\n","protected":false},"excerpt":{"rendered":"<p>AVANCE PROYECTO DCI ABRIL 2015 PROYECTO ACUMECES PROYECTO APLICACIONES TECNOL\u00d3GICAS GEOGR\u00c1FICAS PROYECTO BIODEGRADABILIDAD EFLUENTES YUCA PROYECTO BIOLOG\u00cdA REPRODUCTIVA Y BIOACUMULACI\u00d3N DE METALES LANGOSTA PROYECTO CARACTERIZACION FAUNA PROYECTO DIVERSIDAD Y ASPECTOS BIOL\u00d3GICOS DE BATOIDEOS PROYECTO ECOLOG\u00cdA FUNCIONAL ECOSISTEMAS ROCOSOS PROYECTO ECOLOGIA [&hellip;]<\/p>\n","protected":false},"author":1,"featured_media":0,"parent":44,"menu_order":0,"comment_status":"closed","ping_status":"closed","template":"","meta":{"footnotes":"","_links_to":"","_links_to_target":""},"class_list":["post-490","page","type-page","status-publish","hentry"],"_links":{"self":[{"href":"https:\/\/departamentos.uleam.edu.ec\/leydetransparenciapublica\/wp-json\/wp\/v2\/pages\/490","targetHints":{"allow":["GET"]}}],"collection":[{"href":"https:\/\/departamentos.uleam.edu.ec\/leydetransparenciapublica\/wp-json\/wp\/v2\/pages"}],"about":[{"href":"https:\/\/departamentos.uleam.edu.ec\/leydetransparenciapublica\/wp-json\/wp\/v2\/types\/page"}],"author":[{"embeddable":true,"href":"https:\/\/departamentos.uleam.edu.ec\/leydetransparenciapublica\/wp-json\/wp\/v2\/users\/1"}],"replies":[{"embeddable":true,"href":"https:\/\/departamentos.uleam.edu.ec\/leydetransparenciapublica\/wp-json\/wp\/v2\/comments?post=490"}],"version-history":[{"count":1,"href":"https:\/\/departamentos.uleam.edu.ec\/leydetransparenciapublica\/wp-json\/wp\/v2\/pages\/490\/revisions"}],"predecessor-version":[{"id":516,"href":"https:\/\/departamentos.uleam.edu.ec\/leydetransparenciapublica\/wp-json\/wp\/v2\/pages\/490\/revisions\/516"}],"up":[{"embeddable":true,"href":"https:\/\/departamentos.uleam.edu.ec\/leydetransparenciapublica\/wp-json\/wp\/v2\/pages\/44"}],"wp:attachment":[{"href":"https:\/\/departamentos.uleam.edu.ec\/leydetransparenciapublica\/wp-json\/wp\/v2\/media?parent=490"}],"curies":[{"name":"wp","href":"https:\/\/api.w.org\/{rel}","templated":true}]}}