{"id":5,"date":"2013-07-05T14:16:40","date_gmt":"2013-07-05T14:16:40","guid":{"rendered":"http:\/\/departamentos.uleam.edu.ec\/leydetransparenciapublica\/?page_id=5"},"modified":"2013-07-05T14:50:38","modified_gmt":"2013-07-05T14:50:38","slug":"que-es-la-ley-de-transparencia","status":"publish","type":"page","link":"https:\/\/departamentos.uleam.edu.ec\/leydetransparenciapublica\/que-es-la-ley-de-transparencia\/","title":{"rendered":"\u00bfQu\u00e9 es la Ley de Transparencia?"},"content":{"rendered":"<p style=\"text-align: justify;\">La Ley Org\u00e1nica de Transparencia y Acceso a la Informaci\u00f3n P\u00fablica (LOTAIP) fue creada el 18 de mayo de 2004 con los siguientes objetivos:<\/p>\n<p style=\"text-align: justify;\">a.- Cumplir lo dispuesto en la Constituci\u00f3n Pol\u00edtica de la Rep\u00fablica referente a la publicidad, transparencia y rendici\u00f3n de cuentas al que est\u00e1n sometidas todas las instituciones del Estado que conforman el sector p\u00fablico, dignatarios, autoridades y funcionarios p\u00fablicos, incluidos los entes se\u00f1alados en el art\u00edculo anterior, las personas jur\u00eddicas de derecho privado que realicen obras, servicios, etc., con asignaciones p\u00fablicas. Para el efecto, adoptar\u00e1n las medidas que garanticen y promuevan la organizaci\u00f3n, clasificaci\u00f3n y manejo de la informaci\u00f3n que den cuenta de la gesti\u00f3n p\u00fablica;<\/p>\n<p>b.- El cumplimiento de las convenciones internacionales que sobre la materia ha suscrito legalmente nuestro pa\u00eds;<\/p>\n<p>c.- Permitir la fiscalizaci\u00f3n de la administraci\u00f3n p\u00fablica y de los recursos p\u00fablicos, efectiviz\u00e1ndose un verdadero control social;<\/p>\n<p style=\"text-align: justify;\">d.- Garantizar la protecci\u00f3n de la informaci\u00f3n personal en poder del sector p\u00fablico y\/o privado;<\/p>\n<p>e.- La democratizaci\u00f3n de la sociedad ecuatoriana y la plena vigencia del estado de derecho, a trav\u00e9s de un genuino y leg\u00edtimo acceso a la informaci\u00f3n p\u00fablica; y,<\/p>\n<p style=\"text-align: justify;\">f.- Facilitar la efectiva participaci\u00f3n ciudadana en la toma de decisiones de inter\u00e9s general y su fiscalizaci\u00f3n.<\/p>\n","protected":false},"excerpt":{"rendered":"<p>La Ley Org\u00e1nica de Transparencia y Acceso a la Informaci\u00f3n P\u00fablica (LOTAIP) fue creada el 18 de mayo de 2004 con los siguientes objetivos: a.- Cumplir lo dispuesto en la Constituci\u00f3n Pol\u00edtica de la Rep\u00fablica referente a la publicidad, transparencia [&hellip;]<\/p>\n","protected":false},"author":2,"featured_media":0,"parent":0,"menu_order":0,"comment_status":"closed","ping_status":"closed","template":"","meta":{"footnotes":"","_links_to":"","_links_to_target":""},"class_list":["post-5","page","type-page","status-publish","hentry"],"_links":{"self":[{"href":"https:\/\/departamentos.uleam.edu.ec\/leydetransparenciapublica\/wp-json\/wp\/v2\/pages\/5","targetHints":{"allow":["GET"]}}],"collection":[{"href":"https:\/\/departamentos.uleam.edu.ec\/leydetransparenciapublica\/wp-json\/wp\/v2\/pages"}],"about":[{"href":"https:\/\/departamentos.uleam.edu.ec\/leydetransparenciapublica\/wp-json\/wp\/v2\/types\/page"}],"author":[{"embeddable":true,"href":"https:\/\/departamentos.uleam.edu.ec\/leydetransparenciapublica\/wp-json\/wp\/v2\/users\/2"}],"replies":[{"embeddable":true,"href":"https:\/\/departamentos.uleam.edu.ec\/leydetransparenciapublica\/wp-json\/wp\/v2\/comments?post=5"}],"version-history":[{"count":3,"href":"https:\/\/departamentos.uleam.edu.ec\/leydetransparenciapublica\/wp-json\/wp\/v2\/pages\/5\/revisions"}],"predecessor-version":[{"id":15,"href":"https:\/\/departamentos.uleam.edu.ec\/leydetransparenciapublica\/wp-json\/wp\/v2\/pages\/5\/revisions\/15"}],"wp:attachment":[{"href":"https:\/\/departamentos.uleam.edu.ec\/leydetransparenciapublica\/wp-json\/wp\/v2\/media?parent=5"}],"curies":[{"name":"wp","href":"https:\/\/api.w.org\/{rel}","templated":true}]}}