{"id":556,"date":"2015-05-29T15:58:19","date_gmt":"2015-05-29T15:58:19","guid":{"rendered":"http:\/\/departamentos.uleam.edu.ec\/leydetransparenciapublica\/?page_id=556"},"modified":"2016-03-28T20:05:14","modified_gmt":"2016-03-28T20:05:14","slug":"informacion-publica-2015-2","status":"publish","type":"page","link":"https:\/\/departamentos.uleam.edu.ec\/leydetransparenciapublica\/informacion-publica-2015-2\/","title":{"rendered":"Informaci\u00f3n P\u00fablica 2015"},"content":{"rendered":"<p style=\"text-align: justify\">INFORMACI\u00d3N DE ACUERDO A LA LEY ORG\u00c1NICA DE TRANSPARENCIA Y ACCESO A LA INFORMACI\u00d3N P\u00daBLICA<\/p>\n<p style=\"text-align: justify\">Art. 7.- Difusi\u00f3n de la Informaci\u00f3n P\u00fablica.- Por la transparencia en la gesti\u00f3n administrativa que est\u00e1n obligadas a observar todas las instituciones del Estado que conforman el sector p\u00fablico en los t\u00e9rminos del art\u00edculo 118 de la Constituci\u00f3n Pol\u00edtica de la Rep\u00fablica y dem\u00e1s entes se\u00f1alados en el art\u00edculo 1 de la presente Ley, difundir\u00e1n a trav\u00e9s de un portal de informaci\u00f3n o p\u00e1gina web, as\u00ed como de los medios necesarios a disposici\u00f3n del p\u00fablico, implementados en la misma instituci\u00f3n, la siguiente informaci\u00f3n m\u00ednima actualizada, que para efectos de esta Ley, se la considera de naturaleza obligatoria:<\/p>\n<ul>\n<li><a href=\"https:\/\/departamentos.uleam.edu.ec\/leydetransparenciapublica\/literal-f\/?preview=true&amp;preview_id=1802&amp;preview_nonce=022363c754\">Literal f<\/a><\/li>\n<\/ul>\n<p>&nbsp;<\/p>\n<ul>\n<li>Literal e\n<ul>\n<li><a href=\"https:\/\/departamentos.uleam.edu.ec\/leydetransparenciapublica\/contratos-colectivos-vigentes\/\">Texto Integro de todos los Contratos Colectivos Vigentes<\/a><\/li>\n<\/ul>\n<\/li>\n<\/ul>\n<p>&nbsp;<\/p>\n<ul>\n<li><a href=\"https:\/\/departamentos.uleam.edu.ec\/leydetransparenciapublica\/literal-d\/\">Literal d<\/a><\/li>\n<li><a href=\"https:\/\/departamentos.uleam.edu.ec\/leydetransparenciapublica\/literal-d\/\">Servicios que ofrece y las formas de acceder a ellos, horarios de atenci\u00f3n y dem\u00e1s indicaciones necesarias<\/a><\/li>\n<\/ul>\n<p>&nbsp;<\/p>\n<ul>\n<li>Literal c\n<ul>\n<li><a href=\"https:\/\/departamentos.uleam.edu.ec\/leydetransparenciapublica\/informacion-publica-2015-2\/remuneracion-mensual-por-puesto\/\">Remuneraci\u00f3n mensual por puesto y todo ingreso adicional<\/a><\/li>\n<\/ul>\n<\/li>\n<li>Literal b2\n<ul>\n<li><a href=\"https:\/\/departamentos.uleam.edu.ec\/leydetransparenciapublica\/informacion-publica-2015-2\/distributivo-de-personal\/\">Distributivo de personal<\/a><\/li>\n<\/ul>\n<\/li>\n<li>Literal b1\n<ul>\n<li><a href=\"https:\/\/departamentos.uleam.edu.ec\/leydetransparenciapublica\/informacion-publica-2015-2\/directorio-completo-de-la-intitucion\/\">Directorio completo de la Instituci\u00f3n<\/a><\/li>\n<\/ul>\n<\/li>\n<li><a href=\"https:\/\/departamentos.uleam.edu.ec\/leydetransparenciapublica\/informacion-publica-2015-2\/literal-a4\/\">Literal a4<\/a>\n<ul>\n<li><a href=\"https:\/\/departamentos.uleam.edu.ec\/leydetransparenciapublica\/informacion-publica-2015-2\/literal-a4\/\">Metas y Objetivos de Unidades Administrativas<\/a><\/li>\n<\/ul>\n<\/li>\n<li><a href=\"https:\/\/departamentos.uleam.edu.ec\/leydetransparenciapublica\/literal-a3\/?preview=true&amp;preview_id=1797&amp;preview_nonce=741adb35ff\">Literal a 3<\/a><\/li>\n<\/ul>\n<p>&nbsp;<\/p>\n<ul>\n<li><a href=\"https:\/\/departamentos.uleam.edu.ec\/leydetransparenciapublica\/informacion-publica-2015-2\/literal-a2\/\">Literal a2<\/a>\n<ul>\n<li><a href=\"https:\/\/departamentos.uleam.edu.ec\/leydetransparenciapublica\/informacion-publica-2015-2\/literal-a2\/\">Base Legal que la rige<\/a><\/li>\n<\/ul>\n<\/li>\n<li style=\"text-align: justify\"><a href=\"https:\/\/departamentos.uleam.edu.ec\/leydetransparenciapublica\/informacion-publica-2015\/literal-a1\/\">Literal a1<\/a>\n<ul>\n<li style=\"text-align: justify\"><a href=\"https:\/\/departamentos.uleam.edu.ec\/leydetransparenciapublica\/informacion-publica-2015\/literal-a1\/\">Organigrama Estructural Institucional<\/a><\/li>\n<\/ul>\n<\/li>\n<li><a href=\"https:\/\/departamentos.uleam.edu.ec\/leydetransparenciapublica\/informacion-publica-2015-2\/literal-g\/\">Literal g<\/a>\n<ul>\n<li><a href=\"https:\/\/departamentos.uleam.edu.ec\/leydetransparenciapublica\/informacion-publica-2015-2\/literal-g\/\">Informaci\u00f3n de Presupuesto Mensual y Anexos<\/a><\/li>\n<\/ul>\n<\/li>\n<li><a href=\"https:\/\/departamentos.uleam.edu.ec\/leydetransparenciapublica\/informacion-publica-2015-2\/literal-h\/\">Literal h<\/a>\n<ul>\n<li><a href=\"https:\/\/departamentos.uleam.edu.ec\/leydetransparenciapublica\/informacion-publica-2015-2\/literal-h\/\">Resultados de Auditorias Internas<\/a><\/li>\n<\/ul>\n<\/li>\n<li><a href=\"https:\/\/departamentos.uleam.edu.ec\/leydetransparenciapublica\/informacion-publica-2015-2\/literal-k\/\">Literal k<\/a>\n<ul>\n<li><a href=\"https:\/\/departamentos.uleam.edu.ec\/leydetransparenciapublica\/informacion-publica-2015-2\/literal-k\/\">Planes y Programaci\u00f3n en Ejecuci\u00f3n<\/a><\/li>\n<\/ul>\n<\/li>\n<li><a href=\"https:\/\/departamentos.uleam.edu.ec\/leydetransparenciapublica\/literal-i-4\/\">Literal i<\/a>\n<ul>\n<li><a href=\"https:\/\/departamentos.uleam.edu.ec\/leydetransparenciapublica\/literal-i-4\/\">Procesos pre contractuales, contractuales, de adjudicaci\u00f3n y liquidaci\u00f3n, de las contrataciones de obras, adquisici\u00f3n de bienes, prestaci\u00f3n de servicios, arrendamientos mercantiles, etc., celebrados por la instituci\u00f3n con personas naturales o jur\u00eddicas, incluidos concesiones, permisos o autorizaciones<\/a><\/li>\n<\/ul>\n<\/li>\n<\/ul>\n<ul>\n<li>Literal j\n<ul>\n<li><a href=\"https:\/\/departamentos.uleam.edu.ec\/leydetransparenciapublica\/literal-j-adjudicatarios-fallidos\/\">Empresas y personas que han incumplido contratos<\/a><\/li>\n<\/ul>\n<\/li>\n<li>Literal l\n<ul>\n<li><a href=\"https:\/\/departamentos.uleam.edu.ec\/leydetransparenciapublica\/informacion-publica-2015-2\/contratos-de-credito-externos-o-internos\/\">Contratos de Cr\u00e9ditos Externos o Internos<\/a><\/li>\n<\/ul>\n<\/li>\n<li><a href=\"https:\/\/departamentos.uleam.edu.ec\/leydetransparenciapublica\/informacion-publica-2015-2\/literal-o-informacion-publica-archivo-central\/\">Literal o<\/a>\n<ul>\n<li><a href=\"https:\/\/departamentos.uleam.edu.ec\/leydetransparenciapublica\/informacion-publica-2015-2\/literal-o-informacion-publica-archivo-central\/\">Informaci\u00f3n P\u00fablica.- Archivo Central<\/a><\/li>\n<\/ul>\n<\/li>\n<li>Literal m\n<ul>\n<li><a href=\"https:\/\/departamentos.uleam.edu.ec\/leydetransparenciapublica\/informacion-publica-2015-2\/mecanismos-de-rendicion-de-cuentas-a-la-ciudadania\/\">Mecanismos de Rendici\u00f3n de Cuentas a la Ciudadania<\/a><\/li>\n<\/ul>\n<\/li>\n<li>Literal n\n<ul>\n<li><a href=\"https:\/\/departamentos.uleam.edu.ec\/leydetransparenciapublica\/informacion-publica-2015-2\/literal-n\/\">Vi\u00e1ticos, informe de trabajo y justificativos<\/a><\/li>\n<\/ul>\n<\/li>\n<li><a href=\"https:\/\/departamentos.uleam.edu.ec\/leydetransparenciapublica\/informacion-autorizada-por-directivos\/\">Informaci\u00f3n Autorizada por Directivos<\/a><\/li>\n<li><a href=\"https:\/\/departamentos.uleam.edu.ec\/leydetransparenciapublica\/calificacion-de-la-trasparencia-activa-literales-del-art-7-de-la-lotaip\/\"> C<b>alificaci\u00f3n de la trasparencia activa \u2013 literales del Art. 7 de la\u00a0 LOTAIP<\/b><\/a><\/li>\n<\/ul>\n","protected":false},"excerpt":{"rendered":"<p>INFORMACI\u00d3N DE ACUERDO A LA LEY ORG\u00c1NICA DE TRANSPARENCIA Y ACCESO A LA INFORMACI\u00d3N P\u00daBLICA Art. 7.- Difusi\u00f3n de la Informaci\u00f3n P\u00fablica.- Por la transparencia en la gesti\u00f3n administrativa que est\u00e1n obligadas a observar todas las instituciones del Estado que [&hellip;]<\/p>\n","protected":false},"author":1,"featured_media":0,"parent":0,"menu_order":0,"comment_status":"closed","ping_status":"closed","template":"","meta":{"footnotes":"","_links_to":"","_links_to_target":""},"class_list":["post-556","page","type-page","status-publish","hentry"],"_links":{"self":[{"href":"https:\/\/departamentos.uleam.edu.ec\/leydetransparenciapublica\/wp-json\/wp\/v2\/pages\/556","targetHints":{"allow":["GET"]}}],"collection":[{"href":"https:\/\/departamentos.uleam.edu.ec\/leydetransparenciapublica\/wp-json\/wp\/v2\/pages"}],"about":[{"href":"https:\/\/departamentos.uleam.edu.ec\/leydetransparenciapublica\/wp-json\/wp\/v2\/types\/page"}],"author":[{"embeddable":true,"href":"https:\/\/departamentos.uleam.edu.ec\/leydetransparenciapublica\/wp-json\/wp\/v2\/users\/1"}],"replies":[{"embeddable":true,"href":"https:\/\/departamentos.uleam.edu.ec\/leydetransparenciapublica\/wp-json\/wp\/v2\/comments?post=556"}],"version-history":[{"count":71,"href":"https:\/\/departamentos.uleam.edu.ec\/leydetransparenciapublica\/wp-json\/wp\/v2\/pages\/556\/revisions"}],"predecessor-version":[{"id":1846,"href":"https:\/\/departamentos.uleam.edu.ec\/leydetransparenciapublica\/wp-json\/wp\/v2\/pages\/556\/revisions\/1846"}],"wp:attachment":[{"href":"https:\/\/departamentos.uleam.edu.ec\/leydetransparenciapublica\/wp-json\/wp\/v2\/media?parent=556"}],"curies":[{"name":"wp","href":"https:\/\/api.w.org\/{rel}","templated":true}]}}