{"id":568,"date":"2015-05-29T16:58:46","date_gmt":"2015-05-29T16:58:46","guid":{"rendered":"http:\/\/departamentos.uleam.edu.ec\/leydetransparenciapublica\/?page_id=568"},"modified":"2016-02-01T16:34:52","modified_gmt":"2016-02-01T16:34:52","slug":"literal-g","status":"publish","type":"page","link":"https:\/\/departamentos.uleam.edu.ec\/leydetransparenciapublica\/informacion-publica-2015-2\/literal-g\/","title":{"rendered":"Literal g"},"content":{"rendered":"<ul>\n<li>Enero\n<ul>\n<li><span style=\"line-height: 1.5\">\u00a0<a href=\"https:\/\/departamentos.uleam.edu.ec\/leydetransparenciapublica\/files\/2015\/05\/Enero.xls\">Informaci\u00f3n Presupuestaria<\/a><\/span>\n<ul>\n<li><a href=\"https:\/\/departamentos.uleam.edu.ec\/leydetransparenciapublica\/files\/2015\/05\/Cedula_Gasto_01-2015.pdf\">Anexo 1.- Gastos<\/a><\/li>\n<li><a href=\"https:\/\/departamentos.uleam.edu.ec\/leydetransparenciapublica\/files\/2015\/05\/Cedula_Ingresos_01-2015.pdf\">Anexo 2.-Ingresos<\/a><\/li>\n<\/ul>\n<\/li>\n<\/ul>\n<\/li>\n<li>\u00a0Febrero\n<ul>\n<li><a href=\"https:\/\/departamentos.uleam.edu.ec\/leydetransparenciapublica\/files\/2015\/05\/febrero.xls\">Informaci\u00f3n Presupuestaria<\/a>\n<ul>\n<li><a href=\"https:\/\/departamentos.uleam.edu.ec\/leydetransparenciapublica\/files\/2015\/05\/Cedula_Gasto_02-2015.pdf\">Anexo 1.-Gastos<\/a><\/li>\n<li><a href=\"https:\/\/departamentos.uleam.edu.ec\/leydetransparenciapublica\/files\/2015\/05\/Cedula_Ingresos_02-2015.pdf\">Anexo 2.-Ingresos<\/a><\/li>\n<\/ul>\n<\/li>\n<\/ul>\n<\/li>\n<li>Marzo\n<ul>\n<li><a href=\"https:\/\/departamentos.uleam.edu.ec\/leydetransparenciapublica\/files\/2015\/05\/marzo.xls\">Informaci\u00f3n Presupuestaria<\/a>\n<ul>\n<li><a href=\"https:\/\/departamentos.uleam.edu.ec\/leydetransparenciapublica\/files\/2015\/05\/Cedula_Gasto_03-2015.pdf\">Anexo 1.-Gastos<\/a><\/li>\n<li><a href=\"https:\/\/departamentos.uleam.edu.ec\/leydetransparenciapublica\/files\/2015\/05\/Cedula_Ingresos_03-2015.pdf\">Anexo 2.-Ingresos<\/a><\/li>\n<\/ul>\n<\/li>\n<\/ul>\n<\/li>\n<li>Abril\n<ul>\n<li><a href=\"https:\/\/departamentos.uleam.edu.ec\/leydetransparenciapublica\/files\/2015\/05\/abril.xls\">Informaci\u00f3n Presupuestaria<\/a>\n<ul>\n<li><a href=\"https:\/\/departamentos.uleam.edu.ec\/leydetransparenciapublica\/files\/2015\/05\/Cedula_Gasto_04-2015.pdf\">Anexo 1.- Gastos<\/a><\/li>\n<li><a href=\"https:\/\/departamentos.uleam.edu.ec\/leydetransparenciapublica\/files\/2015\/05\/Cedula_Ingresos_04-2015.pdf\">Anexo 2.-Ingresos<\/a><\/li>\n<\/ul>\n<\/li>\n<\/ul>\n<\/li>\n<li>Mayo\n<ul>\n<li><a href=\"https:\/\/departamentos.uleam.edu.ec\/leydetransparenciapublica\/files\/2015\/05\/mayo.xls\">Informaci\u00f3n Presupuestaria<\/a>\n<ul>\n<li><a href=\"https:\/\/departamentos.uleam.edu.ec\/leydetransparenciapublica\/files\/2015\/05\/Cedula_Gasto_05-2015.pdf\">Anexo 1.- Gastos<\/a><\/li>\n<li><a href=\"https:\/\/departamentos.uleam.edu.ec\/leydetransparenciapublica\/files\/2015\/05\/cedula-ingreso-05-2015.pdf\">Anexo 2.-Ingresos<\/a><\/li>\n<\/ul>\n<\/li>\n<\/ul>\n<\/li>\n<li>Junio\n<ul>\n<li><a href=\"https:\/\/departamentos.uleam.edu.ec\/leydetransparenciapublica\/files\/2015\/05\/literal-g-junio.xls\">Informaci\u00f3n Presupuestaria<\/a>\n<ul>\n<li><a href=\"https:\/\/departamentos.uleam.edu.ec\/leydetransparenciapublica\/files\/2015\/05\/C\u00e9dula-de-Gasto-Junio-2015.pdf\">Anexo 1.- Gastos<\/a><\/li>\n<li><a href=\"https:\/\/departamentos.uleam.edu.ec\/leydetransparenciapublica\/files\/2015\/05\/C\u00e9dula-de-Ingresos-Junio-2015.pdf\">Anexo 2.- Ingresos<\/a><\/li>\n<\/ul>\n<\/li>\n<\/ul>\n<\/li>\n<li>Julio\n<ul>\n<li><a href=\"https:\/\/departamentos.uleam.edu.ec\/leydetransparenciapublica\/files\/2015\/05\/ley-de-transpaencia-Mary.xls\">Informaci\u00f3n Presupuestaria<\/a>\n<ul>\n<li><a href=\"https:\/\/departamentos.uleam.edu.ec\/leydetransparenciapublica\/files\/2015\/05\/CEDULA-DE-GASTO-07-2015.pdf\">Anexo 1.- Gastos<\/a><\/li>\n<li><a href=\"https:\/\/departamentos.uleam.edu.ec\/leydetransparenciapublica\/files\/2015\/05\/INGRESOS-JULIO-2015.pdf\">Anexo 2.- Ingresos<\/a><\/li>\n<\/ul>\n<\/li>\n<\/ul>\n<\/li>\n<li>Agosto\n<ul>\n<li><a href=\"https:\/\/departamentos.uleam.edu.ec\/leydetransparenciapublica\/files\/2015\/05\/Copia-de-literal-g-Presupuesto-de-la-instituci\u00f3n-corregido.xls\">Informaci\u00f3n Presupuestaria<\/a>\n<ul>\n<li><a href=\"https:\/\/departamentos.uleam.edu.ec\/leydetransparenciapublica\/files\/2015\/05\/Copia-de-R2015-09-06_18-34-45-2.xls-correegido.xls\">Anexo 1.- Gastos<\/a><\/li>\n<li><a href=\"https:\/\/departamentos.uleam.edu.ec\/leydetransparenciapublica\/files\/2015\/05\/Copia-de-R2015-09-06_18-33-16.xls-corregido.xls\">Anexo 2.- Ingresos<\/a><\/li>\n<\/ul>\n<\/li>\n<\/ul>\n<\/li>\n<li>Septiembre\n<ul>\n<li><a href=\"https:\/\/departamentos.uleam.edu.ec\/leydetransparenciapublica\/files\/2015\/05\/ley-de-transpaencia-Mary-1.xls\">Informaci\u00f3n Presupuestaria<\/a>\n<ul>\n<li><a href=\"https:\/\/departamentos.uleam.edu.ec\/leydetransparenciapublica\/files\/2015\/05\/INGRESOS-09-2015.pdf\">Anexo 1.- Gastos<\/a><\/li>\n<li><a href=\"https:\/\/departamentos.uleam.edu.ec\/leydetransparenciapublica\/files\/2015\/05\/INGRESOS-09-2015.pdf\">Anexos 2.- Ingresos<\/a><\/li>\n<\/ul>\n<\/li>\n<\/ul>\n<\/li>\n<li>Octubre\n<ul>\n<li><a href=\"https:\/\/departamentos.uleam.edu.ec\/leydetransparenciapublica\/files\/2015\/05\/ley-de-transpaencia-Mary-2.xls\">Informaci\u00f3n Presupuestaria<\/a>\n<ul>\n<li><a href=\"https:\/\/departamentos.uleam.edu.ec\/leydetransparenciapublica\/files\/2015\/05\/GASTOS-OCTUBRE-2015-GRUPO.pdf\">Anexo 1.- Gastos<\/a><\/li>\n<li><a href=\"https:\/\/departamentos.uleam.edu.ec\/leydetransparenciapublica\/files\/2015\/05\/INGRESOS-OCTUBRE-2015.pdf\">Anexo 2.- Ingresos<\/a><\/li>\n<\/ul>\n<\/li>\n<\/ul>\n<\/li>\n<li>Noviembre<\/li>\n<li><a href=\"https:\/\/departamentos.uleam.edu.ec\/leydetransparenciapublica\/files\/2015\/05\/LITERAL-G.xls\"> Informaci\u00f3n Presupuestaria<\/a><\/li>\n<li><a href=\"https:\/\/departamentos.uleam.edu.ec\/leydetransparenciapublica\/files\/2015\/05\/GASTOS-MES-NOVIEMBRE-2015.pdf\">Anexo 1.- Gastos<\/a><\/li>\n<li><a href=\"https:\/\/departamentos.uleam.edu.ec\/leydetransparenciapublica\/files\/2015\/05\/INGRESOS-11-2015.pdf\">Anexos 2.- Ingresos<\/a><\/li>\n<\/ul>\n<p>&nbsp;<\/p>\n<ul>\n<li>Diciembre<\/li>\n<li><a href=\"https:\/\/departamentos.uleam.edu.ec\/leydetransparenciapublica\/files\/2015\/05\/Copia-de-DIC-15-LOTAIP.xlsx\">Informaci\u00f3n Presupuestaria<\/a><\/li>\n<li><a href=\"https:\/\/departamentos.uleam.edu.ec\/leydetransparenciapublica\/files\/2015\/05\/CEDULA-DE-GASTO-12-2015..pdf\">Anexo 1.- Gasto<\/a><\/li>\n<li><a href=\"https:\/\/departamentos.uleam.edu.ec\/leydetransparenciapublica\/files\/2015\/05\/CEDULA-DE-INGRESO-12-2015.pdf\">\u00a0Anexo 2.- Ingreso<\/a><\/li>\n<\/ul>\n","protected":false},"excerpt":{"rendered":"<p>Enero \u00a0Informaci\u00f3n Presupuestaria Anexo 1.- Gastos Anexo 2.-Ingresos \u00a0Febrero Informaci\u00f3n Presupuestaria Anexo 1.-Gastos Anexo 2.-Ingresos Marzo Informaci\u00f3n Presupuestaria Anexo 1.-Gastos Anexo 2.-Ingresos Abril Informaci\u00f3n Presupuestaria Anexo 1.- Gastos Anexo 2.-Ingresos Mayo Informaci\u00f3n Presupuestaria Anexo 1.- Gastos Anexo 2.-Ingresos Junio Informaci\u00f3n [&hellip;]<\/p>\n","protected":false},"author":1,"featured_media":0,"parent":556,"menu_order":0,"comment_status":"closed","ping_status":"closed","template":"","meta":{"footnotes":"","_links_to":"","_links_to_target":""},"class_list":["post-568","page","type-page","status-publish","hentry"],"_links":{"self":[{"href":"https:\/\/departamentos.uleam.edu.ec\/leydetransparenciapublica\/wp-json\/wp\/v2\/pages\/568","targetHints":{"allow":["GET"]}}],"collection":[{"href":"https:\/\/departamentos.uleam.edu.ec\/leydetransparenciapublica\/wp-json\/wp\/v2\/pages"}],"about":[{"href":"https:\/\/departamentos.uleam.edu.ec\/leydetransparenciapublica\/wp-json\/wp\/v2\/types\/page"}],"author":[{"embeddable":true,"href":"https:\/\/departamentos.uleam.edu.ec\/leydetransparenciapublica\/wp-json\/wp\/v2\/users\/1"}],"replies":[{"embeddable":true,"href":"https:\/\/departamentos.uleam.edu.ec\/leydetransparenciapublica\/wp-json\/wp\/v2\/comments?post=568"}],"version-history":[{"count":16,"href":"https:\/\/departamentos.uleam.edu.ec\/leydetransparenciapublica\/wp-json\/wp\/v2\/pages\/568\/revisions"}],"predecessor-version":[{"id":1422,"href":"https:\/\/departamentos.uleam.edu.ec\/leydetransparenciapublica\/wp-json\/wp\/v2\/pages\/568\/revisions\/1422"}],"up":[{"embeddable":true,"href":"https:\/\/departamentos.uleam.edu.ec\/leydetransparenciapublica\/wp-json\/wp\/v2\/pages\/556"}],"wp:attachment":[{"href":"https:\/\/departamentos.uleam.edu.ec\/leydetransparenciapublica\/wp-json\/wp\/v2\/media?parent=568"}],"curies":[{"name":"wp","href":"https:\/\/api.w.org\/{rel}","templated":true}]}}