{"id":614,"date":"2015-06-03T21:19:53","date_gmt":"2015-06-03T21:19:53","guid":{"rendered":"http:\/\/departamentos.uleam.edu.ec\/leydetransparenciapublica\/?page_id=614"},"modified":"2016-02-02T20:07:57","modified_gmt":"2016-02-02T20:07:57","slug":"literal-k","status":"publish","type":"page","link":"https:\/\/departamentos.uleam.edu.ec\/leydetransparenciapublica\/informacion-publica-2015-2\/literal-k\/","title":{"rendered":"Literal K"},"content":{"rendered":"<p>Enero<\/p>\n<ul>\n<li><a href=\"https:\/\/departamentos.uleam.edu.ec\/leydetransparenciapublica\/files\/2015\/06\/1literal-k-Planes-y-programas-en-ejecuci\u00f3n_enero.xls\">Planes y Programas en Ejecuci\u00f3n<\/a><\/li>\n<\/ul>\n<p>Febrero<\/p>\n<ul>\n<li><a href=\"https:\/\/departamentos.uleam.edu.ec\/leydetransparenciapublica\/files\/2015\/06\/2literal-k-Planes-y-programas-en-ejecuci\u00f3n_febrero.xls\">Planes y Programas en Ejecuci\u00f3n<\/a><\/li>\n<\/ul>\n<p>Marzo<\/p>\n<ul>\n<li><a href=\"https:\/\/departamentos.uleam.edu.ec\/leydetransparenciapublica\/files\/2015\/06\/3literal-k-Planes-y-programas-en-ejecuci\u00f3n_marzo.xls\">Planes y Programas en Ejecuci\u00f3n<\/a><\/li>\n<\/ul>\n<p>Abril<\/p>\n<ul>\n<li><a href=\"https:\/\/departamentos.uleam.edu.ec\/leydetransparenciapublica\/files\/2015\/06\/4literal-k-Planes-y-programas-en-ejecuci\u00f3n_abril.xls\">Planes y Programas en Ejecuci\u00f3n<\/a><\/li>\n<\/ul>\n<p>Mayo<\/p>\n<ul>\n<li><a href=\"https:\/\/departamentos.uleam.edu.ec\/leydetransparenciapublica\/files\/2015\/06\/Copia-de-literal-k-Planes-y-programas-en-ejecuci\u00f3n-mes-de-mayo-1.xls\">\u00a0Planes y Programas en Ejecuci\u00f3n\u00a0<\/a><\/li>\n<\/ul>\n<p>Junio<\/p>\n<ul>\n<li><a href=\"https:\/\/departamentos.uleam.edu.ec\/leydetransparenciapublica\/files\/2015\/06\/literal-k-Planes-y-programas-en-ejecuci\u00f3n-mes-de-JUNIO1.xls\">Planes y Programas en ejecuci\u00f3n<\/a><\/li>\n<\/ul>\n<p>Julio<\/p>\n<ul>\n<li><a href=\"https:\/\/departamentos.uleam.edu.ec\/leydetransparenciapublica\/files\/2015\/06\/literal-k-Planes-y-programas-en-ejecuci-\u00a6n-mes-de-JULIO-.xls\">Planes y Programas en ejecuci\u00f3n<\/a><\/li>\n<\/ul>\n<p>Agosto<\/p>\n<ul>\n<li><a href=\"https:\/\/departamentos.uleam.edu.ec\/leydetransparenciapublica\/files\/2015\/06\/Literal-k-Institucional_Planeamiento_agosto.xls\">Planes y Programas en ejecuci\u00f3n<\/a><\/li>\n<\/ul>\n<p>Septiembre<\/p>\n<ul>\n<li><a href=\"https:\/\/departamentos.uleam.edu.ec\/leydetransparenciapublica\/files\/2015\/06\/Matriz-K-mes-de-Septiembre.xls\">Planes y Progrmas en ejecuci\u00f3n <\/a><\/li>\n<\/ul>\n<p>Octubre<\/p>\n<ul>\n<li><a href=\"https:\/\/departamentos.uleam.edu.ec\/leydetransparenciapublica\/files\/2015\/06\/Copia-de-Matriz-K-mes-de-Septiembre.xls\">Planes y Programas en ejecuci\u00f3n<\/a><\/li>\n<\/ul>\n<p>Noviembre<\/p>\n<ul>\n<li><a href=\"https:\/\/departamentos.uleam.edu.ec\/leydetransparenciapublica\/files\/2015\/06\/Copia-de-literal-k-Planes-y-programas-en-ejecuci\u00f3n-mes-de-noviembre_2015_15h40.xls\">Planes y programas en ejecuci\u00f3n<\/a><\/li>\n<\/ul>\n<p>Diciembre<\/p>\n<ul>\n<li><a href=\"https:\/\/departamentos.uleam.edu.ec\/leydetransparenciapublica\/files\/2015\/06\/Copia-de-literal-k-Planes-y-programas-en-ejecuci\u00f3n-mes-de-diciembre_2015.xls\">Planes y programas en ejecuci\u00f3n<\/a><\/li>\n<\/ul>\n","protected":false},"excerpt":{"rendered":"<p>Enero Planes y Programas en Ejecuci\u00f3n Febrero Planes y Programas en Ejecuci\u00f3n Marzo Planes y Programas en Ejecuci\u00f3n Abril Planes y Programas en Ejecuci\u00f3n Mayo \u00a0Planes y Programas en Ejecuci\u00f3n\u00a0 Junio Planes y Programas en ejecuci\u00f3n Julio Planes y Programas [&hellip;]<\/p>\n","protected":false},"author":1,"featured_media":0,"parent":556,"menu_order":0,"comment_status":"closed","ping_status":"closed","template":"","meta":{"footnotes":"","_links_to":"","_links_to_target":""},"class_list":["post-614","page","type-page","status-publish","hentry"],"_links":{"self":[{"href":"https:\/\/departamentos.uleam.edu.ec\/leydetransparenciapublica\/wp-json\/wp\/v2\/pages\/614","targetHints":{"allow":["GET"]}}],"collection":[{"href":"https:\/\/departamentos.uleam.edu.ec\/leydetransparenciapublica\/wp-json\/wp\/v2\/pages"}],"about":[{"href":"https:\/\/departamentos.uleam.edu.ec\/leydetransparenciapublica\/wp-json\/wp\/v2\/types\/page"}],"author":[{"embeddable":true,"href":"https:\/\/departamentos.uleam.edu.ec\/leydetransparenciapublica\/wp-json\/wp\/v2\/users\/1"}],"replies":[{"embeddable":true,"href":"https:\/\/departamentos.uleam.edu.ec\/leydetransparenciapublica\/wp-json\/wp\/v2\/comments?post=614"}],"version-history":[{"count":14,"href":"https:\/\/departamentos.uleam.edu.ec\/leydetransparenciapublica\/wp-json\/wp\/v2\/pages\/614\/revisions"}],"predecessor-version":[{"id":1502,"href":"https:\/\/departamentos.uleam.edu.ec\/leydetransparenciapublica\/wp-json\/wp\/v2\/pages\/614\/revisions\/1502"}],"up":[{"embeddable":true,"href":"https:\/\/departamentos.uleam.edu.ec\/leydetransparenciapublica\/wp-json\/wp\/v2\/pages\/556"}],"wp:attachment":[{"href":"https:\/\/departamentos.uleam.edu.ec\/leydetransparenciapublica\/wp-json\/wp\/v2\/media?parent=614"}],"curies":[{"name":"wp","href":"https:\/\/api.w.org\/{rel}","templated":true}]}}