{"id":657,"date":"2015-06-09T21:10:44","date_gmt":"2015-06-09T21:10:44","guid":{"rendered":"http:\/\/departamentos.uleam.edu.ec\/leydetransparenciapublica\/?page_id=657"},"modified":"2016-02-01T15:30:01","modified_gmt":"2016-02-01T15:30:01","slug":"literal-o-informacion-publica-archivo-central","status":"publish","type":"page","link":"https:\/\/departamentos.uleam.edu.ec\/leydetransparenciapublica\/informacion-publica-2015-2\/literal-o-informacion-publica-archivo-central\/","title":{"rendered":"Literal O  Informaci\u00f3n P\u00fablica.-Archivo Central"},"content":{"rendered":"<p>Enero<\/p>\n<ul>\n<li><a href=\"https:\/\/departamentos.uleam.edu.ec\/leydetransparenciapublica\/files\/2015\/06\/LITERAL-O-ENERO-1.xlsx\">\u00a0El nombre, direcci\u00f3n de la oficina, apartado postal y direcci\u00f3n electr\u00f3nica del responsable de atender la informaci\u00f3n p\u00fablica de que trata esta Ley<\/a><\/li>\n<\/ul>\n<p>Febrero<\/p>\n<ul>\n<li><a href=\"https:\/\/departamentos.uleam.edu.ec\/leydetransparenciapublica\/files\/2015\/06\/LITERAL-O-FEBRERO-1.xlsx\">El nombre, direcci\u00f3n de la oficina, apartado postal y direcci\u00f3n electr\u00f3nica del responsable de atender la informaci\u00f3n p\u00fablica de que trata esta Ley<\/a><\/li>\n<\/ul>\n<p>Marzo<\/p>\n<ul>\n<li><a href=\"https:\/\/departamentos.uleam.edu.ec\/leydetransparenciapublica\/files\/2015\/06\/LITERAL-O-MARZO.xlsx\">El nombre, direcci\u00f3n de la oficina, apartado postal y direcci\u00f3n electr\u00f3nica del responsable de atender la informaci\u00f3n p\u00fablica de que trata esta Ley<\/a><\/li>\n<\/ul>\n<p>Abril<\/p>\n<ul>\n<li><a href=\"https:\/\/departamentos.uleam.edu.ec\/leydetransparenciapublica\/files\/2015\/06\/LITERAL-O-ABRIL.xlsx\">El nombre, direcci\u00f3n de la oficina, apartado postal y direcci\u00f3n electr\u00f3nica del responsable de atender la informaci\u00f3n p\u00fablica de que trata esta Ley<\/a><\/li>\n<\/ul>\n<p>Mayo<\/p>\n<ul>\n<li><a href=\"https:\/\/departamentos.uleam.edu.ec\/leydetransparenciapublica\/files\/2015\/06\/LITERAL-O-MAYO-.xlsx\">El nombre, direcci\u00f3n de la oficina, apartado postal y direcci\u00f3n electr\u00f3nica del responsable de atender la informaci\u00f3n p\u00fablica de que trata esta Ley<\/a><\/li>\n<\/ul>\n<p>Junio<\/p>\n<ul>\n<li><a href=\"https:\/\/departamentos.uleam.edu.ec\/leydetransparenciapublica\/files\/2015\/06\/LITERAL-O-JUNIO-.xlsx\">El nombre, direcci\u00f3n de la oficina, apartado postal y direcci\u00f3n electr\u00f3nica del responsable de atender la informaci\u00f3n p\u00fablica de que trata esta Ley<\/a><\/li>\n<\/ul>\n<p>Julio<\/p>\n<ul>\n<li><a href=\"https:\/\/departamentos.uleam.edu.ec\/leydetransparenciapublica\/files\/2015\/06\/LITERAL-O-JULIO-.xlsx\">El nombre, direcci\u00f3n de la oficina, apartado postal y direcci\u00f3n electr\u00f3nica del responsable de atender la informaci\u00f3n p\u00fablica de que trata esta ley<\/a><\/li>\n<\/ul>\n<p>Agosto<\/p>\n<ul>\n<li><a href=\"https:\/\/departamentos.uleam.edu.ec\/leydetransparenciapublica\/files\/2015\/06\/LITERAL-O-AGOSTO-.xlsx\">El nombre, direcci\u00f3n de la oficina, apartado postal y direcci\u00f3n electr\u00f3nica del responsable de atender la informaci\u00f3n p\u00fablica de que trata esta ley<\/a><\/li>\n<\/ul>\n<p>Septiembre<\/p>\n<ul>\n<li><a href=\"https:\/\/departamentos.uleam.edu.ec\/leydetransparenciapublica\/files\/2015\/06\/LITERAL-O-A-SEPTIEMBRE-.xlsx\">El nombre, direcci\u00f3n de la oficina, apartado postal y direcci\u00f3n electr\u00f3nica del responsable de atender la informaci\u00f3n p\u00fablica de que trata esta ley<\/a><\/li>\n<\/ul>\n<p>Octubre<\/p>\n<ul>\n<li><a href=\"https:\/\/departamentos.uleam.edu.ec\/leydetransparenciapublica\/files\/2015\/06\/LITERAL-O-A-OCTUBRE-.xlsx\">El nombre, direcci\u00f3n de la oficina, apartado postal y direcci\u00f3n electr\u00f3nica del responsable de atender la informaci\u00f3n p\u00fablica de que trata esta ley<\/a><\/li>\n<\/ul>\n<p>Noviembre<\/p>\n<ul>\n<li><a href=\"https:\/\/departamentos.uleam.edu.ec\/leydetransparenciapublica\/files\/2015\/06\/Copia-de-literal-o-Responsable-de-atender-la-informaci\u00f3n-p\u00fablica.xls\">El nombre, direcci\u00f3n de la oficina, apartado postal y direcci\u00f3n electr\u00f3nica del responsable de atender la informaci\u00f3n p\u00fablica de que trata esta ley<\/a><\/li>\n<\/ul>\n<p>Diciembre<\/p>\n<ul>\n<li><a href=\"https:\/\/departamentos.uleam.edu.ec\/leydetransparenciapublica\/files\/2015\/06\/Copia-de-literal-o-Responsable-de-atender-la-informaci\u00f3n-p\u00fablica1.xls\">\u00a0El nombre, direcci\u00f3n de la oficina, apartado postal y direcci\u00f3n electr\u00f3nica del rresponsable de atender la informaci\u00f3n p\u00fablica de que trata la ley<\/a><\/li>\n<\/ul>\n","protected":false},"excerpt":{"rendered":"<p>Enero \u00a0El nombre, direcci\u00f3n de la oficina, apartado postal y direcci\u00f3n electr\u00f3nica del responsable de atender la informaci\u00f3n p\u00fablica de que trata esta Ley Febrero El nombre, direcci\u00f3n de la oficina, apartado postal y direcci\u00f3n electr\u00f3nica del responsable de atender [&hellip;]<\/p>\n","protected":false},"author":1,"featured_media":0,"parent":556,"menu_order":0,"comment_status":"closed","ping_status":"closed","template":"","meta":{"footnotes":"","_links_to":"","_links_to_target":""},"class_list":["post-657","page","type-page","status-publish","hentry"],"_links":{"self":[{"href":"https:\/\/departamentos.uleam.edu.ec\/leydetransparenciapublica\/wp-json\/wp\/v2\/pages\/657","targetHints":{"allow":["GET"]}}],"collection":[{"href":"https:\/\/departamentos.uleam.edu.ec\/leydetransparenciapublica\/wp-json\/wp\/v2\/pages"}],"about":[{"href":"https:\/\/departamentos.uleam.edu.ec\/leydetransparenciapublica\/wp-json\/wp\/v2\/types\/page"}],"author":[{"embeddable":true,"href":"https:\/\/departamentos.uleam.edu.ec\/leydetransparenciapublica\/wp-json\/wp\/v2\/users\/1"}],"replies":[{"embeddable":true,"href":"https:\/\/departamentos.uleam.edu.ec\/leydetransparenciapublica\/wp-json\/wp\/v2\/comments?post=657"}],"version-history":[{"count":10,"href":"https:\/\/departamentos.uleam.edu.ec\/leydetransparenciapublica\/wp-json\/wp\/v2\/pages\/657\/revisions"}],"predecessor-version":[{"id":1406,"href":"https:\/\/departamentos.uleam.edu.ec\/leydetransparenciapublica\/wp-json\/wp\/v2\/pages\/657\/revisions\/1406"}],"up":[{"embeddable":true,"href":"https:\/\/departamentos.uleam.edu.ec\/leydetransparenciapublica\/wp-json\/wp\/v2\/pages\/556"}],"wp:attachment":[{"href":"https:\/\/departamentos.uleam.edu.ec\/leydetransparenciapublica\/wp-json\/wp\/v2\/media?parent=657"}],"curies":[{"name":"wp","href":"https:\/\/api.w.org\/{rel}","templated":true}]}}