{"id":75,"date":"2013-07-05T15:56:07","date_gmt":"2013-07-05T15:56:07","guid":{"rendered":"http:\/\/departamentos.uleam.edu.ec\/leydetransparenciapublica\/?page_id=75"},"modified":"2022-09-06T17:39:38","modified_gmt":"2022-09-06T17:39:38","slug":"o-responsable-de-la-informacion","status":"publish","type":"page","link":"https:\/\/departamentos.uleam.edu.ec\/leydetransparenciapublica\/informacion-general\/o-responsable-de-la-informacion\/","title":{"rendered":"Responsable de la Informaci\u00f3n"},"content":{"rendered":"<h3 style=\"text-align: center\"><strong>DIRECCI\u00d3N DE PROCURADUR\u00cdA GENERAL ULEAM<\/strong><\/h3>\n<p style=\"text-align: center\">Abg. H\u00e9ctor Ordo\u00f1ez Chancay Mg.<\/p>\n<p style=\"text-align: center\"><strong>Procurador Fiscal <\/strong><\/p>\n<p style=\"text-align: center\"><strong>Direcci\u00f3n:<\/strong> V\u00eda Circunvalaci\u00f3n &#8211; San Mateo\u00a0\u00a0 <strong>Tel\u00e9fono:<\/strong> 052622-574 Ext.270<\/p>\n<p style=\"text-align: center\"><strong>e-mail: hector.ordo\u00f1ez@uleam.edu.ec\u00a0<\/strong><\/p>\n<table>\n<tbody>\n<tr>\n<td><\/td>\n<\/tr>\n<\/tbody>\n<\/table>\n<p style=\"text-align: center\">procuraduria@uleam.edu.ec<\/p>\n","protected":false},"excerpt":{"rendered":"<p>DIRECCI\u00d3N DE PROCURADUR\u00cdA GENERAL ULEAM Abg. H\u00e9ctor Ordo\u00f1ez Chancay Mg. Procurador Fiscal Direcci\u00f3n: V\u00eda Circunvalaci\u00f3n &#8211; San Mateo\u00a0\u00a0 Tel\u00e9fono: 052622-574 Ext.270 e-mail: hector.ordo\u00f1ez@uleam.edu.ec\u00a0 procuraduria@uleam.edu.ec<\/p>\n","protected":false},"author":2,"featured_media":0,"parent":44,"menu_order":0,"comment_status":"closed","ping_status":"closed","template":"","meta":{"footnotes":"","_links_to":"","_links_to_target":""},"class_list":["post-75","page","type-page","status-publish","hentry"],"_links":{"self":[{"href":"https:\/\/departamentos.uleam.edu.ec\/leydetransparenciapublica\/wp-json\/wp\/v2\/pages\/75","targetHints":{"allow":["GET"]}}],"collection":[{"href":"https:\/\/departamentos.uleam.edu.ec\/leydetransparenciapublica\/wp-json\/wp\/v2\/pages"}],"about":[{"href":"https:\/\/departamentos.uleam.edu.ec\/leydetransparenciapublica\/wp-json\/wp\/v2\/types\/page"}],"author":[{"embeddable":true,"href":"https:\/\/departamentos.uleam.edu.ec\/leydetransparenciapublica\/wp-json\/wp\/v2\/users\/2"}],"replies":[{"embeddable":true,"href":"https:\/\/departamentos.uleam.edu.ec\/leydetransparenciapublica\/wp-json\/wp\/v2\/comments?post=75"}],"version-history":[{"count":9,"href":"https:\/\/departamentos.uleam.edu.ec\/leydetransparenciapublica\/wp-json\/wp\/v2\/pages\/75\/revisions"}],"predecessor-version":[{"id":7217,"href":"https:\/\/departamentos.uleam.edu.ec\/leydetransparenciapublica\/wp-json\/wp\/v2\/pages\/75\/revisions\/7217"}],"up":[{"embeddable":true,"href":"https:\/\/departamentos.uleam.edu.ec\/leydetransparenciapublica\/wp-json\/wp\/v2\/pages\/44"}],"wp:attachment":[{"href":"https:\/\/departamentos.uleam.edu.ec\/leydetransparenciapublica\/wp-json\/wp\/v2\/media?parent=75"}],"curies":[{"name":"wp","href":"https:\/\/api.w.org\/{rel}","templated":true}]}}