{"id":9078,"date":"2024-09-05T14:48:15","date_gmt":"2024-09-05T14:48:15","guid":{"rendered":"https:\/\/departamentos.uleam.edu.ec\/leydetransparenciapublica\/?page_id=9078"},"modified":"2024-09-05T14:50:41","modified_gmt":"2024-09-05T14:50:41","slug":"rendicion-de-cuentas-2019","status":"publish","type":"page","link":"https:\/\/departamentos.uleam.edu.ec\/leydetransparenciapublica\/rendicion-de-cuentas-2019\/","title":{"rendered":"Rendici\u00f3n de Cuentas 2019"},"content":{"rendered":"\n<p><strong>Fase 0<\/strong><\/p>\n\n\n\n<ul class=\"wp-block-list\">\n<li><a href=\"https:\/\/departamentos.uleam.edu.ec\/leydetransparenciapublica\/files\/2020\/12\/Autorizaci%C3%B3n-de-inicio-del-proceso-de-rendici%C3%B3n-de-cuentas-2019.-1.pdf\">Autorizaci\u00f3n de inicio del proceso de rendici\u00f3n de cuentas 2019.<\/a><\/li>\n\n\n\n<li><a href=\"https:\/\/departamentos.uleam.edu.ec\/leydetransparenciapublica\/files\/2020\/12\/Dise%C3%B1o-de-la-propuesta-del-proceso-de-rendici%C3%B3n-de-cuentas-2019.pdf\">Dise\u00f1o de la propuesta del proceso de rendici\u00f3n de cuentas 2019<\/a><\/li>\n\n\n\n<li><a href=\"https:\/\/departamentos.uleam.edu.ec\/leydetransparenciapublica\/files\/2020\/12\/Equipo-responsable-y-apoyo-t%C3%A9cnico-de-la-rendici%C3%B3n-de-cuentas-2019.pdf\">Equipo responsable y apoyo t\u00e9cnico de la rendici\u00f3n de cuentas-2019<\/a><\/li>\n<\/ul>\n\n\n\n<p><strong>Fase 1<\/strong><\/p>\n\n\n\n<ul class=\"wp-block-list\">\n<li><a href=\"https:\/\/departamentos.uleam.edu.ec\/leydetransparenciapublica\/files\/2020\/12\/Evaluaci%C3%B3n-de-la-gesti%C3%B3n-institucional_2019.pdf\">Evaluaci\u00f3n de la gesti\u00f3n institucional_2019<\/a><\/li>\n\n\n\n<li><a href=\"https:\/\/departamentos.uleam.edu.ec\/leydetransparenciapublica\/files\/2020\/12\/Formulario-de-R.C-Formulario-CPCCS.pdf\">Formulario de R.C- Formulario CPCCS<\/a><\/li>\n\n\n\n<li><a href=\"https:\/\/departamentos.uleam.edu.ec\/leydetransparenciapublica\/files\/2020\/12\/Informe_Rendici%C3%B3n_Cuentas_2019_versi%C3%B3n_21.pdf\">Informe_Rendici\u00f3n_Cuentas_2019_versi\u00f3n_21<\/a><\/li>\n\n\n\n<li><a href=\"https:\/\/departamentos.uleam.edu.ec\/leydetransparenciapublica\/files\/2020\/12\/Lista-de-invitados-e-invitaci%C3%B3n-al-evento-de-Rendici%C3%B3n-de-Cuentas-2019.pdf\">Lista de invitados e invitaci\u00f3n al evento de Rendici\u00f3n de Cuentas 2019<\/a><\/li>\n<\/ul>\n\n\n\n<p><strong>Fase 2<\/strong><\/p>\n\n\n\n<ul class=\"wp-block-list\">\n<li><a href=\"https:\/\/departamentos.uleam.edu.ec\/leydetransparenciapublica\/files\/2020\/12\/Informe-de-asistencia-al-evento-de-Rendici%C3%B3n-de-Cuentas-2019.pdf\">Informe de asistencia al evento de Rendici\u00f3n de Cuentas 2019<\/a><\/li>\n\n\n\n<li><a href=\"https:\/\/departamentos.uleam.edu.ec\/leydetransparenciapublica\/files\/2020\/12\/Incorporaci%C3%B3n-de-los-aportes-ciudadanos-en-el-informe-de-rendici%C3%B3n-de-cuentas-2019.pdf\">Incorporaci\u00f3n de los aportes ciudadanos en el informe de rendici\u00f3n de cuentas 2019<\/a><\/li>\n\n\n\n<li><a href=\"https:\/\/departamentos.uleam.edu.ec\/leydetransparenciapublica\/files\/2020\/12\/Informe-de-difusi%C3%B3n-de-eventos-de-Rendici%C3%B3n-de-cuentas-2019.pdf\">Informe-de-difusi\u00f3n-de-eventos-de-Rendici\u00f3n-de-cuentas-2019<\/a><\/li>\n\n\n\n<li><a href=\"https:\/\/departamentos.uleam.edu.ec\/leydetransparenciapublica\/files\/2020\/12\/Realizaci%C3%B3n-del-evento-videoc%C3%A1psula-y-fotos.pdf\">Realizaci\u00f3n del evento \u2013 video,c\u00e1psula y fotos<\/a><\/li>\n\n\n\n<li><a href=\"https:\/\/departamentos.uleam.edu.ec\/leydetransparenciapublica\/files\/2020\/10\/Informe-de-difusi%C3%B3n-de-eventos-de-Rendici%C3%B3n-de-cuentas-2019.pdf\">Informe de difusi\u00f3n de eventos de Rendici\u00f3n de cuentas 2019<\/a><\/li>\n\n\n\n<li><a href=\"https:\/\/departamentos.uleam.edu.ec\/leydetransparenciapublica\/files\/2020\/10\/Presentaci%C3%B3n-Informe-de-Rendici%C3%B3n-de-cuentas-2019.pdf\">Presentaci\u00f3n Informe de Rendici\u00f3n de cuentas 2019<\/a><\/li>\n\n\n\n<li>&nbsp;<a href=\"https:\/\/www.youtube.com\/watch?v=q_RNywS-aNg\">Trasmisi\u00f3n en vivo de la Audiencia Publica de Rendici\u00f3n de cuentas Uleam 2019&nbsp;<\/a><\/li>\n\n\n\n<li><a href=\"https:\/\/www.youtube.com\/watch?v=tBxrUqZNwEc\">C\u00e1psula del evento de rendici\u00f3n de cuentas 2019&nbsp;<\/a><\/li>\n<\/ul>\n\n\n\n<p>Galer\u00eda de fotos de la Audiencia P\u00fablica de&nbsp; Rendici\u00f3n de cuentas Uleam 2019<\/p>\n\n\n\n<figure class=\"wp-block-image\"><a href=\"https:\/\/departamentos.uleam.edu.ec\/leydetransparenciapublica\/files\/2020\/10\/caa900d9-e803-44c6-875d-26fe13dc630b.jpg\"><img decoding=\"async\" src=\"https:\/\/departamentos.uleam.edu.ec\/leydetransparenciapublica\/files\/2020\/10\/caa900d9-e803-44c6-875d-26fe13dc630b-300x225.jpg\" alt=\"\"\/><\/a><\/figure>\n\n\n\n<figure class=\"wp-block-image\"><a href=\"https:\/\/departamentos.uleam.edu.ec\/leydetransparenciapublica\/files\/2020\/10\/d2fa6e9d-9326-490e-9152-666dbb697b23.jpg\"><img decoding=\"async\" src=\"https:\/\/departamentos.uleam.edu.ec\/leydetransparenciapublica\/files\/2020\/10\/d2fa6e9d-9326-490e-9152-666dbb697b23-300x169.jpg\" alt=\"\"\/><\/a><\/figure>\n\n\n\n<figure class=\"wp-block-image\"><a href=\"https:\/\/departamentos.uleam.edu.ec\/leydetransparenciapublica\/files\/2020\/10\/f40be9cc-7557-4b95-80b8-482fdc7c944f.jpg\"><img decoding=\"async\" src=\"https:\/\/departamentos.uleam.edu.ec\/leydetransparenciapublica\/files\/2020\/10\/f40be9cc-7557-4b95-80b8-482fdc7c944f-300x93.jpg\" alt=\"\"\/><\/a><\/figure>\n\n\n\n<figure class=\"wp-block-image\"><a href=\"https:\/\/departamentos.uleam.edu.ec\/leydetransparenciapublica\/files\/2020\/10\/9f8d8a14-c4cf-4fdf-989b-94a6bac9d5fc.jpg\"><img decoding=\"async\" src=\"https:\/\/departamentos.uleam.edu.ec\/leydetransparenciapublica\/files\/2020\/10\/9f8d8a14-c4cf-4fdf-989b-94a6bac9d5fc-300x169.jpg\" alt=\"\"\/><\/a><\/figure>\n\n\n\n<figure class=\"wp-block-image\"><a href=\"https:\/\/departamentos.uleam.edu.ec\/leydetransparenciapublica\/files\/2020\/10\/25adc5e4-0eae-4ffc-a5dc-11cd8671aaea.jpg\"><img decoding=\"async\" src=\"https:\/\/departamentos.uleam.edu.ec\/leydetransparenciapublica\/files\/2020\/10\/25adc5e4-0eae-4ffc-a5dc-11cd8671aaea-300x169.jpg\" alt=\"\"\/><\/a><\/figure>\n\n\n\n<figure class=\"wp-block-image\"><a href=\"https:\/\/departamentos.uleam.edu.ec\/leydetransparenciapublica\/files\/2020\/10\/346b0057-21cf-42d9-b418-8566791d2a26.jpg\"><img decoding=\"async\" src=\"https:\/\/departamentos.uleam.edu.ec\/leydetransparenciapublica\/files\/2020\/10\/346b0057-21cf-42d9-b418-8566791d2a26-300x225.jpg\" alt=\"\"\/><\/a><\/figure>\n\n\n\n<figure class=\"wp-block-image\"><a href=\"https:\/\/departamentos.uleam.edu.ec\/leydetransparenciapublica\/files\/2020\/10\/a22fd245-5ef2-4e66-a308-d1fdfc3c37d2.jpg\"><img decoding=\"async\" src=\"https:\/\/departamentos.uleam.edu.ec\/leydetransparenciapublica\/files\/2020\/10\/a22fd245-5ef2-4e66-a308-d1fdfc3c37d2-300x169.jpg\" alt=\"\"\/><\/a><\/figure>\n\n\n\n<figure class=\"wp-block-image\"><a href=\"https:\/\/departamentos.uleam.edu.ec\/leydetransparenciapublica\/files\/2020\/10\/d6e363eb-85fb-4226-aa19-8999b7b557d8.jpg\"><img decoding=\"async\" src=\"https:\/\/departamentos.uleam.edu.ec\/leydetransparenciapublica\/files\/2020\/10\/d6e363eb-85fb-4226-aa19-8999b7b557d8-300x169.jpg\" alt=\"\"\/><\/a><\/figure>\n\n\n\n<p>Fase 3<\/p>\n\n\n\n<ul class=\"wp-block-list\">\n<li><a href=\"https:\/\/departamentos.uleam.edu.ec\/leydetransparenciapublica\/files\/2020\/12\/Correo-finalizaci%C3%B3n-del-proceso-Formulario-rendici%C3%B3n-de-Cuentas-2019-CPCCS.pdf\">Correo finalizaci\u00f3n del proceso Formulario rendici\u00f3n de Cuentas 2019-CPCCS<\/a><\/li>\n\n\n\n<li><a href=\"https:\/\/departamentos.uleam.edu.ec\/leydetransparenciapublica\/files\/2020\/12\/Formulario-de-Rendici%C3%B3n-de-Cuentas-Uleam-periodo-2019-CPCCS.pdf\">Formulario de Rendici\u00f3n de Cuentas Uleam periodo 2019 \u2013 CPCCS<\/a><\/li>\n<\/ul>\n\n\n\n<p>Fase 4<\/p>\n\n\n\n<ul class=\"wp-block-list\">\n<li><a href=\"https:\/\/bit.ly\/3mNBcL7\">Formulario de sugerencias o aportes ciudadanos&nbsp;<\/a><\/li>\n<\/ul>\n","protected":false},"excerpt":{"rendered":"<p>Fase 0 Fase 1 Fase 2 Galer\u00eda de fotos de la Audiencia P\u00fablica de&nbsp; Rendici\u00f3n de cuentas Uleam 2019 Fase 3 Fase 4<\/p>\n","protected":false},"author":47,"featured_media":0,"parent":0,"menu_order":0,"comment_status":"closed","ping_status":"closed","template":"","meta":{"footnotes":"","_links_to":"","_links_to_target":""},"class_list":["post-9078","page","type-page","status-publish","hentry"],"_links":{"self":[{"href":"https:\/\/departamentos.uleam.edu.ec\/leydetransparenciapublica\/wp-json\/wp\/v2\/pages\/9078","targetHints":{"allow":["GET"]}}],"collection":[{"href":"https:\/\/departamentos.uleam.edu.ec\/leydetransparenciapublica\/wp-json\/wp\/v2\/pages"}],"about":[{"href":"https:\/\/departamentos.uleam.edu.ec\/leydetransparenciapublica\/wp-json\/wp\/v2\/types\/page"}],"author":[{"embeddable":true,"href":"https:\/\/departamentos.uleam.edu.ec\/leydetransparenciapublica\/wp-json\/wp\/v2\/users\/47"}],"replies":[{"embeddable":true,"href":"https:\/\/departamentos.uleam.edu.ec\/leydetransparenciapublica\/wp-json\/wp\/v2\/comments?post=9078"}],"version-history":[{"count":2,"href":"https:\/\/departamentos.uleam.edu.ec\/leydetransparenciapublica\/wp-json\/wp\/v2\/pages\/9078\/revisions"}],"predecessor-version":[{"id":9086,"href":"https:\/\/departamentos.uleam.edu.ec\/leydetransparenciapublica\/wp-json\/wp\/v2\/pages\/9078\/revisions\/9086"}],"wp:attachment":[{"href":"https:\/\/departamentos.uleam.edu.ec\/leydetransparenciapublica\/wp-json\/wp\/v2\/media?parent=9078"}],"curies":[{"name":"wp","href":"https:\/\/api.w.org\/{rel}","templated":true}]}}