{"id":9079,"date":"2024-09-05T14:48:32","date_gmt":"2024-09-05T14:48:32","guid":{"rendered":"https:\/\/departamentos.uleam.edu.ec\/leydetransparenciapublica\/?page_id=9079"},"modified":"2024-09-06T22:32:05","modified_gmt":"2024-09-06T22:32:05","slug":"rendicion-de-cuentas-2020","status":"publish","type":"page","link":"https:\/\/departamentos.uleam.edu.ec\/leydetransparenciapublica\/rendicion-de-cuentas-2020\/","title":{"rendered":"Rendici\u00f3n de Cuentas 2020"},"content":{"rendered":"\n<p><strong>FASE 0&nbsp;<\/strong><\/p>\n\n\n\n<p><a href=\"https:\/\/departamentos.uleam.edu.ec\/leydetransparenciapublica\/files\/2021\/06\/Autorizacion-inicio-del-proceso-de-Rendicion-de-Cuentas-2020.pdf\">Autorizaci\u00f3n inicio del proceso de Rendici\u00f3n de Cuentas 2020<\/a><\/p>\n\n\n\n<p><a href=\"https:\/\/departamentos.uleam.edu.ec\/leydetransparenciapublica\/files\/2021\/06\/Cronograma-proceso-de-rendicion-de-cuentas-2020.pdf\">Cronograma proceso de rendici\u00f3n de cuentas 2020<\/a><\/p>\n\n\n\n<p><a href=\"https:\/\/departamentos.uleam.edu.ec\/leydetransparenciapublica\/files\/2021\/06\/Presentacion-del-Equipo-Tecnico-de-Rendicion-de-Cuentas-2020.pdf\">Presentaci\u00f3n del Equipo T\u00e9cnico de Rendici\u00f3n de Cuentas 2020<\/a><\/p>\n\n\n\n<p><strong>FASE 1&nbsp;<\/strong><\/p>\n\n\n\n<p><a href=\"https:\/\/departamentos.uleam.edu.ec\/leydetransparenciapublica\/files\/2021\/06\/Evaluacion-de-la-gestion-institucional-2020.pdf\">Evaluaci\u00f3n de la gesti\u00f3n institucional 2020<\/a><\/p>\n\n\n\n<p><a href=\"https:\/\/departamentos.uleam.edu.ec\/leydetransparenciapublica\/files\/2021\/06\/Formularios-de-Rendicion-de-Cuentas-2020-InstitutosdeEducacion.pdf\">Formularios de Rendici\u00f3n de Cuentas 2020-InstitutosdeEducacion<\/a><\/p>\n\n\n\n<p><a href=\"https:\/\/departamentos.uleam.edu.ec\/leydetransparenciapublica\/files\/2021\/06\/Informe_Rendicion_Cuentas_2020.pdf\">Informe_Rendici\u00f3n_Cuentas_2020<\/a><\/p>\n\n\n\n<p>Invitaci\u00f3n<\/p>\n\n\n\n<figure class=\"wp-block-image\"><a href=\"https:\/\/departamentos.uleam.edu.ec\/leydetransparenciapublica\/files\/2021\/06\/Invitacion-al-evento-de-Rendicion-de-Cuentas-2020.jpg\"><img decoding=\"async\" src=\"https:\/\/departamentos.uleam.edu.ec\/leydetransparenciapublica\/files\/2021\/06\/Invitacion-al-evento-de-Rendicion-de-Cuentas-2020-300x171.jpg\" alt=\"\"\/><\/a><\/figure>\n\n\n\n<p><a href=\"https:\/\/departamentos.uleam.edu.ec\/leydetransparenciapublica\/files\/2021\/06\/Socializacion-Informe-de-rendicion-de-Cuentas-2020.pdf\">Socializaci\u00f3n Informe de rendici\u00f3n de Cuentas 2020<\/a><\/p>\n\n\n\n<p><strong>FASE 2&nbsp;<\/strong><\/p>\n\n\n\n<p><a href=\"https:\/\/departamentos.uleam.edu.ec\/leydetransparenciapublica\/files\/2021\/05\/Presentacion-del-informe-de-Rendicion-de-cuentas-2020.pptx\">Diapositivas&nbsp; del informe de Rendici\u00f3n de cuentas&nbsp; 2020<\/a>&nbsp;&nbsp;<\/p>\n\n\n\n<p><a href=\"https:\/\/fb.watch\/5zDSR_CKlH\/\">Trasmisi\u00f3n en vivo en Facebook live Uleam Ecuador&nbsp;<\/a><\/p>\n\n\n\n<p><a href=\"https:\/\/www.youtube.com\/watch?v=no2unFRmKts\">Evento en canal de You Tube UleamEcuador&nbsp;<\/a><\/p>\n\n\n\n<p><a href=\"https:\/\/www.youtube.com\/watch?v=kgi6RwVrgYg\">Video completo de presentaci\u00f3n del Informe de rendici\u00f3n de cuentas 2020 por el Dr. Marcos Zambrano Zambrano Ph.D&nbsp;<\/a><\/p>\n\n\n\n<p><a href=\"https:\/\/www.youtube.com\/watch?v=SE9XmyO58rQ\">S\u00edntesis del Informe de Rendici\u00f3n de cuentas 2020<\/a><\/p>\n\n\n\n<p><a href=\"https:\/\/departamentos.uleam.edu.ec\/leydetransparenciapublica\/files\/2024\/09\/Informe-del-evento-de-rendicion-de-cuentas-2020-y-aportes-ciudadanos.pdf\">Informe del evento de rendicion de cuentas 2020 y aportes ciudadanos<\/a><\/p>\n\n\n\n<p><a href=\"https:\/\/departamentos.uleam.edu.ec\/leydetransparenciapublica\/files\/2021\/05\/Informe-de-la-Gestion-comunicacional-en-el-evento-de-rendicion-de-cuentas-2020.pdf\">Informe de la Gesti\u00f3n comunicacional en el evento de rendici\u00f3n de cuentas 2020<\/a>&nbsp;&nbsp;<\/p>\n\n\n\n<p><a href=\"https:\/\/departamentos.uleam.edu.ec\/leydetransparenciapublica\/files\/2021\/06\/Incorporacion-de-los-aportes-ciudadanos-en-el-Informe-de-Rendicion-de-Cuentas-2020.pdf\">Incorporaci\u00f3n de los aportes ciudadanos en el Informe de Rendici\u00f3n de Cuentas 2020<\/a><\/p>\n\n\n\n<p><strong>Galer\u00eda de fotos de la Audiencia P\u00fablica de&nbsp; Rendici\u00f3n de cuentas Uleam 2020<\/strong><\/p>\n\n\n\n<figure class=\"wp-block-image\"><a href=\"https:\/\/departamentos.uleam.edu.ec\/leydetransparenciapublica\/files\/2021\/05\/1.jpg\"><img decoding=\"async\" src=\"https:\/\/departamentos.uleam.edu.ec\/leydetransparenciapublica\/files\/2021\/05\/1-300x200.jpg\" alt=\"\"\/><\/a><\/figure>\n\n\n\n<figure class=\"wp-block-image\"><a href=\"https:\/\/departamentos.uleam.edu.ec\/leydetransparenciapublica\/files\/2021\/05\/1c6ad1d5-4005-4c6a-8398-31b37c3d9465.jpg\"><img decoding=\"async\" src=\"https:\/\/departamentos.uleam.edu.ec\/leydetransparenciapublica\/files\/2021\/05\/1c6ad1d5-4005-4c6a-8398-31b37c3d9465-300x200.jpg\" alt=\"\"\/><\/a><\/figure>\n\n\n\n<figure class=\"wp-block-image\"><a href=\"https:\/\/departamentos.uleam.edu.ec\/leydetransparenciapublica\/files\/2021\/05\/thumbnail_image-2.png\"><img decoding=\"async\" src=\"https:\/\/departamentos.uleam.edu.ec\/leydetransparenciapublica\/files\/2021\/05\/thumbnail_image-2-300x169.png\" alt=\"\"\/><\/a><\/figure>\n\n\n\n<figure class=\"wp-block-image\"><a href=\"https:\/\/departamentos.uleam.edu.ec\/leydetransparenciapublica\/files\/2021\/05\/7be968b8-23bc-4f71-aad9-feb0a3e16896-1024x682-1.jpg\"><img decoding=\"async\" src=\"https:\/\/departamentos.uleam.edu.ec\/leydetransparenciapublica\/files\/2021\/05\/7be968b8-23bc-4f71-aad9-feb0a3e16896-1024x682-1-300x200.jpg\" alt=\"\"\/><\/a><\/figure>\n\n\n\n<figure class=\"wp-block-image\"><a href=\"https:\/\/departamentos.uleam.edu.ec\/leydetransparenciapublica\/files\/2021\/05\/1285ed14-0f54-445d-80b7-bb542694619d.jpg\"><img decoding=\"async\" src=\"https:\/\/departamentos.uleam.edu.ec\/leydetransparenciapublica\/files\/2021\/05\/1285ed14-0f54-445d-80b7-bb542694619d-300x200.jpg\" alt=\"\"\/><\/a><\/figure>\n\n\n\n<figure class=\"wp-block-image\"><a href=\"https:\/\/departamentos.uleam.edu.ec\/leydetransparenciapublica\/files\/2021\/05\/thumbnail_image-1.png\"><img decoding=\"async\" src=\"https:\/\/departamentos.uleam.edu.ec\/leydetransparenciapublica\/files\/2021\/05\/thumbnail_image-1-300x169.png\" alt=\"\"\/><\/a><\/figure>\n\n\n\n<figure class=\"wp-block-image\"><a href=\"https:\/\/departamentos.uleam.edu.ec\/leydetransparenciapublica\/files\/2021\/05\/632457f1-01d7-44cd-ba15-9717d7411900.jpg\"><img decoding=\"async\" src=\"https:\/\/departamentos.uleam.edu.ec\/leydetransparenciapublica\/files\/2021\/05\/632457f1-01d7-44cd-ba15-9717d7411900-300x200.jpg\" alt=\"\"\/><\/a><\/figure>\n\n\n\n<figure class=\"wp-block-image\"><a href=\"https:\/\/departamentos.uleam.edu.ec\/leydetransparenciapublica\/files\/2021\/05\/thumbnail_image.png\"><img decoding=\"async\" src=\"https:\/\/departamentos.uleam.edu.ec\/leydetransparenciapublica\/files\/2021\/05\/thumbnail_image-300x169.png\" alt=\"\"\/><\/a><\/figure>\n\n\n\n<figure class=\"wp-block-image\"><a href=\"https:\/\/departamentos.uleam.edu.ec\/leydetransparenciapublica\/files\/2021\/05\/a5a638df-3e9c-4bab-9c50-e4c16001a188.jpg\"><img decoding=\"async\" src=\"https:\/\/departamentos.uleam.edu.ec\/leydetransparenciapublica\/files\/2021\/05\/a5a638df-3e9c-4bab-9c50-e4c16001a188-300x200.jpg\" alt=\"\"\/><\/a><\/figure>\n\n\n\n<figure class=\"wp-block-image\"><a href=\"https:\/\/departamentos.uleam.edu.ec\/leydetransparenciapublica\/files\/2021\/05\/a708486e-cf8b-4b03-8b60-bd3a6a8b858b.jpg\"><img decoding=\"async\" src=\"https:\/\/departamentos.uleam.edu.ec\/leydetransparenciapublica\/files\/2021\/05\/a708486e-cf8b-4b03-8b60-bd3a6a8b858b-300x200.jpg\" alt=\"\"\/><\/a><\/figure>\n\n\n\n<figure class=\"wp-block-image\"><a href=\"https:\/\/departamentos.uleam.edu.ec\/leydetransparenciapublica\/files\/2021\/05\/aaf1d598-6887-45d4-bb35-2489108e0e09.jpg\"><img decoding=\"async\" src=\"https:\/\/departamentos.uleam.edu.ec\/leydetransparenciapublica\/files\/2021\/05\/aaf1d598-6887-45d4-bb35-2489108e0e09-300x200.jpg\" alt=\"\"\/><\/a><\/figure>\n\n\n\n<figure class=\"wp-block-image\"><a href=\"https:\/\/departamentos.uleam.edu.ec\/leydetransparenciapublica\/files\/2021\/05\/b473b253-cb95-4823-96b5-c306fbb5852a.jpg\"><img decoding=\"async\" src=\"https:\/\/departamentos.uleam.edu.ec\/leydetransparenciapublica\/files\/2021\/05\/b473b253-cb95-4823-96b5-c306fbb5852a-300x200.jpg\" alt=\"\"\/><\/a><\/figure>\n\n\n\n<p><strong>FASE 3<\/strong><\/p>\n\n\n\n<p><a href=\"https:\/\/departamentos.uleam.edu.ec\/leydetransparenciapublica\/files\/2021\/06\/Correo-finalizacion-del-proceso-de-Rendicion-de-Cuentas-2020.pdf\">Correo finalizaci\u00f3n del proceso de Rendici\u00f3n de Cuentas 2020<\/a><\/p>\n\n\n\n<p><a href=\"https:\/\/departamentos.uleam.edu.ec\/leydetransparenciapublica\/files\/2021\/06\/Formularios-de-Rendicion-de-Cuentas-2020-InstitutosdeEducacion-1.pdf\">Formularios de Rendici\u00f3n de Cuentas 2020-InstitutosdeEducacion<\/a><\/p>\n","protected":false},"excerpt":{"rendered":"<p>FASE 0&nbsp; Autorizaci\u00f3n inicio del proceso de Rendici\u00f3n de Cuentas 2020 Cronograma proceso de rendici\u00f3n de cuentas 2020 Presentaci\u00f3n del Equipo T\u00e9cnico de Rendici\u00f3n de Cuentas 2020 FASE 1&nbsp; Evaluaci\u00f3n de la gesti\u00f3n institucional 2020 Formularios de Rendici\u00f3n de Cuentas [&hellip;]<\/p>\n","protected":false},"author":47,"featured_media":0,"parent":0,"menu_order":0,"comment_status":"closed","ping_status":"closed","template":"","meta":{"footnotes":"","_links_to":"","_links_to_target":""},"class_list":["post-9079","page","type-page","status-publish","hentry"],"_links":{"self":[{"href":"https:\/\/departamentos.uleam.edu.ec\/leydetransparenciapublica\/wp-json\/wp\/v2\/pages\/9079","targetHints":{"allow":["GET"]}}],"collection":[{"href":"https:\/\/departamentos.uleam.edu.ec\/leydetransparenciapublica\/wp-json\/wp\/v2\/pages"}],"about":[{"href":"https:\/\/departamentos.uleam.edu.ec\/leydetransparenciapublica\/wp-json\/wp\/v2\/types\/page"}],"author":[{"embeddable":true,"href":"https:\/\/departamentos.uleam.edu.ec\/leydetransparenciapublica\/wp-json\/wp\/v2\/users\/47"}],"replies":[{"embeddable":true,"href":"https:\/\/departamentos.uleam.edu.ec\/leydetransparenciapublica\/wp-json\/wp\/v2\/comments?post=9079"}],"version-history":[{"count":4,"href":"https:\/\/departamentos.uleam.edu.ec\/leydetransparenciapublica\/wp-json\/wp\/v2\/pages\/9079\/revisions"}],"predecessor-version":[{"id":9125,"href":"https:\/\/departamentos.uleam.edu.ec\/leydetransparenciapublica\/wp-json\/wp\/v2\/pages\/9079\/revisions\/9125"}],"wp:attachment":[{"href":"https:\/\/departamentos.uleam.edu.ec\/leydetransparenciapublica\/wp-json\/wp\/v2\/media?parent=9079"}],"curies":[{"name":"wp","href":"https:\/\/api.w.org\/{rel}","templated":true}]}}