{"id":9293,"date":"2025-02-17T21:15:06","date_gmt":"2025-02-17T21:15:06","guid":{"rendered":"https:\/\/departamentos.uleam.edu.ec\/leydetransparenciapublica\/?page_id=9293"},"modified":"2025-02-21T20:50:26","modified_gmt":"2025-02-21T20:50:26","slug":"febrero-2025","status":"publish","type":"page","link":"https:\/\/departamentos.uleam.edu.ec\/leydetransparenciapublica\/febrero-2025\/","title":{"rendered":"Febrero 2025"},"content":{"rendered":"\n<p><a href=\"https:\/\/departamentos.uleam.edu.ec\/leydetransparenciapublica\/files\/2025\/02\/1-1-estructura-organica.xlsx\" target=\"_blank\" rel=\"noreferrer noopener\">1-1-estructura-organica<\/a><\/p>\n\n\n\n<p><a href=\"https:\/\/departamentos.uleam.edu.ec\/leydetransparenciapublica\/files\/2025\/02\/1-2-base-legal-regulaciones-procedimientos-internos.xlsx\" target=\"_blank\" rel=\"noreferrer noopener\">1-2-base-legal-regulaciones-procedimientos-internos<\/a><\/p>\n\n\n\n<p><a href=\"https:\/\/departamentos.uleam.edu.ec\/leydetransparenciapublica\/files\/2025\/02\/1-2-base-legal-procedimientos-internos-PROCURADURIA.xlsx\" target=\"_blank\" rel=\"noreferrer noopener\">1-2-base legal procedimientos-internos Procuraduria<\/a><\/p>\n\n\n\n<p><a href=\"https:\/\/departamentos.uleam.edu.ec\/leydetransparenciapublica\/files\/2025\/02\/1-3-Metas-y-Objetivos_Unidades.xlsx\" target=\"_blank\" rel=\"noreferrer noopener\">1-3 Metas y Objetivos_Unidades<\/a><\/p>\n\n\n\n<p><a href=\"https:\/\/departamentos.uleam.edu.ec\/leydetransparenciapublica\/files\/2025\/02\/2-directorio-y-distributivo-personal-de-la-entidad.xlsx\" target=\"_blank\" rel=\"noreferrer noopener\">2-directorio-y-distributivo-personal-de-la-entidad<\/a><\/p>\n\n\n\n<p><a href=\"https:\/\/departamentos.uleam.edu.ec\/leydetransparenciapublica\/files\/2025\/02\/3-remuneraciones-ingresos-adicionales.xlsx\" target=\"_blank\" rel=\"noreferrer noopener\">3-remuneraciones-ingresos-adicionales<\/a><\/p>\n\n\n\n<p><a href=\"https:\/\/departamentos.uleam.edu.ec\/leydetransparenciapublica\/files\/2025\/02\/4-detalle-licencia-comisiones.xlsx\" target=\"_blank\" rel=\"noreferrer noopener\">4-detalle-licencia-comisiones<\/a><\/p>\n\n\n\n<p><a href=\"https:\/\/departamentos.uleam.edu.ec\/leydetransparenciapublica\/files\/2025\/02\/5_22-servicios-formularios-formatos-tramites.xlsx\" target=\"_blank\" rel=\"noreferrer noopener\">5_22-servicios-formularios-formatos-tramites<\/a><\/p>\n\n\n\n<p><a href=\"https:\/\/departamentos.uleam.edu.ec\/leydetransparenciapublica\/files\/2025\/02\/6-Presupuesto-de-la-institucion.xlsx\">6-Presupuesto de la institucion<\/a><\/p>\n\n\n\n<p><a href=\"https:\/\/departamentos.uleam.edu.ec\/leydetransparenciapublica\/files\/2025\/02\/7-resultados-de-las-auditorias-internas-y-gubernamentales-ENERO-2025.xlsx\">7-resultados-de-las-auditorias-internas-y-gubernamentales<\/a><\/p>\n\n\n\n<p><a href=\"https:\/\/departamentos.uleam.edu.ec\/leydetransparenciapublica\/files\/2025\/02\/8-procesos-de-contratacion-publica.xlsx\" target=\"_blank\" rel=\"noreferrer noopener\">8-procesos-de-contratacion-publica<\/a><\/p>\n\n\n\n<p><a href=\"https:\/\/departamentos.uleam.edu.ec\/leydetransparenciapublica\/files\/2025\/02\/9-listado-de-empresas-y-personas-que-han-incumplido-contratos.xlsx\" target=\"_blank\" rel=\"noreferrer noopener\">9-listado-de-empresas-y-personas-que-han-incumplido-contratos<\/a><\/p>\n\n\n\n<p><a href=\"https:\/\/departamentos.uleam.edu.ec\/leydetransparenciapublica\/files\/2025\/02\/10-planes-y-programas.xlsx\" target=\"_blank\" rel=\"noreferrer noopener\">10-planes-y-programas<\/a><\/p>\n\n\n\n<p><a href=\"https:\/\/departamentos.uleam.edu.ec\/leydetransparenciapublica\/files\/2025\/02\/11-Contratos-de-creditos-externos-o-internos.xlsx\">11-Contratos de cr\u00e9ditos externos o internos<\/a><\/p>\n\n\n\n<p><a href=\"https:\/\/departamentos.uleam.edu.ec\/leydetransparenciapublica\/files\/2025\/02\/12-mecanismos-rendicion-cuentas-comunicacion.xlsx\" target=\"_blank\" rel=\"noreferrer noopener\">12-mecanismos-rendicion-cuentas- comunicaci\u00f3n<\/a><\/p>\n\n\n\n<p><a href=\"https:\/\/departamentos.uleam.edu.ec\/leydetransparenciapublica\/files\/2025\/02\/13-Viaticos-informes-de-trabajo-y-justificativos-de-movilizacion.xlsx\">13-Viaticos informes de trabajo y justificativos de movilizaci\u00f3n<\/a><\/p>\n\n\n\n<p><a href=\"https:\/\/departamentos.uleam.edu.ec\/leydetransparenciapublica\/files\/2025\/02\/14-responsables-del-acceso-de-informacion-publica.xlsx\" target=\"_blank\" rel=\"noreferrer noopener\">14-responsables-del-acceso-de-informacion-publica<\/a><\/p>\n\n\n\n<p><a href=\"https:\/\/departamentos.uleam.edu.ec\/leydetransparenciapublica\/files\/2025\/02\/15-texto-integro-de-los-contratos-colectivos-vigentes-y-reformas_.xlsx\" target=\"_blank\" rel=\"noreferrer noopener\">15-texto-integro-de-los-contratos-colectivos-vigentes-y-reformas<\/a><\/p>\n\n\n\n<p><a href=\"https:\/\/departamentos.uleam.edu.ec\/leydetransparenciapublica\/files\/2025\/02\/18-detalle-de-convenios-nacionales-e-internacionales.xlsx\" target=\"_blank\" rel=\"noreferrer noopener\">18-detalle-de-convenios-nacionales-e-internacionales<\/a><\/p>\n\n\n\n<p><a href=\"https:\/\/departamentos.uleam.edu.ec\/leydetransparenciapublica\/files\/2025\/02\/23-Detalle-personas-servidoras-publicas-con-acciones-afirmativas.xlsx\" target=\"_blank\" rel=\"noreferrer noopener\">23-Detalle personas servidoras publicas con acciones afirmativas<\/a><\/p>\n","protected":false},"excerpt":{"rendered":"<p>1-1-estructura-organica 1-2-base-legal-regulaciones-procedimientos-internos 1-2-base legal procedimientos-internos Procuraduria 1-3 Metas y Objetivos_Unidades 2-directorio-y-distributivo-personal-de-la-entidad 3-remuneraciones-ingresos-adicionales 4-detalle-licencia-comisiones 5_22-servicios-formularios-formatos-tramites 6-Presupuesto de la institucion 7-resultados-de-las-auditorias-internas-y-gubernamentales 8-procesos-de-contratacion-publica 9-listado-de-empresas-y-personas-que-han-incumplido-contratos 10-planes-y-programas 11-Contratos de cr\u00e9ditos externos o internos 12-mecanismos-rendicion-cuentas- comunicaci\u00f3n 13-Viaticos informes de trabajo y justificativos de movilizaci\u00f3n 14-responsables-del-acceso-de-informacion-publica 15-texto-integro-de-los-contratos-colectivos-vigentes-y-reformas [&hellip;]<\/p>\n","protected":false},"author":58,"featured_media":0,"parent":0,"menu_order":0,"comment_status":"closed","ping_status":"closed","template":"","meta":{"footnotes":"","_links_to":"","_links_to_target":""},"class_list":["post-9293","page","type-page","status-publish","hentry"],"_links":{"self":[{"href":"https:\/\/departamentos.uleam.edu.ec\/leydetransparenciapublica\/wp-json\/wp\/v2\/pages\/9293","targetHints":{"allow":["GET"]}}],"collection":[{"href":"https:\/\/departamentos.uleam.edu.ec\/leydetransparenciapublica\/wp-json\/wp\/v2\/pages"}],"about":[{"href":"https:\/\/departamentos.uleam.edu.ec\/leydetransparenciapublica\/wp-json\/wp\/v2\/types\/page"}],"author":[{"embeddable":true,"href":"https:\/\/departamentos.uleam.edu.ec\/leydetransparenciapublica\/wp-json\/wp\/v2\/users\/58"}],"replies":[{"embeddable":true,"href":"https:\/\/departamentos.uleam.edu.ec\/leydetransparenciapublica\/wp-json\/wp\/v2\/comments?post=9293"}],"version-history":[{"count":2,"href":"https:\/\/departamentos.uleam.edu.ec\/leydetransparenciapublica\/wp-json\/wp\/v2\/pages\/9293\/revisions"}],"predecessor-version":[{"id":9298,"href":"https:\/\/departamentos.uleam.edu.ec\/leydetransparenciapublica\/wp-json\/wp\/v2\/pages\/9293\/revisions\/9298"}],"wp:attachment":[{"href":"https:\/\/departamentos.uleam.edu.ec\/leydetransparenciapublica\/wp-json\/wp\/v2\/media?parent=9293"}],"curies":[{"name":"wp","href":"https:\/\/api.w.org\/{rel}","templated":true}]}}