{"id":9758,"date":"2026-03-31T16:38:10","date_gmt":"2026-03-31T16:38:10","guid":{"rendered":"https:\/\/departamentos.uleam.edu.ec\/leydetransparenciapublica\/?page_id=9758"},"modified":"2026-04-22T15:49:34","modified_gmt":"2026-04-22T15:49:34","slug":"rendicion-de-cuentas-2025","status":"publish","type":"page","link":"https:\/\/departamentos.uleam.edu.ec\/leydetransparenciapublica\/rendicion-de-cuentas-2025\/","title":{"rendered":"Rendici\u00f3n de Cuentas 2025"},"content":{"rendered":"\n<div class=\"wp-block-aab-accordion-block aab__accordion_container  accessibilityOn custom-css-block\" style=\"margin-top:0px;margin-bottom:15px;border-radius:10px;border-top:0px none undefined;border-right:0px none undefined;border-bottom:0px none undefined;border-left:5px solid #ffc48b\" id=\"aab_accordion_aae844a5_0\" role=\"button\" aria-expanded=\"false\" tabindex=\"0\"><div class=\"aab__accordion_head aab_left_icon \" style=\"background-color:#fff6ee;border-top:none;border-right:none;border-bottom:none;border-left:none;border-radius:10px 10px 0 0;padding:22px 22px 22px 22px\"><div class=\"aab__accordion_heading aab_left_icon aab_right_link\"><div class=\"head_content_wrapper\"><div class=\"title_wrapper\"><h5 class=\"aab__accordion_title\" style=\"margin:0;color:#0e1c4e\"><strong>Fase 1:<\/strong> Organizaci\u00f3n Interna <\/h5><\/div><\/div><\/div><div class=\"aab__accordion_icon\" style=\"color:#0e1c4e;border:0px solid transparent\"><span class=\"aab__icon dashicons dashicons-plus-alt2\" style=\"font-size:23px\"><\/span><\/div><\/div><div class=\"aab__accordion_body  \" role=\"region\" style=\"display:none;background-color:#fff6ee;border-radius:0 0 10px 10px;border-top:undefined undefined undefined;border-right:none;border-bottom:none;border-left:none;padding:22px 22px 22px 22px\"><div class=\"aab__accordion_component\">\n<div class=\"wp-block-file\"><a id=\"wp-block-file--media-366df6d2-f8ba-497b-b42f-5b6027a51a81\" href=\"https:\/\/departamentos.uleam.edu.ec\/leydetransparenciapublica\/files\/2026\/04\/Designacion-Equipo-Tecnico-de-Rendicion-de-Cuentas-2025.pdf\" target=\"_blank\" rel=\"noreferrer noopener\">Designaci\u00f3n Equipo T\u00e9cnico de Rendici\u00f3n de Cuentas 2025<\/a><\/div>\n\n\n\n<div class=\"wp-block-file\"><a id=\"wp-block-file--media-c498a1f9-7023-47ef-8d1b-d67c0e2ff405\" href=\"https:\/\/departamentos.uleam.edu.ec\/leydetransparenciapublica\/files\/2026\/04\/Cronograma-proceso-de-Rendicion-Cuentas-2025.pdf\" target=\"_blank\" rel=\"noreferrer noopener\">Cronograma proceso de Rendici\u00f3n Cuentas 2025<\/a><\/div>\n\n\n\n<div class=\"wp-block-file\"><a id=\"wp-block-file--media-648a2d52-0284-4478-af3d-f67b542bda73\" href=\"https:\/\/departamentos.uleam.edu.ec\/leydetransparenciapublica\/files\/2026\/04\/Acta-reunion-de-trabajo-proceso-de-Rendicion-de-Cuentas-2025.pdf\" target=\"_blank\" rel=\"noreferrer noopener\">Acta reuni\u00f3n de trabajo proceso de Rendici\u00f3n de Cuentas 2025<\/a><\/div>\n\n\n\n<div class=\"wp-block-file\"><a id=\"wp-block-file--media-29a65faa-b7b7-443c-b96a-194473a2c246\" href=\"https:\/\/departamentos.uleam.edu.ec\/leydetransparenciapublica\/files\/2026\/04\/Temas-propuestos-por-la-Ciudadania-para-Rendicion-de-Cuentas-2025.pdf\" target=\"_blank\" rel=\"noreferrer noopener\">Temas propuestos por la Ciudadania para Rendici\u00f3n de Cuentas 2025<\/a><\/div>\n<\/div><\/div><\/div>\n\n\n\n<div class=\"wp-block-aab-accordion-block aab__accordion_container  accessibilityOn custom-css-block\" style=\"margin-top:0px;margin-bottom:15px;border-radius:10px;border-top:0px none undefined;border-right:0px none undefined;border-bottom:0px none undefined;border-left:5px solid #b4b3ff\" id=\"aab_accordion_aae844a6_0\" role=\"button\" aria-expanded=\"false\" tabindex=\"0\"><div class=\"aab__accordion_head aab_left_icon \" style=\"background-color:#fafaff;border-top:none;border-right:none;border-bottom:none;border-left:none;border-radius:10px 10px 0 0;padding:22px 25px 22px 25px\"><div class=\"aab__accordion_heading aab_left_icon aab_right_link\"><div class=\"head_content_wrapper\"><div class=\"title_wrapper\"><h5 class=\"aab__accordion_title\" style=\"margin:0;color:#0e1c4e\"><strong>Fase 2:<\/strong> Elaboraci\u00f3n del Informe de Rendici\u00f3n de Cuentas 2025 <\/h5><\/div><\/div><\/div><div class=\"aab__accordion_icon\" style=\"border:0px solid transparent\"><span class=\"aab__icon dashicons dashicons-plus-alt2\" style=\"font-size:23px\"><\/span><\/div><\/div><div class=\"aab__accordion_body  \" role=\"region\" style=\"display:none;background-color:#fafaff;border-radius:0 0 10px 10px;border-top:undefined undefined undefined;border-right:none;border-bottom:none;border-left:none;padding:22px 25px 22px 25px\"><div class=\"aab__accordion_component\">\n<div class=\"wp-block-file\"><a id=\"wp-block-file--media-173ca65a-40fd-44f3-855e-1026757d318c\" href=\"https:\/\/departamentos.uleam.edu.ec\/leydetransparenciapublica\/files\/2026\/04\/Informe-Narrativo-de-Rendicion-de-Cuentas-2025-ULEAM.pdf\">Informe Narrativo de Rendici\u00f3n de Cuentas 2025 ULEAM<\/a><\/div>\n\n\n\n<div class=\"wp-block-file\"><a id=\"wp-block-file--media-c80beace-cd83-4d75-aa9f-bb05e9b87537\" href=\"https:\/\/departamentos.uleam.edu.ec\/leydetransparenciapublica\/files\/2026\/04\/FORMULARIO-PRELIMINAR-CPCCS-DE-RENDICION-DE-CUENTAS-2025-ULEAM.xlsx\">Formulario Preliminar CPCCS de Rendici\u00f3n de Cuentas 2025<\/a><\/div>\n<\/div><\/div><\/div>\n\n\n\n<div class=\"wp-block-aab-accordion-block aab__accordion_container  accessibilityOn custom-css-block\" style=\"margin-top:0px;margin-bottom:15px;border-radius:10px;border-top:0px none undefined;border-right:0px none undefined;border-bottom:0px none undefined;border-left:5px solid #ffb3c0\" id=\"aab_accordion_aae844a9_0\" role=\"button\" aria-expanded=\"false\" tabindex=\"0\"><div class=\"aab__accordion_head aab_left_icon \" style=\"background-color:#fff0f3;border-top:none;border-right:none;border-bottom:none;border-left:none;border-radius:10px 10px 0 0;padding:20px 25px 20px 25px\"><div class=\"aab__accordion_heading aab_left_icon aab_right_link\"><div class=\"head_content_wrapper\"><div class=\"title_wrapper\"><h5 class=\"aab__accordion_title\" style=\"margin:0;color:#0e1c4e\"><strong>Fase 3:<\/strong> Deliberaci\u00f3n P\u00fablica<\/h5><\/div><\/div><\/div><div class=\"aab__accordion_icon\" style=\"border:0px solid transparent\"><span class=\"aab__icon dashicons dashicons-plus-alt2\" style=\"font-size:23px\"><\/span><\/div><\/div><div class=\"aab__accordion_body  \" role=\"region\" style=\"display:none;background-color:#fff0f3;border-radius:0 0 10px 10px;border-top:undefined undefined undefined;border-right:none;border-bottom:none;border-left:none;padding:20px 25px 20px 25px\"><div class=\"aab__accordion_component\">\n<p>Accordion Content<\/p>\n<\/div><\/div><\/div>\n\n\n\n<div class=\"wp-block-aab-accordion-block aab__accordion_container  accessibilityOn custom-css-block\" style=\"margin-top:0px;margin-bottom:15px;border-radius:10px;border-top:0px none undefined;border-right:0px none undefined;border-bottom:0px none undefined;border-left:5px solid #2a9d8f\" id=\"aab_accordion_aae844a7_0\" role=\"button\" aria-expanded=\"false\" tabindex=\"0\"><div class=\"aab__accordion_head aab_left_icon \" style=\"background-color:#edfffd;border-top:none;border-right:none;border-bottom:none;border-left:none;border-radius:10px 10px 0 0;padding:20px 25px 20px 25px\"><div class=\"aab__accordion_heading aab_left_icon aab_right_link\"><div class=\"head_content_wrapper\"><div class=\"title_wrapper\"><h5 class=\"aab__accordion_title\" style=\"margin:0;color:#0e1c4e\"><strong>Fase 4:<\/strong> Entrega Formulario al CPCCS<\/h5><\/div><\/div><\/div><div class=\"aab__accordion_icon\" style=\"border:0px solid transparent\"><span class=\"aab__icon dashicons dashicons-plus-alt2\" style=\"font-size:23px\"><\/span><\/div><\/div><div class=\"aab__accordion_body  \" role=\"region\" style=\"display:none;background-color:#edfffd;border-radius:0 0 10px 10px;border-top:none;border-right:none;border-bottom:none;border-left:none;padding:20px 25px 20px 25px\"><div class=\"aab__accordion_component\">\n<p>Accordion Content<\/p>\n<\/div><\/div><\/div>\n","protected":false},"excerpt":{"rendered":"","protected":false},"author":47,"featured_media":0,"parent":0,"menu_order":0,"comment_status":"closed","ping_status":"closed","template":"","meta":{"footnotes":"","_links_to":"","_links_to_target":""},"class_list":["post-9758","page","type-page","status-publish","hentry"],"_links":{"self":[{"href":"https:\/\/departamentos.uleam.edu.ec\/leydetransparenciapublica\/wp-json\/wp\/v2\/pages\/9758","targetHints":{"allow":["GET"]}}],"collection":[{"href":"https:\/\/departamentos.uleam.edu.ec\/leydetransparenciapublica\/wp-json\/wp\/v2\/pages"}],"about":[{"href":"https:\/\/departamentos.uleam.edu.ec\/leydetransparenciapublica\/wp-json\/wp\/v2\/types\/page"}],"author":[{"embeddable":true,"href":"https:\/\/departamentos.uleam.edu.ec\/leydetransparenciapublica\/wp-json\/wp\/v2\/users\/47"}],"replies":[{"embeddable":true,"href":"https:\/\/departamentos.uleam.edu.ec\/leydetransparenciapublica\/wp-json\/wp\/v2\/comments?post=9758"}],"version-history":[{"count":6,"href":"https:\/\/departamentos.uleam.edu.ec\/leydetransparenciapublica\/wp-json\/wp\/v2\/pages\/9758\/revisions"}],"predecessor-version":[{"id":9819,"href":"https:\/\/departamentos.uleam.edu.ec\/leydetransparenciapublica\/wp-json\/wp\/v2\/pages\/9758\/revisions\/9819"}],"wp:attachment":[{"href":"https:\/\/departamentos.uleam.edu.ec\/leydetransparenciapublica\/wp-json\/wp\/v2\/media?parent=9758"}],"curies":[{"name":"wp","href":"https:\/\/api.w.org\/{rel}","templated":true}]}}