{"id":101,"date":"2020-09-04T15:41:01","date_gmt":"2020-09-04T15:41:01","guid":{"rendered":"http:\/\/departamentos.uleam.edu.ec\/observatorio-territorial\/?page_id=101"},"modified":"2021-09-27T19:46:19","modified_gmt":"2021-09-27T19:46:19","slug":"infografias","status":"publish","type":"page","link":"https:\/\/departamentos.uleam.edu.ec\/observatorio-territorial\/infografias\/","title":{"rendered":"Infograf\u00edas"},"content":{"rendered":"\n<p><a href=\"https:\/\/departamentos.uleam.edu.ec\/observatorio-territorial\/files\/2020\/09\/INFOGRAF\u00cdA-EDUCACI\u00d3N-comprimido.pdf\">INFOGRAF\u00cdA EDUCACI\u00d3N<\/a><\/p>\n\n\n\n<p><a href=\"https:\/\/departamentos.uleam.edu.ec\/observatorio-territorial\/files\/2020\/09\/COVID-19-Y-LA-POBREZA-EFECTOS-Y-CONSECUENCIAS.pdf\">INFOGRAF\u00cdA DEL COVID-19 Y LA POBREZA, EFECTOS Y CONSECUENCIAS<\/a><\/p>\n\n\n\n<p><a href=\"https:\/\/departamentos.uleam.edu.ec\/observatorio-territorial\/files\/2020\/10\/INFOGRAF\u00cdA-INCUBADORAS-DE-EMPRESAS.pdf\">INFOGRAF\u00cdA DE INCUBADORAS DE EMPRESAS<\/a><\/p>\n\n\n\n<p><a href=\"https:\/\/departamentos.uleam.edu.ec\/observatorio-territorial\/files\/2021\/01\/Infograf\u00eda_Construyendo-comunidades-sostenibles-Miyamoto-Uleam.pdf\">INFOGRAF\u00cdA \u00abCONSTRUYENDO COMUNIDADES SOSTENIBLES MIYAMOTO-ULEAM\u00bb<\/a><\/p>\n\n\n\n<p>&nbsp;<a href=\"https:\/\/departamentos.uleam.edu.ec\/observatorio-territorial\/files\/2021\/01\/Infograf\u00eda-Huertos-Orga\u0301nicos-Comunitarios.pdf\">INFOGRAF\u00cdA&nbsp;\u201cHUERTOS ORG\u00c1NICOS COMUNITARIOS\u201d<\/a><\/p>\n\n\n\n<p><a href=\"https:\/\/departamentos.uleam.edu.ec\/observatorio-territorial\/files\/2021\/02\/Infografi\u0301a-Violencia-de-Ge\u0301nero-1.pdf\">INFOGRAF\u00cdA \u00bb VIOLENCIA DE G\u00c9NERO\u00bb<\/a><\/p>\n\n\n\n<p><a href=\"https:\/\/departamentos.uleam.edu.ec\/observatorio-territorial\/files\/2021\/04\/INFOGRAFIA-COVID-19-EN-LAS-ELECCIONES-2021-ECUADOR1.pdf\">INFOGRAF\u00cdA \u201cCONSECUENCIAS DEL COVID-19 EN LAS ELECCIONES 2021 &#8211; ECUADOR\u201d<\/a><\/p>\n\n\n\n<p><a href=\"https:\/\/departamentos.uleam.edu.ec\/observatorio-territorial\/files\/2021\/09\/INFOGRAFI\u0301A-ABORTO-2.pdf\">INFOGRAF\u00cdA \u00abEL ABORTO\u00bb<\/a><\/p>\n\n\n\n<p><\/p>\n","protected":false},"excerpt":{"rendered":"<p>INFOGRAF\u00cdA EDUCACI\u00d3N INFOGRAF\u00cdA DEL COVID-19 Y LA POBREZA, EFECTOS Y CONSECUENCIAS INFOGRAF\u00cdA DE INCUBADORAS DE EMPRESAS INFOGRAF\u00cdA \u00abCONSTRUYENDO COMUNIDADES SOSTENIBLES MIYAMOTO-ULEAM\u00bb &nbsp;INFOGRAF\u00cdA&nbsp;\u201cHUERTOS ORG\u00c1NICOS COMUNITARIOS\u201d INFOGRAF\u00cdA \u00bb VIOLENCIA DE G\u00c9NERO\u00bb INFOGRAF\u00cdA \u201cCONSECUENCIAS DEL COVID-19 EN LAS ELECCIONES 2021 &#8211; ECUADOR\u201d INFOGRAF\u00cdA [&hellip;]<\/p>\n","protected":false},"author":117,"featured_media":0,"parent":0,"menu_order":0,"comment_status":"closed","ping_status":"closed","template":"","meta":{"footnotes":"","_links_to":"","_links_to_target":""},"class_list":["post-101","page","type-page","status-publish","hentry"],"_links":{"self":[{"href":"https:\/\/departamentos.uleam.edu.ec\/observatorio-territorial\/wp-json\/wp\/v2\/pages\/101","targetHints":{"allow":["GET"]}}],"collection":[{"href":"https:\/\/departamentos.uleam.edu.ec\/observatorio-territorial\/wp-json\/wp\/v2\/pages"}],"about":[{"href":"https:\/\/departamentos.uleam.edu.ec\/observatorio-territorial\/wp-json\/wp\/v2\/types\/page"}],"author":[{"embeddable":true,"href":"https:\/\/departamentos.uleam.edu.ec\/observatorio-territorial\/wp-json\/wp\/v2\/users\/117"}],"replies":[{"embeddable":true,"href":"https:\/\/departamentos.uleam.edu.ec\/observatorio-territorial\/wp-json\/wp\/v2\/comments?post=101"}],"version-history":[{"count":14,"href":"https:\/\/departamentos.uleam.edu.ec\/observatorio-territorial\/wp-json\/wp\/v2\/pages\/101\/revisions"}],"predecessor-version":[{"id":230,"href":"https:\/\/departamentos.uleam.edu.ec\/observatorio-territorial\/wp-json\/wp\/v2\/pages\/101\/revisions\/230"}],"wp:attachment":[{"href":"https:\/\/departamentos.uleam.edu.ec\/observatorio-territorial\/wp-json\/wp\/v2\/media?parent=101"}],"curies":[{"name":"wp","href":"https:\/\/api.w.org\/{rel}","templated":true}]}}