{"id":110,"date":"2018-05-19T01:31:18","date_gmt":"2018-05-19T01:31:18","guid":{"rendered":"http:\/\/departamentos.uleam.edu.ec\/procuraduria\/?page_id=110"},"modified":"2019-05-29T20:39:37","modified_gmt":"2019-05-29T20:39:37","slug":"convenios-2015","status":"publish","type":"page","link":"https:\/\/departamentos.uleam.edu.ec\/procuraduria\/convenios-2015\/","title":{"rendered":"Convenios 2015"},"content":{"rendered":"<p><span style=\"color: #000000\"><strong>Convenios Marco<\/strong><\/span><\/p>\n<p><span style=\"color: #000000\"><a style=\"color: #000000\" href=\"https:\/\/departamentos.uleam.edu.ec\/procuraduria\/files\/2018\/05\/convenio-uleam-universidad-alcala-2015.pdf\" target=\"_blank\" rel=\"noopener\">Uleam y Universidad Alcal\u00e1\u00a0<\/a><\/span><\/p>\n<p><strong><span style=\"color: #000000\">Convenios\u00a0<\/span><\/strong><span style=\"color: #000000\"><b>Espec\u00edficos<\/b><\/span><\/p>\n<p><span style=\"color: #000000\"><a style=\"color: #000000\" href=\"https:\/\/departamentos.uleam.edu.ec\/procuraduria\/files\/2019\/05\/ULEAM-Y-CAMARA-DE-TURISMO-MANTA.pdf\" target=\"_blank\" rel=\"noopener\">Uleam y C\u00e1mara de Turismo Manta<\/a><\/span><\/p>\n<p><strong><span style=\"color: #000000\">Convenios Interinstitucional<\/span><\/strong><\/p>\n<p><span style=\"color: #000000\"><a style=\"color: #000000\" href=\"https:\/\/departamentos.uleam.edu.ec\/procuraduria\/files\/2019\/05\/ULEAM-EXTENSI\u00d3N-BAH\u00cdA-Y-DISTRITO-DE-EDUCACI\u00d3N-13D11-SAN-VICENTE-SUCRE.pdf\" target=\"_blank\" rel=\"noopener\">Uleam Extensi\u00f3n Bah\u00eda y Distrito de educaci\u00f3n 12D11 San Vicente\u00a0<\/a><\/span><\/p>\n<p><span style=\"color: #000000\"><a style=\"color: #000000\" href=\"https:\/\/departamentos.uleam.edu.ec\/procuraduria\/files\/2019\/05\/ULEAM-Y-COMUNIDAD-DE-LA-SEQUITA-MONTECRISTI.pdf\" target=\"_blank\" rel=\"noopener\">Uleam y Comunidad de la Sequita Montecristi\u00a0<\/a><\/span><\/p>\n<p><span style=\"color: #000000\"><a style=\"color: #000000\" href=\"https:\/\/departamentos.uleam.edu.ec\/procuraduria\/files\/2019\/05\/ULEAM-Y-COOPERATIVA-DE-PRODUCCI\u00d3N-PESQUERA-DAMAS-DE-SAN-MATEO.pdf\" target=\"_blank\" rel=\"noopener\">Uleam y Cooperativa de producci\u00f3n pesquera Damas de San Mateo\u00a0<\/a><\/span><\/p>\n<p><strong><span style=\"color: #000000\">Convenios Pr\u00e1cticas Pre-profesionales\u00a0<\/span><\/strong><\/p>\n<p><span style=\"color: #000000\"><a style=\"color: #000000\" href=\"https:\/\/departamentos.uleam.edu.ec\/procuraduria\/files\/2019\/05\/ULEAM-Y-GOBIERNO-AUTONOMO-DESCENTRALIZADO-DEL-CANT\u00d3N-MONTECRISTI.pdf\" target=\"_blank\" rel=\"noopener\">Uleam y Gad Cant\u00f3n Montecristi\u00a0<\/a><\/span><\/p>\n<p><span style=\"color: #000000\"><a style=\"color: #000000\" href=\"https:\/\/departamentos.uleam.edu.ec\/procuraduria\/files\/2019\/05\/ULEAM-Y-MINISTERIO-DE-SALUD-P\u00daBLICA-COORDINACI\u00d3N-ZONAL-4.pdf\" target=\"_blank\" rel=\"noopener\">Uleam y Ministerio de salud p\u00fablica coordinaci\u00f3n zonal 4\u00a0<\/a><\/span><\/p>\n<p><span style=\"color: #000000\"> <a style=\"color: #000000\" href=\"https:\/\/departamentos.uleam.edu.ec\/procuraduria\/files\/2019\/05\/ULEAM-Y-UNIDAD-EDUCATIVA-FAE-4.pdf\" target=\"_blank\" rel=\"noopener\">Uleam y Unidad Educativa Fae\u00a0 # 4<\/a> <\/span><\/p>\n<p><span style=\"color: #000000\"><a style=\"color: #000000\" href=\"https:\/\/departamentos.uleam.edu.ec\/procuraduria\/files\/2019\/05\/ULEAM-Y-UNIDAD-EDUCATIVA-MAR\u00cdA-AUXILIADORA.pdf\" target=\"_blank\" rel=\"noopener\">Uleam y Unidad Educativa Mar\u00eda Auxiliadora\u00a0<\/a><\/span><\/p>\n","protected":false},"excerpt":{"rendered":"<p>Convenios Marco Uleam y Universidad Alcal\u00e1\u00a0 Convenios\u00a0Espec\u00edficos Uleam y C\u00e1mara de Turismo Manta Convenios Interinstitucional Uleam Extensi\u00f3n Bah\u00eda y Distrito de educaci\u00f3n 12D11 San Vicente\u00a0 Uleam y Comunidad de la Sequita Montecristi\u00a0 Uleam y Cooperativa de producci\u00f3n pesquera Damas de [&hellip;]<\/p>\n","protected":false},"author":56,"featured_media":0,"parent":0,"menu_order":0,"comment_status":"closed","ping_status":"closed","template":"","meta":{"footnotes":"","_links_to":"","_links_to_target":""},"class_list":["post-110","page","type-page","status-publish","hentry"],"_links":{"self":[{"href":"https:\/\/departamentos.uleam.edu.ec\/procuraduria\/wp-json\/wp\/v2\/pages\/110","targetHints":{"allow":["GET"]}}],"collection":[{"href":"https:\/\/departamentos.uleam.edu.ec\/procuraduria\/wp-json\/wp\/v2\/pages"}],"about":[{"href":"https:\/\/departamentos.uleam.edu.ec\/procuraduria\/wp-json\/wp\/v2\/types\/page"}],"author":[{"embeddable":true,"href":"https:\/\/departamentos.uleam.edu.ec\/procuraduria\/wp-json\/wp\/v2\/users\/56"}],"replies":[{"embeddable":true,"href":"https:\/\/departamentos.uleam.edu.ec\/procuraduria\/wp-json\/wp\/v2\/comments?post=110"}],"version-history":[{"count":8,"href":"https:\/\/departamentos.uleam.edu.ec\/procuraduria\/wp-json\/wp\/v2\/pages\/110\/revisions"}],"predecessor-version":[{"id":399,"href":"https:\/\/departamentos.uleam.edu.ec\/procuraduria\/wp-json\/wp\/v2\/pages\/110\/revisions\/399"}],"wp:attachment":[{"href":"https:\/\/departamentos.uleam.edu.ec\/procuraduria\/wp-json\/wp\/v2\/media?parent=110"}],"curies":[{"name":"wp","href":"https:\/\/api.w.org\/{rel}","templated":true}]}}