{"id":111,"date":"2018-05-19T01:31:24","date_gmt":"2018-05-19T01:31:24","guid":{"rendered":"http:\/\/departamentos.uleam.edu.ec\/procuraduria\/?page_id=111"},"modified":"2019-05-29T20:09:47","modified_gmt":"2019-05-29T20:09:47","slug":"convenios-2016","status":"publish","type":"page","link":"https:\/\/departamentos.uleam.edu.ec\/procuraduria\/convenios-2016\/","title":{"rendered":"Convenios 2016"},"content":{"rendered":"<p><span style=\"color: #000000\"><strong>Convenios Marco<\/strong><br \/>\n<\/span><\/p>\n<p><span style=\"color: #000000\"><a style=\"color: #000000\" href=\"https:\/\/departamentos.uleam.edu.ec\/procuraduria\/files\/2019\/05\/ULEAM-Y-ASOCIACI\u00d3N-UNIVERSITARIA-INTERNACIONAL-TIERRA-CIUDADANA-UITC.pdf\" target=\"_blank\" rel=\"noopener\">Uleam y asociaci\u00f3n Universitaria Internacional Tierra Ciudadana UITC<\/a><\/span><\/p>\n<p><span style=\"color: #000000\"><a style=\"color: #000000\" href=\"https:\/\/departamentos.uleam.edu.ec\/procuraduria\/files\/2019\/05\/ULEAM-Y-CISP-COMITATO-INTERNAZIONALE-PER-LO-SVILUPPO-DEI-POPLI.pdf\" target=\"_blank\" rel=\"noopener\">Uleam y Cisp ( Comitato Internazionale Per Lo Svileam y Cisp) ( Comitato Internazionale Per Lo Svilippo Dei Popli)<\/a><\/span><\/p>\n<p><span style=\"color: #000000\"><a style=\"color: #000000\" href=\"https:\/\/departamentos.uleam.edu.ec\/procuraduria\/files\/2019\/05\/ULEAM-Y-CONSEJO-DE-PARTICIPACI\u00d3N-CIUDADANA-Y-CONTROL-SOCIAL.pdf\" target=\"_blank\" rel=\"noopener\">Uleam y Consejo de Participaci\u00f3n Ciudadana y Control Social\u00a0<\/a><\/span><\/p>\n<p><span style=\"color: #000000\"><a style=\"color: #000000\" href=\"https:\/\/departamentos.uleam.edu.ec\/procuraduria\/files\/2019\/05\/ULEAM-Y-ESCUELA-SUPERIOR-POLIT\u00c9CNICA-DEL-LITORAL.pdf\" target=\"_blank\" rel=\"noopener\">Uleam y Escuela Superior Polit\u00e9cnica del Litoral\u00a0<\/a><\/span><\/p>\n<p><span style=\"color: #000000\"><a style=\"color: #000000\" href=\"https:\/\/departamentos.uleam.edu.ec\/procuraduria\/files\/2019\/05\/ULEAM-Y-GOBIERNO-AUT\u00d3NOMO-DESCENTRALIZADO-PARROQUIAL-RURAL-SANTA-MARIANITA.pdf\" target=\"_blank\" rel=\"noopener\">Uleam y Parroquia rural Santa Marianita\u00a0<\/a><\/span><\/p>\n<p><span style=\"color: #000000\"><a style=\"color: #000000\" href=\"https:\/\/departamentos.uleam.edu.ec\/procuraduria\/files\/2019\/05\/ULEAM-Y-PRICECENTER-S-A..pdf\" target=\"_blank\" rel=\"noopener\">Uleam y Pricecenter S.A<\/a><\/span><\/p>\n<p><span style=\"color: #000000\"><a style=\"color: #000000\" href=\"https:\/\/departamentos.uleam.edu.ec\/procuraduria\/files\/2019\/05\/ULEAM-Y-UNIVERSIDAD-C\u00d3RDOBA-DE-ESPA\u00d1A.pdf\" target=\"_blank\" rel=\"noopener\">Uleam y Universidad C\u00f3rdoba de Espa\u00f1a\u00a0<\/a><\/span><\/p>\n<p><span style=\"color: #000000\"><a style=\"color: #000000\" href=\"https:\/\/departamentos.uleam.edu.ec\/procuraduria\/files\/2019\/05\/ULEAM-Y-UNIVERSIDAD-DE-SANTIAGO-DE-CALI-USC-CALI.pdf\" target=\"_blank\" rel=\"noopener\">Uleam y Universidad de Santiago de Cali Usc\u00a0\u00a0<\/a><\/span><\/p>\n<p><span style=\"color: #000000\"><a style=\"color: #000000\" href=\"https:\/\/departamentos.uleam.edu.ec\/procuraduria\/files\/2019\/05\/ULEAM-Y-UNIVERSIDAD-HABANA-CUBA.pdf\" target=\"_blank\" rel=\"noopener\">Uleam y Universidad Habana Cuba\u00a0<\/a><\/span><\/p>\n<p><span style=\"color: #000000\"><a style=\"color: #000000\" href=\"https:\/\/departamentos.uleam.edu.ec\/procuraduria\/files\/2019\/05\/ULEAM-Y-UNIVERSIDAD-PEN\u00cdNSULA-DE-SANTA-ELENA-UPSE.pdf\" target=\"_blank\" rel=\"noopener\">Uleam y Universidad Pen\u00ednsula de Santa Elena Upse\u00a0<\/a><\/span><\/p>\n<p><span style=\"color: #000000\"><a style=\"color: #000000\" href=\"https:\/\/departamentos.uleam.edu.ec\/procuraduria\/files\/2019\/05\/ULEAM-Y-UNIVERSIDAD-POLIT\u00c9CNICA-DE-CARTAGENA-ESPA\u00d1A.pdf\" target=\"_blank\" rel=\"noopener\">Uleam y Universidad Polit\u00e9cnica de Cartagena Espa\u00f1a\u00a0<\/a><\/span><\/p>\n<p><span style=\"color: #000000\"><a style=\"color: #000000\" href=\"https:\/\/departamentos.uleam.edu.ec\/procuraduria\/files\/2018\/05\/convenio-uleam-y-miduvi-2016.pdf\" target=\"_blank\" rel=\"noopener\">Uleam y Miduvi\u00a0<\/a><\/span><\/p>\n<p><strong><span style=\"color: #000000\">Convenios Espec\u00edficos<\/span><\/strong><\/p>\n<p><span style=\"color: #000000\"><a style=\"color: #000000\" href=\"https:\/\/departamentos.uleam.edu.ec\/procuraduria\/files\/2019\/05\/ULEAM-Y-EMPRESA-PRICECENTER.pdf\" target=\"_blank\" rel=\"noopener\">Uleam y Empresa Pricecenter\u00a0<\/a><\/span><\/p>\n<p><span style=\"color: #000000\"><a style=\"color: #000000\" href=\"https:\/\/departamentos.uleam.edu.ec\/procuraduria\/files\/2019\/05\/ULEAM-Y-LA-EMPRESA-P\u00daBLICA-DE-DESARROLLO-URBANO-Y-VIVIENDA-SI-VIVIENDA-EP.pdf\" target=\"_blank\" rel=\"noopener\">Uleam y la Empresa P\u00fablica de Desarrollo Urbano y Vivienda, Si Vivienda\u00a0 EP<\/a> <\/span><\/p>\n<p><span style=\"color: #000000\"><a style=\"color: #000000\" href=\"https:\/\/departamentos.uleam.edu.ec\/procuraduria\/files\/2019\/05\/ULEAM-Y-UNIVERSIDAD-DE-C\u00d3RDOBA-DE-ESPA\u00d1A.pdf\" target=\"_blank\" rel=\"noopener\">Uleam y Universidad de C\u00f3rdoba de Espa\u00f1a\u00a0<\/a><\/span><\/p>\n<p><span style=\"color: #000000\"><a style=\"color: #000000\" href=\"https:\/\/departamentos.uleam.edu.ec\/procuraduria\/files\/2019\/05\/ULEAM-Y-UNIVERSIDAD-SAN-GREGORIO-DE-PORTOVIEJO-2.pdf\" target=\"_blank\" rel=\"noopener\">Uleam y Universidad San Gregorio de Portoviejo\u00a0<\/a><\/span><\/p>\n<p><strong><span style=\"color: #000000\">Convenios Interinstitucional<\/span><\/strong><\/p>\n<p><span style=\"color: #000000\"><a style=\"color: #000000\" href=\"https:\/\/departamentos.uleam.edu.ec\/procuraduria\/files\/2019\/05\/ULEAM-CAMPUS-PEDERNALES-Y-INSTITUTO-TECNOLOGICO-LUIS-ARBOLEDA-MARTINEZ.pdf\" target=\"_blank\" rel=\"noopener\">Uleam Campus Pedernales y El Instituto Tecnol\u00f3gico Luis Arboleda Mart\u00ednez\u00a0<\/a><\/span><\/p>\n<p><span style=\"color: #000000\"><a style=\"color: #000000\" href=\"https:\/\/departamentos.uleam.edu.ec\/procuraduria\/files\/2019\/05\/ULEAM-E-INSTITUTO-TECNOL\u00d3GICO-LUIS-ARBOLEDA-MARTINEZ.pdf\" target=\"_blank\" rel=\"noopener\">Uleam e Instituto Tecnol\u00f3gico Luis Arboleda Mart\u00ednez\u00a0<\/a><\/span><\/p>\n<p><span style=\"color: #000000\"><a style=\"color: #000000\" href=\"https:\/\/departamentos.uleam.edu.ec\/procuraduria\/files\/2019\/05\/ULEAM-Y-FEDERACI\u00d3N-DE-ESTUDIANTES-DE-MEDICINA-PARA-PROYECTOS-E-INTERCAMBIOS.pdf\" target=\"_blank\" rel=\"noopener\">Uleam y Federaci\u00f3n de estudiantes de medicina para proyectos e intercambios\u00a0<\/a><\/span><\/p>\n<p><span style=\"color: #000000\"><a style=\"color: #000000\" href=\"https:\/\/departamentos.uleam.edu.ec\/procuraduria\/files\/2019\/05\/ULEAM-Y-GAD-CANT\u00d3N-MANTA-2.pdf\" target=\"_blank\" rel=\"noopener\">Uleam y Gad Cant\u00f3n Manta(2)<\/a> <\/span><\/p>\n<p><span style=\"color: #000000\"><a style=\"color: #000000\" href=\"https:\/\/departamentos.uleam.edu.ec\/procuraduria\/files\/2019\/05\/ULEAM-Y-GAD-CANT\u00d3N-MANTA-1.pdf\" target=\"_blank\" rel=\"noopener\">Uleam y Gad Cant\u00f3n Manta\u00a0<\/a><\/span><\/p>\n<p><span style=\"color: #000000\"><a style=\"color: #000000\" href=\"https:\/\/departamentos.uleam.edu.ec\/procuraduria\/files\/2019\/05\/ULEAM-Y-GAD-CANT\u00d3N-TOSAGUA.pdf\" target=\"_blank\" rel=\"noopener\">Uleam y Gad Cant\u00f3n Tosagua\u00a0<\/a><\/span><\/p>\n<p><span style=\"color: #000000\"><a style=\"color: #000000\" href=\"https:\/\/departamentos.uleam.edu.ec\/procuraduria\/files\/2019\/05\/ULEAM-Y-GAD-SAN-VICENTE.pdf\" target=\"_blank\" rel=\"noopener\">Uleam y Gad San Vicente\u00a0<\/a><\/span><\/p>\n<p><span style=\"color: #000000\"><a style=\"color: #000000\" href=\"https:\/\/departamentos.uleam.edu.ec\/procuraduria\/files\/2019\/05\/ULEAM-Y-LA-FUNDACI\u00d3N-ECUATORIANA-DE-APOYO-A-LA-CULTURA-V\u00c9DICA.pdf\" target=\"_blank\" rel=\"noopener\">Uleam y la Fundaci\u00f3n Ecuatoriana\u00a0 de apoyo a la cultura v\u00e9dica\u00a0<\/a><\/span><\/p>\n<p><strong><span style=\"color: #000000\">Convenios de Pr\u00e1cticas Pre-profesionales\u00a0<\/span><\/strong><\/p>\n<p><span style=\"color: #000000\"><a style=\"color: #000000\" href=\"https:\/\/departamentos.uleam.edu.ec\/procuraduria\/files\/2019\/05\/ULEAM-EXTENSI\u00d3N-BAH\u00cdA-Y-CAFETER\u00cdA-H.SPORTS-CAF\u00c9-BAH\u00cdA.pdf\" target=\"_blank\" rel=\"noopener\">Uleam Extensi\u00f3n Bah\u00eda y Cafeter\u00eda H. Sports Caf\u00e9 Bah\u00eda\u00a0<\/a><\/span><\/p>\n<p><span style=\"color: #000000\"><a style=\"color: #000000\" href=\"https:\/\/departamentos.uleam.edu.ec\/procuraduria\/files\/2019\/05\/ULEAM-Y-COMPA\u00d1IA-HPF-CONSTRUCTORA-S-A.pdf\" target=\"_blank\" rel=\"noopener\">Uleam y Compa\u00f1ia HPF Constructora S.A<\/a> <\/span><\/p>\n<p><span style=\"color: #000000\"><a style=\"color: #000000\" href=\"https:\/\/departamentos.uleam.edu.ec\/procuraduria\/files\/2019\/05\/ULEAM-Y-COMPA\u00d1IA-OXIGASMANTA.pdf\" target=\"_blank\" rel=\"noopener\">Uleam y Compa\u00f1ia OxigasManta\u00a0<\/a><\/span><\/p>\n<p><span style=\"color: #000000\"><a style=\"color: #000000\" href=\"https:\/\/departamentos.uleam.edu.ec\/procuraduria\/files\/2019\/05\/ULEAM-Y-COMPA\u00d1IA-RIMACORP-S-A.pdf\" target=\"_blank\" rel=\"noopener\">Uleam y Compa\u00f1ia Rimacorp S.A<\/a> <\/span><\/p>\n<p><span style=\"color: #000000\"><a style=\"color: #000000\" href=\"https:\/\/departamentos.uleam.edu.ec\/procuraduria\/files\/2019\/05\/ULEAM-Y-COMPA\u00d1\u00cdA-TELEVISI\u00d3N-MANABITA-S-A.pdf\" target=\"_blank\" rel=\"noopener\">Uleam y Compa\u00f1ia Televisi\u00f3n Manabita S.A<\/a> <\/span><\/p>\n<p><span style=\"color: #000000\"><a style=\"color: #000000\" href=\"https:\/\/departamentos.uleam.edu.ec\/procuraduria\/files\/2019\/05\/ULEAM-Y-COOPERATIVA-DE-TRANSPORTES-DE-TAXIS-MERCADO-CENTRAL-6.pdf\" target=\"_blank\" rel=\"noopener\">Uleam y Cooperativa de transporte de taxis mercado central\u00a0 # 6<\/a> <\/span><\/p>\n<p><span style=\"color: #000000\"><a style=\"color: #000000\" href=\"https:\/\/departamentos.uleam.edu.ec\/procuraduria\/files\/2019\/05\/ULEAM-Y-EL-HOSTAL-SPONDYLUS.pdf\" target=\"_blank\" rel=\"noopener\">Uleam y el hostal Spondylus<\/a><\/span><\/p>\n<p><span style=\"color: #000000\"><a style=\"color: #000000\" href=\"https:\/\/departamentos.uleam.edu.ec\/procuraduria\/files\/2019\/05\/ULEAM-Y-EMPRESA-PROPERMAR-S-A.pdf\" target=\"_blank\" rel=\"noopener\">Uleam y Empresa Propermar S.A<\/a> <\/span><\/p>\n<p><span style=\"color: #000000\"><a style=\"color: #000000\" href=\"https:\/\/departamentos.uleam.edu.ec\/procuraduria\/files\/2019\/05\/ULEAM-Y-EMPRESA-P\u00daBLICA-PRODUCCI\u00d3N-DESARROLLO-ESTRATEGICO-DE-LA-ULEAM.pdf\" target=\"_blank\" rel=\"noopener\">Uleam y Empresa p\u00fablica producci\u00f3n desarrollo estrat\u00e9gico de la Uleam\u00a0<\/a><\/span><\/p>\n<p><span style=\"color: #000000\"><a style=\"color: #000000\" href=\"https:\/\/departamentos.uleam.edu.ec\/procuraduria\/files\/2019\/05\/ULEAM-Y-GAD-CANT\u00d3N-JAMA.pdf\" target=\"_blank\" rel=\"noopener\">Uleam y Gad Cant\u00f3n Jama\u00a0<\/a><\/span><\/p>\n<p><span style=\"color: #000000\"><a style=\"color: #000000\" href=\"https:\/\/departamentos.uleam.edu.ec\/procuraduria\/files\/2019\/05\/ULEAM-Y-GOBIERNO-AUT\u00d3NOMO-DESCENTRALIZADO-DE-CANT\u00d3N-MONTECRISTI.pdf\" target=\"_blank\" rel=\"noopener\">Uleam y Gad Cant\u00f3n Montecristi\u00a0<\/a><\/span><\/p>\n<p><span style=\"color: #000000\"><a style=\"color: #000000\" href=\"https:\/\/departamentos.uleam.edu.ec\/procuraduria\/files\/2019\/05\/ULEAM-Y-LA-COMPA\u00d1IA-CYBSEGUROS-CIA-LTDA-AGENCIA-ASESORA-PRODUCTORA-DE-SEGUROS.pdf\" target=\"_blank\" rel=\"noopener\">Uleam y la Compa\u00f1ia Cybseguros Cia Ltda, Agencia asesora productora de seguros\u00a0<\/a><\/span><\/p>\n<p><span style=\"color: #000000\"><a style=\"color: #000000\" href=\"https:\/\/departamentos.uleam.edu.ec\/procuraduria\/files\/2019\/05\/ULEAM-Y-LA-COMPA\u00d1IA-DULCREMO-S.A..pdf\" target=\"_blank\" rel=\"noopener\">Uleam y la Compa\u00f1ia Dulcremo\u00a0 S.A.<\/a> <\/span><\/p>\n<p><span style=\"color: #000000\"><a style=\"color: #000000\" href=\"https:\/\/departamentos.uleam.edu.ec\/procuraduria\/files\/2019\/05\/ULEAM-Y-MANTA-HOST-HOTEL-MANHOST-S-A.pdf\" target=\"_blank\" rel=\"noopener\">Uleam y Manta Host Hotel S.A<\/a> <\/span><\/p>\n<p><span style=\"color: #000000\"><a style=\"color: #000000\" href=\"https:\/\/departamentos.uleam.edu.ec\/procuraduria\/files\/2019\/05\/ULEAM-Y-MINISTERIO-DE-SALUD-P\u00daBLICA-COORDINACI\u00d3N-4-MANAB\u00cd-SANTO-DOMINGO-DE-LOS-TS\u00c1CHILAS.pdf\" target=\"_blank\" rel=\"noopener\">Uleam y Ministerio de salud p\u00fablica , coordinaci\u00f3n zonal 4 Manab\u00ed y Santo Domingo de los Ts\u00e1chilas\u00a0<\/a><\/span><\/p>\n<p><span style=\"color: #000000\"><a style=\"color: #000000\" href=\"https:\/\/departamentos.uleam.edu.ec\/procuraduria\/files\/2019\/05\/ULEAM-Y-SE\u00d1OR-SEGUNDO-CARLOS-JOS\u00c9-ZAMBRANO-ZAMBRANO-EVENTOS-YANIRA.pdf\" target=\"_blank\" rel=\"noopener\">Uleam y Se\u00f1or Segundo Carlos Jos\u00e9 Zambrano Zambrano, Eventos Yanira\u00a0<\/a><\/span><\/p>\n","protected":false},"excerpt":{"rendered":"<p>Convenios Marco Uleam y asociaci\u00f3n Universitaria Internacional Tierra Ciudadana UITC Uleam y Cisp ( Comitato Internazionale Per Lo Svileam y Cisp) ( Comitato Internazionale Per Lo Svilippo Dei Popli) Uleam y Consejo de Participaci\u00f3n Ciudadana y Control Social\u00a0 Uleam y [&hellip;]<\/p>\n","protected":false},"author":56,"featured_media":0,"parent":0,"menu_order":0,"comment_status":"closed","ping_status":"closed","template":"","meta":{"footnotes":"","_links_to":"","_links_to_target":""},"class_list":["post-111","page","type-page","status-publish","hentry"],"_links":{"self":[{"href":"https:\/\/departamentos.uleam.edu.ec\/procuraduria\/wp-json\/wp\/v2\/pages\/111","targetHints":{"allow":["GET"]}}],"collection":[{"href":"https:\/\/departamentos.uleam.edu.ec\/procuraduria\/wp-json\/wp\/v2\/pages"}],"about":[{"href":"https:\/\/departamentos.uleam.edu.ec\/procuraduria\/wp-json\/wp\/v2\/types\/page"}],"author":[{"embeddable":true,"href":"https:\/\/departamentos.uleam.edu.ec\/procuraduria\/wp-json\/wp\/v2\/users\/56"}],"replies":[{"embeddable":true,"href":"https:\/\/departamentos.uleam.edu.ec\/procuraduria\/wp-json\/wp\/v2\/comments?post=111"}],"version-history":[{"count":9,"href":"https:\/\/departamentos.uleam.edu.ec\/procuraduria\/wp-json\/wp\/v2\/pages\/111\/revisions"}],"predecessor-version":[{"id":390,"href":"https:\/\/departamentos.uleam.edu.ec\/procuraduria\/wp-json\/wp\/v2\/pages\/111\/revisions\/390"}],"wp:attachment":[{"href":"https:\/\/departamentos.uleam.edu.ec\/procuraduria\/wp-json\/wp\/v2\/media?parent=111"}],"curies":[{"name":"wp","href":"https:\/\/api.w.org\/{rel}","templated":true}]}}