{"id":129,"date":"2018-05-19T01:40:54","date_gmt":"2018-05-19T01:40:54","guid":{"rendered":"http:\/\/departamentos.uleam.edu.ec\/procuraduria\/?page_id=129"},"modified":"2019-09-13T13:24:25","modified_gmt":"2019-09-13T13:24:25","slug":"convenios-2017","status":"publish","type":"page","link":"https:\/\/departamentos.uleam.edu.ec\/procuraduria\/convenios-2017\/","title":{"rendered":"Convenios 2017"},"content":{"rendered":"<p><span style=\"color: #000000\"><strong>Convenios Marco<\/strong><br \/>\n<\/span><\/p>\n<p><span style=\"color: #000000\"><a style=\"color: #000000\" href=\"https:\/\/departamentos.uleam.edu.ec\/procuraduria\/files\/2019\/05\/ULEAM-VINCULACI\u00d3N-Y-EMPRESA-NATUPAL.pdf\" target=\"_blank\" rel=\"noopener\">Uleam Vinculaci\u00f3n y Empresa Natupal\u00a0<\/a><\/span><\/p>\n<p><span style=\"color: #000000\"><a style=\"color: #000000\" href=\"https:\/\/departamentos.uleam.edu.ec\/procuraduria\/files\/2019\/05\/ULEAM-Y-EL-IEES.pdf\" target=\"_blank\" rel=\"noopener\">Uleam y Iess<\/a><\/span><\/p>\n<p><span style=\"color: #000000\"><a style=\"color: #000000\" href=\"https:\/\/departamentos.uleam.edu.ec\/procuraduria\/files\/2019\/09\/Uleam-y-Yachay-Ep.pdf\" target=\"_blank\" rel=\"noopener\">Uleam y Yachay Ep<\/a><\/span><\/p>\n<p><span style=\"color: #000000\"><a style=\"color: #000000\" href=\"https:\/\/departamentos.uleam.edu.ec\/procuraduria\/files\/2019\/05\/ULEAM-Y-ESCUELA-SUPERIOR-POLIT\u00c9CNICA-AGROPECUARIA-DE-MANAB\u00cd-ESPAM.pdf\" target=\"_blank\" rel=\"noopener\">Uleam y Escuela Superior Polit\u00e9cnica Agropecuaria de Manab\u00ed Espam\u00a0<\/a><\/span><\/p>\n<p><span style=\"color: #000000\"><a style=\"color: #000000\" href=\"https:\/\/departamentos.uleam.edu.ec\/procuraduria\/files\/2019\/05\/ULEAM-Y-GAD-CANT\u00d3N-JARAMIJO.pdf\" target=\"_blank\" rel=\"noopener\">Uleam y Gad Cant\u00f3n Jaramij\u00f3<\/a><\/span><\/p>\n<p><span style=\"color: #000000\"><a style=\"color: #000000\" href=\"https:\/\/departamentos.uleam.edu.ec\/procuraduria\/files\/2019\/05\/ULEAM-Y-GAD-CANT\u00d3N-MANTA.pdf\" target=\"_blank\" rel=\"noopener\">Uleam y Gad Cant\u00f3n Manta\u00a0<\/a><\/span><\/p>\n<p><span style=\"color: #000000\"><a style=\"color: #000000\" href=\"https:\/\/departamentos.uleam.edu.ec\/procuraduria\/files\/2019\/05\/ULEAM-Y-GAD-CANT\u00d3N-MONTECRISTI.pdf\" target=\"_blank\" rel=\"noopener\">Uleam y Gad Cant\u00f3n Montecristi\u00a0<\/a><\/span><\/p>\n<p><span style=\"color: #000000\"><a style=\"color: #000000\" href=\"https:\/\/departamentos.uleam.edu.ec\/procuraduria\/files\/2019\/05\/ULEAM-Y-LA-COMPA\u00d1\u00cdA-MARZAM-CIA-LTDA.2.pdf\" target=\"_blank\" rel=\"noopener\">Uleam y la Compa\u00f1ia Marzam Cia Ltda\u00a0<\/a><\/span><\/p>\n<p><a href=\"https:\/\/departamentos.uleam.edu.ec\/procuraduria\/files\/2019\/05\/ULEAM-Y-MINISTERIO-AGRICULTURA-GANADER\u00cdA-ACUACULTURA-Y-PESCA.pdf\" target=\"_blank\" rel=\"noopener\"><span style=\"color: #000000\">Uleam y Ministerio Agricultura ganader\u00eda acuacultura y pesca\u00a0<\/span><\/a><\/p>\n<p><span style=\"color: #000000\"><a style=\"color: #000000\" href=\"https:\/\/departamentos.uleam.edu.ec\/procuraduria\/files\/2019\/05\/ULEAM-Y-REFINER\u00cdA-DEL-PACIFICO.pdf\" target=\"_blank\" rel=\"noopener\">Uleam y Refiner\u00eda del Pacif\u00edco\u00a0<\/a><\/span><\/p>\n<p><span style=\"color: #000000\"><a style=\"color: #000000\" href=\"https:\/\/departamentos.uleam.edu.ec\/procuraduria\/files\/2019\/05\/ULEAM-Y-SECRETER\u00cdA-T\u00c9CNICA-PLAN-TODA-UNA-VIDA.pdf\" target=\"_blank\" rel=\"noopener\">Uleam y Secretar\u00eda T\u00e9cnica Plan toda una vida\u00a0<\/a><\/span><\/p>\n<p><span style=\"color: #000000\"><a style=\"color: #000000\" href=\"https:\/\/departamentos.uleam.edu.ec\/procuraduria\/files\/2019\/05\/ULEAM-Y-SUBSECRETAR\u00cdA-DE-LA-DEMARCACI\u00d3N-HIDROGR\u00c1FICA-DE-MANABI-SENAGUA.pdf\" target=\"_blank\" rel=\"noopener\">Uleam y Subsecretar\u00eda de la Demarcaci\u00f3n Hidrogr\u00e1fica de Manab\u00ed Senagua\u00a0<\/a><\/span><\/p>\n<p><span style=\"color: #000000\"><a style=\"color: #000000\" href=\"https:\/\/departamentos.uleam.edu.ec\/procuraduria\/files\/2019\/05\/ULEAM-Y-UNIVERSIDAD-ESTATAL-PIN\u00cdNSULA-DE-SANTA-ELENA-UPSE.pdf\" target=\"_blank\" rel=\"noopener\">Uleam y Universidad Estatal Peninsula de Santa Elena Upse\u00a0<\/a><\/span><\/p>\n<p><span style=\"color: #000000\"><a style=\"color: #000000\" href=\"https:\/\/departamentos.uleam.edu.ec\/procuraduria\/files\/2018\/05\/convenio-uleam-iees-2017.pdf\" target=\"_blank\" rel=\"noopener\">Uleam &#8211; Iess\u00a0<\/a><\/span><\/p>\n<p><strong><span style=\"color: #000000\">Convenios\u00a0<\/span><\/strong><span style=\"color: #000000\"><b>Espec\u00edficos<\/b><\/span><\/p>\n<p><span style=\"color: #000000\"><a style=\"color: #000000\" href=\"https:\/\/departamentos.uleam.edu.ec\/procuraduria\/files\/2019\/05\/ULEAM-Y-EMPRESA-P\u00daBLICA-PROVINCIAL-MANAB\u00cd-PRODUCE-EP.pdf\" target=\"_blank\" rel=\"noopener\">Uleam y empresa P\u00fablica Provincial Manab\u00ed Produce EP<\/a> <\/span><\/p>\n<p><span style=\"color: #000000\"><a style=\"color: #000000\" href=\"https:\/\/departamentos.uleam.edu.ec\/procuraduria\/files\/2019\/05\/ULEAM-Y-UNIVERSIDAD-SAN-GREGORIO-DE-PORTOVIEJO-1.pdf\" target=\"_blank\" rel=\"noopener\">Uleam y Universidad San Gregorio de Portoviejo\u00a0<\/a><\/span><\/p>\n<p><span style=\"color: #000000\"><b>Convenios Pr\u00e1cticas\u00a0Pre-Profesionales\u00a0<\/b><\/span><\/p>\n<p><a href=\"https:\/\/departamentos.uleam.edu.ec\/procuraduria\/files\/2019\/05\/ULEAM-EMPRESA-SERVICIOS-DE-PUERTOS-S-A-SERVIPUERTOS.pdf\" target=\"_blank\" rel=\"noopener\"><span style=\"color: #000000\">Uleam y Empresa servicios de puertos\u00a0 SA Servipuertos\u00a0<\/span><\/a><\/p>\n<p><span style=\"color: #000000\"><a style=\"color: #000000\" href=\"https:\/\/departamentos.uleam.edu.ec\/procuraduria\/files\/2019\/05\/ULEAM-Y-LA-ASESORIA-CONTABLE-TRIBUTARIA-Y-LEGAL-CEVALLOS-CEVALLOS-ASCEV-CIA-LTDA.pdf\" target=\"_blank\" rel=\"noopener\">Uleam y La Asesor\u00eda contable tributaria y legal Cevallos\u00a0 &amp; Cevallos Cia Ltda\u00a0<\/a><\/span><\/p>\n<p><span style=\"color: #000000\"><a style=\"color: #000000\" href=\"https:\/\/departamentos.uleam.edu.ec\/procuraduria\/files\/2019\/05\/ULEAM-Y-COMPA\u00d1\u00cdA-MARZAM-CIA-LTDA.pdf\" target=\"_blank\" rel=\"noopener\">Uleam y Compa\u00f1ia Marzam Cia Ltda\u00a0<\/a><\/span><\/p>\n<p><span style=\"color: #000000\"><a style=\"color: #000000\" href=\"https:\/\/departamentos.uleam.edu.ec\/procuraduria\/files\/2019\/05\/ULEAM-Y-COMPA\u00d1\u00cdA-NAVIERA-JCP-HERMANOS-CIA-LTDA.pdf\" target=\"_blank\" rel=\"noopener\">Uleam y Compa\u00f1ia Naviera\u00a0 JCP hermanos Cia Ltda\u00a0<\/a><\/span><\/p>\n<p><span style=\"color: #000000\"><a style=\"color: #000000\" href=\"https:\/\/departamentos.uleam.edu.ec\/procuraduria\/files\/2019\/05\/ULEAM-Y-EL-INSTITUTO-TECNOL\u00d3GICO-SUPERIOR-DE-CIENCIAS-RELIGIOSAS-Y-EDUCACI\u00d3N-EN-VALORES-SAN-PEDRO.pdf\" target=\"_blank\" rel=\"noopener\">Uleam y el Instituto Tecnol\u00f3gico Superior de Ciencias Religiosas y Educaci\u00f3n en valores San Pedro\u00a0<\/a><\/span><\/p>\n<p><span style=\"color: #000000\"><a style=\"color: #000000\" href=\"https:\/\/departamentos.uleam.edu.ec\/procuraduria\/files\/2019\/05\/ULEAM-Y-EMPRESA-DE-MATERIALES-EL\u00c9CTRICOS-E-INDUSTRIALES-DE-CONSTRUCCI\u00d3N-MAELIC-CIA-LTDA.pdf\" target=\"_blank\" rel=\"noopener\">Uleam y Empresa de materiales el\u00e9ctricos e industriales de construcci\u00f3n Maelic Cia Ltda\u00a0<\/a><\/span><\/p>\n<p><span style=\"color: #000000\"><a style=\"color: #000000\" href=\"https:\/\/departamentos.uleam.edu.ec\/procuraduria\/files\/2019\/05\/ULEAM-Y-EMPRESA-IDEALICEC-CONSTRUCCIONES-S-A.pdf\" target=\"_blank\" rel=\"noopener\">Uleam y Empresa Idealicec Construcciones\u00a0 S.A<\/a> <\/span><\/p>\n<p><span style=\"color: #000000\"><a style=\"color: #000000\" href=\"https:\/\/departamentos.uleam.edu.ec\/procuraduria\/files\/2019\/05\/ULEAM-Y-EMPRESA-MARDEX-MARISCOS-DE-EXPORTACI\u00d3N-S-A.pdf\" target=\"_blank\" rel=\"noopener\">Uleam y Empresa Mardex mariscos de exportaci\u00f3n S. A<\/a> <\/span><\/p>\n<p><a href=\"https:\/\/departamentos.uleam.edu.ec\/procuraduria\/files\/2019\/05\/ULEAM-Y-EMPRESA-P\u00daBLICA-MUNICIPAL-TRANSPORTE-JOCAY-EP.pdf\" target=\"_blank\" rel=\"noopener\"><span style=\"color: #000000\">Uleam y Empresa P\u00fablica municipal transporte Jocay EP<\/span><\/a><\/p>\n<p><span style=\"color: #000000\"><a style=\"color: #000000\" href=\"https:\/\/departamentos.uleam.edu.ec\/procuraduria\/files\/2019\/05\/ULEAM-Y-EMPRESA-SEGURILLANTA-S-A.pdf\" target=\"_blank\" rel=\"noopener\">Uleam y Empresa Segurillanta\u00a0 S. A<\/a> <\/span><\/p>\n<p><span style=\"color: #000000\"><a style=\"color: #000000\" href=\"https:\/\/departamentos.uleam.edu.ec\/procuraduria\/files\/2019\/05\/ULEAM-Y-EMPRESA-TRAFINO-S-A.pdf\" target=\"_blank\" rel=\"noopener\">Uleam y Empresa Tafino S. A<\/a> <\/span><\/p>\n<p><span style=\"color: #000000\"><a style=\"color: #000000\" href=\"https:\/\/departamentos.uleam.edu.ec\/procuraduria\/files\/2019\/05\/ULEAM-Y-F\u00c1BRICA-ECUATORIANA-ECUAVAV-S-A-HOTEL-POSEID\u00d3N.pdf\" target=\"_blank\" rel=\"noopener\">Uleam y F\u00e1brica ecuatoriana Ecuavav S. A Hotel Poseid\u00f3n\u00a0<\/a><\/span><\/p>\n<p><span style=\"color: #000000\"><a style=\"color: #000000\" href=\"https:\/\/departamentos.uleam.edu.ec\/procuraduria\/files\/2019\/05\/ULEAM-Y-FERRETER\u00cdA-S\u00c1NCHEZ.pdf\" target=\"_blank\" rel=\"noopener\">Uleam y Ferreter\u00eda S\u00e1nchez\u00a0<\/a><\/span><\/p>\n<p><span style=\"color: #000000\"><a style=\"color: #000000\" href=\"https:\/\/departamentos.uleam.edu.ec\/procuraduria\/files\/2019\/05\/ULEAM-Y-LA-BASE-NAVAL-DE-JARAMIJ\u00d3.pdf\" target=\"_blank\" rel=\"noopener\">Uleam y la Base Naval de Jaramij\u00f3<\/a><\/span><\/p>\n<p><span style=\"color: #000000\"><a style=\"color: #000000\" href=\"https:\/\/departamentos.uleam.edu.ec\/procuraduria\/files\/2019\/05\/ULEAM-Y-LA-COMPA\u00d1\u00cdA-DE-TRANSPORTE-TURISMO-RAPDCAR-TRANSRAPIDCAR-S-A.pdf\" target=\"_blank\" rel=\"noopener\">Uleam y la Compa\u00f1ia de transporte turismo Rapdcar, Transrapidcar S.A<\/a> <\/span><\/p>\n<p><span style=\"color: #000000\"><a style=\"color: #000000\" href=\"https:\/\/departamentos.uleam.edu.ec\/procuraduria\/files\/2019\/05\/ULEAM-Y-LA-COMPA\u00d1\u00cdA-MANTA-MEDICAL-INSUQUIRUR-S-A.pdf\" target=\"_blank\" rel=\"noopener\">Uleam y la Compa\u00f1ia Manta Medical Insuquirur S.A<\/a> <\/span><\/p>\n<p><span style=\"color: #000000\"><a style=\"color: #000000\" href=\"https:\/\/departamentos.uleam.edu.ec\/procuraduria\/files\/2019\/05\/ULEAM-Y-LA-EMPRESA-DISALME-CIA-LTDA.pdf\" target=\"_blank\" rel=\"noopener\">Uleam y la Empresa Disalme Cia Ltda\u00a0<\/a><\/span><\/p>\n<p><span style=\"color: #000000\"><a style=\"color: #000000\" href=\"https:\/\/departamentos.uleam.edu.ec\/procuraduria\/files\/2019\/05\/ULEAM-Y-LA-EMPRESA-FERRABAD.pdf\" target=\"_blank\" rel=\"noopener\">Uleam y la Empresa Ferrabad\u00a0<\/a><\/span><\/p>\n<p><span style=\"color: #000000\"><a style=\"color: #000000\" href=\"https:\/\/departamentos.uleam.edu.ec\/procuraduria\/files\/2019\/05\/ULEAM-Y-LA-EMPRESA-SECEVER-S-A.pdf\" target=\"_blank\" rel=\"noopener\">Uleam y la Empresa Secever S. A<\/a> <\/span><\/p>\n<p><span style=\"color: #000000\"><a style=\"color: #000000\" href=\"https:\/\/departamentos.uleam.edu.ec\/procuraduria\/files\/2019\/05\/ULEAM-Y-LA-EMPRESA-SERCONTRI-JC.pdf\" target=\"_blank\" rel=\"noopener\">Uleam y la Empresa Sercontri JC<\/a> <\/span><\/p>\n<p><span style=\"color: #000000\"><a style=\"color: #000000\" href=\"https:\/\/departamentos.uleam.edu.ec\/procuraduria\/files\/2019\/05\/ULEAM-Y-MANAGEMENT-SOLUTION-SOLIS-HIDALGO-MANAGSOLUT-CIA-LTDA.pdf\" target=\"_blank\" rel=\"noopener\">Uleam y Management Solution Solis &amp; Hidalgo Managsolut Cia Ltda\u00a0<\/a><\/span><\/p>\n<p><span style=\"color: #000000\"><a style=\"color: #000000\" href=\"https:\/\/departamentos.uleam.edu.ec\/procuraduria\/files\/2019\/05\/ULEAM-Y-ORGANIZACI\u00d3N-GLOBAL-STUDENT-EMBASSY.pdf\" target=\"_blank\" rel=\"noopener\">Uleam y Organizaci\u00f3n Global Student Embassy\u00a0<\/a><\/span><\/p>\n<p><span style=\"color: #000000\"><a style=\"color: #000000\" href=\"https:\/\/departamentos.uleam.edu.ec\/procuraduria\/files\/2019\/05\/ULEAM-Y-SOCIEDAD-AUDITORES-CONTADORES-S-A-VICJA.pdf\" target=\"_blank\" rel=\"noopener\">Uleam y Sociedad auditores contadores S.A VICJA<\/a><\/span><\/p>\n<p>&nbsp;<\/p>\n","protected":false},"excerpt":{"rendered":"<p>Convenios Marco Uleam Vinculaci\u00f3n y Empresa Natupal\u00a0 Uleam y Iess Uleam y Yachay Ep Uleam y Escuela Superior Polit\u00e9cnica Agropecuaria de Manab\u00ed Espam\u00a0 Uleam y Gad Cant\u00f3n Jaramij\u00f3 Uleam y Gad Cant\u00f3n Manta\u00a0 Uleam y Gad Cant\u00f3n Montecristi\u00a0 Uleam y [&hellip;]<\/p>\n","protected":false},"author":56,"featured_media":0,"parent":0,"menu_order":0,"comment_status":"closed","ping_status":"closed","template":"","meta":{"footnotes":"","_links_to":"","_links_to_target":""},"class_list":["post-129","page","type-page","status-publish","hentry"],"_links":{"self":[{"href":"https:\/\/departamentos.uleam.edu.ec\/procuraduria\/wp-json\/wp\/v2\/pages\/129","targetHints":{"allow":["GET"]}}],"collection":[{"href":"https:\/\/departamentos.uleam.edu.ec\/procuraduria\/wp-json\/wp\/v2\/pages"}],"about":[{"href":"https:\/\/departamentos.uleam.edu.ec\/procuraduria\/wp-json\/wp\/v2\/types\/page"}],"author":[{"embeddable":true,"href":"https:\/\/departamentos.uleam.edu.ec\/procuraduria\/wp-json\/wp\/v2\/users\/56"}],"replies":[{"embeddable":true,"href":"https:\/\/departamentos.uleam.edu.ec\/procuraduria\/wp-json\/wp\/v2\/comments?post=129"}],"version-history":[{"count":11,"href":"https:\/\/departamentos.uleam.edu.ec\/procuraduria\/wp-json\/wp\/v2\/pages\/129\/revisions"}],"predecessor-version":[{"id":518,"href":"https:\/\/departamentos.uleam.edu.ec\/procuraduria\/wp-json\/wp\/v2\/pages\/129\/revisions\/518"}],"wp:attachment":[{"href":"https:\/\/departamentos.uleam.edu.ec\/procuraduria\/wp-json\/wp\/v2\/media?parent=129"}],"curies":[{"name":"wp","href":"https:\/\/api.w.org\/{rel}","templated":true}]}}