{"id":130,"date":"2018-05-19T01:41:01","date_gmt":"2018-05-19T01:41:01","guid":{"rendered":"http:\/\/departamentos.uleam.edu.ec\/procuraduria\/?page_id=130"},"modified":"2025-08-18T14:32:10","modified_gmt":"2025-08-18T14:32:10","slug":"convenios-2018","status":"publish","type":"page","link":"https:\/\/departamentos.uleam.edu.ec\/procuraduria\/convenios-2018\/","title":{"rendered":"Convenios 2018"},"content":{"rendered":"<p><span style=\"color: #000000\"><strong>Convenios Marco\u00a0<\/strong><\/span><\/p>\n<p><span style=\"color: #000000\"><a style=\"color: #000000\" href=\"https:\/\/departamentos.uleam.edu.ec\/procuraduria\/files\/2019\/05\/ULEAM-E-INSTITUTO-TECNOLOGICO-SUPERIOR-PAULO-EMILIO-MAC\u00cdAS.pdf\" target=\"_blank\" rel=\"noopener\">Uleam e Instituto Tecnol\u00f3gico Superior Paulo Emilio Mac\u00edas\u00a0<\/a><\/span><\/p>\n<p><span style=\"color: #000000\"><a style=\"color: #000000\" href=\"https:\/\/departamentos.uleam.edu.ec\/procuraduria\/files\/2019\/05\/ULEAM-FUNDACION-SALGADO-SILVA-FUNSALSIL.pdf\" target=\"_blank\" rel=\"noopener\">Uleam y Fundaci\u00f3n Salgado Silva Funsalsil<\/a><\/span><\/p>\n<p><span style=\"color: #000000\"><a style=\"color: #000000\" href=\"https:\/\/departamentos.uleam.edu.ec\/procuraduria\/files\/2019\/05\/ULEAM-Y-COMITE-PARALIMPICO-ECUATORIANO.pdf\" target=\"_blank\" rel=\"noopener\">Uleam y Comit\u00e9 Paralimpico Ecuatoriano\u00a0<\/a><\/span><\/p>\n<p><span style=\"color: #000000\"><a style=\"color: #000000\" href=\"https:\/\/departamentos.uleam.edu.ec\/procuraduria\/files\/2019\/05\/ULEAM-Y-IKIAM-UNIVERSIDAD-REGIONAL-AMAZ\u00d3NICA.pdf\" target=\"_blank\" rel=\"noopener\">Uleam y Ikiam Universidad Regional Amaz\u00f3nica<\/a><\/span><\/p>\n<p><span style=\"color: #000000\"><a style=\"color: #000000\" href=\"https:\/\/departamentos.uleam.edu.ec\/procuraduria\/files\/2019\/05\/ULEAM-Y-BANECUADOR-B-P.pdf\" target=\"_blank\" rel=\"noopener\">Uleam y BanEcuador<\/a><\/span><\/p>\n<p><span style=\"color: #000000\"><a style=\"color: #000000\" href=\"https:\/\/departamentos.uleam.edu.ec\/procuraduria\/files\/2019\/05\/ULEAM-Y-CONSORCIO-VEOLIA-PROACTIVA.pdf\" target=\"_blank\" rel=\"noopener\">Uleam y Consorcio Veolia Proactiva\u00a0<\/a><\/span><\/p>\n<p><span style=\"color: #000000\"><a style=\"color: #000000\" href=\"https:\/\/departamentos.uleam.edu.ec\/procuraduria\/files\/2019\/05\/ULEAM-Y-DIRECCION-REGIONAL-DEL-TRABAJO-Y-SERVICIO-P\u00daBLICO-DE-PORTOVIEJO-MINISTERIO-DE-TRABAJO.pdf\" target=\"_blank\" rel=\"noopener\">Uleam y Direcci\u00f3n regional del trabajo y servicio p\u00fablico de Portoviejo Ministerio de Trabajo\u00a0<\/a><\/span><\/p>\n<p><span style=\"color: #000000\"><a style=\"color: #000000\" href=\"https:\/\/departamentos.uleam.edu.ec\/procuraduria\/files\/2019\/05\/ULEAM-Y-EL-INSTITUTO-UNIVERSITARIO-ITALIANO-DE-ROSARIO-IUNIR.pdf\" target=\"_blank\" rel=\"noopener\">Uleam y el Instituto Universitario Italiano de Rosario Unir\u00a0<\/a><\/span><\/p>\n<p><span style=\"color: #000000\"><a style=\"color: #000000\" href=\"https:\/\/departamentos.uleam.edu.ec\/procuraduria\/files\/2019\/05\/ULEAM-Y-EMPRESA-PUERTO-AT\u00daN.pdf\" target=\"_blank\" rel=\"noopener\">Uleam y Empresa Puerto At\u00fan\u00a0<\/a><\/span><\/p>\n<p><span style=\"color: #000000\"><a style=\"color: #000000\" href=\"https:\/\/departamentos.uleam.edu.ec\/procuraduria\/files\/2019\/05\/ULEAM-Y-FUNDACION-ECON.-GUSTAVO-PALMA-CALDERON.pdf\" target=\"_blank\" rel=\"noopener\">Uleam y Fundaci\u00f3n Eco. Gustavo Palma Calder\u00f3n\u00a0<\/a><\/span><\/p>\n<p><span style=\"color: #000000\"><a style=\"color: #000000\" href=\"https:\/\/departamentos.uleam.edu.ec\/procuraduria\/files\/2019\/05\/ULEAM-Y-GAD-PROVINCIAL-DE-MANABI.pdf\" target=\"_blank\" rel=\"noopener\">Uleam y Gad Provincial de Manab\u00ed<\/a><\/span><\/p>\n<p><span style=\"color: #000000\"><a style=\"color: #000000\" href=\"https:\/\/departamentos.uleam.edu.ec\/procuraduria\/files\/2019\/05\/ULEAM-Y-GOBIERNO-AUT\u00d3NOMO-DESCENTRALIZADO-PROVINCIAL-DE-SANTO-DOMINGO-TS\u00c1CHILAS.pdf\" target=\"_blank\" rel=\"noopener\">Uleam y Gad Provincial de Santo Domingo de losn Ts\u00e1chilas\u00a0<\/a><\/span><\/p>\n<p><span style=\"color: #000000\"><a style=\"color: #000000\" href=\"https:\/\/departamentos.uleam.edu.ec\/procuraduria\/files\/2019\/05\/ULEAM-Y-LA-RED-INTERNACIONAL-DEL-BAMB\u00da-Y-RAT\u00c1N-INBAR.pdf\" target=\"_blank\" rel=\"noopener\">Uleam y la Red Internacional del Bamb\u00fa y Rat\u00e1n Inbar\u00a0<\/a><\/span><\/p>\n<p><span style=\"color: #000000\"><a style=\"color: #000000\" href=\"https:\/\/departamentos.uleam.edu.ec\/procuraduria\/files\/2019\/05\/ULEAM-Y-LA-UNIVERSIDAD-AZUAY.pdf\" target=\"_blank\" rel=\"noopener\">Uleam y la Universidad del Azuay\u00a0<\/a><\/span><\/p>\n<p><span style=\"color: #000000\"><a style=\"color: #000000\" href=\"https:\/\/departamentos.uleam.edu.ec\/procuraduria\/files\/2019\/05\/ULEAM-Y-MINISTERIO-ACUACULTURA-PESCA.pdf\" target=\"_blank\" rel=\"noopener\">Uleam y Ministerio Acuacultura y Pesca\u00a0<\/a><\/span><\/p>\n<p><span style=\"color: #000000\"><a style=\"color: #000000\" href=\"https:\/\/departamentos.uleam.edu.ec\/procuraduria\/files\/2019\/05\/ULEAM-Y-MINISTERIO-DE-INCLUSION-ECONOMICA-Y-SOCIAL-MIES.pdf\" target=\"_blank\" rel=\"noopener\">Uleam y Ministerio de Inclusi\u00f3n Econom\u00eda y Social Mies\u00a0<\/a><\/span><\/p>\n<p><span style=\"color: #000000\"><a style=\"color: #000000\" href=\"https:\/\/departamentos.uleam.edu.ec\/procuraduria\/files\/2019\/05\/ULEAM-Y-MINSITERIO-DE-DESARROLLO-URBANO-Y-VIVIENDA-MIDUVI.pdf\" target=\"_blank\" rel=\"noopener\">Uleam y Ministerio de Desarrollo Urbano y Vivienda Miduvi\u00a0<\/a><\/span><\/p>\n<p><span style=\"color: #000000\"><a style=\"color: #000000\" href=\"https:\/\/departamentos.uleam.edu.ec\/procuraduria\/files\/2019\/05\/ULEAM-Y-PASTORAL-SOCIAL-CARITAS-DE-LA-ARQUEDIOCESIS-DE-PORTOVIEJO.pdf\" target=\"_blank\" rel=\"noopener\">Uleam y Pastoral social caritas de la Arquidiocesis de Portoviejo\u00a0<\/a><\/span><\/p>\n<p><span style=\"color: #000000\"><a style=\"color: #000000\" href=\"https:\/\/departamentos.uleam.edu.ec\/procuraduria\/files\/2019\/05\/ULEAM-Y-SOT-SUPERINTENDENCIA-DE-ORDENAMIENTO-TERRITORIAL-USO-Y-GESTI\u00d3N-DEL-SUELO.pdf\" target=\"_blank\" rel=\"noopener\">Uleam y Sot Superintendencia de ordenamiento territorial, uso y gesti\u00f3n del suelo<\/a><\/span><\/p>\n<p><span style=\"color: #000000\"><a style=\"color: #000000\" href=\"https:\/\/departamentos.uleam.edu.ec\/procuraduria\/files\/2019\/05\/ULEAM-Y-UNIVERSIDAD-CUENCA.pdf\" target=\"_blank\" rel=\"noopener\">Uleam y Universidad de Cuenca\u00a0<\/a><\/span><\/p>\n<p><span style=\"color: #000000\"><a style=\"color: #000000\" href=\"https:\/\/departamentos.uleam.edu.ec\/procuraduria\/files\/2019\/05\/ULEAM-Y-UNIVERSIDAD-DE-GUAYAQUIL.pdf\" target=\"_blank\" rel=\"noopener\">Uleam y Universidad de Guayaquil\u00a0<\/a><\/span><\/p>\n<p><span style=\"color: #000000\"><a style=\"color: #000000\" href=\"https:\/\/departamentos.uleam.edu.ec\/procuraduria\/files\/2019\/05\/ULEAM-Y-UNIVERSIDAD-PARTICULAR-DE-ESPECIALIDADES-ESPIRITU-SANTO-UEES.pdf\" target=\"_blank\" rel=\"noopener\">Uleam y Universidad Particular de Especialidades Esp\u00edritu Santo <\/a><\/span><\/p>\n<p><span style=\"color: #000000\"><a style=\"color: #000000\" href=\"https:\/\/departamentos.uleam.edu.ec\/procuraduria\/files\/2019\/05\/ULEAM-Y-UNIVERSIDAD-SAN-GREGORIO-DE-PORTOVIEJO.pdf\" target=\"_blank\" rel=\"noopener\">Uleam y Universidad San Gregorio de Portoviejo\u00a0<\/a><\/span><\/p>\n<p><span style=\"color: #000000\"><a style=\"color: #000000\" href=\"https:\/\/departamentos.uleam.edu.ec\/procuraduria\/files\/2019\/05\/ULEAM-Y-UNIVERSIDAD-TECNICA-DE-MACHALA-UTMACH.pdf\" target=\"_blank\" rel=\"noopener\">Uleam y Universidad T\u00e9cnica de Machala\u00a0<\/a><\/span><\/p>\n<p><span style=\"color: #000000\"><strong>Convenios Espec\u00edficos<\/strong><\/span><\/p>\n<p><span style=\"color: #000000\"><a style=\"color: #000000\" href=\"https:\/\/departamentos.uleam.edu.ec\/procuraduria\/files\/2019\/08\/Uleam-y-UEES.pdf\" target=\"_blank\" rel=\"noopener\">Uleam y UEES<\/a><\/span><\/p>\n<p><a href=\"https:\/\/departamentos.uleam.edu.ec\/procuraduria\/files\/2019\/05\/ULEAM-Y-ESCUELA-SUPERIOR-POLIT\u00c9CNICA-DE-MANAB\u00cd-ESPAMMFL-JORNADAS-JITIC-2018.pdf\" target=\"_blank\" rel=\"noopener\"><span style=\"color: #000000\">Uleam y Escuela Superior Polit\u00e9cnica de Manab\u00ed Jornadas JITIC\u00a0 2018<\/span><\/a><\/p>\n<p><span style=\"color: #000000\"> <a style=\"color: #000000\" href=\"https:\/\/departamentos.uleam.edu.ec\/procuraduria\/files\/2019\/05\/ULEAM-Y-COORPORACI\u00d3N-EL\u00c9CTRICA-DEL-ECUADOR-UNIDAD-DE-NEGOCIO-TERMOMANABI-CELEC-EP.pdf\" target=\"_blank\" rel=\"noopener\">Uleam y Corporaci\u00f3n El\u00e9ctrica del Ecuador, Unidad de negocios TermoManab\u00ed Celec Ep<\/a><\/span><\/p>\n<p><span style=\"color: #000000\"><a style=\"color: #000000\" href=\"https:\/\/departamentos.uleam.edu.ec\/procuraduria\/files\/2019\/05\/ULEAM-Y-EL-INSTITUTO-UNIVERSITARIO-ITALIANO-DE-ROSARIO-IUNIR-DE-ESPANA.pdf\" target=\"_blank\" rel=\"noopener\">Uleam y el Instituto Universitario Italiano de Rosario Unir de Espa\u00f1a\u00a0<\/a><\/span><\/p>\n<p><span style=\"color: #000000\"><a style=\"color: #000000\" href=\"https:\/\/departamentos.uleam.edu.ec\/procuraduria\/files\/2019\/05\/ULEAM-Y-LA-ESCUELA-SUPERIOR-POLIT\u00c9CNICA-AGROPECUAR\u00cdA-DE-MANAB\u00cd-ESPAMMFL.pdf\" target=\"_blank\" rel=\"noopener\">Uleam y la Escuela Superior Polit\u00e9cnica Agropecuaria de Manab\u00ed\u00a0<\/a><\/span><\/p>\n<p><span style=\"color: #000000\"><a style=\"color: #000000\" href=\"https:\/\/departamentos.uleam.edu.ec\/procuraduria\/files\/2019\/05\/ULEAM-Y-LA-UNIVERSIDAD-DE-LAS-FUERZAS-ARMADAS-ESPE.pdf\" target=\"_blank\" rel=\"noopener\">Uleam y la Universidad de las Fuerzas Armadas\u00a0<\/a><\/span><\/p>\n<p><span style=\"color: #000000\"><a style=\"color: #000000\" href=\"https:\/\/departamentos.uleam.edu.ec\/procuraduria\/files\/2019\/05\/ULEAM-Y-MINISTERIO-DEL-AMBIENTE-COORDINACI\u00d3N-GENERAL-ZONAL-ZONA-4-DIRECCI\u00d3N-PROVINCIAL-DEL-AMBIENTE-MANAB\u00cd.pdf\" target=\"_blank\" rel=\"noopener\">Uleam y el Ministerio del Ambiente, Coordinaci\u00f3n general zona 4 , Direcci\u00f3n provincial del ambiente de\u00a0 Manab\u00ed<\/a><\/span><\/p>\n<p><span style=\"color: #000000\"><a style=\"color: #000000\" href=\"https:\/\/departamentos.uleam.edu.ec\/procuraduria\/files\/2019\/05\/ULEAM-Y-TALLER-DE-ARTE-QUINTANILLA-DE-LA-CIUDAD-DE-CUENCA.pdf\" target=\"_blank\" rel=\"noopener\">Uleam y Taller de arte Quintanilla de la ciudad de Cuenca\u00a0<\/a><\/span><\/p>\n<p><span style=\"color: #000000\"><a style=\"color: #000000\" href=\"https:\/\/departamentos.uleam.edu.ec\/procuraduria\/files\/2019\/05\/ULEAM-Y-UNIVERSIDAD-ESTATAL-DEL-SUR-DE-MANAB\u00cd-UNESUM.pdf\" target=\"_blank\" rel=\"noopener\">Uleam y Universidad Estatal del Sur de Manab\u00ed<\/a><\/span><\/p>\n<p><span style=\"color: #000000\"><strong>Convenios Interinstitucionales<\/strong><\/span><\/p>\n<p><span style=\"color: #000000\"><a style=\"color: #000000\" href=\"https:\/\/departamentos.uleam.edu.ec\/procuraduria\/files\/2019\/05\/ACUERDO-COMERCIAL-DE-AUSPICIO-TUENTI-E-Y-LA-ULEAM.pdf\" target=\"_blank\" rel=\"noopener\">Acuerdo comercial de auspicio Tuenti y la Uleam\u00a0<\/a><\/span><\/p>\n<p><span style=\"color: #000000\"><a style=\"color: #000000\" href=\"https:\/\/departamentos.uleam.edu.ec\/procuraduria\/files\/2019\/05\/ULEAM-Y-INAMHI-INSTITUTO-NACIONAL-DE-METEOROLOG\u00cdA-E-HIDROLIG\u00cdA.pdf\" target=\"_blank\" rel=\"noopener\">Uleam y Inamhi Instituto Nacional de Meteorolog\u00eda e Hidrolog\u00eda<\/a><\/span><\/p>\n<p><span style=\"color: #000000\"><a style=\"color: #000000\" href=\"https:\/\/departamentos.uleam.edu.ec\/procuraduria\/files\/2019\/05\/ULEAM-Y-GAD-MACHALILLA.pdf\" target=\"_blank\" rel=\"noopener\">Uleam y Gad Machalilla\u00a0<\/a><\/span><\/p>\n<p><span style=\"color: #000000\"><a style=\"color: #000000\" href=\"https:\/\/departamentos.uleam.edu.ec\/procuraduria\/files\/2019\/05\/ULEAM-Y-LA-CASA-DE-LA-CULTURA-ECUATORIANA-BENJAMIN-CARRI\u00d3N-N\u00daCLEO-MANAB\u00cd-ECUADOR.pdf\" target=\"_blank\" rel=\"noopener\">Uleam y la Casa de la cultura ecuatoriana Benjam\u00edn Carri\u00f3n n\u00facleo Manab\u00ed- Ecuador\u00a0<\/a><\/span><\/p>\n<p><span style=\"color: #000000\"><a style=\"color: #000000\" href=\"https:\/\/departamentos.uleam.edu.ec\/procuraduria\/files\/2019\/05\/ULEAM-Y-LA-UNIVERSIDAD-FEDERAL-BAHIA-SALVADOR-BAH\u00cdA-DE-BRASIL.pdf\" target=\"_blank\" rel=\"noopener\">Uleam y la Universidad Federal Bah\u00eda Salvador , Bah\u00eda de Brasil\u00a0\u00a0<\/a><\/span><\/p>\n<p><span style=\"color: #000000\"><a style=\"color: #000000\" href=\"https:\/\/departamentos.uleam.edu.ec\/procuraduria\/files\/2019\/05\/ULEAM-Y-LIGA-DEPORTIVA-MATEUR.pdf\" target=\"_blank\" rel=\"noopener\">Uleam y Liga deportiva amateur\u00a0<\/a><\/span><\/p>\n<p><span style=\"color: #000000\"><a style=\"color: #000000\" href=\"https:\/\/departamentos.uleam.edu.ec\/procuraduria\/files\/2019\/05\/ULEAM-Y-MINISTERIO-DE-TRABAJO-PARA-LA-EJECUCI\u00d3N-DEL-PROYECTO-PRIMER-EMPLEO.pdf\" target=\"_blank\" rel=\"noopener\">Uleam y Ministerio de trabajo para la ejecuci\u00f3n del proyecto mi primer empleo\u00a0<\/a><\/span><\/p>\n<p><b style=\"color: #000000\">Convenios Pr\u00e1cticas Pre-<\/b><span style=\"color: #000000\"><strong>profesionales\u00a0<\/strong><\/span><\/p>\n<p><span style=\"color: #000000\"><a style=\"color: #000000\" href=\"https:\/\/departamentos.uleam.edu.ec\/procuraduria\/files\/2019\/05\/ULEAM-Y-MINISTERIO-MINER\u00cdA.pdf\" target=\"_blank\" rel=\"noopener\">Uleam y Ministerio de Miner\u00eda<\/a><\/span><\/p>\n<p><span style=\"color: #000000\"><a style=\"color: #000000\" href=\"https:\/\/departamentos.uleam.edu.ec\/procuraduria\/files\/2019\/05\/ULEAM-Y-APART-HOTEL-LOS-ALMENDROS.pdf\" target=\"_blank\" rel=\"noopener\">Uleam y Apart Hotel Los Almendros\u00a0<\/a><\/span><\/p>\n<p><span style=\"color: #000000\"><a style=\"color: #000000\" href=\"https:\/\/departamentos.uleam.edu.ec\/procuraduria\/files\/2019\/05\/ULEAM-Y-ASOCIACION-DE-SERVICIOS-DE-LIMPIEZA-MAXLIMPIO-ASOSERLIMAX.pdf\" target=\"_blank\" rel=\"noopener\">Uleam y Asociaci\u00f3n de servicios de limpieza Maxlimpio Asoserlimax\u00a0<\/a><\/span><\/p>\n<p><span style=\"color: #000000\"><a style=\"color: #000000\" href=\"https:\/\/departamentos.uleam.edu.ec\/procuraduria\/files\/2019\/05\/ULEAM-Y-ASOCIACION-FE-Y-ALEGRIA-DEL-ECUADOR.pdf\" target=\"_blank\" rel=\"noopener\">Uleam y Asociaci\u00f3n Fe y Alegr\u00eda del Ecuador\u00a0<\/a><\/span><\/p>\n<p><span style=\"color: #000000\"><a style=\"color: #000000\" href=\"https:\/\/departamentos.uleam.edu.ec\/procuraduria\/files\/2019\/05\/ULEAM-Y-FIDES-FUNDACI\u00d3N-PARA-LA-INVESTIGACI\u00d3N-Y-DESARROLLO-SOCIAL.pdf\" target=\"_blank\" rel=\"noopener\">Uleam y Fides, Fundaci\u00f3n para la investigaci\u00f3n y desarrollo social<\/a><\/span><\/p>\n<p><span style=\"color: #000000\"><a style=\"color: #000000\" href=\"https:\/\/departamentos.uleam.edu.ec\/procuraduria\/files\/2019\/05\/ULEAM-Y-HOSTAL-CASAGORDA-SA.pdf\" target=\"_blank\" rel=\"noopener\">Uleam y Hostal Casagorda SA<\/a><\/span><\/p>\n<p><span style=\"color: #000000\"><a style=\"color: #000000\" href=\"https:\/\/departamentos.uleam.edu.ec\/procuraduria\/files\/2019\/05\/ULEAM-Y-HOTEL-CABANAS-BALANDRA.pdf\" target=\"_blank\" rel=\"noopener\">Uleam y Hotel Caba\u00f1as Balandras\u00a0<\/a><\/span><\/p>\n<p><span style=\"color: #000000\"><a style=\"color: #000000\" href=\"https:\/\/departamentos.uleam.edu.ec\/procuraduria\/files\/2019\/05\/ULEAM-Y-MARINSA-ECUADOR-SA.pdf\" target=\"_blank\" rel=\"noopener\">Uleam y Marinsa Ecuador\u00a0 SA<\/a><\/span><\/p>\n<p><span style=\"color: #000000\"><a style=\"color: #000000\" href=\"https:\/\/departamentos.uleam.edu.ec\/procuraduria\/files\/2019\/05\/ULEAM-Y-NARANJO-ALAVA-S-A-NARANLASA.pdf\" target=\"_blank\" rel=\"noopener\">Uleam y Naranjo Alava SA Naranlasa<\/a><\/span><\/p>\n<p><span style=\"color: #000000\"><a style=\"color: #000000\" href=\"https:\/\/departamentos.uleam.edu.ec\/procuraduria\/files\/2019\/05\/ULEAM-Y-TECNICA-Y-COMERCIO-DE-LA-PESCA-CA-TECOPESCA.pdf\" target=\"_blank\" rel=\"noopener\">Uleam y T\u00e9cnica y Comercio de la Pesca Tecopesca\u00a0<\/a><\/span><\/p>\n<p><span style=\"color: #000000\"><a style=\"color: #000000\" href=\"https:\/\/departamentos.uleam.edu.ec\/procuraduria\/files\/2019\/05\/ULEAN-Y-EUROFISH-SA.pdf\" target=\"_blank\" rel=\"noopener\">Uleam y Eurofish SA<\/a><\/span><\/p>\n","protected":false},"excerpt":{"rendered":"<p>Convenios Marco\u00a0 Uleam e Instituto Tecnol\u00f3gico Superior Paulo Emilio Mac\u00edas\u00a0 Uleam y Fundaci\u00f3n Salgado Silva Funsalsil Uleam y Comit\u00e9 Paralimpico Ecuatoriano\u00a0 Uleam y Ikiam Universidad Regional Amaz\u00f3nica Uleam y BanEcuador Uleam y Consorcio Veolia Proactiva\u00a0 Uleam y Direcci\u00f3n regional del [&hellip;]<\/p>\n","protected":false},"author":56,"featured_media":0,"parent":0,"menu_order":0,"comment_status":"closed","ping_status":"closed","template":"","meta":{"footnotes":"","_links_to":"","_links_to_target":""},"class_list":["post-130","page","type-page","status-publish","hentry"],"_links":{"self":[{"href":"https:\/\/departamentos.uleam.edu.ec\/procuraduria\/wp-json\/wp\/v2\/pages\/130","targetHints":{"allow":["GET"]}}],"collection":[{"href":"https:\/\/departamentos.uleam.edu.ec\/procuraduria\/wp-json\/wp\/v2\/pages"}],"about":[{"href":"https:\/\/departamentos.uleam.edu.ec\/procuraduria\/wp-json\/wp\/v2\/types\/page"}],"author":[{"embeddable":true,"href":"https:\/\/departamentos.uleam.edu.ec\/procuraduria\/wp-json\/wp\/v2\/users\/56"}],"replies":[{"embeddable":true,"href":"https:\/\/departamentos.uleam.edu.ec\/procuraduria\/wp-json\/wp\/v2\/comments?post=130"}],"version-history":[{"count":16,"href":"https:\/\/departamentos.uleam.edu.ec\/procuraduria\/wp-json\/wp\/v2\/pages\/130\/revisions"}],"predecessor-version":[{"id":1651,"href":"https:\/\/departamentos.uleam.edu.ec\/procuraduria\/wp-json\/wp\/v2\/pages\/130\/revisions\/1651"}],"wp:attachment":[{"href":"https:\/\/departamentos.uleam.edu.ec\/procuraduria\/wp-json\/wp\/v2\/media?parent=130"}],"curies":[{"name":"wp","href":"https:\/\/api.w.org\/{rel}","templated":true}]}}