{"id":190,"date":"2019-02-13T15:41:56","date_gmt":"2019-02-13T15:41:56","guid":{"rendered":"http:\/\/departamentos.uleam.edu.ec\/procuraduria\/?page_id=190"},"modified":"2019-06-19T19:25:09","modified_gmt":"2019-06-19T19:25:09","slug":"estructura-organica","status":"publish","type":"page","link":"https:\/\/departamentos.uleam.edu.ec\/procuraduria\/estructura-organica\/","title":{"rendered":"Estructura Org\u00e1nica"},"content":{"rendered":"<p>&nbsp;<\/p>\n<p><img fetchpriority=\"high\" decoding=\"async\" class=\"alignnone wp-image-462 size-large\" src=\"https:\/\/departamentos.uleam.edu.ec\/procuraduria\/files\/2019\/06\/Estructura-Org\u00e1nica-de-la-Direcci\u00f3n-de-Procuradur\u00eda_pages-to-jpg-0001-1024x725.jpg\" alt=\"\" width=\"1000\" height=\"708\" srcset=\"https:\/\/departamentos.uleam.edu.ec\/procuraduria\/files\/2019\/06\/Estructura-Org\u00e1nica-de-la-Direcci\u00f3n-de-Procuradur\u00eda_pages-to-jpg-0001-1024x725.jpg 1024w, https:\/\/departamentos.uleam.edu.ec\/procuraduria\/files\/2019\/06\/Estructura-Org\u00e1nica-de-la-Direcci\u00f3n-de-Procuradur\u00eda_pages-to-jpg-0001-300x212.jpg 300w, https:\/\/departamentos.uleam.edu.ec\/procuraduria\/files\/2019\/06\/Estructura-Org\u00e1nica-de-la-Direcci\u00f3n-de-Procuradur\u00eda_pages-to-jpg-0001-768x543.jpg 768w, https:\/\/departamentos.uleam.edu.ec\/procuraduria\/files\/2019\/06\/Estructura-Org\u00e1nica-de-la-Direcci\u00f3n-de-Procuradur\u00eda_pages-to-jpg-0001.jpg 1754w\" sizes=\"(max-width: 1000px) 100vw, 1000px\" \/><\/p>\n<p>&nbsp;<\/p>\n","protected":false},"excerpt":{"rendered":"<p>&nbsp; &nbsp;<\/p>\n","protected":false},"author":56,"featured_media":0,"parent":0,"menu_order":0,"comment_status":"closed","ping_status":"closed","template":"","meta":{"footnotes":"","_links_to":"","_links_to_target":""},"class_list":["post-190","page","type-page","status-publish","hentry"],"_links":{"self":[{"href":"https:\/\/departamentos.uleam.edu.ec\/procuraduria\/wp-json\/wp\/v2\/pages\/190","targetHints":{"allow":["GET"]}}],"collection":[{"href":"https:\/\/departamentos.uleam.edu.ec\/procuraduria\/wp-json\/wp\/v2\/pages"}],"about":[{"href":"https:\/\/departamentos.uleam.edu.ec\/procuraduria\/wp-json\/wp\/v2\/types\/page"}],"author":[{"embeddable":true,"href":"https:\/\/departamentos.uleam.edu.ec\/procuraduria\/wp-json\/wp\/v2\/users\/56"}],"replies":[{"embeddable":true,"href":"https:\/\/departamentos.uleam.edu.ec\/procuraduria\/wp-json\/wp\/v2\/comments?post=190"}],"version-history":[{"count":6,"href":"https:\/\/departamentos.uleam.edu.ec\/procuraduria\/wp-json\/wp\/v2\/pages\/190\/revisions"}],"predecessor-version":[{"id":463,"href":"https:\/\/departamentos.uleam.edu.ec\/procuraduria\/wp-json\/wp\/v2\/pages\/190\/revisions\/463"}],"wp:attachment":[{"href":"https:\/\/departamentos.uleam.edu.ec\/procuraduria\/wp-json\/wp\/v2\/media?parent=190"}],"curies":[{"name":"wp","href":"https:\/\/api.w.org\/{rel}","templated":true}]}}