{"id":45,"date":"2017-08-30T21:11:38","date_gmt":"2017-08-30T21:11:38","guid":{"rendered":"http:\/\/departamentos.uleam.edu.ec\/procuraduria\/?page_id=45"},"modified":"2019-06-10T19:15:16","modified_gmt":"2019-06-10T19:15:16","slug":"productos-y-servicios","status":"publish","type":"page","link":"https:\/\/departamentos.uleam.edu.ec\/procuraduria\/productos-y-servicios\/","title":{"rendered":"Productos y Servicios"},"content":{"rendered":"<ul>\n<li>\n<p style=\"text-align: justify\"><span style=\"color: #000000\"><strong>Funciones de la Direcci\u00f3n de Procuradur\u00eda general. &#8211; Art 81<\/strong><\/span><\/p>\n<p style=\"text-align: justify\"><span style=\"color: #000000\">1.- Ejercer conjuntamente con el\/la Rector\/a el patrocinio legal de la Universidad en acciones judiciales, sean estas propuestas por la instituci\u00f3n o en defensa de las que se promovieran en contra de ella;<\/span><\/p>\n<p style=\"text-align: justify\"><span style=\"color: #000000\">2.- Mantener actualizada y codificada la legislaci\u00f3n universitaria;<\/span><\/p>\n<p style=\"text-align: justify\"><span style=\"color: #000000\">3.- Mantener actualizado el archivo de escrituras y fondo catastral de las propiedades de la Universidad Laica \u201cEloy Alfaro\u201d de Manab\u00ed;<\/span><\/p>\n<p style=\"text-align: justify\"><span style=\"color: #000000\">4.- Presentar denuncias ante las autoridades competentes por actos delictivos ocurridos en los predios de la universidad;<\/span><\/p>\n<p style=\"text-align: justify\"><span style=\"color: #000000\">5.- Emitir opini\u00f3n jur\u00eddica en todos los expedientes administrativos que se tramiten en contra de profesores\/as, estudiantes para su matricula y el desarrollo de sus actividades;<\/span><\/p>\n<p style=\"text-align: justify\"><span style=\"color: #000000\">6.- Elaborar minutas de compra-venta, resciliaci\u00f3n, unificaci\u00f3n y rectificaci\u00f3n de linderos;<\/span><\/p>\n<p style=\"text-align: justify\"><span style=\"color: #000000\">7.- Otorgar pr\u00f3rrogas de hasta cuarenta y cinco d\u00edas para la presentaci\u00f3n de documentos como: actas de grado, t\u00edtulos de bachiller y otros documentos que las unidades acad\u00e9micas soliciten a los\/las estudiantes para su matricula y el desarrollo de sus actividades;<\/span><\/p>\n<p style=\"text-align: justify\"><span style=\"color: #000000\">8.- Elaborar y revisar contratos, convenios y otros similares que la instituci\u00f3n suscriba con personas naturales, jur\u00eddicas y del sector p\u00fablico;<\/span><\/p>\n<p style=\"text-align: justify\"><span style=\"color: #000000\">9.- Elaborar informe jur\u00eddico previo a la legalizaci\u00f3n de matriculas de estudiantes nacionales y extranjeros provenientes de otras universidades.<\/span><\/p>\n<p style=\"text-align: justify\">\n<\/li>\n<\/ul>\n","protected":false},"excerpt":{"rendered":"<p>Funciones de la Direcci\u00f3n de Procuradur\u00eda general. &#8211; Art 81 1.- Ejercer conjuntamente con el\/la Rector\/a el patrocinio legal de la Universidad en acciones judiciales, sean estas propuestas por la instituci\u00f3n o en defensa de las que se promovieran en [&hellip;]<\/p>\n","protected":false},"author":56,"featured_media":0,"parent":0,"menu_order":0,"comment_status":"closed","ping_status":"closed","template":"","meta":{"footnotes":"","_links_to":"","_links_to_target":""},"class_list":["post-45","page","type-page","status-publish","hentry"],"_links":{"self":[{"href":"https:\/\/departamentos.uleam.edu.ec\/procuraduria\/wp-json\/wp\/v2\/pages\/45","targetHints":{"allow":["GET"]}}],"collection":[{"href":"https:\/\/departamentos.uleam.edu.ec\/procuraduria\/wp-json\/wp\/v2\/pages"}],"about":[{"href":"https:\/\/departamentos.uleam.edu.ec\/procuraduria\/wp-json\/wp\/v2\/types\/page"}],"author":[{"embeddable":true,"href":"https:\/\/departamentos.uleam.edu.ec\/procuraduria\/wp-json\/wp\/v2\/users\/56"}],"replies":[{"embeddable":true,"href":"https:\/\/departamentos.uleam.edu.ec\/procuraduria\/wp-json\/wp\/v2\/comments?post=45"}],"version-history":[{"count":4,"href":"https:\/\/departamentos.uleam.edu.ec\/procuraduria\/wp-json\/wp\/v2\/pages\/45\/revisions"}],"predecessor-version":[{"id":422,"href":"https:\/\/departamentos.uleam.edu.ec\/procuraduria\/wp-json\/wp\/v2\/pages\/45\/revisions\/422"}],"wp:attachment":[{"href":"https:\/\/departamentos.uleam.edu.ec\/procuraduria\/wp-json\/wp\/v2\/media?parent=45"}],"curies":[{"name":"wp","href":"https:\/\/api.w.org\/{rel}","templated":true}]}}