{"id":48,"date":"2017-08-30T21:17:48","date_gmt":"2017-08-30T21:17:48","guid":{"rendered":"http:\/\/departamentos.uleam.edu.ec\/procuraduria\/?page_id=48"},"modified":"2021-08-26T15:46:09","modified_gmt":"2021-08-26T15:46:09","slug":"mensaje-de-bienvenida","status":"publish","type":"page","link":"https:\/\/departamentos.uleam.edu.ec\/procuraduria\/mensaje-de-bienvenida\/","title":{"rendered":"Mensaje de Bienvenida"},"content":{"rendered":"\n<div class=\"wp-block-image\"><figure class=\"aligncenter size-large\"><img fetchpriority=\"high\" decoding=\"async\" width=\"1024\" height=\"576\" src=\"https:\/\/departamentos.uleam.edu.ec\/procuraduria\/files\/2021\/08\/PLANTILLA-PARA-FOTO-DIRECTORES_pages-to-jpg-0004-1024x576.jpg\" alt=\"\" class=\"wp-image-710\" srcset=\"https:\/\/departamentos.uleam.edu.ec\/procuraduria\/files\/2021\/08\/PLANTILLA-PARA-FOTO-DIRECTORES_pages-to-jpg-0004-1024x576.jpg 1024w, https:\/\/departamentos.uleam.edu.ec\/procuraduria\/files\/2021\/08\/PLANTILLA-PARA-FOTO-DIRECTORES_pages-to-jpg-0004-300x169.jpg 300w, https:\/\/departamentos.uleam.edu.ec\/procuraduria\/files\/2021\/08\/PLANTILLA-PARA-FOTO-DIRECTORES_pages-to-jpg-0004-768x432.jpg 768w, https:\/\/departamentos.uleam.edu.ec\/procuraduria\/files\/2021\/08\/PLANTILLA-PARA-FOTO-DIRECTORES_pages-to-jpg-0004-1536x864.jpg 1536w, https:\/\/departamentos.uleam.edu.ec\/procuraduria\/files\/2021\/08\/PLANTILLA-PARA-FOTO-DIRECTORES_pages-to-jpg-0004.jpg 2000w\" sizes=\"(max-width: 1024px) 100vw, 1024px\" \/><\/figure><\/div>\n\n\n<p style=\"text-align: justify\"><span style=\"color: #000000\">Bienvenido a la\u00a0 Direcci\u00f3n de Procuradur\u00eda\u00a0 \u00a0de la Universidad Laica Eloy Alfaro de Manab\u00ed,\u00a0 <span id=\"OBJ_PREFIX_DWT1691_com_zimbra_date\" class=\"Object\" role=\"link\"><span id=\"OBJ_PREFIX_DWT1759_com_zimbra_date\" class=\"Object\" role=\"link\">hoy\u00a0<\/span><\/span> forma parte de un equipo de hombres y mujeres con calidad humana y esp\u00edritu de servicio, profesionales que trabajan con eficiencia, eficacia, respeto y calidez, velando por la legalidad de todos los procesos que se llevan a cabo en esta Instituci\u00f3n de Educaci\u00f3n Superior, as\u00ed como el respeto de los derechos humanos en la esfera de su competencia para toda la Comunidad Universitaria.<\/span><\/p>\n<p>\u00a0<\/p>\n<p>\u00a0<\/p>\n<p style=\"text-align: center\">\u00a0<\/p>","protected":false},"excerpt":{"rendered":"<p>Bienvenido a la\u00a0 Direcci\u00f3n de Procuradur\u00eda\u00a0 \u00a0de la Universidad Laica Eloy Alfaro de Manab\u00ed,\u00a0 hoy\u00a0 forma parte de un equipo de hombres y mujeres con calidad humana y esp\u00edritu de servicio, profesionales que trabajan con eficiencia, eficacia, respeto y calidez, [&hellip;]<\/p>\n","protected":false},"author":56,"featured_media":0,"parent":0,"menu_order":0,"comment_status":"closed","ping_status":"closed","template":"","meta":{"footnotes":"","_links_to":"","_links_to_target":""},"class_list":["post-48","page","type-page","status-publish","hentry"],"_links":{"self":[{"href":"https:\/\/departamentos.uleam.edu.ec\/procuraduria\/wp-json\/wp\/v2\/pages\/48","targetHints":{"allow":["GET"]}}],"collection":[{"href":"https:\/\/departamentos.uleam.edu.ec\/procuraduria\/wp-json\/wp\/v2\/pages"}],"about":[{"href":"https:\/\/departamentos.uleam.edu.ec\/procuraduria\/wp-json\/wp\/v2\/types\/page"}],"author":[{"embeddable":true,"href":"https:\/\/departamentos.uleam.edu.ec\/procuraduria\/wp-json\/wp\/v2\/users\/56"}],"replies":[{"embeddable":true,"href":"https:\/\/departamentos.uleam.edu.ec\/procuraduria\/wp-json\/wp\/v2\/comments?post=48"}],"version-history":[{"count":11,"href":"https:\/\/departamentos.uleam.edu.ec\/procuraduria\/wp-json\/wp\/v2\/pages\/48\/revisions"}],"predecessor-version":[{"id":712,"href":"https:\/\/departamentos.uleam.edu.ec\/procuraduria\/wp-json\/wp\/v2\/pages\/48\/revisions\/712"}],"wp:attachment":[{"href":"https:\/\/departamentos.uleam.edu.ec\/procuraduria\/wp-json\/wp\/v2\/media?parent=48"}],"curies":[{"name":"wp","href":"https:\/\/api.w.org\/{rel}","templated":true}]}}