{"id":668,"date":"2021-06-16T13:48:42","date_gmt":"2021-06-16T13:48:42","guid":{"rendered":"https:\/\/departamentos.uleam.edu.ec\/procuraduria\/?page_id=668"},"modified":"2023-01-12T15:23:18","modified_gmt":"2023-01-12T15:23:18","slug":"convenios-2021","status":"publish","type":"page","link":"https:\/\/departamentos.uleam.edu.ec\/procuraduria\/convenios-2021\/","title":{"rendered":"Convenios 2021"},"content":{"rendered":"\n<p><strong>CONVENIOS MARCO<\/strong><\/p>\n\n\n\n<p><a href=\"https:\/\/departamentos.uleam.edu.ec\/procuraduria\/files\/2021\/06\/ULEAM-Y-GAD-SAN-VICENTE.pdf\">Uleam y Gad San Vicente<\/a><\/p>\n\n\n\n<p><a href=\"https:\/\/departamentos.uleam.edu.ec\/procuraduria\/files\/2021\/06\/IESS-Y-ULEAM.pdf\">Instituto Ecuatoriano de Seguridad Social y la Uleam<\/a><\/p>\n\n\n\n<p><a href=\"https:\/\/departamentos.uleam.edu.ec\/procuraduria\/files\/2021\/06\/ULEAM-Y-GAD-JAMA.pdf\">Gobierno Aut\u00f3nomo Descentralizado Municipal de Jama y la Uleam<\/a><\/p>\n\n\n\n<p><a href=\"https:\/\/departamentos.uleam.edu.ec\/procuraduria\/files\/2021\/06\/ULEAM-Y-CAMARA-CONSTRUCCION-PORTOVIEJO.pdf\">C\u00e1mara de la Construcci\u00f3n de Portoviejo y la Uleam<\/a><\/p>\n\n\n\n<p><a href=\"https:\/\/departamentos.uleam.edu.ec\/procuraduria\/files\/2021\/06\/ULEAM-Y-CLINICA-HOSPITAL-ESPECIALIDADES-SAMARI.pdf\">Cl\u00ednica Hospital de Especialidades \u00abSAMARI\u00bb y la Uleam<\/a><\/p>\n\n\n\n<p><a href=\"https:\/\/departamentos.uleam.edu.ec\/procuraduria\/files\/2021\/06\/ULEAM-Y-CENTRO-EDUCACION-INICIAL-PARTICULAR-PEQUENINE.pdf\">Centro de Educaci\u00f3n Inicial Particular \u00abPEQUE\u00d1INES\u00bb<\/a> <\/p>\n\n\n\n<p><a href=\"https:\/\/departamentos.uleam.edu.ec\/procuraduria\/files\/2021\/06\/ULEAM-Y-FEDERACION-ORGANIZACIONES-CAMPESINAS-FOCAZNOM.pdf\">Federaci\u00f3n de Organizaciones Campesinas de la Zona Norte de Manab\u00ed (FOCAZNOM) y la Uleam<\/a><\/p>\n\n\n\n<p><a href=\"https:\/\/departamentos.uleam.edu.ec\/procuraduria\/files\/2021\/06\/ULEAM-Y-TPM.pdf\">Uleam y Compa\u00f1\u00eda Terminal Portuario de Manta TPM S.A.<\/a><\/p>\n\n\n\n<p><a href=\"https:\/\/departamentos.uleam.edu.ec\/procuraduria\/files\/2021\/06\/ITSUP-Y-ULEAM.pdf\">Uleam y Instituto Superior Universitario Portoviejo ITSUP<\/a><\/p>\n\n\n\n<p><a href=\"https:\/\/departamentos.uleam.edu.ec\/procuraduria\/files\/2021\/07\/ULEAM-Y-EMPRESA-QUOTECH.pdf\">Universidad Laica Eloy Alfaro de Manab\u00ed y la Empresa QUOTECH<\/a><\/p>\n\n\n\n<p><a href=\"https:\/\/departamentos.uleam.edu.ec\/procuraduria\/files\/2021\/07\/ULEAM-Y-JOYERIA-ZAMVER.pdf\">Universidad Laica Eloy Alfaro de Manab\u00ed y la Joyer\u00eda Zamver<\/a><\/p>\n\n\n\n<p><a href=\"https:\/\/departamentos.uleam.edu.ec\/procuraduria\/files\/2021\/07\/ULEAM-Y-ZURIDIST-CIA-LTDA-DIVERZU-GRUPO-ZURITA.pdf\">Universidad Laica Eloy Alfaro de Manab\u00ed y Zuridist Cia Ltda, Diverzu Grupo Zurita.&nbsp;<\/a><\/p>\n\n\n\n<p><a href=\"http:\/\/ULEAM Y FUNDACION FORTALEZA\">Uleam y Fundaci\u00f3n Fortaleza <\/a><\/p>\n\n\n\n<p><a href=\"https:\/\/departamentos.uleam.edu.ec\/procuraduria\/files\/2021\/08\/ULEAM-Y-MANTAORO-2.pdf\">Uleam y MantaOro<\/a><\/p>\n\n\n\n<p><a href=\"https:\/\/departamentos.uleam.edu.ec\/procuraduria\/files\/2021\/09\/ULEAM-Y-FUNDACION-VINICIO-AYALA.pdf\">\u00abEscuela Polit\u00e9cnica Nacional\u00bb, la Universidad Laica \u00abEloy Alfaro\u00bb de Manab\u00ed y la \u00abFundaci\u00f3n de Gesti\u00f3n y Tecnolog\u00eda para la Generaci\u00f3n de valor en la Industria de la Construcci\u00f3n Vinicio Ayala-FVA.<\/a><\/p>\n\n\n\n<p><a href=\"https:\/\/departamentos.uleam.edu.ec\/procuraduria\/files\/2021\/09\/ULEAM-Y-CEIBA.pdf\">CEIBA Foundation For Tropical conservation y la Unviersidad Laica \u00abEloy Alfaro\u00bb de Manab\u00ed.<\/a><\/p>\n\n\n\n<p><a href=\"https:\/\/departamentos.uleam.edu.ec\/procuraduria\/files\/2021\/09\/ULEAM-Y-GAD-PARROQUIAL-BACHILLERO.pdf\">Universidad Laica \u00abEloy Alfaro\u00bb de Manab\u00ed y el Gobierno Aut\u00f3nomo Descentralizado Parroquial de Bachillero.<\/a><\/p>\n\n\n\n<p><a href=\"https:\/\/departamentos.uleam.edu.ec\/procuraduria\/files\/2021\/11\/ULEAM-Y-UNIDAD-EDUCATIVA-PARTICULAR-VICENTE-ROCAFUERT.pdf\">Convenio Marco de Cooperaci\u00f3n Interinstitucional Acad\u00e9mico entre la Universidad Laica \u201cEloy Alfaro\u201d de Manab\u00ed y la Unidad Educativa Particular Vicente Rocafuerte del cant\u00f3n Pichincha.<\/a><\/p>\n\n\n\n<p><a href=\"https:\/\/departamentos.uleam.edu.ec\/procuraduria\/files\/2021\/11\/ULEAM-Y-GAD-PARROQUIA-SAN-SEBASTIAN-CANTON-PICHINCHA.pdf\">Convenio Marco de Cooperaci\u00f3n Interinstitucional Acad\u00e9mico entre la Universidad Laica \u201cEloy Alfaro\u201d de Manab\u00ed y el Gobierno Aut\u00f3nomo Descentralizado de la Parroquia San Sebasti\u00e1n del cant\u00f3n Pichincha <\/a><\/p>\n\n\n\n<p><a href=\"https:\/\/departamentos.uleam.edu.ec\/procuraduria\/files\/2021\/11\/ULEAM-Y-MINISTERIO-DE-OBRAS-PUBLICAS.pdf\">Convenio Marco de Cooperaci\u00f3n Interinstitucional entre el Ministerio de Transporte y Obras P\u00fablicas y la Universidad Laica \u201cEloy Alfaro\u201d de Manab\u00ed<\/a><\/p>\n\n\n\n<p><a href=\"https:\/\/departamentos.uleam.edu.ec\/procuraduria\/files\/2021\/11\/CONVENIO-MSP-ULEAM-SUSCRITO-SEPTIEMBRE-2021.pdf\">Convenio Marco de Cooperaci\u00f3n Interinstitucional entre el Ministerio de Salud P\u00fablica y la Universidad Laica \u201cEloy Alfaro\u201d de Manab\u00ed.<\/a><\/p>\n\n\n\n<p><a href=\"https:\/\/departamentos.uleam.edu.ec\/procuraduria\/files\/2021\/11\/ULEAM-Y-GAD-PARROQUIAL-PEDRO-PABLO-GOMEZ.pdf\">Convenio Marco de Cooperaci\u00f3n Interinstitucional Acad\u00e9mico entre la Universidad Laica \u201cEloy Alfaro\u201d de Manab\u00ed y el Gad Parroquial Rural Pedro Pablo G\u00f3mez.<\/a><\/p>\n\n\n\n<p><a href=\"https:\/\/departamentos.uleam.edu.ec\/procuraduria\/files\/2021\/11\/ULEAM-Y-GAD-ROCAFUERTE.pdf\">Convenio Marco de Cooperaci\u00f3n Interinstitucional entre la Universidad Laica \u201cEloy Alfaro\u201d de Manab\u00ed y el Gobierno Aut\u00f3nomo Descentralizado del cant\u00f3n Rocafuerte<\/a>.<\/p>\n\n\n\n<p><a href=\"https:\/\/departamentos.uleam.edu.ec\/procuraduria\/files\/2021\/11\/ULEAM-Y-GAD-PICHINCHA.pdf\">Convenio Marco de Cooperaci\u00f3n Interinstitucional Acad\u00e9mico entre la Universidad Laica \u201cEloy Alfaro\u201d de Manab\u00ed y el Gobierno Aut\u00f3nomo Descentralizado Municipal del cant\u00f3n Pichincha<\/a>.<\/p>\n\n\n\n<p>Con<a href=\"https:\/\/departamentos.uleam.edu.ec\/procuraduria\/files\/2021\/11\/ULEAM-Y-CONAGOPARE-CONSEJO-GOBIERNOS-PARROQUIALES-RURALES-ECUADOR.pdf\">venio Marco de Cooperaci\u00f3n Interinstitucional Acad\u00e9mico entre la Universidad Laica \u201cEloy Alfaro\u201d de Manab\u00ed y el Consejo de Gobiernos Parroquiales Rurales del Ecuador-(CONAGOPARE-MANAB\u00cd).<\/a><\/p>\n\n\n\n<p><a href=\"https:\/\/departamentos.uleam.edu.ec\/procuraduria\/files\/2021\/11\/ULEAM-Y-PEGATANKE.pdf\">Convenio Marco de Cooperaci\u00f3n Interinstitucional entre la Universidad Laica \u201cEloy Alfaro\u201d de Manab\u00ed y la Empresa PTKDELECUADOR S.A. \u201cPEGATANKE\u201d.<\/a><\/p>\n\n\n\n<p><a href=\"https:\/\/departamentos.uleam.edu.ec\/procuraduria\/files\/2021\/11\/ULEAM-Y-ASOPESANFE.pdf\">Convenio Marco de Cooperaci\u00f3n Interinstitucional Acad\u00e9mico entre la Universidad Laica \u201cEloy Alfaro\u201d De Manab\u00ed y la Asociaci\u00f3n de Producci\u00f3n Pesquera Artesanal Concha Prieta San Felipe \u201cASOPESANFE\u201d.<\/a><\/p>\n\n\n\n<p><a href=\"https:\/\/departamentos.uleam.edu.ec\/procuraduria\/files\/2021\/11\/ULEAM-Y-EMPRESA-KUONQUIALCIVAR.pdf\">Convenio Marco de Cooperaci\u00f3n Interinstitucional Acad\u00e9mico Entre La Universidad Laica \u201cEloy Alfaro\u201d de Manab\u00ed y la Empresa KUONQUIALCIVAR ASESORIA S.A.S.<\/a><\/p>\n\n\n\n<p><a href=\"https:\/\/departamentos.uleam.edu.ec\/procuraduria\/files\/2022\/04\/ULEAM-Y-UNIDAD-EDUCATIVA-PINCELADAS.pdf\">Convenio Marco de Cooperaci\u00f3n Interinstitucional Acad\u00e9mico entre la Uleam y la Unidad Educativa Particular Pinceladas.<\/a><\/p>\n\n\n\n<p><a href=\"https:\/\/departamentos.uleam.edu.ec\/procuraduria\/files\/2022\/04\/ULEAM-BANARIEGO.pdf\">Convenio Marco de Cooperaci\u00f3n Interinstitucional Acad\u00e9mico entre la Uleam y Banariego<\/a><\/p>\n\n\n\n<p>C<a href=\"https:\/\/departamentos.uleam.edu.ec\/procuraduria\/files\/2022\/04\/ULEAM-GAD-PARROQUIAL-BELLAVISTA.pdf\">onvenio Marco de Cooperaci\u00f3n Interinstitucional Acad\u00e9mico entre la Uleam y el Gobierno Aut\u00f3nomo Descentralizado de la Parroquia Rural de Bellavista Manab\u00ed<\/a><\/p>\n\n\n\n<p>C<a href=\"https:\/\/departamentos.uleam.edu.ec\/procuraduria\/files\/2022\/04\/ULEAM-SEAFMAN.pdf\">onvenio Marco de Cooperaci\u00f3n Interinstitucional Acad\u00e9mico entre la Uleam y la Empresa Seafman-Sociedad Ecuatoriana de Alimentos y Frigor\u00edficos Manta.<\/a><\/p>\n\n\n\n<p><a href=\"https:\/\/departamentos.uleam.edu.ec\/procuraduria\/files\/2022\/04\/ULEAM-Y-GAD-PARROQUIAL-SAN-JOSE-DE-MINAS.pdf\">Convenio Marco de Cooperaci\u00f3n Interinstitucional Acad\u00e9mico entre la Uleam y Gad Parroquial San Jose de Minas<\/a>.<\/p>\n\n\n\n<p><a href=\"https:\/\/departamentos.uleam.edu.ec\/procuraduria\/files\/2022\/04\/ULEAM-PROMOPESCA-S.A..pdf\">Convenio Marco de Cooperaci\u00f3n Interinstitucional Acad\u00e9mico entre la Uleam y Promopesca S.A.<\/a><\/p>\n\n\n\n<p><a href=\"https:\/\/departamentos.uleam.edu.ec\/procuraduria\/files\/2022\/04\/ULEAM-Y-GAD-PARROQUIAL-RURAL-EL-PARAISO-LA-14.pdf\">Convenio Marco de Cooperaci\u00f3n Interinstitucional Acad\u00e9mico entre la Uleam y el Gad Parroquial Rural El Para\u00edso (La 14).<\/a><\/p>\n\n\n\n<p><a href=\"https:\/\/departamentos.uleam.edu.ec\/procuraduria\/files\/2022\/04\/ULEAM-COLEGIO-DE-PERIODISTA-DE-MANABI.pdf\">Convenio Marco de Cooperaci\u00f3n Acad\u00e9mica Institucional de Vinculaci\u00f3n con la Sociedad y de actualizaci\u00f3n y celebrar la firma de un convenio de actualizaci\u00f3n de conocimientos de formaci\u00f3n acad\u00e9mica entre la Universidad Laica \u00abEloy Alfaro\u00bb de Manab\u00ed y el Colegio de Periodistas de Manab\u00ed<\/a><\/p>\n\n\n\n<p><strong>CONVENIOS ESPEC\u00cdFICO<\/strong><br><a href=\"https:\/\/departamentos.uleam.edu.ec\/procuraduria\/files\/2021\/06\/ULEAM-Y-UNIVERSIDAD-SAN-GREDORIO-PORTOVIEJO.pdf\">Universidad San Gregorio de Portoviejo y la Uleam<\/a><\/p>\n\n\n\n<p><a href=\"https:\/\/departamentos.uleam.edu.ec\/procuraduria\/files\/2021\/09\/ULEAM-Y-GAD-MANTA-BUS-CLINICAMOVIL-ODONTOLOGICA.pdf\">Gobierno Aut\u00f3nomo Descentralizado Municipal del Cant\u00f3n Manta y la Universidad Laica \u00abEloy Alfaro\u00bb de Manab\u00ed.<\/a><\/p>\n\n\n\n<p><a href=\"https:\/\/departamentos.uleam.edu.ec\/procuraduria\/files\/2021\/11\/ULEAM-Y-GAD-PARROQUIAL-EL-ROSARIO-CANTON-PICHINCHA.pdf\">Convenio Espec\u00edfico de Cooperaci\u00f3n Interinstitucional Acad\u00e9mico entre la Universidad Laica \u201cEloy Alfaro\u201d de Manab\u00ed y el Gobierno Aut\u00f3nomo Descentralizado Parroquial El Rosario<\/a>.<\/p>\n\n\n\n<p><a href=\"https:\/\/departamentos.uleam.edu.ec\/procuraduria\/files\/2021\/11\/ULEAM-Y-ASOGANP-CANTON-PICHINCHA.pdf\">Convenio Espec\u00edfico de Cooperaci\u00f3n Acad\u00e9mica Interinstitucional entre la Universidad Laica \u201cEloy Alfaro\u201d de Manab\u00ed y Asociaci\u00f3n de Ganaderos del cant\u00f3n Pichincha.<\/a><\/p>\n\n\n\n<p><a rel=\"noreferrer noopener\" href=\"https:\/\/departamentos.uleam.edu.ec\/procuraduria\/files\/2022\/11\/ULEAM-Y-SHELLCATCH.pdf\" target=\"_blank\">Convenio Espec\u00edfico de Cooperaci\u00f3n Interinstitucional Acad\u00e9mico entre la Universidad Laica Eloy Alfaro de Manab\u00ed y la Empresa Shellcatch In<\/a><\/p>\n\n\n\n<p><a href=\"https:\/\/departamentos.uleam.edu.ec\/procuraduria\/files\/2023\/01\/ULEAM-Y-RESTAURANTE-DANIELITA.pdf\" target=\"_blank\" rel=\"noreferrer noopener\">Convenio Marco de Cooperaci\u00f3n Interinstitucional Acad\u00e9mico entre la Universidad Laica \u00abEloy Alfaro\u00bb de Manab\u00ed y Restaurante Danielita.<\/a><\/p>\n\n\n\n<p><a href=\"https:\/\/departamentos.uleam.edu.ec\/procuraduria\/files\/2023\/01\/ULEAM-Y-DON-WILLY-2-RESTAURANTE.pdf\" target=\"_blank\" rel=\"noreferrer noopener\">Convenio Marco de Cooperaci\u00f3n Interinstitucional Acad\u00e9mico entre la Universidad Laica Eloy Alfaro De Manab\u00ed y Don Willy 2 Restaurante<\/a>.<\/p>\n\n\n\n<p><a href=\"https:\/\/departamentos.uleam.edu.ec\/procuraduria\/files\/2023\/01\/ULEAM-Y-KOSTINA-IRINA-HOTEL-NAZO.pdf\" target=\"_blank\" rel=\"noreferrer noopener\">Convenio Marco de Cooperaci\u00f3n Interinstitucional Acad\u00e9mico entre la Universidad Laica Eloy Alfaro de Manab\u00ed y Kostina Irina-Hotel Nazo.<\/a><\/p>\n\n\n\n<p><strong>CONVENIOS DE COOPERACI\u00d3N INTERINSTITUCIONAL<\/strong><\/p>\n\n\n\n<p><a href=\"https:\/\/departamentos.uleam.edu.ec\/procuraduria\/files\/2021\/06\/ULEAM-Y-RED-DE-INVESTIGADORES.pdf\">Uleam y Red de Investigadores<\/a><\/p>\n\n\n\n<p><a href=\"https:\/\/departamentos.uleam.edu.ec\/procuraduria\/files\/2021\/06\/ULEAM-Y-METRODIAL-CLINICA-RENAL.pdf\">Uleam y Metrodial Cl\u00ednica Renal<\/a><\/p>\n\n\n\n<p><a href=\"https:\/\/departamentos.uleam.edu.ec\/procuraduria\/files\/2021\/09\/ULEAM-Y-HEIFER.pdf\">Universidad Laica \u00abEloy Alfaro\u00bb de Manab\u00ed y la Fundaci\u00f3n Heifer Ecuador.<\/a> <\/p>\n\n\n\n<p><a href=\"https:\/\/departamentos.uleam.edu.ec\/procuraduria\/files\/2021\/09\/ULEAM-Y-MINISTERIO-DEPORTE-ZONAL-4.pdf\">Coordinaci\u00f3n Zonal 4-Deporte y la Facultad Ciencias de la Educaci\u00f3n de la Universidad Laica \u00abEloy Alfaro\u00bb de Manab\u00ed, para la Ejecuci\u00f3n de Pr\u00e1cticas Pre-Profesionales y Vinculaci\u00f3n con la Sociedad.<\/a><\/p>\n\n\n\n<p><a href=\"https:\/\/departamentos.uleam.edu.ec\/procuraduria\/files\/2022\/04\/ULEAM-Y-CNE.pdf\">Convenio de Cooperaci\u00f3n Interinstitucional entre la Delegaci\u00f3n Provincial de Manab\u00ed, el Consejo Nacional Electoral y la Uleam<\/a><\/p>\n\n\n\n<p><\/p>\n\n\n\n<p><strong>CARTA DE COMPROMISO<\/strong> <strong>\/ ACUERDOS<\/strong><\/p>\n\n\n\n<p><a href=\"https:\/\/departamentos.uleam.edu.ec\/procuraduria\/files\/2021\/06\/ULEAM-Y-LA-TEJEDORA-MANABITA.pdf\">Colectivo de Mujeres Tejedora Manabita y la Uleam<\/a><\/p>\n\n\n\n<p><a href=\"https:\/\/departamentos.uleam.edu.ec\/procuraduria\/files\/2022\/04\/ULEAM-ACTA-ACUERDO-UNIVERSIDAD-ESTATAL-KANSAS.pdf\">Acuerdo Uleam y Universidad Estatal Kansas<\/a><\/p>\n\n\n\n<p><a href=\"https:\/\/departamentos.uleam.edu.ec\/procuraduria\/files\/2022\/04\/ULEAM-CAROLINA-DEL-SUR-MEMORANDO-ENTENDIMIENTO.pdf\">Memorando de Entendimiento entre la Universidad de Carolina del Sur y la Uleam<\/a><\/p>\n","protected":false},"excerpt":{"rendered":"<p>CONVENIOS MARCO Uleam y Gad San Vicente Instituto Ecuatoriano de Seguridad Social y la Uleam Gobierno Aut\u00f3nomo Descentralizado Municipal de Jama y la Uleam C\u00e1mara de la Construcci\u00f3n de Portoviejo y la Uleam Cl\u00ednica Hospital de Especialidades \u00abSAMARI\u00bb y la [&hellip;]<\/p>\n","protected":false},"author":117,"featured_media":0,"parent":0,"menu_order":0,"comment_status":"closed","ping_status":"closed","template":"","meta":{"footnotes":"","_links_to":"","_links_to_target":""},"class_list":["post-668","page","type-page","status-publish","hentry"],"_links":{"self":[{"href":"https:\/\/departamentos.uleam.edu.ec\/procuraduria\/wp-json\/wp\/v2\/pages\/668","targetHints":{"allow":["GET"]}}],"collection":[{"href":"https:\/\/departamentos.uleam.edu.ec\/procuraduria\/wp-json\/wp\/v2\/pages"}],"about":[{"href":"https:\/\/departamentos.uleam.edu.ec\/procuraduria\/wp-json\/wp\/v2\/types\/page"}],"author":[{"embeddable":true,"href":"https:\/\/departamentos.uleam.edu.ec\/procuraduria\/wp-json\/wp\/v2\/users\/117"}],"replies":[{"embeddable":true,"href":"https:\/\/departamentos.uleam.edu.ec\/procuraduria\/wp-json\/wp\/v2\/comments?post=668"}],"version-history":[{"count":21,"href":"https:\/\/departamentos.uleam.edu.ec\/procuraduria\/wp-json\/wp\/v2\/pages\/668\/revisions"}],"predecessor-version":[{"id":1056,"href":"https:\/\/departamentos.uleam.edu.ec\/procuraduria\/wp-json\/wp\/v2\/pages\/668\/revisions\/1056"}],"wp:attachment":[{"href":"https:\/\/departamentos.uleam.edu.ec\/procuraduria\/wp-json\/wp\/v2\/media?parent=668"}],"curies":[{"name":"wp","href":"https:\/\/api.w.org\/{rel}","templated":true}]}}