{"id":46,"date":"2012-11-10T17:30:37","date_gmt":"2012-11-10T17:30:37","guid":{"rendered":"http:\/\/departamentos.uleam.edu.ec\/recursoshumanos-universidad\/?page_id=46"},"modified":"2019-08-06T20:00:49","modified_gmt":"2019-08-06T20:00:49","slug":"objetivos","status":"publish","type":"page","link":"https:\/\/departamentos.uleam.edu.ec\/recursoshumanos-universidad\/objetivos\/","title":{"rendered":"Objetivos"},"content":{"rendered":"<p><span style=\"color: #000000\"><strong>General<\/strong><\/span><\/p>\n<p style=\"text-align: justify\"><span style=\"color: #000000\">Regular el desarrollo profesional y ocupacional del personal docente, administrativo y trabajadores de la Universidad Laica Eloy Alfaro de Manab\u00ed; facilitando a su vez oportunidades de perfeccionar sus habilidades que estimulen su trabajo, adem\u00e1s ha de dar la responsabilidad a los directivos de reconocer el potencial del personal, analiz\u00e1ndolos desde un punto de vista \u00e9tico y social.<\/span><\/p>\n<p style=\"text-align: justify\"><span style=\"color: #000000\"><strong>Estrat\u00e9gicos<\/strong><\/span><\/p>\n<ul style=\"text-align: justify\">\n<li><span style=\"color: #000000\">Sociales-Laborales: Mantener los principios \u00e9ticos, evitando pol\u00edticas discriminatorias por razones de sexo, raza, religi\u00f3n, grupo cultural u otros.<\/span><\/li>\n<\/ul>\n<ul style=\"text-align: justify\">\n<li><span style=\"color: #000000\">Organizacionales: reconocer que su trabajo no es en fin en s\u00ed mismo, sino como trabajo en equipo, para beneficio de la entidad.<\/span><\/li>\n<\/ul>\n<ul style=\"text-align: justify\">\n<li><span style=\"color: #000000\">De Ingreso: Realizar el ingreso de personal competente bajo los par\u00e1metros de selecci\u00f3n acordes con disposiciones de Ley y norma t\u00e9cnica.<\/span><\/li>\n<\/ul>\n<ul style=\"text-align: justify\">\n<li><span style=\"color: #000000\">De Puntualidad y Permanencia: Control \u00f3ptimo de asistencia y permanencia en sus puestos de trabajo del personal, bajo sistemas biom\u00e9tricos y registros manuales de asistencia de personal.<\/span><\/li>\n<\/ul>\n<ul style=\"text-align: justify\">\n<li><span style=\"color: #000000\">Establecer pol\u00edticas \u00e9ticas y desarrollar comportamientos socialmente responsables.<\/span><\/li>\n<\/ul>\n<ul style=\"text-align: justify\">\n<li><span style=\"color: #000000\">An\u00e1lisis y descripci\u00f3n de puestos de la instituci\u00f3n<\/span><\/li>\n<\/ul>\n<ul>\n<li style=\"text-align: justify\"><span style=\"color: #000000\">Base de datos del personal actualizada.<\/span><\/li>\n<\/ul>\n","protected":false},"excerpt":{"rendered":"<p>General Regular el desarrollo profesional y ocupacional del personal docente, administrativo y trabajadores de la Universidad Laica Eloy Alfaro de Manab\u00ed; facilitando a su vez oportunidades de perfeccionar sus habilidades que estimulen su trabajo, adem\u00e1s ha de dar la responsabilidad [&hellip;]<\/p>\n","protected":false},"author":56,"featured_media":0,"parent":0,"menu_order":0,"comment_status":"closed","ping_status":"closed","template":"","meta":{"footnotes":"","_links_to":"","_links_to_target":""},"class_list":["post-46","page","type-page","status-publish","hentry"],"_links":{"self":[{"href":"https:\/\/departamentos.uleam.edu.ec\/recursoshumanos-universidad\/wp-json\/wp\/v2\/pages\/46","targetHints":{"allow":["GET"]}}],"collection":[{"href":"https:\/\/departamentos.uleam.edu.ec\/recursoshumanos-universidad\/wp-json\/wp\/v2\/pages"}],"about":[{"href":"https:\/\/departamentos.uleam.edu.ec\/recursoshumanos-universidad\/wp-json\/wp\/v2\/types\/page"}],"author":[{"embeddable":true,"href":"https:\/\/departamentos.uleam.edu.ec\/recursoshumanos-universidad\/wp-json\/wp\/v2\/users\/56"}],"replies":[{"embeddable":true,"href":"https:\/\/departamentos.uleam.edu.ec\/recursoshumanos-universidad\/wp-json\/wp\/v2\/comments?post=46"}],"version-history":[{"count":5,"href":"https:\/\/departamentos.uleam.edu.ec\/recursoshumanos-universidad\/wp-json\/wp\/v2\/pages\/46\/revisions"}],"predecessor-version":[{"id":285,"href":"https:\/\/departamentos.uleam.edu.ec\/recursoshumanos-universidad\/wp-json\/wp\/v2\/pages\/46\/revisions\/285"}],"wp:attachment":[{"href":"https:\/\/departamentos.uleam.edu.ec\/recursoshumanos-universidad\/wp-json\/wp\/v2\/media?parent=46"}],"curies":[{"name":"wp","href":"https:\/\/api.w.org\/{rel}","templated":true}]}}