{"id":57,"date":"2012-11-10T18:03:41","date_gmt":"2012-11-10T18:03:41","guid":{"rendered":"http:\/\/departamentos.uleam.edu.ec\/recursoshumanos-universidad\/?page_id=57"},"modified":"2019-08-06T20:59:21","modified_gmt":"2019-08-06T20:59:21","slug":"contacto","status":"publish","type":"page","link":"https:\/\/departamentos.uleam.edu.ec\/recursoshumanos-universidad\/contacto\/","title":{"rendered":"Horarios de atenci\u00f3n"},"content":{"rendered":"<p style=\"text-align: center\"><span style=\"color: #000000\">Horario de atenci\u00f3n de la Direcci\u00f3n de Administraci\u00f3n del Talento Humano de 8:00 a.m a 21:00 p.m.<\/span><\/p>\n<p style=\"text-align: center\"><span style=\"color: #000000\">Tel\u00e9fono : (593) -5262-0114<\/span><\/p>\n<p style=\"text-align: center\"><span style=\"color: #000000\">E-mail: talento.humano@uleam.edu.ec<\/span><\/p>\n<p>&nbsp;<\/p>\n<p>&nbsp;<\/p>\n","protected":false},"excerpt":{"rendered":"<p>Horario de atenci\u00f3n de la Direcci\u00f3n de Administraci\u00f3n del Talento Humano de 8:00 a.m a 21:00 p.m. Tel\u00e9fono : (593) -5262-0114 E-mail: talento.humano@uleam.edu.ec &nbsp; &nbsp;<\/p>\n","protected":false},"author":56,"featured_media":0,"parent":0,"menu_order":0,"comment_status":"closed","ping_status":"closed","template":"","meta":{"footnotes":"","_links_to":"","_links_to_target":""},"class_list":["post-57","page","type-page","status-publish","hentry"],"_links":{"self":[{"href":"https:\/\/departamentos.uleam.edu.ec\/recursoshumanos-universidad\/wp-json\/wp\/v2\/pages\/57","targetHints":{"allow":["GET"]}}],"collection":[{"href":"https:\/\/departamentos.uleam.edu.ec\/recursoshumanos-universidad\/wp-json\/wp\/v2\/pages"}],"about":[{"href":"https:\/\/departamentos.uleam.edu.ec\/recursoshumanos-universidad\/wp-json\/wp\/v2\/types\/page"}],"author":[{"embeddable":true,"href":"https:\/\/departamentos.uleam.edu.ec\/recursoshumanos-universidad\/wp-json\/wp\/v2\/users\/56"}],"replies":[{"embeddable":true,"href":"https:\/\/departamentos.uleam.edu.ec\/recursoshumanos-universidad\/wp-json\/wp\/v2\/comments?post=57"}],"version-history":[{"count":11,"href":"https:\/\/departamentos.uleam.edu.ec\/recursoshumanos-universidad\/wp-json\/wp\/v2\/pages\/57\/revisions"}],"predecessor-version":[{"id":296,"href":"https:\/\/departamentos.uleam.edu.ec\/recursoshumanos-universidad\/wp-json\/wp\/v2\/pages\/57\/revisions\/296"}],"wp:attachment":[{"href":"https:\/\/departamentos.uleam.edu.ec\/recursoshumanos-universidad\/wp-json\/wp\/v2\/media?parent=57"}],"curies":[{"name":"wp","href":"https:\/\/api.w.org\/{rel}","templated":true}]}}