{"id":1472,"date":"2025-11-25T16:27:08","date_gmt":"2025-11-25T21:27:08","guid":{"rendered":"https:\/\/kanoly.infinityfree.me\/?page_id=1472"},"modified":"2026-01-21T04:40:13","modified_gmt":"2026-01-21T03:40:13","slug":"miembros","status":"publish","type":"page","link":"https:\/\/departamentos.uleam.edu.ec\/vicerrectorado-de-investigacion\/miembros\/","title":{"rendered":"Miembros"},"content":{"rendered":"\t\t<div data-elementor-type=\"wp-page\" data-elementor-id=\"1472\" class=\"elementor elementor-1472\">\n\t\t\t\t<div class=\"elementor-element elementor-element-6dfb0ce e-flex e-con-boxed e-con e-parent\" data-id=\"6dfb0ce\" data-element_type=\"container\">\n\t\t\t\t\t<div class=\"e-con-inner\">\n\t\t\t\t<div class=\"elementor-element elementor-element-4758c9b e-n-tabs-mobile elementor-widget elementor-widget-n-tabs\" data-id=\"4758c9b\" data-element_type=\"widget\" data-settings=\"{&quot;tabs_justify_horizontal&quot;:&quot;start&quot;,&quot;horizontal_scroll&quot;:&quot;disable&quot;}\" data-widget_type=\"nested-tabs.default\">\n\t\t\t\t<div class=\"elementor-widget-container\">\n\t\t\t\t\t\t\t<div class=\"e-n-tabs\" data-widget-number=\"74812571\" aria-label=\"Pesta\u00f1as. Abre elementos con Intro o Espacio, ci\u00e9rralos con Escape y navega con las fechas.\">\n\t\t\t<div class=\"e-n-tabs-heading\" role=\"tablist\">\n\t\t\t\t\t<button id=\"e-n-tab-title-748125711\" data-tab-title-id=\"e-n-tab-title-748125711\" class=\"e-n-tab-title\" aria-selected=\"true\" data-tab-index=\"1\" role=\"tab\" tabindex=\"0\" aria-controls=\"e-n-tab-content-748125711\" style=\"--n-tabs-title-order: 1;\">\n\t\t\t\t\t\t<span class=\"e-n-tab-title-text\">\n\t\t\t\t2025 - 2027\t\t\t<\/span>\n\t\t<\/button>\n\t\t\t\t\t<\/div>\n\t\t\t<div class=\"e-n-tabs-content\">\n\t\t\t\t<div id=\"e-n-tab-content-748125711\" role=\"tabpanel\" aria-labelledby=\"e-n-tab-title-748125711\" data-tab-index=\"1\" style=\"--n-tabs-title-order: 1;\" class=\"e-active elementor-element elementor-element-1ce7606 e-con-full e-flex e-con e-child\" data-id=\"1ce7606\" data-element_type=\"container\">\n\t\t<div class=\"elementor-element elementor-element-7dadc6c e-flex e-con-boxed e-con e-child\" data-id=\"7dadc6c\" data-element_type=\"container\">\n\t\t\t\t\t<div class=\"e-con-inner\">\n\t\t\t\t<div class=\"elementor-element elementor-element-33a4eef elementor-widget elementor-widget-html\" data-id=\"33a4eef\" data-element_type=\"widget\" data-widget_type=\"html.default\">\n\t\t\t\t<div class=\"elementor-widget-container\">\n\t\t\t\t\t\r\n\r\n\r\n    \r\n    \r\n    <title>Consejo - Universidad Laica Eloy Alfaro de Manab\u00ed<\/title>\r\n\r\n    <!-- Tipograf\u00eda Montserrat -->\r\n    \r\n\r\n    <style>\r\n        * {\r\n            margin: 0;\r\n            padding: 0;\r\n            box-sizing: border-box;\r\n        }\r\n\r\n        body {\r\n            font-family: 'Montserrat', sans-serif;\r\n            background: linear-gradient(135deg, #2B4393 0%, #1f2f6d 100%);\r\n            min-height: 100vh;\r\n        }\r\n\r\n        .container {\r\n            max-width: 1600px;\r\n            margin: 0 auto;\r\n            background: white;\r\n            border-radius: 25px;\r\n            padding: 20px 35px;\r\n            box-shadow: 0 10px 40px rgba(0, 0, 0, 0.3);\r\n        }\r\n\r\n        .header {\r\n            background: linear-gradient(135deg, #2B4393 0%, #1f2f6d 100%);\r\n            padding: 35px;\r\n            text-align: center;\r\n            border-radius: 20px;\r\n            color: white !important; \/* T\u00edtulos en blanco *\/\r\n        }\r\n\r\n        .header h1,\r\n        .header p {\r\n            color: white !important; \/* Asegurar blanco *\/\r\n        }\r\n\r\n        .table-wrapper {\r\n            overflow-x: auto;\r\n            padding: 30px;\r\n        }\r\n\r\n        table {\r\n            width: 100%;\r\n            border-collapse: separate;\r\n            border-spacing: 0;\r\n            border-radius: 20px;\r\n            overflow: hidden;\r\n        }\r\n\r\n        thead {\r\n            background: #2B4393;\r\n            color: white;\r\n        }\r\n\r\n        th {\r\n            padding: 20px 18px;\r\n            text-align: left;\r\n            font-weight: 700;\r\n            font-size: 1.1em;\r\n            letter-spacing: 1px;\r\n        }\r\n\r\n        tbody tr {\r\n            transition: all 0.3s ease;\r\n        }\r\n\r\n        tbody tr:hover {\r\n            background-color: #e9edfb;\r\n            transform: scale(1.01);\r\n        }\r\n\r\n        td {\r\n            padding: 18px 16px;\r\n            line-height: 1.6;\r\n            font-size: 1.02em;\r\n            color: black; \/* Texto del cuerpo en negro *\/\r\n            border-bottom: 1px solid #ddd;\r\n        }\r\n\r\n        td:first-child {\r\n            font-weight: 700;\r\n            color: #2B4393; \/* Nombre en azul *\/\r\n        }\r\n\r\n        .footer {\r\n            background: #f5f5f5;\r\n            padding: 25px;\r\n            text-align: center;\r\n            font-size: 1.05em;\r\n            border-radius: 20px;\r\n            border-top: 4px solid #F00000;\r\n            color: #333; \/* gris oscuro *\/\r\n            font-weight: 500;\r\n        }\r\n\r\n        @media (max-width: 768px) {\r\n            .container {\r\n                padding: 10px;\r\n            }\r\n\r\n            .header h1 {\r\n                font-size: 1.6em;\r\n            }\r\n\r\n            th, td {\r\n                padding: 12px 8px;\r\n                font-size: 0.9em;\r\n            }\r\n\r\n            .table-wrapper {\r\n                padding: 10px;\r\n            }\r\n        }\r\n    <\/style>\r\n\r\n\r\n    <div class=\"container\">\r\n        <div class=\"header\">\r\n            <h1>Consejo de Investigaci\u00f3n, Vinculaci\u00f3n y Postgrado<\/h1>\r\n            <p>Universidad Laica Eloy Alfaro de Manab\u00ed<\/p>\r\n        <\/div>\r\n\r\n        <div class=\"table-wrapper\">\r\n            <table>\r\n                <thead>\r\n                    <tr>\r\n                        <th>Nombre<\/th>\r\n                        <th>Cargo Principal<\/th>\r\n                        <th>Rol en el Consejo<\/th>\r\n                    <\/tr>\r\n                <\/thead>\r\n                <tbody>\r\n                    <tr>\r\n                        <td>Dra. Jackeline Terranova Ru\u00edz, Ph.D.<\/td>\r\n                        <td>Vicerrectora de Investigaci\u00f3n Vinculaci\u00f3n y Postgrado; Presidenta del Consejo<\/td>\r\n                        <td>Presidenta del Consejo de Investigaci\u00f3n Vinculaci\u00f3n y Postgrado<\/td>\r\n                    <\/tr>\r\n                    <tr>\r\n                        <td>Lcdo. Klever Alfredo Delgado Reyes<\/td>\r\n                        <td>Director de Investigaci\u00f3n e Innovaci\u00f3n Social y Tecnol\u00f3gica<\/td>\r\n                        <td>Miembro del Consejo<\/td>\r\n                    <\/tr>\r\n                    <tr>\r\n                        <td>Dra. Lilia Lourdes Mora Pisco, Ph.D.<\/td>\r\n                        <td>Directora de Vinculaci\u00f3n y Emprendimiento<\/td>\r\n                        <td>Miembro del Consejo<\/td>\r\n                    <\/tr>\r\n                    <tr>\r\n                        <td>Dr. Gerardo Villacreses \u00c1lvarez, Ph.D.<\/td>\r\n                        <td>Director de Postgrados, Cooperaci\u00f3n y Relaciones Internacionales<\/td>\r\n                        <td>Miembro del Consejo<\/td>\r\n                    <\/tr>\r\n                    <tr>\r\n                        <td>Lcda. Lilia del Roc\u00edo Berm\u00fadez Cevallos<\/td>\r\n                        <td>Decana designada por el \u00d3rgano Colegiado Superior<\/td>\r\n                        <td>Miembro del Consejo<\/td>\r\n                    <\/tr>\r\n                    <tr>\r\n                        <td>Lcda. Aida Liliana Salazar Moreira<\/td>\r\n                        <td>Docente Representante por el \u00c1rea de Ciencias de la Educaci\u00f3n, Turismo, Artes y Humanidades<\/td>\r\n                        <td>Miembro del Consejo<\/td>\r\n                    <\/tr>\r\n                    <tr>\r\n                        <td>Ec. Miguel Tomal\u00e1 Parrales, Ph.D.<\/td>\r\n                        <td>Docente Representante por el \u00c1rea de Ciencias Sociales, Derecho y Bienestar<\/td>\r\n                        <td>Miembro del Consejo<\/td>\r\n                    <\/tr>\r\n                    <tr>\r\n                        <td>Ing. Xavier Basurto Cede\u00f1o, Mg.<\/td>\r\n                        <td>Docente Representante por el \u00c1rea de Ciencias Administrativas, Contables y Comercio<\/td>\r\n                        <td>Miembro del Consejo<\/td>\r\n                    <\/tr>\r\n                    <tr>\r\n                        <td>Ing. Patricia Quiroz Palma, Mg.<\/td>\r\n                        <td>Docente Representante por el \u00c1rea de Ciencias de la Vida y Tecnolog\u00edas<\/td>\r\n                        <td>Miembro del Consejo<\/td>\r\n                    <\/tr>\r\n                    <tr>\r\n                        <td>Ing. Pablo Hidrovo Alc\u00edvar, Mg.<\/td>\r\n                        <td>Docente Representante por el \u00c1rea de Ingenier\u00eda, Industria y Arquitectura<\/td>\r\n                        <td>Miembro del Consejo<\/td>\r\n                    <\/tr>\r\n                    <tr>\r\n                        <td>Dra. Ruth Guill\u00e9n Mendoza, Esp.<\/td>\r\n                        <td>Docente Representante por el \u00c1rea de Ciencias de la Salud<\/td>\r\n                        <td>Miembro del Consejo<\/td>\r\n                    <\/tr>\r\n                    <tr>\r\n                        <td>Sr. Ruddy Yeremith Alc\u00edvar Caballero<\/td>\r\n                        <td>Representante de los\/as estudiantes al \u00d3rgano Colegiado Superior<\/td>\r\n                        <td>Miembro del Consejo<\/td>\r\n                    <\/tr>\r\n                    <tr>\r\n                        <td>Srta. Kristie Natasha Herrera Lara<\/td>\r\n                        <td>Representante de los\/as estudiantes al \u00d3rgano Colegiado Superior<\/td>\r\n                        <td>Miembro del Consejo<\/td>\r\n                    <\/tr>\r\n                <\/tbody>\r\n            <\/table>\r\n        <\/div>\r\n\r\n        <div class=\"footer\">\r\n            <p>Consejo de Investigaci\u00f3n Vinculaci\u00f3n y Postgrado 2025 - 2027<\/p>\r\n        <\/div>\r\n    <\/div>\r\n\r\n\r\n\t\t\t\t<\/div>\n\t\t\t\t<\/div>\n\t\t\t\t\t<\/div>\n\t\t\t\t<\/div>\n\t\t\t\t<\/div>\n\t\t\t\t\t<\/div>\n\t\t<\/div>\n\t\t\t\t\t\t<\/div>\n\t\t\t\t<\/div>\n\t\t\t\t\t<\/div>\n\t\t\t\t<\/div>\n\t\t<div class=\"elementor-element elementor-element-3295113 e-con-full e-flex e-con e-parent\" data-id=\"3295113\" data-element_type=\"container\" data-settings=\"{&quot;background_background&quot;:&quot;classic&quot;}\">\n\t\t\t\t<\/div>\n\t\t\t\t<section class=\"elementor-section elementor-top-section elementor-element elementor-element-2fe387b elementor-section-boxed elementor-section-height-default elementor-section-height-default\" data-id=\"2fe387b\" data-element_type=\"section\" id=\"footer-section\" data-settings=\"{&quot;background_background&quot;:&quot;classic&quot;}\">\n\t\t\t\t\t\t<div class=\"elementor-container elementor-column-gap-no\">\n\t\t\t\t\t<div class=\"elementor-column elementor-col-100 elementor-top-column elementor-element elementor-element-5df1aed5\" data-id=\"5df1aed5\" data-element_type=\"column\">\n\t\t\t<div class=\"elementor-widget-wrap elementor-element-populated\">\n\t\t\t\t\t\t<section class=\"elementor-section elementor-inner-section elementor-element elementor-element-486c8b1f elementor-section-full_width elementor-section-height-default elementor-section-height-default\" data-id=\"486c8b1f\" data-element_type=\"section\">\n\t\t\t\t\t\t<div class=\"elementor-container elementor-column-gap-no\">\n\t\t\t\t\t<div class=\"elementor-column elementor-col-25 elementor-inner-column elementor-element elementor-element-3410682d\" data-id=\"3410682d\" data-element_type=\"column\">\n\t\t\t<div class=\"elementor-widget-wrap elementor-element-populated\">\n\t\t\t\t\t\t<div class=\"elementor-element elementor-element-34539cdd elementor-widget elementor-widget-google_maps\" data-id=\"34539cdd\" data-element_type=\"widget\" data-widget_type=\"google_maps.default\">\n\t\t\t\t<div class=\"elementor-widget-container\">\n\t\t\t\t\t\t\t<div class=\"elementor-custom-embed\">\n\t\t\t<iframe loading=\"lazy\"\n\t\t\t\t\tsrc=\"https:\/\/maps.google.com\/maps?q=Universidad%20Laica%20Eloy%20Alfaro%20de%20Manabi&#038;t=m&#038;z=14&#038;output=embed&#038;iwloc=near\"\n\t\t\t\t\ttitle=\"Universidad Laica Eloy Alfaro de Manabi\"\n\t\t\t\t\taria-label=\"Universidad Laica Eloy Alfaro de Manabi\"\n\t\t\t><\/iframe>\n\t\t<\/div>\n\t\t\t\t\t\t<\/div>\n\t\t\t\t<\/div>\n\t\t\t\t\t<\/div>\n\t\t<\/div>\n\t\t\t\t<div class=\"elementor-column elementor-col-25 elementor-inner-column elementor-element elementor-element-56ad54a0\" data-id=\"56ad54a0\" data-element_type=\"column\">\n\t\t\t<div class=\"elementor-widget-wrap elementor-element-populated\">\n\t\t\t\t\t\t<div class=\"elementor-element elementor-element-1befaee4 elementor-widget elementor-widget-heading\" data-id=\"1befaee4\" data-element_type=\"widget\" data-widget_type=\"heading.default\">\n\t\t\t\t<div class=\"elementor-widget-container\">\n\t\t\t\t\t<h2 class=\"elementor-heading-title elementor-size-default\">CONTACTOS<\/h2>\t\t\t\t<\/div>\n\t\t\t\t<\/div>\n\t\t\t\t<div class=\"elementor-element elementor-element-7766661f elementor-widget__width-initial elementor-icon-list--layout-traditional elementor-list-item-link-full_width elementor-widget elementor-widget-icon-list\" data-id=\"7766661f\" data-element_type=\"widget\" data-widget_type=\"icon-list.default\">\n\t\t\t\t<div class=\"elementor-widget-container\">\n\t\t\t\t\t\t\t<ul class=\"elementor-icon-list-items\">\n\t\t\t\t\t\t\t<li class=\"elementor-icon-list-item\">\n\t\t\t\t\t\t\t\t\t\t\t<a href=\"#\">\n\n\t\t\t\t\t\t\t\t\t\t\t<span class=\"elementor-icon-list-text\"><strong>Celular:<\/strong><br> (05) 262 - 0288<\/span>\n\t\t\t\t\t\t\t\t\t\t\t<\/a>\n\t\t\t\t\t\t\t\t\t<\/li>\n\t\t\t\t\t\t\t\t<li class=\"elementor-icon-list-item\">\n\t\t\t\t\t\t\t\t\t\t\t<a href=\"#\">\n\n\t\t\t\t\t\t\t\t\t\t\t<span class=\"elementor-icon-list-text\"><strong>Correo:<\/strong> <br> vicerrectorado.vip@uleam.edu.ec<\/span>\n\t\t\t\t\t\t\t\t\t\t\t<\/a>\n\t\t\t\t\t\t\t\t\t<\/li>\n\t\t\t\t\t\t\t\t<li class=\"elementor-icon-list-item\">\n\t\t\t\t\t\t\t\t\t\t\t<a href=\"#\">\n\n\t\t\t\t\t\t\t\t\t\t\t<span class=\"elementor-icon-list-text\"><strong>Direcci\u00f3n:<\/strong> <br> Universidad Laica Eloy Alfaro de Manab\u00ed - Av. Circunvalaci\u00f3n, Manta<\/span>\n\t\t\t\t\t\t\t\t\t\t\t<\/a>\n\t\t\t\t\t\t\t\t\t<\/li>\n\t\t\t\t\t\t<\/ul>\n\t\t\t\t\t\t<\/div>\n\t\t\t\t<\/div>\n\t\t\t\t\t<\/div>\n\t\t<\/div>\n\t\t\t\t<div class=\"elementor-column elementor-col-25 elementor-inner-column elementor-element elementor-element-41cd5395\" data-id=\"41cd5395\" data-element_type=\"column\">\n\t\t\t<div class=\"elementor-widget-wrap elementor-element-populated\">\n\t\t\t\t\t\t<div class=\"elementor-element elementor-element-539af072 elementor-widget__width-initial elementor-widget elementor-widget-heading\" data-id=\"539af072\" data-element_type=\"widget\" data-widget_type=\"heading.default\">\n\t\t\t\t<div class=\"elementor-widget-container\">\n\t\t\t\t\t<h2 class=\"elementor-heading-title elementor-size-default\">CONOCE M\u00c1S<\/h2>\t\t\t\t<\/div>\n\t\t\t\t<\/div>\n\t\t\t\t<div class=\"elementor-element elementor-element-5ddbb6e9 elementor-icon-list--layout-traditional elementor-list-item-link-full_width elementor-widget elementor-widget-icon-list\" data-id=\"5ddbb6e9\" data-element_type=\"widget\" data-widget_type=\"icon-list.default\">\n\t\t\t\t<div class=\"elementor-widget-container\">\n\t\t\t\t\t\t\t<ul class=\"elementor-icon-list-items\">\n\t\t\t\t\t\t\t<li class=\"elementor-icon-list-item\">\n\t\t\t\t\t\t\t\t\t\t\t<a href=\"https:\/\/kanoly.infinityfree.me\/investigacion\/\">\n\n\t\t\t\t\t\t\t\t\t\t\t<span class=\"elementor-icon-list-text\">INVESTIGACI\u00d3N<\/span>\n\t\t\t\t\t\t\t\t\t\t\t<\/a>\n\t\t\t\t\t\t\t\t\t<\/li>\n\t\t\t\t\t\t\t\t<li class=\"elementor-icon-list-item\">\n\t\t\t\t\t\t\t\t\t\t\t<a href=\"https:\/\/kanoly.infinityfree.me\/vinculacion\/\">\n\n\t\t\t\t\t\t\t\t\t\t\t<span class=\"elementor-icon-list-text\">VINCULACI\u00d3N<\/span>\n\t\t\t\t\t\t\t\t\t\t\t<\/a>\n\t\t\t\t\t\t\t\t\t<\/li>\n\t\t\t\t\t\t\t\t<li class=\"elementor-icon-list-item\">\n\t\t\t\t\t\t\t\t\t\t\t<a href=\"https:\/\/kanoly.infinityfree.me\/postgrado\/\">\n\n\t\t\t\t\t\t\t\t\t\t\t<span class=\"elementor-icon-list-text\">POSTGRADO<\/span>\n\t\t\t\t\t\t\t\t\t\t\t<\/a>\n\t\t\t\t\t\t\t\t\t<\/li>\n\t\t\t\t\t\t\t\t<li class=\"elementor-icon-list-item\">\n\t\t\t\t\t\t\t\t\t\t\t<a href=\"https:\/\/kanoly.infinityfree.me\/consejo-de-investigacion\/\">\n\n\t\t\t\t\t\t\t\t\t\t\t<span class=\"elementor-icon-list-text\">CONSEJO DE INVESTIGACI\u00d3N<\/span>\n\t\t\t\t\t\t\t\t\t\t\t<\/a>\n\t\t\t\t\t\t\t\t\t<\/li>\n\t\t\t\t\t\t<\/ul>\n\t\t\t\t\t\t<\/div>\n\t\t\t\t<\/div>\n\t\t\t\t\t<\/div>\n\t\t<\/div>\n\t\t\t\t<div class=\"elementor-column elementor-col-25 elementor-inner-column elementor-element elementor-element-4d092156\" data-id=\"4d092156\" data-element_type=\"column\">\n\t\t\t<div class=\"elementor-widget-wrap elementor-element-populated\">\n\t\t\t\t\t\t<div class=\"elementor-element elementor-element-2f980f88 elementor-widget__width-initial elementor-icon-list--layout-traditional elementor-list-item-link-full_width elementor-widget elementor-widget-icon-list\" data-id=\"2f980f88\" data-element_type=\"widget\" data-widget_type=\"icon-list.default\">\n\t\t\t\t<div class=\"elementor-widget-container\">\n\t\t\t\t\t\t\t<ul class=\"elementor-icon-list-items\">\n\t\t\t\t\t\t\t<li class=\"elementor-icon-list-item\">\n\t\t\t\t\t\t\t\t\t\t\t<a href=\"https:\/\/kanoly.infinityfree.me\/consecucion-de-fondos\/\">\n\n\t\t\t\t\t\t\t\t\t\t\t<span class=\"elementor-icon-list-text\">CONSECUCI\u00d3N DE FONDOS<\/span>\n\t\t\t\t\t\t\t\t\t\t\t<\/a>\n\t\t\t\t\t\t\t\t\t<\/li>\n\t\t\t\t\t\t\t\t<li class=\"elementor-icon-list-item\">\n\t\t\t\t\t\t\t\t\t\t\t<a href=\"https:\/\/kanoly.infinityfree.me\/concursos-externos\/\">\n\n\t\t\t\t\t\t\t\t\t\t\t<span class=\"elementor-icon-list-text\">CONCURSOS EXTERNOS<\/span>\n\t\t\t\t\t\t\t\t\t\t\t<\/a>\n\t\t\t\t\t\t\t\t\t<\/li>\n\t\t\t\t\t\t\t\t<li class=\"elementor-icon-list-item\">\n\t\t\t\t\t\t\t\t\t\t\t<a href=\"https:\/\/kanoly.infinityfree.me\/articulacion-institucional\/\">\n\n\t\t\t\t\t\t\t\t\t\t\t<span class=\"elementor-icon-list-text\">ARTICULACI\u00d3N INSTITUCIONAL<\/span>\n\t\t\t\t\t\t\t\t\t\t\t<\/a>\n\t\t\t\t\t\t\t\t\t<\/li>\n\t\t\t\t\t\t\t\t<li class=\"elementor-icon-list-item\">\n\t\t\t\t\t\t\t\t\t\t\t<a href=\"https:\/\/kanoly.infinityfree.me\/eventos\">\n\n\t\t\t\t\t\t\t\t\t\t\t<span class=\"elementor-icon-list-text\">EVENTOS<\/span>\n\t\t\t\t\t\t\t\t\t\t\t<\/a>\n\t\t\t\t\t\t\t\t\t<\/li>\n\t\t\t\t\t\t<\/ul>\n\t\t\t\t\t\t<\/div>\n\t\t\t\t<\/div>\n\t\t\t\t\t<\/div>\n\t\t<\/div>\n\t\t\t\t\t<\/div>\n\t\t<\/section>\n\t\t\t\t\t<\/div>\n\t\t<\/div>\n\t\t\t\t\t<\/div>\n\t\t<\/section>\n\t\t\t\t<\/div>\n\t\t","protected":false},"excerpt":{"rendered":"<p>2025 &#8211; 2027 Consejo &#8211; Universidad Laica Eloy Alfaro de Manab\u00ed Consejo de Investigaci\u00f3n, Vinculaci\u00f3n y Postgrado Universidad Laica Eloy [&hellip;]<\/p>\n","protected":false},"author":158,"featured_media":0,"parent":0,"menu_order":0,"comment_status":"closed","ping_status":"closed","template":"","meta":{"site-sidebar-layout":"default","site-content-layout":"","ast-site-content-layout":"default","site-content-style":"default","site-sidebar-style":"default","ast-global-header-display":"","ast-banner-title-visibility":"","ast-main-header-display":"","ast-hfb-above-header-display":"","ast-hfb-below-header-display":"","ast-hfb-mobile-header-display":"","site-post-title":"disabled","ast-breadcrumbs-content":"","ast-featured-img":"","footer-sml-layout":"","ast-disable-related-posts":"","theme-transparent-header-meta":"","adv-header-id-meta":"","stick-header-meta":"","header-above-stick-meta":"","header-main-stick-meta":"","header-below-stick-meta":"","astra-migrate-meta-layouts":"default","ast-page-background-enabled":"default","ast-page-background-meta":{"desktop":{"background-color":"var(--ast-global-color-5)","background-image":"","background-repeat":"repeat","background-position":"center center","background-size":"auto","background-attachment":"scroll","background-type":"","background-media":"","overlay-type":"","overlay-color":"","overlay-opacity":"","overlay-gradient":""},"tablet":{"background-color":"","background-image":"","background-repeat":"repeat","background-position":"center center","background-size":"auto","background-attachment":"scroll","background-type":"","background-media":"","overlay-type":"","overlay-color":"","overlay-opacity":"","overlay-gradient":""},"mobile":{"background-color":"","background-image":"","background-repeat":"repeat","background-position":"center center","background-size":"auto","background-attachment":"scroll","background-type":"","background-media":"","overlay-type":"","overlay-color":"","overlay-opacity":"","overlay-gradient":""}},"ast-content-background-meta":{"desktop":{"background-color":"var(--ast-global-color-4)","background-image":"","background-repeat":"repeat","background-position":"center center","background-size":"auto","background-attachment":"scroll","background-type":"","background-media":"","overlay-type":"","overlay-color":"","overlay-opacity":"","overlay-gradient":""},"tablet":{"background-color":"var(--ast-global-color-4)","background-image":"","background-repeat":"repeat","background-position":"center center","background-size":"auto","background-attachment":"scroll","background-type":"","background-media":"","overlay-type":"","overlay-color":"","overlay-opacity":"","overlay-gradient":""},"mobile":{"background-color":"var(--ast-global-color-4)","background-image":"","background-repeat":"repeat","background-position":"center center","background-size":"auto","background-attachment":"scroll","background-type":"","background-media":"","overlay-type":"","overlay-color":"","overlay-opacity":"","overlay-gradient":""}},"footnotes":"","_links_to":"","_links_to_target":""},"class_list":["post-1472","page","type-page","status-publish","hentry"],"rttpg_featured_image_url":null,"rttpg_author":{"display_name":"adminvivp","author_link":"https:\/\/departamentos.uleam.edu.ec\/vicerrectorado-de-investigacion\/author\/adminvivp\/"},"rttpg_comment":0,"rttpg_category":null,"rttpg_excerpt":"2025 &#8211; 2027 Consejo &#8211; Universidad Laica Eloy Alfaro de Manab\u00ed Consejo de Investigaci\u00f3n, Vinculaci\u00f3n y Postgrado Universidad Laica Eloy [&hellip;]","_links":{"self":[{"href":"https:\/\/departamentos.uleam.edu.ec\/vicerrectorado-de-investigacion\/wp-json\/wp\/v2\/pages\/1472","targetHints":{"allow":["GET"]}}],"collection":[{"href":"https:\/\/departamentos.uleam.edu.ec\/vicerrectorado-de-investigacion\/wp-json\/wp\/v2\/pages"}],"about":[{"href":"https:\/\/departamentos.uleam.edu.ec\/vicerrectorado-de-investigacion\/wp-json\/wp\/v2\/types\/page"}],"author":[{"embeddable":true,"href":"https:\/\/departamentos.uleam.edu.ec\/vicerrectorado-de-investigacion\/wp-json\/wp\/v2\/users\/158"}],"replies":[{"embeddable":true,"href":"https:\/\/departamentos.uleam.edu.ec\/vicerrectorado-de-investigacion\/wp-json\/wp\/v2\/comments?post=1472"}],"version-history":[{"count":4,"href":"https:\/\/departamentos.uleam.edu.ec\/vicerrectorado-de-investigacion\/wp-json\/wp\/v2\/pages\/1472\/revisions"}],"predecessor-version":[{"id":4215,"href":"https:\/\/departamentos.uleam.edu.ec\/vicerrectorado-de-investigacion\/wp-json\/wp\/v2\/pages\/1472\/revisions\/4215"}],"wp:attachment":[{"href":"https:\/\/departamentos.uleam.edu.ec\/vicerrectorado-de-investigacion\/wp-json\/wp\/v2\/media?parent=1472"}],"curies":[{"name":"wp","href":"https:\/\/api.w.org\/{rel}","templated":true}]}}