{"id":2480,"date":"2025-12-15T12:41:25","date_gmt":"2025-12-15T17:41:25","guid":{"rendered":"https:\/\/kanoly.infinityfree.me\/?page_id=2480"},"modified":"2026-01-21T04:55:58","modified_gmt":"2026-01-21T03:55:58","slug":"gestion-planificacion","status":"publish","type":"page","link":"https:\/\/departamentos.uleam.edu.ec\/vicerrectorado-de-investigacion\/gestion-planificacion\/","title":{"rendered":"Gesti\u00f3n y Planificaci\u00f3n"},"content":{"rendered":"\t\t<div data-elementor-type=\"wp-page\" data-elementor-id=\"2480\" class=\"elementor elementor-2480\">\n\t\t\t\t<div class=\"elementor-element elementor-element-cf09c98 e-flex e-con-boxed e-con e-parent\" data-id=\"cf09c98\" data-element_type=\"container\">\n\t\t\t\t\t<div class=\"e-con-inner\">\n\t\t\t\t<div class=\"elementor-element elementor-element-aeb84b8 elementor-widget elementor-widget-heading\" data-id=\"aeb84b8\" data-element_type=\"widget\" data-widget_type=\"heading.default\">\n\t\t\t\t<div class=\"elementor-widget-container\">\n\t\t\t\t\t<h1 class=\"elementor-heading-title elementor-size-default\">GESTI\u00d3N Y PLANIFICACI\u00d3N<\/h1>\t\t\t\t<\/div>\n\t\t\t\t<\/div>\n\t\t\t\t\t<\/div>\n\t\t\t\t<\/div>\n\t\t<div class=\"elementor-element elementor-element-93de6e3 e-con-full e-flex e-con e-parent\" data-id=\"93de6e3\" data-element_type=\"container\">\n\t\t\t\t<div class=\"elementor-element elementor-element-b9ed124 e-n-tabs-mobile elementor-widget elementor-widget-n-tabs\" data-id=\"b9ed124\" data-element_type=\"widget\" data-settings=\"{&quot;tabs_justify_horizontal&quot;:&quot;start&quot;,&quot;horizontal_scroll&quot;:&quot;disable&quot;}\" data-widget_type=\"nested-tabs.default\">\n\t\t\t\t<div class=\"elementor-widget-container\">\n\t\t\t\t\t\t\t<div class=\"e-n-tabs\" data-widget-number=\"194957604\" aria-label=\"Pesta\u00f1as. Abre elementos con Intro o Espacio, ci\u00e9rralos con Escape y navega con las fechas.\">\n\t\t\t<div class=\"e-n-tabs-heading\" role=\"tablist\">\n\t\t\t\t\t<button id=\"e-n-tab-title-1949576041\" data-tab-title-id=\"e-n-tab-title-1949576041\" class=\"e-n-tab-title\" aria-selected=\"true\" data-tab-index=\"1\" role=\"tab\" tabindex=\"0\" aria-controls=\"e-n-tab-content-1949576041\" style=\"--n-tabs-title-order: 1;\">\n\t\t\t\t\t\t<span class=\"e-n-tab-title-text\">\n\t\t\t\tINFORME DE GESTI\u00d3N ANUAL  \t\t\t<\/span>\n\t\t<\/button>\n\t\t\t\t<button id=\"e-n-tab-title-1949576042\" data-tab-title-id=\"e-n-tab-title-1949576042\" class=\"e-n-tab-title\" aria-selected=\"false\" data-tab-index=\"2\" role=\"tab\" tabindex=\"-1\" aria-controls=\"e-n-tab-content-1949576042\" style=\"--n-tabs-title-order: 2;\">\n\t\t\t\t\t\t<span class=\"e-n-tab-title-text\">\n\t\t\t\tPLAN OPERATIVO ANUAL\t\t\t<\/span>\n\t\t<\/button>\n\t\t\t\t\t<\/div>\n\t\t\t<div class=\"e-n-tabs-content\">\n\t\t\t\t<div id=\"e-n-tab-content-1949576041\" role=\"tabpanel\" aria-labelledby=\"e-n-tab-title-1949576041\" data-tab-index=\"1\" style=\"--n-tabs-title-order: 1;\" class=\"e-active elementor-element elementor-element-3bd0574 e-con-full e-flex e-con e-child\" data-id=\"3bd0574\" data-element_type=\"container\">\n\t\t\t\t<div class=\"elementor-element elementor-element-2595ce7 elementor-widget elementor-widget-text-editor\" data-id=\"2595ce7\" data-element_type=\"widget\" data-widget_type=\"text-editor.default\">\n\t\t\t\t<div class=\"elementor-widget-container\">\n\t\t\t\t\t\t\t\t\t<p>Aqu\u00ed encontrar\u00e1s todos los informes correspondientes a la gesti\u00f3n anual de la ULEAM<\/p>\t\t\t\t\t\t\t\t<\/div>\n\t\t\t\t<\/div>\n\t\t\t\t<div class=\"elementor-element elementor-element-1392a2f title_position_default title_hover_border_default title-default tpg-el-box-border-enable tpg-border-bottom-disable elementor-widget elementor-widget-tpg-grid-layout\" data-id=\"1392a2f\" data-element_type=\"widget\" data-widget_type=\"tpg-grid-layout.default\">\n\t\t\t\t<div class=\"elementor-widget-container\">\n\t\t\t\t\t\t\t<div class=\"rt-container-fluid rt-tpg-container tpg-el-main-wrapper clearfix grid-layout1-main \"\n\t\t\t id=\"rt-tpg-container-845464050\"\n\t\t\t data-layout=\"grid-layout1\"\n\t\t\t data-grid-style=\"tpg-full-height\"\n\t\t\t data-sc-id=\"elementor\"\n\t\t\t data-el-settings=''\n\t\t\t data-el-query=''\n\t\t\t data-el-path=''\n\t\t>\n\t\t\t\t\t\t\t<div id=\"bottom-script-loader\" class=\"bottom-script-loader\">\n\t\t\t\t\t<div class=\"rt-ball-clip-rotate\">\n\t\t\t\t\t\t<div><\/div>\n\t\t\t\t\t<\/div>\n\t\t\t\t<\/div>\n\t\t\t\t\t\t\t<div class='tpg-header-wrapper '>\n\t\t\t\t\t\t\t<\/div>\n\n\t\t\t<div data-title=\"Loading ...\" class=\"rt-row rt-content-loader grid-layout1 grid-behaviour tpg-full-height grid_layout_wrapper\">\n\t\t\t\t<div class=\"rt-col-md-12 rt-col-sm-6 rt-col-xs-12 default rt-grid-item post-2849 post type-post status-publish format-standard hentry category-informe-de-gestion-anual\"        data-id=\"2849\">\n    <div class=\"rt-holder tpg-post-holder \">\n        <div class=\"rt-detail rt-el-content-wrapper\">\n\t\t\t\n\t\t\t<div class=\"entry-title-wrapper\"><h3 class=\"entry-title\"><a data-id=\"2849\" href=\"https:\/\/departamentos.uleam.edu.ec\/vicerrectorado-de-investigacion\/2025\/12\/21\/informe-de-gestion-anual\/\" class=\"tpg-post-link\" target=\"_self\">INFORMES DE GESTI\u00d3N ANUAL<\/a><\/h3><\/div>\n\t\t\t\n\n\t\t\t                <div class=\"tpg-excerpt tpg-el-excerpt\">\n\t\t\t\t\t                        <div class=\"tpg-excerpt-inner\">\n\t\t\t\t\t\t\t\n<p>Se presenta de manera ordenada todo lo desarrollado durante el per\u00edodo de gesti\u00f3n, evidenciando las acciones realizadas y los resultados alcanzados.<\/p>\n\n\n\n<ul class=\"wp-block-list\">\n<li class=\"has-vivid-red-color has-text-color has-link-color has-medium-font-size wp-elements-9f5ee2a54387c9a66075c20e6e03ceff\"><strong>INFORME &#8211; 2021<\/strong><\/li>\n<\/ul>\n\n\n\n<p><a href=\"https:\/\/departamentos.uleam.edu.ec\/vicerrectorado-de-investigacion\/wp-content\/uploads\/2026\/01\/2021-INFORME-DE-GESTION.pdf\" data-type=\"link\" data-id=\"https:\/\/kanoly.infinityfree.me\/wp-content\/uploads\/2026\/01\/2021-INFORME-DE-GESTION.pdf\">2021 &#8211; INFORME DE GESTI\u00d3N.pdf<\/a><\/p>\n\n\n\n<ul class=\"wp-block-list\">\n<li class=\"has-vivid-red-color has-text-color has-link-color has-medium-font-size wp-elements-84151151c87089b09cbf5b6bd6ab4054\"><strong>INFORME &#8211; 2022<\/strong><\/li>\n<\/ul>\n\n\n\n<p><a href=\"https:\/\/departamentos.uleam.edu.ec\/vicerrectorado-de-investigacion\/wp-content\/uploads\/2026\/01\/2022-INFORME-DE-GESTION.pdf\" data-type=\"link\" data-id=\"https:\/\/kanoly.infinityfree.me\/wp-content\/uploads\/2026\/01\/2022-INFORME-DE-GESTION.pdf\">2022 &#8211; INFORME DE GESTI\u00d3N.pdf<\/a><\/p>\n\n\n\n<ul class=\"wp-block-list\">\n<li class=\"has-vivid-red-color has-text-color has-link-color has-medium-font-size wp-elements-6e8fc10d2f6d443cf89043cf85e7b85d\"><strong>INFORME &#8211; 2023<\/strong><\/li>\n<\/ul>\n\n\n\n<p><a href=\"https:\/\/departamentos.uleam.edu.ec\/vicerrectorado-de-investigacion\/wp-content\/uploads\/2026\/01\/2023-INFORME-DE-GESTION.pdf\" data-type=\"link\" data-id=\"https:\/\/kanoly.infinityfree.me\/wp-content\/uploads\/2026\/01\/2023-INFORME-DE-GESTION.pdf\">2023 &#8211; INFORME DE GESTI\u00d3N.pdf<\/a><\/p>\n\n\n\n<ul class=\"wp-block-list\">\n<li class=\"has-vivid-red-color has-text-color has-link-color has-medium-font-size wp-elements-7b2d15a15f1f103423cecdd3fc2cf4ee\"><strong>INFORME &#8211; 2024<\/strong><\/li>\n<\/ul>\n\n\n\n<p><a href=\"https:\/\/departamentos.uleam.edu.ec\/vicerrectorado-de-investigacion\/wp-content\/uploads\/2026\/01\/2024-INFORME-DE-GESTION.pdf\" data-type=\"link\" data-id=\"https:\/\/kanoly.infinityfree.me\/wp-content\/uploads\/2026\/01\/2024-INFORME-DE-GESTION.pdf\">2024 &#8211; INFORME DE GESTI\u00d3N.pdf<\/a><\/p>\n                        <\/div>\n\t\t\t\t\t\t\t\t\t\t                <\/div>\n\t\t\t\n\t\t\t        <\/div>\n    <\/div>\n<\/div>\n\t\t\t<\/div>\n\t\t\t\n\t\t<\/div>\n\t\t\t\t\t\t<\/div>\n\t\t\t\t<\/div>\n\t\t\t\t<\/div>\n\t\t<div id=\"e-n-tab-content-1949576042\" role=\"tabpanel\" aria-labelledby=\"e-n-tab-title-1949576042\" data-tab-index=\"2\" style=\"--n-tabs-title-order: 2;\" class=\" elementor-element elementor-element-2c2cf75 e-con-full e-flex e-con e-child\" data-id=\"2c2cf75\" data-element_type=\"container\">\n\t\t\t\t<div class=\"elementor-element elementor-element-3a2962a elementor-widget elementor-widget-text-editor\" data-id=\"3a2962a\" data-element_type=\"widget\" data-widget_type=\"text-editor.default\">\n\t\t\t\t<div class=\"elementor-widget-container\">\n\t\t\t\t\t\t\t\t\t<p>Se presenta de manera ordenada todo lo desarrollado durante el Plan Operativo Anual, evidenciando las acciones ejecutadas y los resultados alcanzados.<\/p>\t\t\t\t\t\t\t\t<\/div>\n\t\t\t\t<\/div>\n\t\t\t\t<div class=\"elementor-element elementor-element-abf148b title_position_default title_hover_border_default title-default tpg-el-box-border-enable tpg-border-bottom-disable elementor-widget elementor-widget-tpg-grid-layout\" data-id=\"abf148b\" data-element_type=\"widget\" data-widget_type=\"tpg-grid-layout.default\">\n\t\t\t\t<div class=\"elementor-widget-container\">\n\t\t\t\t\t\t\t<div class=\"rt-container-fluid rt-tpg-container tpg-el-main-wrapper clearfix grid-layout1-main \"\n\t\t\t id=\"rt-tpg-container-2106439884\"\n\t\t\t data-layout=\"grid-layout1\"\n\t\t\t data-grid-style=\"tpg-full-height\"\n\t\t\t data-sc-id=\"elementor\"\n\t\t\t data-el-settings=''\n\t\t\t data-el-query=''\n\t\t\t data-el-path=''\n\t\t>\n\t\t\t\t\t\t\t<div id=\"bottom-script-loader\" class=\"bottom-script-loader\">\n\t\t\t\t\t<div class=\"rt-ball-clip-rotate\">\n\t\t\t\t\t\t<div><\/div>\n\t\t\t\t\t<\/div>\n\t\t\t\t<\/div>\n\t\t\t\t\t\t\t<div class='tpg-header-wrapper '>\n\t\t\t\t\t\t\t<\/div>\n\n\t\t\t<div data-title=\"Loading ...\" class=\"rt-row rt-content-loader grid-layout1 grid-behaviour tpg-full-height grid_layout_wrapper\">\n\t\t\t\t<div class=\"rt-col-md-12 rt-col-sm-6 rt-col-xs-12 default rt-grid-item post-2856 post type-post status-publish format-standard hentry category-plan-operativo-anual\"        data-id=\"2856\">\n    <div class=\"rt-holder tpg-post-holder \">\n        <div class=\"rt-detail rt-el-content-wrapper\">\n\t\t\t\n\t\t\t<div class=\"entry-title-wrapper\"><h3 class=\"entry-title\"><a data-id=\"2856\" href=\"https:\/\/departamentos.uleam.edu.ec\/vicerrectorado-de-investigacion\/2025\/12\/21\/plan-operativo-anual\/\" class=\"tpg-post-link\" target=\"_self\">PLAN OPERATIVO ANUAL<\/a><\/h3><\/div>\n\t\t\t\n\n\t\t\t                <div class=\"tpg-excerpt tpg-el-excerpt\">\n\t\t\t\t\t                        <div class=\"tpg-excerpt-inner\">\n\t\t\t\t\t\t\t\n<p>Se presenta de manera ordenada todo lo desarrollado durante el Plan Operativo Anual, evidenciando las acciones ejecutadas y los resultados alcanzados.<\/p>\n\n\n\n<ul class=\"wp-block-list\">\n<li class=\"has-vivid-red-color has-text-color has-link-color has-medium-font-size wp-elements-3aff47ea33f78a2b610b6d0813ef230c\"><strong>POA &#8211; 2023<\/strong><\/li>\n<\/ul>\n\n\n\n<p><a href=\"https:\/\/departamentos.uleam.edu.ec\/vicerrectorado-de-investigacion\/wp-content\/uploads\/2025\/12\/Plan-Operativo-Anual-2023.pdf\">PLAN OPERATIVO ANUAL &#8211; 2023 (POA)<\/a><\/p>\n\n\n\n<ul class=\"wp-block-list\">\n<li class=\"has-vivid-red-color has-text-color has-link-color has-medium-font-size wp-elements-1a3fedddedd422618486e201db99569c\"><strong>POA &#8211; 2024<\/strong><\/li>\n<\/ul>\n\n\n\n<p><a href=\"https:\/\/departamentos.uleam.edu.ec\/vicerrectorado-de-investigacion\/wp-content\/uploads\/2025\/12\/POA-2024.pdf\">PLAN OPERATIVO ANUAL &#8211; 2024 (POA)<\/a><\/p>\n\n\n\n<ul class=\"wp-block-list\">\n<li class=\"has-vivid-red-color has-text-color has-link-color has-medium-font-size wp-elements-61964bb39754771501509c90da7476af\"><strong>POA &#8211; 2025<\/strong><\/li>\n<\/ul>\n\n\n\n<p><a href=\"https:\/\/departamentos.uleam.edu.ec\/vicerrectorado-de-investigacion\/wp-content\/uploads\/2025\/12\/POA-2025-PLAN-OPERATIVO-2_compressed.pdf\">PLAN OPERATIVO ANUAL &#8211; 2025 (POA)<\/a><\/p>\n\n\n\n<ul class=\"wp-block-list\">\n<li class=\"has-vivid-red-color has-text-color has-link-color has-medium-font-size wp-elements-51b9da47bcefa2878282221bafb36088\"><strong>POA &#8211; 2026<\/strong><\/li>\n<\/ul>\n\n\n\n<p><\/p>\n                        <\/div>\n\t\t\t\t\t\t\t\t\t\t                <\/div>\n\t\t\t\n\t\t\t        <\/div>\n    <\/div>\n<\/div>\n\t\t\t<\/div>\n\t\t\t\n\t\t<\/div>\n\t\t\t\t\t\t<\/div>\n\t\t\t\t<\/div>\n\t\t\t\t<\/div>\n\t\t\t\t\t<\/div>\n\t\t<\/div>\n\t\t\t\t\t\t<\/div>\n\t\t\t\t<\/div>\n\t\t\t\t<\/div>\n\t\t\t\t<\/div>\n\t\t","protected":false},"excerpt":{"rendered":"<p>GESTI\u00d3N Y PLANIFICACI\u00d3N INFORME DE GESTI\u00d3N ANUAL PLAN OPERATIVO ANUAL Aqu\u00ed encontrar\u00e1s todos los informes correspondientes a la gesti\u00f3n anual [&hellip;]<\/p>\n","protected":false},"author":158,"featured_media":0,"parent":0,"menu_order":0,"comment_status":"closed","ping_status":"closed","template":"","meta":{"site-sidebar-layout":"default","site-content-layout":"","ast-site-content-layout":"normal-width-container","site-content-style":"default","site-sidebar-style":"default","ast-global-header-display":"","ast-banner-title-visibility":"","ast-main-header-display":"","ast-hfb-above-header-display":"","ast-hfb-below-header-display":"","ast-hfb-mobile-header-display":"","site-post-title":"disabled","ast-breadcrumbs-content":"","ast-featured-img":"","footer-sml-layout":"","ast-disable-related-posts":"","theme-transparent-header-meta":"","adv-header-id-meta":"","stick-header-meta":"","header-above-stick-meta":"","header-main-stick-meta":"","header-below-stick-meta":"","astra-migrate-meta-layouts":"default","ast-page-background-enabled":"default","ast-page-background-meta":{"desktop":{"background-color":"var(--ast-global-color-5)","background-image":"","background-repeat":"repeat","background-position":"center center","background-size":"auto","background-attachment":"scroll","background-type":"","background-media":"","overlay-type":"","overlay-color":"","overlay-opacity":"","overlay-gradient":""},"tablet":{"background-color":"","background-image":"","background-repeat":"repeat","background-position":"center center","background-size":"auto","background-attachment":"scroll","background-type":"","background-media":"","overlay-type":"","overlay-color":"","overlay-opacity":"","overlay-gradient":""},"mobile":{"background-color":"","background-image":"","background-repeat":"repeat","background-position":"center center","background-size":"auto","background-attachment":"scroll","background-type":"","background-media":"","overlay-type":"","overlay-color":"","overlay-opacity":"","overlay-gradient":""}},"ast-content-background-meta":{"desktop":{"background-color":"var(--ast-global-color-4)","background-image":"","background-repeat":"repeat","background-position":"center center","background-size":"auto","background-attachment":"scroll","background-type":"","background-media":"","overlay-type":"","overlay-color":"","overlay-opacity":"","overlay-gradient":""},"tablet":{"background-color":"var(--ast-global-color-4)","background-image":"","background-repeat":"repeat","background-position":"center center","background-size":"auto","background-attachment":"scroll","background-type":"","background-media":"","overlay-type":"","overlay-color":"","overlay-opacity":"","overlay-gradient":""},"mobile":{"background-color":"var(--ast-global-color-4)","background-image":"","background-repeat":"repeat","background-position":"center center","background-size":"auto","background-attachment":"scroll","background-type":"","background-media":"","overlay-type":"","overlay-color":"","overlay-opacity":"","overlay-gradient":""}},"footnotes":"","_links_to":"","_links_to_target":""},"class_list":["post-2480","page","type-page","status-publish","hentry"],"rttpg_featured_image_url":null,"rttpg_author":{"display_name":"adminvivp","author_link":"https:\/\/departamentos.uleam.edu.ec\/vicerrectorado-de-investigacion\/author\/adminvivp\/"},"rttpg_comment":0,"rttpg_category":"","rttpg_excerpt":"GESTI\u00d3N Y PLANIFICACI\u00d3N INFORME DE GESTI\u00d3N ANUAL PLAN OPERATIVO ANUAL Aqu\u00ed encontrar\u00e1s todos los informes correspondientes a la gesti\u00f3n anual [&hellip;]","_links":{"self":[{"href":"https:\/\/departamentos.uleam.edu.ec\/vicerrectorado-de-investigacion\/wp-json\/wp\/v2\/pages\/2480","targetHints":{"allow":["GET"]}}],"collection":[{"href":"https:\/\/departamentos.uleam.edu.ec\/vicerrectorado-de-investigacion\/wp-json\/wp\/v2\/pages"}],"about":[{"href":"https:\/\/departamentos.uleam.edu.ec\/vicerrectorado-de-investigacion\/wp-json\/wp\/v2\/types\/page"}],"author":[{"embeddable":true,"href":"https:\/\/departamentos.uleam.edu.ec\/vicerrectorado-de-investigacion\/wp-json\/wp\/v2\/users\/158"}],"replies":[{"embeddable":true,"href":"https:\/\/departamentos.uleam.edu.ec\/vicerrectorado-de-investigacion\/wp-json\/wp\/v2\/comments?post=2480"}],"version-history":[{"count":6,"href":"https:\/\/departamentos.uleam.edu.ec\/vicerrectorado-de-investigacion\/wp-json\/wp\/v2\/pages\/2480\/revisions"}],"predecessor-version":[{"id":4233,"href":"https:\/\/departamentos.uleam.edu.ec\/vicerrectorado-de-investigacion\/wp-json\/wp\/v2\/pages\/2480\/revisions\/4233"}],"wp:attachment":[{"href":"https:\/\/departamentos.uleam.edu.ec\/vicerrectorado-de-investigacion\/wp-json\/wp\/v2\/media?parent=2480"}],"curies":[{"name":"wp","href":"https:\/\/api.w.org\/{rel}","templated":true}]}}