{"id":624,"date":"2025-11-06T10:37:53","date_gmt":"2025-11-06T15:37:53","guid":{"rendered":"https:\/\/kanoly.infinityfree.me\/?page_id=624"},"modified":"2026-01-21T04:50:06","modified_gmt":"2026-01-21T03:50:06","slug":"consecucion-de-fondos","status":"publish","type":"page","link":"https:\/\/departamentos.uleam.edu.ec\/vicerrectorado-de-investigacion\/consecucion-de-fondos\/","title":{"rendered":"Consecucion de Fondos"},"content":{"rendered":"\t\t<div data-elementor-type=\"wp-page\" data-elementor-id=\"624\" class=\"elementor elementor-624\">\n\t\t\t\t<div class=\"elementor-element elementor-element-52d31c6 e-flex e-con-boxed e-con e-parent\" data-id=\"52d31c6\" data-element_type=\"container\" data-settings=\"{&quot;background_background&quot;:&quot;classic&quot;}\">\n\t\t\t\t\t<div class=\"e-con-inner\">\n\t\t\t\t<div class=\"elementor-element elementor-element-6337682 elementor-widget elementor-widget-heading\" data-id=\"6337682\" data-element_type=\"widget\" data-widget_type=\"heading.default\">\n\t\t\t\t<div class=\"elementor-widget-container\">\n\t\t\t\t\t<h2 class=\"elementor-heading-title elementor-size-default\"> FONDOS ADJUDICADOS EXTERNOS <\/h2>\t\t\t\t<\/div>\n\t\t\t\t<\/div>\n\t\t\t\t\t<\/div>\n\t\t\t\t<\/div>\n\t\t<div class=\"elementor-element elementor-element-e080a72 e-flex e-con-boxed e-con e-parent\" data-id=\"e080a72\" data-element_type=\"container\">\n\t\t\t\t\t<div class=\"e-con-inner\">\n\t\t\t\t<div class=\"elementor-element elementor-element-ca2cbe6 tpg-wrapper-align-center title_position_default title_hover_border_default title-default img_hover_animation_default grid-hover-overlay-type-always tpg-el-box-border-enable tpg-border-bottom-disable elementor-widget elementor-widget-tpg-grid-layout\" data-id=\"ca2cbe6\" data-element_type=\"widget\" data-widget_type=\"tpg-grid-layout.default\">\n\t\t\t\t<div class=\"elementor-widget-container\">\n\t\t\t\t\t\t\t<div class=\"rt-container-fluid rt-tpg-container tpg-el-main-wrapper clearfix grid-layout3-main \"\n\t\t\t id=\"rt-tpg-container-987858644\"\n\t\t\t data-layout=\"grid-layout3\"\n\t\t\t data-grid-style=\"tpg-full-height\"\n\t\t\t data-sc-id=\"elementor\"\n\t\t\t data-el-settings=''\n\t\t\t data-el-query=''\n\t\t\t data-el-path=''\n\t\t>\n\t\t\t\t\t\t\t<div id=\"bottom-script-loader\" class=\"bottom-script-loader\">\n\t\t\t\t\t<div class=\"rt-ball-clip-rotate\">\n\t\t\t\t\t\t<div><\/div>\n\t\t\t\t\t<\/div>\n\t\t\t\t<\/div>\n\t\t\t\t\t\t\t<div class='tpg-header-wrapper '>\n\t\t\t\t\t\t\t<\/div>\n\n\t\t\t<div data-title=\"Loading ...\" class=\"rt-row rt-content-loader grid-layout3 grid-behaviour tpg-full-height grid_layout_wrapper\">\n\t\t\t\t\n<div class=\"rt-col-md-4 rt-col-sm-6 rt-col-xs-12 default rt-grid-item\" data-id=\"3240\">\n\t<div class=\"rt-holder tpg-post-holder \">\n\t\t<div class=\"rt-detail rt-el-content-wrapper\">\n\t\t\t\t\t\t\t<div class=\"rt-img-holder tpg-el-image-wrap has-thumbnail\">\n\t\t\t\t\t<a data-id=\"3240\" href=\"https:\/\/departamentos.uleam.edu.ec\/vicerrectorado-de-investigacion\/2026\/01\/07\/curso-virtual-materiales-didacticos-y-capacitacion-para-parentalidad-unicef\/\" class=\"tpg-post-link\" target=\"_blank\">                        <img loading=\"lazy\" decoding=\"async\" src=\"https:\/\/departamentos.uleam.edu.ec\/vicerrectorado-de-investigacion\/files\/2026\/01\/Designer-1-1-768x512.png\"\n                             class=\"rt-img-responsive\"\n                             width=\"768\"\n                             height=\"512\"\n                             alt=\"Curso Virtual: Materiales Did\u00e1cticos y Capacitaci\u00f3n para Parentalidad \u2013 UNICEF\">\n\t\t\t\t\t\t\n\t\t\t\t\t\t\t\n\t\t<\/a>\n\t\t        <div class=\"overlay grid-hover-content\"><\/div>\n\t\t\t\t\t\t<\/div>\n\t\t\t\n\n\t\t\t<div class=\"entry-title-wrapper\"><h3 class=\"entry-title\"><a data-id=\"3240\" href=\"https:\/\/departamentos.uleam.edu.ec\/vicerrectorado-de-investigacion\/2026\/01\/07\/curso-virtual-materiales-didacticos-y-capacitacion-para-parentalidad-unicef\/\" class=\"tpg-post-link\" target=\"_blank\">Curso Virtual: Materiales Did\u00e1cticos y Capacitaci\u00f3n para Parentalidad \u2013 UNICEF<\/a><\/h3><\/div>\n\t\t\t\n\t\t\t\n\t\t\t\t\t<\/div>\n\t<\/div>\n<\/div>\n\n<div class=\"rt-col-md-4 rt-col-sm-6 rt-col-xs-12 default rt-grid-item\" data-id=\"2987\">\n\t<div class=\"rt-holder tpg-post-holder \">\n\t\t<div class=\"rt-detail rt-el-content-wrapper\">\n\t\t\t\t\t\t\t<div class=\"rt-img-holder tpg-el-image-wrap has-thumbnail\">\n\t\t\t\t\t<a data-id=\"2987\" href=\"https:\/\/departamentos.uleam.edu.ec\/vicerrectorado-de-investigacion\/2026\/01\/04\/restauracion-forestal-en-puerto-lopez-174-ha-copy\/\" class=\"tpg-post-link\" target=\"_blank\">                        <img loading=\"lazy\" decoding=\"async\" src=\"https:\/\/departamentos.uleam.edu.ec\/vicerrectorado-de-investigacion\/files\/2026\/01\/Designer-768x512.png\"\n                             class=\"rt-img-responsive\"\n                             width=\"768\"\n                             height=\"512\"\n                             alt=\"Proyecto Nro. 025 \u2013 Biomonitoreo de elementos traza esenciales y t\u00f3xicos en poblaciones de Ecuador\">\n\t\t\t\t\t\t\n\t\t\t\t\t\t\t\n\t\t<\/a>\n\t\t        <div class=\"overlay grid-hover-content\"><\/div>\n\t\t\t\t\t\t<\/div>\n\t\t\t\n\n\t\t\t<div class=\"entry-title-wrapper\"><h3 class=\"entry-title\"><a data-id=\"2987\" href=\"https:\/\/departamentos.uleam.edu.ec\/vicerrectorado-de-investigacion\/2026\/01\/04\/restauracion-forestal-en-puerto-lopez-174-ha-copy\/\" class=\"tpg-post-link\" target=\"_blank\">Proyecto Nro. 025 \u2013 Biomonitoreo de elementos traza esenciales y t\u00f3xicos en poblaciones de Ecuador<\/a><\/h3><\/div>\n\t\t\t\n\t\t\t\n\t\t\t\t\t<\/div>\n\t<\/div>\n<\/div>\n\n<div class=\"rt-col-md-4 rt-col-sm-6 rt-col-xs-12 default rt-grid-item\" data-id=\"2982\">\n\t<div class=\"rt-holder tpg-post-holder \">\n\t\t<div class=\"rt-detail rt-el-content-wrapper\">\n\t\t\t\t\t\t\t<div class=\"rt-img-holder tpg-el-image-wrap has-thumbnail\">\n\t\t\t\t\t<a data-id=\"2982\" href=\"https:\/\/departamentos.uleam.edu.ec\/vicerrectorado-de-investigacion\/2026\/01\/04\/modelo-de-formacion-docente-steam-tic-competencias-digitales-con-enfoque-territorial-intercultural-y-de-genero-copy\/\" class=\"tpg-post-link\" target=\"_blank\">                        <img loading=\"lazy\" decoding=\"async\" src=\"https:\/\/departamentos.uleam.edu.ec\/vicerrectorado-de-investigacion\/files\/2026\/01\/Designer-2-768x512.png\"\n                             class=\"rt-img-responsive\"\n                             width=\"768\"\n                             height=\"512\"\n                             alt=\"Restauraci\u00f3n Forestal en Puerto L\u00f3pez (174 ha)\">\n\t\t\t\t\t\t\n\t\t\t\t\t\t\t\n\t\t<\/a>\n\t\t        <div class=\"overlay grid-hover-content\"><\/div>\n\t\t\t\t\t\t<\/div>\n\t\t\t\n\n\t\t\t<div class=\"entry-title-wrapper\"><h3 class=\"entry-title\"><a data-id=\"2982\" href=\"https:\/\/departamentos.uleam.edu.ec\/vicerrectorado-de-investigacion\/2026\/01\/04\/modelo-de-formacion-docente-steam-tic-competencias-digitales-con-enfoque-territorial-intercultural-y-de-genero-copy\/\" class=\"tpg-post-link\" target=\"_blank\">Restauraci\u00f3n Forestal en Puerto L\u00f3pez (174 ha)<\/a><\/h3><\/div>\n\t\t\t\n\t\t\t\n\t\t\t\t\t<\/div>\n\t<\/div>\n<\/div>\n\n<div class=\"rt-col-md-4 rt-col-sm-6 rt-col-xs-12 default rt-grid-item\" data-id=\"2969\">\n\t<div class=\"rt-holder tpg-post-holder \">\n\t\t<div class=\"rt-detail rt-el-content-wrapper\">\n\t\t\t\t\t\t\t<div class=\"rt-img-holder tpg-el-image-wrap has-thumbnail\">\n\t\t\t\t\t<a data-id=\"2969\" href=\"https:\/\/departamentos.uleam.edu.ec\/vicerrectorado-de-investigacion\/2026\/01\/04\/conformacion-de-comites-comunitarios-de-gestion-de-riesgos-copy\/\" class=\"tpg-post-link\" target=\"_blank\">                        <img loading=\"lazy\" decoding=\"async\" src=\"https:\/\/departamentos.uleam.edu.ec\/vicerrectorado-de-investigacion\/files\/2026\/01\/Designer-4-768x512.png\"\n                             class=\"rt-img-responsive\"\n                             width=\"768\"\n                             height=\"512\"\n                             alt=\"CEDIA Fondo I+D+i XIX\">\n\t\t\t\t\t\t\n\t\t\t\t\t\t\t\n\t\t<\/a>\n\t\t        <div class=\"overlay grid-hover-content\"><\/div>\n\t\t\t\t\t\t<\/div>\n\t\t\t\n\n\t\t\t<div class=\"entry-title-wrapper\"><h3 class=\"entry-title\"><a data-id=\"2969\" href=\"https:\/\/departamentos.uleam.edu.ec\/vicerrectorado-de-investigacion\/2026\/01\/04\/conformacion-de-comites-comunitarios-de-gestion-de-riesgos-copy\/\" class=\"tpg-post-link\" target=\"_blank\">CEDIA Fondo I+D+i XIX<\/a><\/h3><\/div>\n\t\t\t\n\t\t\t\n\t\t\t\t\t<\/div>\n\t<\/div>\n<\/div>\n\n<div class=\"rt-col-md-4 rt-col-sm-6 rt-col-xs-12 default rt-grid-item\" data-id=\"2963\">\n\t<div class=\"rt-holder tpg-post-holder \">\n\t\t<div class=\"rt-detail rt-el-content-wrapper\">\n\t\t\t\t\t\t\t<div class=\"rt-img-holder tpg-el-image-wrap has-thumbnail\">\n\t\t\t\t\t<a data-id=\"2963\" href=\"https:\/\/departamentos.uleam.edu.ec\/vicerrectorado-de-investigacion\/2026\/01\/04\/contrato-proceso-ecu23rfp1222-para-el-suministro-de-servicios\/\" class=\"tpg-post-link\" target=\"_blank\">                        <img loading=\"lazy\" decoding=\"async\" src=\"https:\/\/departamentos.uleam.edu.ec\/vicerrectorado-de-investigacion\/files\/2026\/01\/Designer-5-768x512.png\"\n                             class=\"rt-img-responsive\"\n                             width=\"768\"\n                             height=\"512\"\n                             alt=\"Conformaci\u00f3n de Comit\u00e9s Comunitarios de Gesti\u00f3n de Riesgos\">\n\t\t\t\t\t\t\n\t\t\t\t\t\t\t\n\t\t<\/a>\n\t\t        <div class=\"overlay grid-hover-content\"><\/div>\n\t\t\t\t\t\t<\/div>\n\t\t\t\n\n\t\t\t<div class=\"entry-title-wrapper\"><h3 class=\"entry-title\"><a data-id=\"2963\" href=\"https:\/\/departamentos.uleam.edu.ec\/vicerrectorado-de-investigacion\/2026\/01\/04\/contrato-proceso-ecu23rfp1222-para-el-suministro-de-servicios\/\" class=\"tpg-post-link\" target=\"_blank\">Conformaci\u00f3n de Comit\u00e9s Comunitarios de Gesti\u00f3n de Riesgos<\/a><\/h3><\/div>\n\t\t\t\n\t\t\t\n\t\t\t\t\t<\/div>\n\t<\/div>\n<\/div>\n\n<div class=\"rt-col-md-4 rt-col-sm-6 rt-col-xs-12 default rt-grid-item\" data-id=\"2957\">\n\t<div class=\"rt-holder tpg-post-holder \">\n\t\t<div class=\"rt-detail rt-el-content-wrapper\">\n\t\t\t\t\t\t\t<div class=\"rt-img-holder tpg-el-image-wrap has-thumbnail\">\n\t\t\t\t\t<a data-id=\"2957\" href=\"https:\/\/departamentos.uleam.edu.ec\/vicerrectorado-de-investigacion\/2026\/01\/04\/desarrollo-de-una-unidad-piloto-demostrativa-de-restauracion-de-mangle-pinuelo-pelliciera-rhizophorae-en-las-riberas-del-rio-mache\/\" class=\"tpg-post-link\" target=\"_blank\">                        <img loading=\"lazy\" decoding=\"async\" src=\"https:\/\/departamentos.uleam.edu.ec\/vicerrectorado-de-investigacion\/files\/2026\/01\/Designer-6-768x512.png\"\n                             class=\"rt-img-responsive\"\n                             width=\"768\"\n                             height=\"512\"\n                             alt=\"Desarrollo de una unidad piloto demostrativa de restauraci\u00f3n de Mangle  pi\u00f1uelo (Pelliciera rhizophorae) en las riberas del Rio Mache\">\n\t\t\t\t\t\t\n\t\t\t\t\t\t\t\n\t\t<\/a>\n\t\t        <div class=\"overlay grid-hover-content\"><\/div>\n\t\t\t\t\t\t<\/div>\n\t\t\t\n\n\t\t\t<div class=\"entry-title-wrapper\"><h3 class=\"entry-title\"><a data-id=\"2957\" href=\"https:\/\/departamentos.uleam.edu.ec\/vicerrectorado-de-investigacion\/2026\/01\/04\/desarrollo-de-una-unidad-piloto-demostrativa-de-restauracion-de-mangle-pinuelo-pelliciera-rhizophorae-en-las-riberas-del-rio-mache\/\" class=\"tpg-post-link\" target=\"_blank\">Desarrollo de una unidad piloto demostrativa de restauraci\u00f3n de Mangle  pi\u00f1uelo (Pelliciera rhizophorae) en las riberas del Rio Mache<\/a><\/h3><\/div>\n\t\t\t\n\t\t\t\n\t\t\t\t\t<\/div>\n\t<\/div>\n<\/div>\n\n<div class=\"rt-col-md-4 rt-col-sm-6 rt-col-xs-12 default rt-grid-item\" data-id=\"2413\">\n\t<div class=\"rt-holder tpg-post-holder \">\n\t\t<div class=\"rt-detail rt-el-content-wrapper\">\n\t\t\t\t\t\t\t<div class=\"rt-img-holder tpg-el-image-wrap has-thumbnail\">\n\t\t\t\t\t<a data-id=\"2413\" href=\"https:\/\/departamentos.uleam.edu.ec\/vicerrectorado-de-investigacion\/2025\/12\/15\/planificacion-espacial-marina-y-manejo-costero-integrado-en-loscantones-pedernales-jama-y-san-vicente-de-manabi\/\" class=\"tpg-post-link\" target=\"_blank\">                        <img loading=\"lazy\" decoding=\"async\" src=\"https:\/\/departamentos.uleam.edu.ec\/vicerrectorado-de-investigacion\/files\/2026\/01\/Designer-9-768x512.png\"\n                             class=\"rt-img-responsive\"\n                             width=\"768\"\n                             height=\"512\"\n                             alt=\"Planificaci\u00f3n Espacial Marina y Manejo Costero Integrado\">\n\t\t\t\t\t\t\n\t\t\t\t\t\t\t\n\t\t<\/a>\n\t\t        <div class=\"overlay grid-hover-content\"><\/div>\n\t\t\t\t\t\t<\/div>\n\t\t\t\n\n\t\t\t<div class=\"entry-title-wrapper\"><h3 class=\"entry-title\"><a data-id=\"2413\" href=\"https:\/\/departamentos.uleam.edu.ec\/vicerrectorado-de-investigacion\/2025\/12\/15\/planificacion-espacial-marina-y-manejo-costero-integrado-en-loscantones-pedernales-jama-y-san-vicente-de-manabi\/\" class=\"tpg-post-link\" target=\"_blank\">Planificaci\u00f3n Espacial Marina y Manejo Costero Integrado<\/a><\/h3><\/div>\n\t\t\t\n\t\t\t\n\t\t\t\t\t<\/div>\n\t<\/div>\n<\/div>\n\t\t\t<\/div>\n\t\t\t\n\t\t<\/div>\n\t\t\t\t\t\t<\/div>\n\t\t\t\t<\/div>\n\t\t\t\t\t<\/div>\n\t\t\t\t<\/div>\n\t\t\t\t<section class=\"elementor-section elementor-top-section elementor-element elementor-element-7c19cb27 elementor-section-boxed elementor-section-height-default elementor-section-height-default\" data-id=\"7c19cb27\" data-element_type=\"section\" id=\"footer-section\" data-settings=\"{&quot;background_background&quot;:&quot;classic&quot;}\">\n\t\t\t\t\t\t<div class=\"elementor-container elementor-column-gap-no\">\n\t\t\t\t\t<div class=\"elementor-column elementor-col-100 elementor-top-column elementor-element elementor-element-7d1939e4\" data-id=\"7d1939e4\" data-element_type=\"column\">\n\t\t\t<div class=\"elementor-widget-wrap elementor-element-populated\">\n\t\t\t\t\t\t<section class=\"elementor-section elementor-inner-section elementor-element elementor-element-3bf21929 elementor-section-full_width elementor-section-height-default elementor-section-height-default\" data-id=\"3bf21929\" data-element_type=\"section\">\n\t\t\t\t\t\t<div class=\"elementor-container elementor-column-gap-no\">\n\t\t\t\t\t<div class=\"elementor-column elementor-col-25 elementor-inner-column elementor-element elementor-element-6a6bd160\" data-id=\"6a6bd160\" data-element_type=\"column\">\n\t\t\t<div class=\"elementor-widget-wrap elementor-element-populated\">\n\t\t\t\t\t\t<div class=\"elementor-element elementor-element-3364990c elementor-widget elementor-widget-google_maps\" data-id=\"3364990c\" data-element_type=\"widget\" data-widget_type=\"google_maps.default\">\n\t\t\t\t<div class=\"elementor-widget-container\">\n\t\t\t\t\t\t\t<div class=\"elementor-custom-embed\">\n\t\t\t<iframe loading=\"lazy\"\n\t\t\t\t\tsrc=\"https:\/\/maps.google.com\/maps?q=Universidad%20Laica%20Eloy%20Alfaro%20de%20Manabi&#038;t=m&#038;z=14&#038;output=embed&#038;iwloc=near\"\n\t\t\t\t\ttitle=\"Universidad Laica Eloy Alfaro de Manabi\"\n\t\t\t\t\taria-label=\"Universidad Laica Eloy Alfaro de Manabi\"\n\t\t\t><\/iframe>\n\t\t<\/div>\n\t\t\t\t\t\t<\/div>\n\t\t\t\t<\/div>\n\t\t\t\t\t<\/div>\n\t\t<\/div>\n\t\t\t\t<div class=\"elementor-column elementor-col-25 elementor-inner-column elementor-element elementor-element-4b493ea9\" data-id=\"4b493ea9\" data-element_type=\"column\">\n\t\t\t<div class=\"elementor-widget-wrap elementor-element-populated\">\n\t\t\t\t\t\t<div class=\"elementor-element elementor-element-5a0b0964 elementor-widget elementor-widget-heading\" data-id=\"5a0b0964\" data-element_type=\"widget\" data-widget_type=\"heading.default\">\n\t\t\t\t<div class=\"elementor-widget-container\">\n\t\t\t\t\t<h2 class=\"elementor-heading-title elementor-size-default\">CONTACTOS<\/h2>\t\t\t\t<\/div>\n\t\t\t\t<\/div>\n\t\t\t\t<div class=\"elementor-element elementor-element-56fe2f20 elementor-widget__width-initial elementor-icon-list--layout-traditional elementor-list-item-link-full_width elementor-widget elementor-widget-icon-list\" data-id=\"56fe2f20\" data-element_type=\"widget\" data-widget_type=\"icon-list.default\">\n\t\t\t\t<div class=\"elementor-widget-container\">\n\t\t\t\t\t\t\t<ul class=\"elementor-icon-list-items\">\n\t\t\t\t\t\t\t<li class=\"elementor-icon-list-item\">\n\t\t\t\t\t\t\t\t\t\t\t<a href=\"#\">\n\n\t\t\t\t\t\t\t\t\t\t\t<span class=\"elementor-icon-list-text\"><strong>Celular:<\/strong><br> (05) 262 - 0288<\/span>\n\t\t\t\t\t\t\t\t\t\t\t<\/a>\n\t\t\t\t\t\t\t\t\t<\/li>\n\t\t\t\t\t\t\t\t<li class=\"elementor-icon-list-item\">\n\t\t\t\t\t\t\t\t\t\t\t<a href=\"#\">\n\n\t\t\t\t\t\t\t\t\t\t\t<span class=\"elementor-icon-list-text\"><strong>Correo:<\/strong> <br> vicerrectorado.vip@uleam.edu.ec<\/span>\n\t\t\t\t\t\t\t\t\t\t\t<\/a>\n\t\t\t\t\t\t\t\t\t<\/li>\n\t\t\t\t\t\t\t\t<li class=\"elementor-icon-list-item\">\n\t\t\t\t\t\t\t\t\t\t\t<a href=\"#\">\n\n\t\t\t\t\t\t\t\t\t\t\t<span class=\"elementor-icon-list-text\"><strong>Direcci\u00f3n:<\/strong> <br> Universidad Laica Eloy Alfaro de Manab\u00ed - Av. Circunvalaci\u00f3n, Manta<\/span>\n\t\t\t\t\t\t\t\t\t\t\t<\/a>\n\t\t\t\t\t\t\t\t\t<\/li>\n\t\t\t\t\t\t<\/ul>\n\t\t\t\t\t\t<\/div>\n\t\t\t\t<\/div>\n\t\t\t\t\t<\/div>\n\t\t<\/div>\n\t\t\t\t<div class=\"elementor-column elementor-col-25 elementor-inner-column elementor-element elementor-element-11708a78\" data-id=\"11708a78\" data-element_type=\"column\">\n\t\t\t<div class=\"elementor-widget-wrap elementor-element-populated\">\n\t\t\t\t\t\t<div class=\"elementor-element elementor-element-37b90d1d elementor-widget__width-initial elementor-widget elementor-widget-heading\" data-id=\"37b90d1d\" data-element_type=\"widget\" data-widget_type=\"heading.default\">\n\t\t\t\t<div class=\"elementor-widget-container\">\n\t\t\t\t\t<h2 class=\"elementor-heading-title elementor-size-default\">CONOCE M\u00c1S<\/h2>\t\t\t\t<\/div>\n\t\t\t\t<\/div>\n\t\t\t\t<div class=\"elementor-element elementor-element-6f32a6a0 elementor-icon-list--layout-traditional elementor-list-item-link-full_width elementor-widget elementor-widget-icon-list\" data-id=\"6f32a6a0\" data-element_type=\"widget\" data-widget_type=\"icon-list.default\">\n\t\t\t\t<div class=\"elementor-widget-container\">\n\t\t\t\t\t\t\t<ul class=\"elementor-icon-list-items\">\n\t\t\t\t\t\t\t<li class=\"elementor-icon-list-item\">\n\t\t\t\t\t\t\t\t\t\t\t<a href=\"https:\/\/kanoly.infinityfree.me\/investigacion\/\">\n\n\t\t\t\t\t\t\t\t\t\t\t<span class=\"elementor-icon-list-text\">INVESTIGACI\u00d3N<\/span>\n\t\t\t\t\t\t\t\t\t\t\t<\/a>\n\t\t\t\t\t\t\t\t\t<\/li>\n\t\t\t\t\t\t\t\t<li class=\"elementor-icon-list-item\">\n\t\t\t\t\t\t\t\t\t\t\t<a href=\"https:\/\/kanoly.infinityfree.me\/vinculacion\/\">\n\n\t\t\t\t\t\t\t\t\t\t\t<span class=\"elementor-icon-list-text\">VINCULACI\u00d3N<\/span>\n\t\t\t\t\t\t\t\t\t\t\t<\/a>\n\t\t\t\t\t\t\t\t\t<\/li>\n\t\t\t\t\t\t\t\t<li class=\"elementor-icon-list-item\">\n\t\t\t\t\t\t\t\t\t\t\t<a href=\"https:\/\/kanoly.infinityfree.me\/postgrado\/\">\n\n\t\t\t\t\t\t\t\t\t\t\t<span class=\"elementor-icon-list-text\">POSTGRADO<\/span>\n\t\t\t\t\t\t\t\t\t\t\t<\/a>\n\t\t\t\t\t\t\t\t\t<\/li>\n\t\t\t\t\t\t\t\t<li class=\"elementor-icon-list-item\">\n\t\t\t\t\t\t\t\t\t\t\t<a href=\"https:\/\/kanoly.infinityfree.me\/consejo-de-investigacion\/\">\n\n\t\t\t\t\t\t\t\t\t\t\t<span class=\"elementor-icon-list-text\">CONSEJO DE INVESTIGACI\u00d3N<\/span>\n\t\t\t\t\t\t\t\t\t\t\t<\/a>\n\t\t\t\t\t\t\t\t\t<\/li>\n\t\t\t\t\t\t<\/ul>\n\t\t\t\t\t\t<\/div>\n\t\t\t\t<\/div>\n\t\t\t\t\t<\/div>\n\t\t<\/div>\n\t\t\t\t<div class=\"elementor-column elementor-col-25 elementor-inner-column elementor-element elementor-element-2d7f9116\" data-id=\"2d7f9116\" data-element_type=\"column\">\n\t\t\t<div class=\"elementor-widget-wrap elementor-element-populated\">\n\t\t\t\t\t\t<div class=\"elementor-element elementor-element-45161f8 elementor-widget__width-initial elementor-icon-list--layout-traditional elementor-list-item-link-full_width elementor-widget elementor-widget-icon-list\" data-id=\"45161f8\" data-element_type=\"widget\" data-widget_type=\"icon-list.default\">\n\t\t\t\t<div class=\"elementor-widget-container\">\n\t\t\t\t\t\t\t<ul class=\"elementor-icon-list-items\">\n\t\t\t\t\t\t\t<li class=\"elementor-icon-list-item\">\n\t\t\t\t\t\t\t\t\t\t\t<a href=\"https:\/\/kanoly.infinityfree.me\/consecucion-de-fondos\/\">\n\n\t\t\t\t\t\t\t\t\t\t\t<span class=\"elementor-icon-list-text\">CONSECUCI\u00d3N DE FONDOS<\/span>\n\t\t\t\t\t\t\t\t\t\t\t<\/a>\n\t\t\t\t\t\t\t\t\t<\/li>\n\t\t\t\t\t\t\t\t<li class=\"elementor-icon-list-item\">\n\t\t\t\t\t\t\t\t\t\t\t<a href=\"https:\/\/kanoly.infinityfree.me\/concursos-externos\/\">\n\n\t\t\t\t\t\t\t\t\t\t\t<span class=\"elementor-icon-list-text\">CONCURSOS EXTERNOS<\/span>\n\t\t\t\t\t\t\t\t\t\t\t<\/a>\n\t\t\t\t\t\t\t\t\t<\/li>\n\t\t\t\t\t\t\t\t<li class=\"elementor-icon-list-item\">\n\t\t\t\t\t\t\t\t\t\t\t<a href=\"https:\/\/kanoly.infinityfree.me\/articulacion-institucional\/\">\n\n\t\t\t\t\t\t\t\t\t\t\t<span class=\"elementor-icon-list-text\">ARTICULACI\u00d3N INSTITUCIONAL<\/span>\n\t\t\t\t\t\t\t\t\t\t\t<\/a>\n\t\t\t\t\t\t\t\t\t<\/li>\n\t\t\t\t\t\t\t\t<li class=\"elementor-icon-list-item\">\n\t\t\t\t\t\t\t\t\t\t\t<a href=\"https:\/\/kanoly.infinityfree.me\/eventos\">\n\n\t\t\t\t\t\t\t\t\t\t\t<span class=\"elementor-icon-list-text\">EVENTOS<\/span>\n\t\t\t\t\t\t\t\t\t\t\t<\/a>\n\t\t\t\t\t\t\t\t\t<\/li>\n\t\t\t\t\t\t<\/ul>\n\t\t\t\t\t\t<\/div>\n\t\t\t\t<\/div>\n\t\t\t\t\t<\/div>\n\t\t<\/div>\n\t\t\t\t\t<\/div>\n\t\t<\/section>\n\t\t\t\t\t<\/div>\n\t\t<\/div>\n\t\t\t\t\t<\/div>\n\t\t<\/section>\n\t\t\t\t<\/div>\n\t\t","protected":false},"excerpt":{"rendered":"<p>FONDOS ADJUDICADOS EXTERNOS Curso Virtual: Materiales Did\u00e1cticos y Capacitaci\u00f3n para Parentalidad \u2013 UNICEF &#8211; Copy Curso Virtual: Materiales Did\u00e1cticos y [&hellip;]<\/p>\n","protected":false},"author":158,"featured_media":0,"parent":0,"menu_order":0,"comment_status":"closed","ping_status":"closed","template":"elementor_header_footer","meta":{"site-sidebar-layout":"no-sidebar","site-content-layout":"","ast-site-content-layout":"full-width-container","site-content-style":"default","site-sidebar-style":"default","ast-global-header-display":"","ast-banner-title-visibility":"","ast-main-header-display":"","ast-hfb-above-header-display":"","ast-hfb-below-header-display":"","ast-hfb-mobile-header-display":"","site-post-title":"disabled","ast-breadcrumbs-content":"","ast-featured-img":"disabled","footer-sml-layout":"","ast-disable-related-posts":"","theme-transparent-header-meta":"","adv-header-id-meta":"","stick-header-meta":"","header-above-stick-meta":"","header-main-stick-meta":"","header-below-stick-meta":"","astra-migrate-meta-layouts":"default","ast-page-background-enabled":"default","ast-page-background-meta":{"desktop":{"background-color":"var(--ast-global-color-5)","background-image":"","background-repeat":"repeat","background-position":"center center","background-size":"auto","background-attachment":"scroll","background-type":"","background-media":"","overlay-type":"","overlay-color":"","overlay-opacity":"","overlay-gradient":""},"tablet":{"background-color":"","background-image":"","background-repeat":"repeat","background-position":"center center","background-size":"auto","background-attachment":"scroll","background-type":"","background-media":"","overlay-type":"","overlay-color":"","overlay-opacity":"","overlay-gradient":""},"mobile":{"background-color":"","background-image":"","background-repeat":"repeat","background-position":"center center","background-size":"auto","background-attachment":"scroll","background-type":"","background-media":"","overlay-type":"","overlay-color":"","overlay-opacity":"","overlay-gradient":""}},"ast-content-background-meta":{"desktop":{"background-color":"var(--ast-global-color-4)","background-image":"","background-repeat":"repeat","background-position":"center center","background-size":"auto","background-attachment":"scroll","background-type":"","background-media":"","overlay-type":"","overlay-color":"","overlay-opacity":"","overlay-gradient":""},"tablet":{"background-color":"var(--ast-global-color-4)","background-image":"","background-repeat":"repeat","background-position":"center center","background-size":"auto","background-attachment":"scroll","background-type":"","background-media":"","overlay-type":"","overlay-color":"","overlay-opacity":"","overlay-gradient":""},"mobile":{"background-color":"var(--ast-global-color-4)","background-image":"","background-repeat":"repeat","background-position":"center center","background-size":"auto","background-attachment":"scroll","background-type":"","background-media":"","overlay-type":"","overlay-color":"","overlay-opacity":"","overlay-gradient":""}},"footnotes":"","_links_to":"","_links_to_target":""},"class_list":["post-624","page","type-page","status-publish","hentry"],"rttpg_featured_image_url":null,"rttpg_author":{"display_name":"adminvivp","author_link":"https:\/\/departamentos.uleam.edu.ec\/vicerrectorado-de-investigacion\/author\/adminvivp\/"},"rttpg_comment":0,"rttpg_category":"","rttpg_excerpt":"FONDOS ADJUDICADOS EXTERNOS Curso Virtual: Materiales Did\u00e1cticos y Capacitaci\u00f3n para Parentalidad \u2013 UNICEF &#8211; Copy Curso Virtual: Materiales Did\u00e1cticos y [&hellip;]","_links":{"self":[{"href":"https:\/\/departamentos.uleam.edu.ec\/vicerrectorado-de-investigacion\/wp-json\/wp\/v2\/pages\/624","targetHints":{"allow":["GET"]}}],"collection":[{"href":"https:\/\/departamentos.uleam.edu.ec\/vicerrectorado-de-investigacion\/wp-json\/wp\/v2\/pages"}],"about":[{"href":"https:\/\/departamentos.uleam.edu.ec\/vicerrectorado-de-investigacion\/wp-json\/wp\/v2\/types\/page"}],"author":[{"embeddable":true,"href":"https:\/\/departamentos.uleam.edu.ec\/vicerrectorado-de-investigacion\/wp-json\/wp\/v2\/users\/158"}],"replies":[{"embeddable":true,"href":"https:\/\/departamentos.uleam.edu.ec\/vicerrectorado-de-investigacion\/wp-json\/wp\/v2\/comments?post=624"}],"version-history":[{"count":6,"href":"https:\/\/departamentos.uleam.edu.ec\/vicerrectorado-de-investigacion\/wp-json\/wp\/v2\/pages\/624\/revisions"}],"predecessor-version":[{"id":4230,"href":"https:\/\/departamentos.uleam.edu.ec\/vicerrectorado-de-investigacion\/wp-json\/wp\/v2\/pages\/624\/revisions\/4230"}],"wp:attachment":[{"href":"https:\/\/departamentos.uleam.edu.ec\/vicerrectorado-de-investigacion\/wp-json\/wp\/v2\/media?parent=624"}],"curies":[{"name":"wp","href":"https:\/\/api.w.org\/{rel}","templated":true}]}}