{"id":10,"date":"2011-10-10T16:20:06","date_gmt":"2011-10-10T16:20:06","guid":{"rendered":"http:\/\/departamentos.uleam.edu.ec\/vinculacion-colectividad\/?page_id=10"},"modified":"2020-06-02T12:14:39","modified_gmt":"2020-06-02T17:14:39","slug":"mision-y-vision","status":"publish","type":"page","link":"https:\/\/departamentos.uleam.edu.ec\/vinculacion-colectividad\/mision-y-vision\/","title":{"rendered":"Misi\u00f3n y Visi\u00f3n"},"content":{"rendered":"<h4 style=\"text-align: center\"><span style=\"color: #000000\"><strong>Direcci\u00f3n de Vinculaci\u00f3n y Emprendimiento<\/strong><\/span><\/h4>\n<p><strong><span style=\"color: #000000\">Misi\u00f3n<\/span><\/strong><\/p>\n<p style=\"text-align: justify\"><span style=\"color: #000000\">Asesorar y coordinar la gesti\u00f3n social, productiva, tecnol\u00f3gica, pol\u00edtica y cultural del conocimiento a trav\u00e9s de programas y proyectos extensionistas multidisciplinarios de investigaci\u00f3n social y desarrollo, educaci\u00f3n continua, la gesti\u00f3n acad\u00e9mica, servicios y consultar\u00edas especializadas, con la participaci\u00f3n activa de la sociedad y la comunidad universitaria, bajo el compromiso de trabajo colaborativo, creativo y solidario, respetando la diversidad y los derechos humanos.<\/span><\/p>\n<p><strong><span style=\"color: #000000\">Visi\u00f3n<\/span><\/strong><\/p>\n<p style=\"text-align: justify\"><span style=\"color: #000000\">El Departamento de Vinculaci\u00f3n con la Sociedad de la Universidad Laica Eloy Alfaro de Manab\u00ed es una instancia institucional din\u00e1mica e integradora del sistema pol\u00edtico nacional y las actor\u00edas sociales, productivas, culturales y pol\u00edticas como escenarios de articulaci\u00f3n de la transferencia del conocimiento y la producci\u00f3n de aprendizajes, para buscar alternativas de comprensi\u00f3n y transformaci\u00f3n de los problemas y necesidades de la sociedad en el marco del buen vivir en base a la corresponsabilidad social universitaria.<\/span><\/p>\n","protected":false},"excerpt":{"rendered":"<p>Direcci\u00f3n de Vinculaci\u00f3n y Emprendimiento Misi\u00f3n Asesorar y coordinar la gesti\u00f3n social, productiva, tecnol\u00f3gica, pol\u00edtica y cultural del conocimiento a trav\u00e9s de programas y proyectos extensionistas multidisciplinarios de investigaci\u00f3n social y desarrollo,<a class=\"moretag\" href=\"https:\/\/departamentos.uleam.edu.ec\/vinculacion-colectividad\/mision-y-vision\/\">Leer m\u00e1s&#8230;<\/a><\/p>\n","protected":false},"author":56,"featured_media":0,"parent":0,"menu_order":3,"comment_status":"closed","ping_status":"closed","template":"","meta":{"footnotes":"","_links_to":"","_links_to_target":""},"class_list":["post-10","page","type-page","status-publish","hentry"],"_links":{"self":[{"href":"https:\/\/departamentos.uleam.edu.ec\/vinculacion-colectividad\/wp-json\/wp\/v2\/pages\/10","targetHints":{"allow":["GET"]}}],"collection":[{"href":"https:\/\/departamentos.uleam.edu.ec\/vinculacion-colectividad\/wp-json\/wp\/v2\/pages"}],"about":[{"href":"https:\/\/departamentos.uleam.edu.ec\/vinculacion-colectividad\/wp-json\/wp\/v2\/types\/page"}],"author":[{"embeddable":true,"href":"https:\/\/departamentos.uleam.edu.ec\/vinculacion-colectividad\/wp-json\/wp\/v2\/users\/56"}],"replies":[{"embeddable":true,"href":"https:\/\/departamentos.uleam.edu.ec\/vinculacion-colectividad\/wp-json\/wp\/v2\/comments?post=10"}],"version-history":[{"count":31,"href":"https:\/\/departamentos.uleam.edu.ec\/vinculacion-colectividad\/wp-json\/wp\/v2\/pages\/10\/revisions"}],"predecessor-version":[{"id":3184,"href":"https:\/\/departamentos.uleam.edu.ec\/vinculacion-colectividad\/wp-json\/wp\/v2\/pages\/10\/revisions\/3184"}],"wp:attachment":[{"href":"https:\/\/departamentos.uleam.edu.ec\/vinculacion-colectividad\/wp-json\/wp\/v2\/media?parent=10"}],"curies":[{"name":"wp","href":"https:\/\/api.w.org\/{rel}","templated":true}]}}