{"id":1483,"date":"2016-12-15T23:17:18","date_gmt":"2016-12-15T23:17:18","guid":{"rendered":"http:\/\/departamentos.uleam.edu.ec\/vinculacion-colectividad\/?page_id=1483"},"modified":"2019-08-28T15:10:22","modified_gmt":"2019-08-28T20:10:22","slug":"objetivos-institucionales","status":"publish","type":"page","link":"https:\/\/departamentos.uleam.edu.ec\/vinculacion-colectividad\/objetivos-institucionales\/","title":{"rendered":"Objetivos Institucionales"},"content":{"rendered":"<p style=\"text-align: center\"><span style=\"color: #000000\"><strong>Objetivos institucionales, basados en las funciones sustantivas de las Instituciones de Educaci\u00f3n Superior<\/strong><\/span><\/p>\n<table width=\"816\">\n<tbody>\n<tr>\n<td width=\"212\"><span style=\"color: #000000\"><b>Funci\u00f3n\u00a0<\/b><\/span><\/td>\n<td width=\"605\"><span style=\"color: #000000\"><b>Objetivos Institucionales\u00a0<\/b><\/span><\/td>\n<\/tr>\n<tr>\n<td width=\"212\"><span style=\"color: #000000\"><b>Formaci\u00f3n universitaria \u00a0 <\/b><\/span><\/td>\n<td width=\"605\"><span style=\"color: #000000\">Desarrollar un modelo de gesti\u00f3n acad\u00e9mica, articulando las funciones sustantivas de la universidad, garantizando una educaci\u00f3n superior de calidad dando respuestas a las necesidades del desarrollo local, regional y nacional.<\/span><\/td>\n<\/tr>\n<tr>\n<td width=\"212\"><span style=\"color: #000000\"><b>Investigaci\u00f3n \u00a0 <\/b><\/span><\/td>\n<td width=\"605\"><span style=\"color: #000000\">Generar conocimientos cient\u00edficos, tecnol\u00f3gicos y rescatar los saberes ancestrales, a trav\u00e9s de la din\u00e1mica de los procesos de investigaci\u00f3n, para resolver los principales problemas del pa\u00eds mejorando la calidad de vida.<\/span><\/td>\n<\/tr>\n<tr>\n<td width=\"212\"><span style=\"color: #000000\"><b>Vinculaci\u00f3n con la sociedad \u00a0 <\/b><\/span><\/td>\n<td width=\"605\"><span style=\"color: #000000\">Extender los procesos de vinculaci\u00f3n con la sociedad, difundiendo los saberes y culturas, la prestaci\u00f3n de servicios especializados, articulados a la docencia e investigaci\u00f3n que contribuyan al desarrollo de la sociedad en general.<\/span><\/td>\n<\/tr>\n<tr>\n<td width=\"212\"><span style=\"color: #000000\"><b>Administrativo y financiero \u00a0 <\/b><\/span><\/td>\n<td width=\"605\"><span style=\"color: #000000\">Efectuar un sistema de gesti\u00f3n administrativa y financiera eficiente y eficaz promoviendo una cultura organizacional de calidad para el desarrollo del talento humano y de la instituci\u00f3n.<\/span><\/td>\n<\/tr>\n<tr>\n<td width=\"212\"><span style=\"color: #000000\"><strong>Macroproceso<\/strong> <b>\u00a0 <\/b><b>Cultura y buen vivir <\/b><b>\u00a0 <\/b><\/span><\/td>\n<td width=\"605\"><span style=\"color: #000000\">Fortalecer las manifestaciones culturales individuales y colectiva de la comunidad universitaria y sociedad, articulados a la docencia, investigaci\u00f3n y vinculaci\u00f3n hacia la construcci\u00f3n de una sociedad eficiente, justa y solidaria.<\/span><\/td>\n<\/tr>\n<\/tbody>\n<\/table>\n","protected":false},"excerpt":{"rendered":"<p>Objetivos institucionales, basados en las funciones sustantivas de las Instituciones de Educaci\u00f3n Superior Funci\u00f3n\u00a0 Objetivos Institucionales\u00a0 Formaci\u00f3n universitaria \u00a0 Desarrollar un modelo de gesti\u00f3n acad\u00e9mica, articulando las funciones sustantivas de la universidad,<a class=\"moretag\" href=\"https:\/\/departamentos.uleam.edu.ec\/vinculacion-colectividad\/objetivos-institucionales\/\">Leer m\u00e1s&#8230;<\/a><\/p>\n","protected":false},"author":56,"featured_media":0,"parent":0,"menu_order":0,"comment_status":"closed","ping_status":"closed","template":"","meta":{"footnotes":"","_links_to":"","_links_to_target":""},"class_list":["post-1483","page","type-page","status-publish","hentry"],"_links":{"self":[{"href":"https:\/\/departamentos.uleam.edu.ec\/vinculacion-colectividad\/wp-json\/wp\/v2\/pages\/1483","targetHints":{"allow":["GET"]}}],"collection":[{"href":"https:\/\/departamentos.uleam.edu.ec\/vinculacion-colectividad\/wp-json\/wp\/v2\/pages"}],"about":[{"href":"https:\/\/departamentos.uleam.edu.ec\/vinculacion-colectividad\/wp-json\/wp\/v2\/types\/page"}],"author":[{"embeddable":true,"href":"https:\/\/departamentos.uleam.edu.ec\/vinculacion-colectividad\/wp-json\/wp\/v2\/users\/56"}],"replies":[{"embeddable":true,"href":"https:\/\/departamentos.uleam.edu.ec\/vinculacion-colectividad\/wp-json\/wp\/v2\/comments?post=1483"}],"version-history":[{"count":3,"href":"https:\/\/departamentos.uleam.edu.ec\/vinculacion-colectividad\/wp-json\/wp\/v2\/pages\/1483\/revisions"}],"predecessor-version":[{"id":3006,"href":"https:\/\/departamentos.uleam.edu.ec\/vinculacion-colectividad\/wp-json\/wp\/v2\/pages\/1483\/revisions\/3006"}],"wp:attachment":[{"href":"https:\/\/departamentos.uleam.edu.ec\/vinculacion-colectividad\/wp-json\/wp\/v2\/media?parent=1483"}],"curies":[{"name":"wp","href":"https:\/\/api.w.org\/{rel}","templated":true}]}}