{"id":1487,"date":"2016-12-15T23:23:51","date_gmt":"2016-12-15T23:23:51","guid":{"rendered":"http:\/\/departamentos.uleam.edu.ec\/vinculacion-colectividad\/?page_id=1487"},"modified":"2019-08-28T15:08:07","modified_gmt":"2019-08-28T20:08:07","slug":"objetivos-del-plan-plurianual-de-gobierno-alineados-a-vinculacion","status":"publish","type":"page","link":"https:\/\/departamentos.uleam.edu.ec\/vinculacion-colectividad\/objetivos-del-plan-plurianual-de-gobierno-alineados-a-vinculacion\/","title":{"rendered":"Objetivos del plan plurianual de gobiernos alineados a vinculaci\u00f3n"},"content":{"rendered":"<ol>\n<li><span style=\"color: #000000\">Auspiciar la igualdad, la cohesi\u00f3n, la inclusi\u00f3n y la equidad social y territorial en la diversidad.<\/span><\/li>\n<li><span style=\"color: #000000\">Mejorar la calidad de vida de la poblaci\u00f3n.<\/span><\/li>\n<li><span style=\"color: #000000\">Fortalecer las capacidades y potencialidades de la ciudadan\u00eda<\/span><\/li>\n<li><span style=\"color: #000000\">Construir espacios de encuentro com\u00fan y fortalecer la identidad nacional,\u00a0 las identidades\u00a0 diversas, la plurinacionalidad y la interculturalidad.<\/span><\/li>\n<li><span style=\"color: #000000\">Consolidar la transformaci\u00f3n de la justicia y fortalecer la seguridad integral, en estricto respeto a\u00a0 los derechos humanos.<\/span><\/li>\n<li><span style=\"color: #000000\">Garantizar los derechos de la naturaleza y promover la sostenibilidad ambiental territorial y global.<\/span><\/li>\n<li><span style=\"color: #000000\">Consolidar el sistema econ\u00f3mico social y solidario, de forma sostenible.<\/span><\/li>\n<li><span style=\"color: #000000\">Impulsar la transformaci\u00f3n de la matriz productiva<\/span><\/li>\n<\/ol>\n","protected":false},"excerpt":{"rendered":"<p>Auspiciar la igualdad, la cohesi\u00f3n, la inclusi\u00f3n y la equidad social y territorial en la diversidad. Mejorar la calidad de vida de la poblaci\u00f3n. Fortalecer las capacidades y potencialidades de la ciudadan\u00eda<a class=\"moretag\" href=\"https:\/\/departamentos.uleam.edu.ec\/vinculacion-colectividad\/objetivos-del-plan-plurianual-de-gobierno-alineados-a-vinculacion\/\">Leer m\u00e1s&#8230;<\/a><\/p>\n","protected":false},"author":56,"featured_media":0,"parent":0,"menu_order":0,"comment_status":"closed","ping_status":"closed","template":"","meta":{"footnotes":"","_links_to":"","_links_to_target":""},"class_list":["post-1487","page","type-page","status-publish","hentry"],"_links":{"self":[{"href":"https:\/\/departamentos.uleam.edu.ec\/vinculacion-colectividad\/wp-json\/wp\/v2\/pages\/1487","targetHints":{"allow":["GET"]}}],"collection":[{"href":"https:\/\/departamentos.uleam.edu.ec\/vinculacion-colectividad\/wp-json\/wp\/v2\/pages"}],"about":[{"href":"https:\/\/departamentos.uleam.edu.ec\/vinculacion-colectividad\/wp-json\/wp\/v2\/types\/page"}],"author":[{"embeddable":true,"href":"https:\/\/departamentos.uleam.edu.ec\/vinculacion-colectividad\/wp-json\/wp\/v2\/users\/56"}],"replies":[{"embeddable":true,"href":"https:\/\/departamentos.uleam.edu.ec\/vinculacion-colectividad\/wp-json\/wp\/v2\/comments?post=1487"}],"version-history":[{"count":3,"href":"https:\/\/departamentos.uleam.edu.ec\/vinculacion-colectividad\/wp-json\/wp\/v2\/pages\/1487\/revisions"}],"predecessor-version":[{"id":3004,"href":"https:\/\/departamentos.uleam.edu.ec\/vinculacion-colectividad\/wp-json\/wp\/v2\/pages\/1487\/revisions\/3004"}],"wp:attachment":[{"href":"https:\/\/departamentos.uleam.edu.ec\/vinculacion-colectividad\/wp-json\/wp\/v2\/media?parent=1487"}],"curies":[{"name":"wp","href":"https:\/\/api.w.org\/{rel}","templated":true}]}}