{"id":158,"date":"2012-08-20T16:00:22","date_gmt":"2012-08-20T16:00:22","guid":{"rendered":"http:\/\/departamentos.uleam.edu.ec\/vinculacion-colectividad\/?page_id=158"},"modified":"2019-08-28T15:22:54","modified_gmt":"2019-08-28T20:22:54","slug":"lineas-de-accion-del-dvc","status":"publish","type":"page","link":"https:\/\/departamentos.uleam.edu.ec\/vinculacion-colectividad\/lineas-de-accion-del-dvc\/","title":{"rendered":"L\u00edneas de accion del DVC"},"content":{"rendered":"<p style=\"text-align: justify\"><span style=\"color: #000000\"><strong>L\u00edneas de acci\u00f3n del departamento<\/strong><\/span><\/p>\n<p style=\"text-align: justify\"><span style=\"color: #000000\"><strong>1.- L\u00ednea de cooperaci\u00f3n interna.<\/strong><\/span><\/p>\n<p style=\"text-align: justify\"><span style=\"color: #000000\">Actividades conjuntas realizadas con otros Departamentos de la ULEAM como: Relaciones y Cooperaci\u00f3n Internacional, Investigaci\u00f3n y Medio Ambiente (Proyecto de huertos escolares).<\/span><\/p>\n<p style=\"text-align: justify\"><span style=\"color: #000000\"><strong>2.- L\u00ednea de cooperaci\u00f3n externa.<\/strong><\/span><\/p>\n<p style=\"text-align: justify\"><span style=\"color: #000000\">Acciones desplegadas en colaboraci\u00f3n con instituciones u organismos externos tales como: Gobierno de la Provincia de Manab\u00ed; Municipio de Manta, UNICEF, ONU \u2013 SIDA, Convenio con el Departamento de Higiene, Red de atenci\u00f3n y prevenci\u00f3n de la violencia de Manta. Observatorio de violencia de g\u00e9nero.<\/span><\/p>\n<p style=\"text-align: justify\"><span style=\"color: #000000\"><strong>3.- L\u00ednea Observatorio de V\u00ednculos de Unidades especiales de la ULEAM con el sector externo.<\/strong><\/span><\/p>\n<p style=\"text-align: justify\"><span style=\"color: #000000\">Monitoreo de acciones ejecutadas por dependencias universitarias tales como: Departamento de Desarrollo y Promoci\u00f3n de Cultura, Policl\u00ednico Universitario, Consultorio Jur\u00eddico Popular, Consultorio Psico Social, Cesecca, Alfaro TV y Editorial Mar Abierto.<\/span><\/p>\n<p style=\"text-align: justify\"><span style=\"color: #000000\"><strong>4.- L\u00edneas de Coordinaci\u00f3n de acciones de vinculaci\u00f3n con la sociedad desarrollados por unidades acad\u00e9micas de la ULEAM<\/strong><\/span><\/p>\n<p style=\"text-align: justify\"><span style=\"color: #000000\"><em>&#8211; Coordinaci\u00f3n con 23 facultades, 6 escuelas y 4 extensiones:<\/em><\/span><\/p>\n<ul style=\"text-align: justify\">\n<li><span style=\"color: #000000\">Facultades que intervienen:<\/span><\/li>\n<li><span style=\"color: #000000\">Ciencias Medicas<\/span><\/li>\n<li><span style=\"color: #000000\">Ciencias Agropecuarias<\/span><\/li>\n<li><span style=\"color: #000000\">Trabajo Social<\/span><\/li>\n<li><span style=\"color: #000000\">Ciencias de la Educaci\u00f3n<\/span><\/li>\n<li><span style=\"color: #000000\">Arquitectura<\/span><\/li>\n<li><span style=\"color: #000000\">Odontolog\u00eda<\/span><\/li>\n<li><span style=\"color: #000000\">Ciencias Econ\u00f3micas<\/span><\/li>\n<li><span style=\"color: #000000\">Hoteler\u00eda y Turismo<\/span><\/li>\n<li><span style=\"color: #000000\">Contabilidad y Auditoria<\/span><\/li>\n<li><span style=\"color: #000000\">Ciencias Administrativas<\/span><\/li>\n<li><span style=\"color: #000000\">Ingenier\u00eda Industrial<\/span><\/li>\n<li><span style=\"color: #000000\">Ciencias Inform\u00e1ticas<\/span><\/li>\n<li><span style=\"color: #000000\">Enfermer\u00eda<\/span><\/li>\n<li><span style=\"color: #000000\">Ciencias del Mar<\/span><\/li>\n<li><span style=\"color: #000000\">Comercio Exterior y Negocios Internacionales<\/span><\/li>\n<li><span style=\"color: #000000\">Espec. Tecnol\u00f3gicas en \u00c1reas de la Salud<\/span><\/li>\n<li><span style=\"color: #000000\">Educaci\u00f3n F\u00edsica Deportes y Recreaci\u00f3n<\/span><\/li>\n<li><span style=\"color: #000000\">Gesti\u00f3n, Desarrollo Secretariado Ejecutivo<\/span><\/li>\n<li><span style=\"color: #000000\">Jurisprudencia<\/span><\/li>\n<li><span style=\"color: #000000\">Ciencias de la Comunicaci\u00f3n<\/span><\/li>\n<li><span style=\"color: #000000\">Mec\u00e1nica Naval<\/span><\/li>\n<li><span style=\"color: #000000\">Idiomas<\/span><\/li>\n<li><span style=\"color: #000000\">Facultad de Ingen\u00ederia.<\/span><\/li>\n<\/ul>\n<p style=\"text-align: justify\"><span style=\"color: #000000\"><em>-Nombre de las escuelas que intervienen:<\/em><\/span><\/p>\n<ul style=\"text-align: justify\">\n<li><span style=\"color: #000000\">Escuela Ingenier\u00eda El\u00e9ctrica<\/span><\/li>\n<li><span style=\"color: #000000\">Escuela Ingenier\u00eda Civil<\/span><\/li>\n<li><span style=\"color: #000000\">Escuela de Marketing<\/span><\/li>\n<li><span style=\"color: #000000\">Escuela de Educaci\u00f3n B\u00e1sica<\/span><\/li>\n<li><span style=\"color: #000000\">Escuela de Educaci\u00f3n Parvularia<\/span><\/li>\n<li><span style=\"color: #000000\">Escuela de Psicolog\u00eda<\/span><\/li>\n<\/ul>\n<p style=\"text-align: justify\"><span style=\"color: #000000\"><em>-Nombre de las extensiones que intervienen:<\/em><\/span><\/p>\n<ul style=\"text-align: justify\">\n<li><span style=\"color: #000000\">Ext. Bah\u00eda de Caraquez<\/span><\/li>\n<li><span style=\"color: #000000\">Ext. Chone<\/span><\/li>\n<li><span style=\"color: #000000\">Ext. Pedernales<\/span><\/li>\n<li><span style=\"color: #000000\">Ext. El Carmen<\/span><\/li>\n<\/ul>\n<p style=\"text-align: justify\"><span style=\"color: #000000\"><strong>5.- L\u00ednea de Acciones Propias<\/strong><\/span><\/p>\n<p style=\"text-align: justify\"><span style=\"color: #000000\">Aplicaci\u00f3n de proyectos socio-educativos en comunidades, instituciones y centros educativos de Manta y la provincia con el aporte de estudiantes extensionistas de: Trabajo Social, Enfermer\u00eda, Educaci\u00f3n Parvularia, Periodismo, Educaci\u00f3n F\u00edsica y Odontolog\u00eda.<\/span><\/p>\n<p style=\"text-align: justify\">\n","protected":false},"excerpt":{"rendered":"<p>L\u00edneas de acci\u00f3n del departamento 1.- L\u00ednea de cooperaci\u00f3n interna. Actividades conjuntas realizadas con otros Departamentos de la ULEAM como: Relaciones y Cooperaci\u00f3n Internacional, Investigaci\u00f3n y Medio Ambiente (Proyecto de huertos escolares).<a class=\"moretag\" href=\"https:\/\/departamentos.uleam.edu.ec\/vinculacion-colectividad\/lineas-de-accion-del-dvc\/\">Leer m\u00e1s&#8230;<\/a><\/p>\n","protected":false},"author":56,"featured_media":0,"parent":0,"menu_order":8,"comment_status":"closed","ping_status":"closed","template":"","meta":{"footnotes":"","_links_to":"","_links_to_target":""},"class_list":["post-158","page","type-page","status-publish","hentry"],"_links":{"self":[{"href":"https:\/\/departamentos.uleam.edu.ec\/vinculacion-colectividad\/wp-json\/wp\/v2\/pages\/158","targetHints":{"allow":["GET"]}}],"collection":[{"href":"https:\/\/departamentos.uleam.edu.ec\/vinculacion-colectividad\/wp-json\/wp\/v2\/pages"}],"about":[{"href":"https:\/\/departamentos.uleam.edu.ec\/vinculacion-colectividad\/wp-json\/wp\/v2\/types\/page"}],"author":[{"embeddable":true,"href":"https:\/\/departamentos.uleam.edu.ec\/vinculacion-colectividad\/wp-json\/wp\/v2\/users\/56"}],"replies":[{"embeddable":true,"href":"https:\/\/departamentos.uleam.edu.ec\/vinculacion-colectividad\/wp-json\/wp\/v2\/comments?post=158"}],"version-history":[{"count":13,"href":"https:\/\/departamentos.uleam.edu.ec\/vinculacion-colectividad\/wp-json\/wp\/v2\/pages\/158\/revisions"}],"predecessor-version":[{"id":3008,"href":"https:\/\/departamentos.uleam.edu.ec\/vinculacion-colectividad\/wp-json\/wp\/v2\/pages\/158\/revisions\/3008"}],"wp:attachment":[{"href":"https:\/\/departamentos.uleam.edu.ec\/vinculacion-colectividad\/wp-json\/wp\/v2\/media?parent=158"}],"curies":[{"name":"wp","href":"https:\/\/api.w.org\/{rel}","templated":true}]}}