{"id":2030,"date":"2017-01-20T22:50:52","date_gmt":"2017-01-20T22:50:52","guid":{"rendered":"http:\/\/departamentos.uleam.edu.ec\/vinculacion-colectividad\/?page_id=2030"},"modified":"2019-08-29T10:50:19","modified_gmt":"2019-08-29T15:50:19","slug":"reglamentos-2016","status":"publish","type":"page","link":"https:\/\/departamentos.uleam.edu.ec\/vinculacion-colectividad\/reglamentos-2016\/","title":{"rendered":"Reglamentos 2016"},"content":{"rendered":"<p><span style=\"color: #000000\"><strong>Descargas en l\u00ednea<\/strong><\/span><\/p>\n<ul>\n<li><span style=\"color: #000000\"><strong><a style=\"color: #000000\" href=\"http:\/\/departamentos.uleam.edu.ec\/wp-content\/uploads\/2017\/01\/1 Reglamento Org\u00e1nico de Gesti\u00f3n Organizacional por Procesos_opt2.pdf\">Reglamento Org\u00e1nico de Gesti\u00f3n Organizacional por Procesos<\/a><\/strong><\/span><\/li>\n<li><span style=\"color: #000000\"><strong><a style=\"color: #000000\" href=\"http:\/\/departamentos.uleam.edu.ec\/wp-content\/uploads\/2017\/01\/2 REGLAMENTO DE VINCULACION CON LA SOCIEDAD 2016.pdf\">Reglamento de Vinculaci\u00f3n con la sociedad 2016<\/a><\/strong><\/span><\/li>\n<li><span style=\"color: #000000\"><strong><a style=\"color: #000000\" href=\"http:\/\/departamentos.uleam.edu.ec\/wp-content\/uploads\/2017\/01\/3 REGLAMENTO-PARA-LA-GESTION-DE-RECURSOS-DE-VINCULACION-CON-LA-SOCIEDAD.pdf\">Reglamento para la Gesti\u00f3n de Recursos de Vinculaci\u00f3n con la Sociedad<\/a><\/strong><\/span><\/li>\n<\/ul>\n","protected":false},"excerpt":{"rendered":"<p>Descargas en l\u00ednea Reglamento Org\u00e1nico de Gesti\u00f3n Organizacional por Procesos Reglamento de Vinculaci\u00f3n con la sociedad 2016 Reglamento para la Gesti\u00f3n de Recursos de Vinculaci\u00f3n con la Sociedad<\/p>\n","protected":false},"author":56,"featured_media":0,"parent":0,"menu_order":0,"comment_status":"closed","ping_status":"closed","template":"","meta":{"footnotes":"","_links_to":"","_links_to_target":""},"class_list":["post-2030","page","type-page","status-publish","hentry"],"_links":{"self":[{"href":"https:\/\/departamentos.uleam.edu.ec\/vinculacion-colectividad\/wp-json\/wp\/v2\/pages\/2030","targetHints":{"allow":["GET"]}}],"collection":[{"href":"https:\/\/departamentos.uleam.edu.ec\/vinculacion-colectividad\/wp-json\/wp\/v2\/pages"}],"about":[{"href":"https:\/\/departamentos.uleam.edu.ec\/vinculacion-colectividad\/wp-json\/wp\/v2\/types\/page"}],"author":[{"embeddable":true,"href":"https:\/\/departamentos.uleam.edu.ec\/vinculacion-colectividad\/wp-json\/wp\/v2\/users\/56"}],"replies":[{"embeddable":true,"href":"https:\/\/departamentos.uleam.edu.ec\/vinculacion-colectividad\/wp-json\/wp\/v2\/comments?post=2030"}],"version-history":[{"count":5,"href":"https:\/\/departamentos.uleam.edu.ec\/vinculacion-colectividad\/wp-json\/wp\/v2\/pages\/2030\/revisions"}],"predecessor-version":[{"id":3046,"href":"https:\/\/departamentos.uleam.edu.ec\/vinculacion-colectividad\/wp-json\/wp\/v2\/pages\/2030\/revisions\/3046"}],"wp:attachment":[{"href":"https:\/\/departamentos.uleam.edu.ec\/vinculacion-colectividad\/wp-json\/wp\/v2\/media?parent=2030"}],"curies":[{"name":"wp","href":"https:\/\/api.w.org\/{rel}","templated":true}]}}