{"id":2268,"date":"2018-02-06T20:21:52","date_gmt":"2018-02-06T20:21:52","guid":{"rendered":"http:\/\/departamentos.uleam.edu.ec\/vinculacion-colectividad\/?page_id=2268"},"modified":"2018-02-19T19:43:54","modified_gmt":"2018-02-19T19:43:54","slug":"rendicion-cuenta-de-proyectos-de-vinculacion","status":"publish","type":"page","link":"https:\/\/departamentos.uleam.edu.ec\/vinculacion-colectividad\/rendicion-cuenta-de-proyectos-de-vinculacion\/","title":{"rendered":"Rendici\u00f3n Cuenta de Proyectos de Vinculaci\u00f3n"},"content":{"rendered":"<h4 class=\"name post-title entry-title\">Carreras<\/h4>\n<div class=\"entry\">\n<ul>\n<li>Arquitectura<\/li>\n<li>Ciencias Administrativas<\/li>\n<li>Ciencias Agropecuarias\n<ul>\n<li><a href=\"http:\/\/carreras.uleam.edu.ec\/ciencias-agropecuarias\/vinculacion\/rendicion-de-cuentas-2\/\">Recursos Naturales<\/a><\/li>\n<\/ul>\n<\/li>\n<li>Ciencias de la Educaci\u00f3n<\/li>\n<li><a href=\"http:\/\/carreras.uleam.edu.ec\/ciencias-educacion\/rendicion-de-cuentas\/rendicion-de-cuentas-2017\/\">Educaci\u00f3n B\u00e1sica<\/a><\/li>\n<li><a href=\"http:\/\/carreras.uleam.edu.ec\/ciencias-educacion\/rendicion-de-cuentas\/rendicion-de-cuentas-2017\/\">Educaci\u00f3n Especial<\/a><\/li>\n<li>Ciencias de la Comunicaci\u00f3n<\/li>\n<li>Ciencias del Mar<\/li>\n<li><a href=\"http:\/\/carreras.uleam.edu.ec\/facci\/vinculacion-con-la-sociedad\/\">Ciencias Inform\u00e1ticas \u2013 FACCI<\/a><\/li>\n<li><a href=\"http:\/\/carreras.uleam.edu.ec\/medicina\/rendicion-de-cuenta\/area-de-vinculacion\/\">Ciencias Medicas<\/a><\/li>\n<li><a href=\"http:\/\/carreras.uleam.edu.ec\/medicina\/rendicion-de-cuenta\/area-de-vinculacion\/\">Terapia de Lenguaje<\/a><\/li>\n<li>Contabilidad P\u00fablica y Auditoria<\/li>\n<li><a href=\"http:\/\/carreras.uleam.edu.ec\/economia\/rendicion-de-cuentas-2017-1-y-2\/\">Econom\u00eda<\/a><\/li>\n<li>Educacion F\u00edsica, Deportes y Recreacion<\/li>\n<li><a href=\"http:\/\/carreras.uleam.edu.ec\/enfermeria\/datos-generales\/programa-de-vinculacion\/\">Enfermer\u00eda<\/a><\/li>\n<li>Gesti\u00f3n, Desarrollo y Secretariado Ejecutivo<\/li>\n<li>Hoteleria y Turismo<\/li>\n<li>Ingenier\u00eda<\/li>\n<li><a href=\"http:\/\/carreras.uleam.edu.ec\/ingenieria-industrial\/vinculacion\/\">Ingenier\u00eda Industrial<\/a><\/li>\n<li>Ingenier\u00eda El\u00e9ctrica<\/li>\n<li><a href=\"http:\/\/carreras.uleam.edu.ec\/jurisprudencia\/vinculacion-con-la-colectividad\/rendicion-de-cuenta\/\">Jurisprudencia<\/a><\/li>\n<li><a href=\"http:\/\/carreras.uleam.edu.ec\/odontologia\/vinculacion-con-la-colectividad\/rendicion-de-cuenta\/\">Odontolog\u00eda<\/a><\/li>\n<li><a href=\"http:\/\/carreras.uleam.edu.ec\/trabajo-social\/vinculacion-con-la-colectividad\/presentacion-de-proyecto\/\">Trabajo Social<\/a><\/li>\n<li><a href=\"http:\/\/carreras.uleam.edu.ec\/psicologia\/rendicion-de-cuenta\/\">Psicolog\u00eda<\/a><\/li>\n<li><a href=\"http:\/\/carreras.uleam.edu.ec\/ingenieria\/rendicion-de-cuenta\/vinculacion\/\">Mec\u00e1nica Naval<\/a><\/li>\n<li><a href=\"http:\/\/carreras.uleam.edu.ec\/elcarmen\/vinculacion-con-la-colectividad\/\">Extensi\u00f3n El Carmen<\/a><\/li>\n<\/ul>\n<\/div>\n","protected":false},"excerpt":{"rendered":"<p>Carreras Arquitectura Ciencias Administrativas Ciencias Agropecuarias Recursos Naturales Ciencias de la Educaci\u00f3n Educaci\u00f3n B\u00e1sica Educaci\u00f3n Especial Ciencias de la Comunicaci\u00f3n Ciencias del Mar Ciencias Inform\u00e1ticas \u2013 FACCI Ciencias Medicas Terapia de Lenguaje<a class=\"moretag\" href=\"https:\/\/departamentos.uleam.edu.ec\/vinculacion-colectividad\/rendicion-cuenta-de-proyectos-de-vinculacion\/\">Leer m\u00e1s&#8230;<\/a><\/p>\n","protected":false},"author":47,"featured_media":0,"parent":0,"menu_order":0,"comment_status":"closed","ping_status":"closed","template":"","meta":{"footnotes":"","_links_to":"","_links_to_target":""},"class_list":["post-2268","page","type-page","status-publish","hentry"],"_links":{"self":[{"href":"https:\/\/departamentos.uleam.edu.ec\/vinculacion-colectividad\/wp-json\/wp\/v2\/pages\/2268","targetHints":{"allow":["GET"]}}],"collection":[{"href":"https:\/\/departamentos.uleam.edu.ec\/vinculacion-colectividad\/wp-json\/wp\/v2\/pages"}],"about":[{"href":"https:\/\/departamentos.uleam.edu.ec\/vinculacion-colectividad\/wp-json\/wp\/v2\/types\/page"}],"author":[{"embeddable":true,"href":"https:\/\/departamentos.uleam.edu.ec\/vinculacion-colectividad\/wp-json\/wp\/v2\/users\/47"}],"replies":[{"embeddable":true,"href":"https:\/\/departamentos.uleam.edu.ec\/vinculacion-colectividad\/wp-json\/wp\/v2\/comments?post=2268"}],"version-history":[{"count":22,"href":"https:\/\/departamentos.uleam.edu.ec\/vinculacion-colectividad\/wp-json\/wp\/v2\/pages\/2268\/revisions"}],"predecessor-version":[{"id":2349,"href":"https:\/\/departamentos.uleam.edu.ec\/vinculacion-colectividad\/wp-json\/wp\/v2\/pages\/2268\/revisions\/2349"}],"wp:attachment":[{"href":"https:\/\/departamentos.uleam.edu.ec\/vinculacion-colectividad\/wp-json\/wp\/v2\/media?parent=2268"}],"curies":[{"name":"wp","href":"https:\/\/api.w.org\/{rel}","templated":true}]}}