{"id":2270,"date":"2018-02-06T20:22:48","date_gmt":"2018-02-06T20:22:48","guid":{"rendered":"http:\/\/departamentos.uleam.edu.ec\/vinculacion-colectividad\/?page_id=2270"},"modified":"2018-02-19T19:42:56","modified_gmt":"2018-02-19T19:42:56","slug":"rendicion-cuenta-de-practicas-pre-profesionales","status":"publish","type":"page","link":"https:\/\/departamentos.uleam.edu.ec\/vinculacion-colectividad\/rendicion-cuenta-de-practicas-pre-profesionales\/","title":{"rendered":"Rendici\u00f3n Cuenta de Pr\u00e1cticas Pre Profesionales"},"content":{"rendered":"<h4 class=\"name post-title entry-title\">Carreras<\/h4>\n<div class=\"entry\">\n<ul>\n<li>Arquitectura<\/li>\n<li>Ciencias Administrativas<\/li>\n<li>Ciencias Agropecuarias\n<ul>\n<li><a href=\"http:\/\/carreras.uleam.edu.ec\/ciencias-agropecuarias\/vinculacion\/rendicion-de-cuentas-2\/\">Recursos Naturales<\/a><\/li>\n<li><a href=\"http:\/\/carreras.uleam.edu.ec\/ciencias-agropecuarias\/vinculacion\/rendicion-de-cuentas-2\/\">Agroindustrias<\/a><\/li>\n<\/ul>\n<\/li>\n<li>Ciencias de la Educaci\u00f3n\n<ul>\n<li><a href=\"http:\/\/carreras.uleam.edu.ec\/ciencias-educacion\/vinculacion-con-la-colectividad\/rendicion-de-cuentas-2017\/\">Educaci\u00f3n B\u00e1sica<\/a><\/li>\n<\/ul>\n<\/li>\n<li>Ciencias de la Comunicaci\u00f3n<\/li>\n<li>Ciencias del Mar<\/li>\n<li><a href=\"http:\/\/carreras.uleam.edu.ec\/facci\/practicas-pre-profesionales\/\">Ciencias Inform\u00e1ticas \u2013 FACCI<\/a><\/li>\n<li><a href=\"https:\/\/departamentos.uleam.edu.ec\/vinculacion-colectividad\/files\/2018\/02\/Ciencias-M\u00e9dicas.pdf\">Ciencias M\u00e9dicas<\/a><\/li>\n<li>Contabilidad P\u00fablica y Auditoria<\/li>\n<li>Econom\u00eda<\/li>\n<li><a href=\"http:\/\/carreras.uleam.edu.ec\/educacion-fisica\/vinculacion-con-la-colectividad\/rendicion-de-cuentas\/\">Educacion F\u00edsica, Deportes y Recreaci\u00f3n<\/a><\/li>\n<li><a href=\"http:\/\/carreras.uleam.edu.ec\/enfermeria\/rendicion-de-cuentas-2\/\">Enfermer\u00eda<\/a><\/li>\n<li>Gesti\u00f3n, Desarrollo y Secretariado Ejecutivo<\/li>\n<li><a href=\"http:\/\/carreras.uleam.edu.ec\/hoteleria-turismo\/areas-de-practicas-y-pasantias\/\">Hoteleria<\/a><\/li>\n<li><a href=\"http:\/\/carreras.uleam.edu.ec\/hoteleria-turismo\/areas-de-practicas-y-pasantias\/\">Turismo<\/a><\/li>\n<li>Ingenier\u00eda<\/li>\n<li><a href=\"http:\/\/carreras.uleam.edu.ec\/ingenieria\/vinculacion-e-investigacion\/practicas-pre-profesionales\/\">Ingenier\u00eda El\u00e9ctrica<\/a><\/li>\n<li>Ingenier\u00eda Industrial<\/li>\n<li>Jurisprudencia<\/li>\n<li><a href=\"http:\/\/carreras.uleam.edu.ec\/odontologia\/vinculacion-con-la-colectividad\/rendicion-de-cuenta\/\">Odontolog\u00eda<\/a><\/li>\n<li>Trabajo Social<\/li>\n<li><a href=\"http:\/\/carreras.uleam.edu.ec\/psicologia\/rendicion-de-cuenta\/\">Psicolog\u00eda<\/a><\/li>\n<\/ul>\n<\/div>\n","protected":false},"excerpt":{"rendered":"<p>Carreras Arquitectura Ciencias Administrativas Ciencias Agropecuarias Recursos Naturales Agroindustrias Ciencias de la Educaci\u00f3n Educaci\u00f3n B\u00e1sica Ciencias de la Comunicaci\u00f3n Ciencias del Mar Ciencias Inform\u00e1ticas \u2013 FACCI Ciencias M\u00e9dicas Contabilidad P\u00fablica y Auditoria<a class=\"moretag\" href=\"https:\/\/departamentos.uleam.edu.ec\/vinculacion-colectividad\/rendicion-cuenta-de-practicas-pre-profesionales\/\">Leer m\u00e1s&#8230;<\/a><\/p>\n","protected":false},"author":47,"featured_media":0,"parent":0,"menu_order":0,"comment_status":"closed","ping_status":"closed","template":"","meta":{"footnotes":"","_links_to":"","_links_to_target":""},"class_list":["post-2270","page","type-page","status-publish","hentry"],"_links":{"self":[{"href":"https:\/\/departamentos.uleam.edu.ec\/vinculacion-colectividad\/wp-json\/wp\/v2\/pages\/2270","targetHints":{"allow":["GET"]}}],"collection":[{"href":"https:\/\/departamentos.uleam.edu.ec\/vinculacion-colectividad\/wp-json\/wp\/v2\/pages"}],"about":[{"href":"https:\/\/departamentos.uleam.edu.ec\/vinculacion-colectividad\/wp-json\/wp\/v2\/types\/page"}],"author":[{"embeddable":true,"href":"https:\/\/departamentos.uleam.edu.ec\/vinculacion-colectividad\/wp-json\/wp\/v2\/users\/47"}],"replies":[{"embeddable":true,"href":"https:\/\/departamentos.uleam.edu.ec\/vinculacion-colectividad\/wp-json\/wp\/v2\/comments?post=2270"}],"version-history":[{"count":16,"href":"https:\/\/departamentos.uleam.edu.ec\/vinculacion-colectividad\/wp-json\/wp\/v2\/pages\/2270\/revisions"}],"predecessor-version":[{"id":2348,"href":"https:\/\/departamentos.uleam.edu.ec\/vinculacion-colectividad\/wp-json\/wp\/v2\/pages\/2270\/revisions\/2348"}],"wp:attachment":[{"href":"https:\/\/departamentos.uleam.edu.ec\/vinculacion-colectividad\/wp-json\/wp\/v2\/media?parent=2270"}],"curies":[{"name":"wp","href":"https:\/\/api.w.org\/{rel}","templated":true}]}}