{"id":2389,"date":"2018-02-20T21:06:33","date_gmt":"2018-02-20T21:06:33","guid":{"rendered":"http:\/\/departamentos.uleam.edu.ec\/vinculacion-colectividad\/?page_id=2389"},"modified":"2019-02-14T16:55:11","modified_gmt":"2019-02-14T21:55:11","slug":"convenios-especificos","status":"publish","type":"page","link":"https:\/\/departamentos.uleam.edu.ec\/vinculacion-colectividad\/convenios-especificos\/","title":{"rendered":"Convenios Especificos"},"content":{"rendered":"<p><span style=\"color: #000000\"><strong>Carreras<\/strong><\/span><\/p>\n<ul>\n<li><span style=\"color: #000000\"><a style=\"color: #000000\" href=\"https:\/\/departamentos.uleam.edu.ec\/vinculacion-colectividad\/contabilidad-y-auditoria\/\">Contabilidad y Auditoria<\/a><\/span><\/li>\n<li><span style=\"color: #000000\"><a style=\"color: #000000\" href=\"https:\/\/departamentos.uleam.edu.ec\/vinculacion-colectividad\/hoteleria-y-turismo\/\">Hoteleria y Turismo<\/a><\/span><\/li>\n<li><span style=\"color: #000000\"><a style=\"color: #000000\" href=\"https:\/\/departamentos.uleam.edu.ec\/vinculacion-colectividad\/agropecuaria\/\">Agropecuaria<\/a><\/span><\/li>\n<li><span style=\"color: #000000\"><a style=\"color: #000000\" href=\"https:\/\/departamentos.uleam.edu.ec\/vinculacion-colectividad\/comunicacion\/\">Comunicaci\u00f3n<\/a><\/span><\/li>\n<li><span style=\"color: #000000\"><a style=\"color: #000000\" href=\"https:\/\/departamentos.uleam.edu.ec\/vinculacion-colectividad\/informatica\/\">Inform\u00e1tica<\/a><\/span><\/li>\n<li><span style=\"color: #000000\"><a style=\"color: #000000\" href=\"https:\/\/departamentos.uleam.edu.ec\/vinculacion-colectividad\/files\/2018\/02\/ganderos.pdf\">Extensi\u00f3n: El Carmen, Bah\u00eda de Caraquez, Chone y Pedernales<\/a><\/span><\/li>\n<\/ul>\n","protected":false},"excerpt":{"rendered":"<p>Carreras Contabilidad y Auditoria Hoteleria y Turismo Agropecuaria Comunicaci\u00f3n Inform\u00e1tica Extensi\u00f3n: El Carmen, Bah\u00eda de Caraquez, Chone y Pedernales<\/p>\n","protected":false},"author":47,"featured_media":0,"parent":0,"menu_order":0,"comment_status":"closed","ping_status":"closed","template":"","meta":{"footnotes":"","_links_to":"","_links_to_target":""},"class_list":["post-2389","page","type-page","status-publish","hentry"],"_links":{"self":[{"href":"https:\/\/departamentos.uleam.edu.ec\/vinculacion-colectividad\/wp-json\/wp\/v2\/pages\/2389","targetHints":{"allow":["GET"]}}],"collection":[{"href":"https:\/\/departamentos.uleam.edu.ec\/vinculacion-colectividad\/wp-json\/wp\/v2\/pages"}],"about":[{"href":"https:\/\/departamentos.uleam.edu.ec\/vinculacion-colectividad\/wp-json\/wp\/v2\/types\/page"}],"author":[{"embeddable":true,"href":"https:\/\/departamentos.uleam.edu.ec\/vinculacion-colectividad\/wp-json\/wp\/v2\/users\/47"}],"replies":[{"embeddable":true,"href":"https:\/\/departamentos.uleam.edu.ec\/vinculacion-colectividad\/wp-json\/wp\/v2\/comments?post=2389"}],"version-history":[{"count":9,"href":"https:\/\/departamentos.uleam.edu.ec\/vinculacion-colectividad\/wp-json\/wp\/v2\/pages\/2389\/revisions"}],"predecessor-version":[{"id":2927,"href":"https:\/\/departamentos.uleam.edu.ec\/vinculacion-colectividad\/wp-json\/wp\/v2\/pages\/2389\/revisions\/2927"}],"wp:attachment":[{"href":"https:\/\/departamentos.uleam.edu.ec\/vinculacion-colectividad\/wp-json\/wp\/v2\/media?parent=2389"}],"curies":[{"name":"wp","href":"https:\/\/api.w.org\/{rel}","templated":true}]}}