{"id":2392,"date":"2018-02-23T15:42:34","date_gmt":"2018-02-23T15:42:34","guid":{"rendered":"http:\/\/departamentos.uleam.edu.ec\/vinculacion-colectividad\/?page_id=2392"},"modified":"2019-08-29T15:48:21","modified_gmt":"2019-08-29T20:48:21","slug":"hoteleria-y-turismo","status":"publish","type":"page","link":"https:\/\/departamentos.uleam.edu.ec\/vinculacion-colectividad\/hoteleria-y-turismo\/","title":{"rendered":"Hoteler\u00eda y Turismo"},"content":{"rendered":"<p><span style=\"color: #000000\"><strong>Convenio Espec\u00edficos suscritos:<\/strong><\/span><\/p>\n<table style=\"height: 1370px\" width=\"679\">\n<tbody>\n<tr>\n<td width=\"48\"><span style=\"color: #000000\">I<strong>tems<\/strong><\/span><\/td>\n<td width=\"321\"><span style=\"color: #000000\"><strong>Instituci\u00f3n<\/strong><\/span><\/td>\n<td width=\"109\"><span style=\"color: #000000\"><strong>Fecha<\/strong><\/span><\/td>\n<td width=\"80\"><span style=\"color: #000000\"><strong>Descarga<\/strong><\/span><\/td>\n<\/tr>\n<tr>\n<td><span style=\"color: #000000\">1<\/span><\/td>\n<td style=\"text-align: justify\" width=\"321\"><span style=\"color: #000000\">Convenio de cooperaci\u00f3n interinstitucional de pr\u00e1cticas preprofesionales entre la Universidad Laica Eloy Alfaro de Manab\u00ed a trav\u00e9s de su Facultad de Hoteler\u00eda y Turismo y F\u00e1brica Ecuatoriana Ecuavav S.A (Hotel Poseid\u00f3n)<\/span><\/td>\n<td style=\"text-align: justify\"><span style=\"color: #000000\">30-jun-17<\/span><\/td>\n<td style=\"text-align: justify\"><span style=\"color: #000000\">\u00a0<a style=\"color: #000000\" href=\"https:\/\/departamentos.uleam.edu.ec\/vinculacion-colectividad\/files\/2018\/02\/poseidon.pdf\"><img decoding=\"async\" class=\"alignnone wp-image-2218\" src=\"https:\/\/departamentos.uleam.edu.ec\/vinculacion-colectividad\/files\/2018\/02\/simbolodescarga.png\" alt=\"\" width=\"57\" height=\"58\" srcset=\"https:\/\/departamentos.uleam.edu.ec\/vinculacion-colectividad\/files\/2018\/02\/simbolodescarga.png 228w, https:\/\/departamentos.uleam.edu.ec\/vinculacion-colectividad\/files\/2018\/02\/simbolodescarga-150x150.png 150w, https:\/\/departamentos.uleam.edu.ec\/vinculacion-colectividad\/files\/2018\/02\/simbolodescarga-55x55.png 55w\" sizes=\"(max-width: 57px) 100vw, 57px\" \/><\/a><\/span><\/td>\n<\/tr>\n<tr style=\"text-align: justify\">\n<td><span style=\"color: #000000\">2<\/span><\/td>\n<td width=\"321\"><span style=\"color: #000000\">Convenio de cooperaci\u00f3n interinstitucional de pr\u00e1cticas preprofesionales entre la Universidad Laica Eloy Alfaro de Manab\u00ed a trav\u00e9s de su Facultad de Hoteler\u00eda y Turismo y Orangefuture S.A<\/span><\/td>\n<td><span style=\"color: #000000\">4-ago-17<\/span><\/td>\n<td><span style=\"color: #000000\">\u00a0<a style=\"color: #000000\" href=\"https:\/\/departamentos.uleam.edu.ec\/vinculacion-colectividad\/files\/2018\/02\/orange-HT-CE.pdf\"><img decoding=\"async\" class=\"alignnone wp-image-2218\" src=\"https:\/\/departamentos.uleam.edu.ec\/vinculacion-colectividad\/files\/2018\/02\/simbolodescarga.png\" alt=\"\" width=\"58\" height=\"59\" srcset=\"https:\/\/departamentos.uleam.edu.ec\/vinculacion-colectividad\/files\/2018\/02\/simbolodescarga.png 228w, https:\/\/departamentos.uleam.edu.ec\/vinculacion-colectividad\/files\/2018\/02\/simbolodescarga-150x150.png 150w, https:\/\/departamentos.uleam.edu.ec\/vinculacion-colectividad\/files\/2018\/02\/simbolodescarga-55x55.png 55w\" sizes=\"(max-width: 58px) 100vw, 58px\" \/><\/a><\/span><\/td>\n<\/tr>\n<tr style=\"text-align: justify\">\n<td><span style=\"color: #000000\">3<\/span><\/td>\n<td width=\"321\"><span style=\"color: #000000\">Convenio de cooperaci\u00f3n interinstitucional de pr\u00e1cticas preprofesionales entre la Universidad Laica Eloy Alfaro de Manab\u00ed a trav\u00e9s de su Facultad de Hoteler\u00eda y Turismo y Don Willy 2 Restaurante.<\/span><\/td>\n<td><span style=\"color: #000000\">4-ago-17<\/span><\/td>\n<td><span style=\"color: #000000\">\u00a0<a style=\"color: #000000\" href=\"https:\/\/departamentos.uleam.edu.ec\/vinculacion-colectividad\/files\/2018\/02\/willy2-HT-CE.pdf\"><img decoding=\"async\" class=\"alignnone wp-image-2218\" src=\"https:\/\/departamentos.uleam.edu.ec\/vinculacion-colectividad\/files\/2018\/02\/simbolodescarga.png\" alt=\"\" width=\"58\" height=\"59\" srcset=\"https:\/\/departamentos.uleam.edu.ec\/vinculacion-colectividad\/files\/2018\/02\/simbolodescarga.png 228w, https:\/\/departamentos.uleam.edu.ec\/vinculacion-colectividad\/files\/2018\/02\/simbolodescarga-150x150.png 150w, https:\/\/departamentos.uleam.edu.ec\/vinculacion-colectividad\/files\/2018\/02\/simbolodescarga-55x55.png 55w\" sizes=\"(max-width: 58px) 100vw, 58px\" \/><\/a><\/span><\/td>\n<\/tr>\n<tr>\n<td style=\"text-align: justify\"><span style=\"color: #000000\">4<\/span><\/td>\n<td style=\"text-align: justify\" width=\"321\"><span style=\"color: #000000\">Convenio de cooperaci\u00f3n interinstitucional de pr\u00e1cticas preprofesionales entre la Universidad Laica Eloy Alfaro de Manab\u00ed a trav\u00e9s de su Facultad de Hoteler\u00eda y Turismo y el Hotel Caba\u00f1as Balandra\u00a0S.A<\/span><\/td>\n<td><span style=\"color: #000000\">4-ago-17<\/span><\/td>\n<td><span style=\"color: #000000\">\u00a0<a style=\"color: #000000\" href=\"https:\/\/departamentos.uleam.edu.ec\/vinculacion-colectividad\/files\/2018\/02\/cabana-balandra-HT-CE.pdf\"><img decoding=\"async\" class=\"alignnone wp-image-2218\" src=\"https:\/\/departamentos.uleam.edu.ec\/vinculacion-colectividad\/files\/2018\/02\/simbolodescarga.png\" alt=\"\" width=\"58\" height=\"59\" srcset=\"https:\/\/departamentos.uleam.edu.ec\/vinculacion-colectividad\/files\/2018\/02\/simbolodescarga.png 228w, https:\/\/departamentos.uleam.edu.ec\/vinculacion-colectividad\/files\/2018\/02\/simbolodescarga-150x150.png 150w, https:\/\/departamentos.uleam.edu.ec\/vinculacion-colectividad\/files\/2018\/02\/simbolodescarga-55x55.png 55w\" sizes=\"(max-width: 58px) 100vw, 58px\" \/><\/a><\/span><\/td>\n<\/tr>\n<tr>\n<td><span style=\"color: #000000\">5<\/span><\/td>\n<td style=\"text-align: justify\" width=\"321\"><span style=\"color: #000000\">Convenio de cooperaci\u00f3n interinstitucional de pr\u00e1cticas preprofesionales entre la Universidad Laica Eloy Alfaro de Manab\u00ed a trav\u00e9s de su Facultad de Hoteler\u00eda y Turismo y Club vacacional ruta Spondylus Cluvaresa\u00a0S.A (Hotel Mar Azul)<\/span><\/td>\n<td style=\"text-align: justify\"><span style=\"color: #000000\">18-ago-17<\/span><\/td>\n<td style=\"text-align: justify\"><span style=\"color: #000000\">\u00a0<a style=\"color: #000000\" href=\"https:\/\/departamentos.uleam.edu.ec\/vinculacion-colectividad\/files\/2018\/02\/clubvacacion-HT.pdf\"><img decoding=\"async\" class=\"alignnone wp-image-2218\" src=\"https:\/\/departamentos.uleam.edu.ec\/vinculacion-colectividad\/files\/2018\/02\/simbolodescarga.png\" alt=\"\" width=\"58\" height=\"59\" srcset=\"https:\/\/departamentos.uleam.edu.ec\/vinculacion-colectividad\/files\/2018\/02\/simbolodescarga.png 228w, https:\/\/departamentos.uleam.edu.ec\/vinculacion-colectividad\/files\/2018\/02\/simbolodescarga-150x150.png 150w, https:\/\/departamentos.uleam.edu.ec\/vinculacion-colectividad\/files\/2018\/02\/simbolodescarga-55x55.png 55w\" sizes=\"(max-width: 58px) 100vw, 58px\" \/><\/a><\/span><\/td>\n<\/tr>\n<tr>\n<td style=\"text-align: justify\"><span style=\"color: #000000\">6<\/span><\/td>\n<td style=\"text-align: justify\" width=\"321\"><span style=\"color: #000000\">Convenio de cooperaci\u00f3n interinstitucional de pr\u00e1cticas preprofesionales entre la Universidad Laica Eloy Alfaro de Manab\u00ed a trav\u00e9s de su Facultad de Hoteler\u00eda y Turismo y Jij\u00f3n Mart\u00ednez Compa\u00f1ia de responsabilidad limitada (Gourmet&amp;Fit Catering Services)<\/span><\/td>\n<td><span style=\"color: #000000\">18-ago-17<\/span><\/td>\n<td><span style=\"color: #000000\">\u00a0<a style=\"color: #000000\" href=\"https:\/\/departamentos.uleam.edu.ec\/vinculacion-colectividad\/files\/2018\/02\/jijonmartinez-HT.pdf\"><img decoding=\"async\" class=\"alignnone wp-image-2218\" src=\"https:\/\/departamentos.uleam.edu.ec\/vinculacion-colectividad\/files\/2018\/02\/simbolodescarga.png\" alt=\"\" width=\"58\" height=\"59\" srcset=\"https:\/\/departamentos.uleam.edu.ec\/vinculacion-colectividad\/files\/2018\/02\/simbolodescarga.png 228w, https:\/\/departamentos.uleam.edu.ec\/vinculacion-colectividad\/files\/2018\/02\/simbolodescarga-150x150.png 150w, https:\/\/departamentos.uleam.edu.ec\/vinculacion-colectividad\/files\/2018\/02\/simbolodescarga-55x55.png 55w\" sizes=\"(max-width: 58px) 100vw, 58px\" \/><\/a><\/span><\/td>\n<\/tr>\n<tr>\n<td><span style=\"color: #000000\">7<\/span><\/td>\n<td style=\"text-align: justify\" width=\"321\"><span style=\"color: #000000\">Convenio de cooperaci\u00f3n interinstitucional de pr\u00e1cticas preprofesionales entre la Universidad Laica Eloy Alfaro de Manab\u00ed a trav\u00e9s de su Facultad de Hoteler\u00eda y Turismo y Krug Restaurante\u00a0<\/span><\/td>\n<td><span style=\"color: #000000\">25-ago-17<\/span><\/td>\n<td><span style=\"color: #000000\">\u00a0<a style=\"color: #000000\" href=\"https:\/\/departamentos.uleam.edu.ec\/vinculacion-colectividad\/files\/2018\/02\/krug-HT.pdf\"><img decoding=\"async\" class=\"alignnone wp-image-2218\" src=\"https:\/\/departamentos.uleam.edu.ec\/vinculacion-colectividad\/files\/2018\/02\/simbolodescarga.png\" alt=\"\" width=\"58\" height=\"59\" srcset=\"https:\/\/departamentos.uleam.edu.ec\/vinculacion-colectividad\/files\/2018\/02\/simbolodescarga.png 228w, https:\/\/departamentos.uleam.edu.ec\/vinculacion-colectividad\/files\/2018\/02\/simbolodescarga-150x150.png 150w, https:\/\/departamentos.uleam.edu.ec\/vinculacion-colectividad\/files\/2018\/02\/simbolodescarga-55x55.png 55w\" sizes=\"(max-width: 58px) 100vw, 58px\" \/><\/a><\/span><\/td>\n<\/tr>\n<\/tbody>\n<\/table>\n","protected":false},"excerpt":{"rendered":"<p>Convenio Espec\u00edficos suscritos: Items Instituci\u00f3n Fecha Descarga 1 Convenio de cooperaci\u00f3n interinstitucional de pr\u00e1cticas preprofesionales entre la Universidad Laica Eloy Alfaro de Manab\u00ed a trav\u00e9s de su Facultad de Hoteler\u00eda y Turismo<a class=\"moretag\" href=\"https:\/\/departamentos.uleam.edu.ec\/vinculacion-colectividad\/hoteleria-y-turismo\/\">Leer m\u00e1s&#8230;<\/a><\/p>\n","protected":false},"author":47,"featured_media":0,"parent":0,"menu_order":0,"comment_status":"closed","ping_status":"closed","template":"","meta":{"footnotes":"","_links_to":"","_links_to_target":""},"class_list":["post-2392","page","type-page","status-publish","hentry"],"_links":{"self":[{"href":"https:\/\/departamentos.uleam.edu.ec\/vinculacion-colectividad\/wp-json\/wp\/v2\/pages\/2392","targetHints":{"allow":["GET"]}}],"collection":[{"href":"https:\/\/departamentos.uleam.edu.ec\/vinculacion-colectividad\/wp-json\/wp\/v2\/pages"}],"about":[{"href":"https:\/\/departamentos.uleam.edu.ec\/vinculacion-colectividad\/wp-json\/wp\/v2\/types\/page"}],"author":[{"embeddable":true,"href":"https:\/\/departamentos.uleam.edu.ec\/vinculacion-colectividad\/wp-json\/wp\/v2\/users\/47"}],"replies":[{"embeddable":true,"href":"https:\/\/departamentos.uleam.edu.ec\/vinculacion-colectividad\/wp-json\/wp\/v2\/comments?post=2392"}],"version-history":[{"count":3,"href":"https:\/\/departamentos.uleam.edu.ec\/vinculacion-colectividad\/wp-json\/wp\/v2\/pages\/2392\/revisions"}],"predecessor-version":[{"id":3037,"href":"https:\/\/departamentos.uleam.edu.ec\/vinculacion-colectividad\/wp-json\/wp\/v2\/pages\/2392\/revisions\/3037"}],"wp:attachment":[{"href":"https:\/\/departamentos.uleam.edu.ec\/vinculacion-colectividad\/wp-json\/wp\/v2\/media?parent=2392"}],"curies":[{"name":"wp","href":"https:\/\/api.w.org\/{rel}","templated":true}]}}